{"id":1144,"date":"2025-08-08T20:16:15","date_gmt":"2025-08-08T20:16:15","guid":{"rendered":"https:\/\/aua-edu.com\/?page_id=1144"},"modified":"2025-09-07T08:35:52","modified_gmt":"2025-09-07T08:35:52","slug":"%d8%b7%d8%a8-%d8%a7%d9%84%d8%a3%d8%b3%d9%86%d8%a7%d9%86","status":"publish","type":"page","link":"https:\/\/aua-edu.com\/da\/facalties\/%d8%b7%d8%a8-%d8%a7%d9%84%d8%a3%d8%b3%d9%86%d8%a7%d9%86\/","title":{"rendered":"Tandl\u00e6geh\u00f8jskolen"},"content":{"rendered":"<div data-elementor-type=\"wp-page\" data-elementor-id=\"1144\" class=\"elementor elementor-1144\" data-elementor-post-type=\"page\">\n\t\t\t\t<div class=\"elementor-element elementor-element-265ae7c e-flex e-con-boxed e-con e-parent\" data-id=\"265ae7c\" data-element_type=\"container\">\n\t\t\t\t\t<div class=\"e-con-inner\">\n\t\t\t\t<div class=\"elementor-element elementor-element-3462d36a elementor-widget elementor-widget-text-editor\" data-id=\"3462d36a\" data-element_type=\"widget\" data-widget_type=\"text-editor.default\">\n\t\t\t\t<div class=\"elementor-widget-container\">\n\t\t\t\t\t\t\t\t\t<p><img fetchpriority=\"high\" decoding=\"async\" class=\"wp-image-1225 aligncenter\" src=\"https:\/\/aua-edu.com\/wp-content\/uploads\/2025\/08\/WhatsApp_Image_2021-06-13_at_3.36.04_PM-300x281.jpeg\" alt=\"\" width=\"241\" height=\"225\" srcset=\"https:\/\/aua-edu.com\/wp-content\/uploads\/2025\/08\/WhatsApp_Image_2021-06-13_at_3.36.04_PM-300x281.jpeg 300w, https:\/\/aua-edu.com\/wp-content\/uploads\/2025\/08\/WhatsApp_Image_2021-06-13_at_3.36.04_PM-768x719.jpeg 768w, https:\/\/aua-edu.com\/wp-content\/uploads\/2025\/08\/WhatsApp_Image_2021-06-13_at_3.36.04_PM-13x12.jpeg 13w, https:\/\/aua-edu.com\/wp-content\/uploads\/2025\/08\/WhatsApp_Image_2021-06-13_at_3.36.04_PM.jpeg 1024w\" sizes=\"(max-width: 241px) 100vw, 241px\" \/><\/p><h4><span style=\"color: #000000; font-family: arial, helvetica, sans-serif; font-size: 14pt;\"><strong>Her skaber vi innovative l\u00e6ger, tegner smil og opretholder mundsundhed med de nyeste teknologier og h\u00f8jeste standarder.<\/strong><\/span><\/h4><h4><span style=\"color: #000000; font-family: arial, helvetica, sans-serif; font-size: 14pt;\"><strong>Vores \u00e6rede universitets tandl\u00e6geuddannelsesinstitution er en specialiseret uddannelsesinstitution, hvis m\u00e5l er at uddanne kvalificerede tandl\u00e6ger med den n\u00f8dvendige videnskabelige viden og kliniske f\u00e6rdigheder til at diagnosticere og behandle mund-, tand- og tandk\u00f8dsproblemer samt fremme mundsundhed p\u00e5 b\u00e5de individ- og samfundsniveau.<\/strong><\/span><br \/><span style=\"color: #000000; font-family: arial, helvetica, sans-serif; font-size: 14pt;\"><strong>Fakultetet integrerer avanceret teoretisk undervisning med praktisk tr\u00e6ning p\u00e5 universitetsklinikker og hospitaler ved hj\u00e6lp af de nyeste medicinske teknologier og v\u00e6rkt\u00f8jer.<\/strong><\/span><br \/><span style=\"color: #000000; font-family: arial, helvetica, sans-serif; font-size: 14pt;\"><strong>Det fremmer ogs\u00e5 videnskabelig forskning og innovation inden for forskellige tandl\u00e6geomr\u00e5der, med et forpligtende fokus p\u00e5 h\u00f8jeste etiske standarder og samfundsservice, for at uddanne tandl\u00e6ger, der kan konkurrere b\u00e5de nationalt og internationalt.<\/strong><\/span><\/h4>\t\t\t\t\t\t\t\t<\/div>\n\t\t\t\t<\/div>\n\t\t\t\t\t<\/div>\n\t\t\t\t<\/div>\n\t\t<div class=\"elementor-element elementor-element-0701668 e-flex e-con-boxed e-con e-parent\" data-id=\"0701668\" data-element_type=\"container\">\n\t\t\t\t\t<div class=\"e-con-inner\">\n\t\t\t\t\t<\/div>\n\t\t\t\t<\/div>\n\t\t\t\t<\/div>","protected":false},"excerpt":{"rendered":"<p>Her skaber vi innovative l\u00e6ger, tegner smil og opretholder mundsundhed med de nyeste teknologier og h\u00f8jeste standarder. Vores \u00e6rv\u00e6rdige universitets tandl\u00e6gefakultet er en specialiseret uddannelsesinstitution, der har til form\u00e5l at uddanne kvalificerede tandl\u00e6ger med den videnskabelige viden og kliniske f\u00e6rdigheder, der er n\u00f8dvendige for at diagnosticere og behandle problemer med mund, t\u00e6nder og tandk\u00f8d samt forbedre mundsundheden p\u00e5 b\u00e5de individuet og samfundsplan. Fakultetet integrerer [&hellip;]<\/p>","protected":false},"author":2,"featured_media":0,"parent":70,"menu_order":0,"comment_status":"closed","ping_status":"closed","template":"","meta":{"_acf_changed":false,"footnotes":""},"class_list":["post-1144","page","type-page","status-publish","hentry"],"acf":[],"_links":{"self":[{"href":"https:\/\/aua-edu.com\/da\/wp-json\/wp\/v2\/pages\/1144","targetHints":{"allow":["GET"]}}],"collection":[{"href":"https:\/\/aua-edu.com\/da\/wp-json\/wp\/v2\/pages"}],"about":[{"href":"https:\/\/aua-edu.com\/da\/wp-json\/wp\/v2\/types\/page"}],"author":[{"embeddable":true,"href":"https:\/\/aua-edu.com\/da\/wp-json\/wp\/v2\/users\/2"}],"replies":[{"embeddable":true,"href":"https:\/\/aua-edu.com\/da\/wp-json\/wp\/v2\/comments?post=1144"}],"version-history":[{"count":12,"href":"https:\/\/aua-edu.com\/da\/wp-json\/wp\/v2\/pages\/1144\/revisions"}],"predecessor-version":[{"id":1944,"href":"https:\/\/aua-edu.com\/da\/wp-json\/wp\/v2\/pages\/1144\/revisions\/1944"}],"up":[{"embeddable":true,"href":"https:\/\/aua-edu.com\/da\/wp-json\/wp\/v2\/pages\/70"}],"wp:attachment":[{"href":"https:\/\/aua-edu.com\/da\/wp-json\/wp\/v2\/media?parent=1144"}],"curies":[{"name":"wp","href":"https:\/\/api.w.org\/{rel}","templated":true}]}}