{"id":1146,"date":"2025-08-08T20:16:45","date_gmt":"2025-08-08T20:16:45","guid":{"rendered":"https:\/\/aua-edu.com\/?page_id=1146"},"modified":"2025-09-05T23:51:45","modified_gmt":"2025-09-05T23:51:45","slug":"%d8%a7%d9%84%d8%b9%d9%84%d8%a7%d8%ac-%d8%a7%d9%84%d8%b7%d8%a8%d9%8a%d8%b9%d9%89","status":"publish","type":"page","link":"https:\/\/aua-edu.com\/da\/%d8%a7%d9%84%d8%b9%d9%84%d8%a7%d8%ac-%d8%a7%d9%84%d8%b7%d8%a8%d9%8a%d8%b9%d9%89\/","title":{"rendered":"Fysioterapi"},"content":{"rendered":"<p><img decoding=\"async\" class=\"wp-image-1210 aligncenter\" src=\"https:\/\/aua-edu.com\/wp-content\/uploads\/2025\/08\/6566565655656-300x300.jpeg\" alt=\"\" width=\"144\" height=\"144\" srcset=\"https:\/\/aua-edu.com\/wp-content\/uploads\/2025\/08\/6566565655656-300x300.jpeg 300w, https:\/\/aua-edu.com\/wp-content\/uploads\/2025\/08\/6566565655656-150x150.jpeg 150w, https:\/\/aua-edu.com\/wp-content\/uploads\/2025\/08\/6566565655656-768x771.jpeg 768w, https:\/\/aua-edu.com\/wp-content\/uploads\/2025\/08\/6566565655656-12x12.jpeg 12w, https:\/\/aua-edu.com\/wp-content\/uploads\/2025\/08\/6566565655656.jpeg 940w\" sizes=\"(max-width: 144px) 100vw, 144px\" \/><\/p>\n<h3><span style=\"color: #000000; font-size: 10pt; font-family: arial, helvetica, sans-serif;\"><strong>Det Sundhedsvidenskabelige Fakultet er en specialiseret uddannelsesinstitution, der sigter mod at uddanne kvalificerede medarbejdere med videnskabelig viden og praktiske f\u00e6rdigheder inden for omr\u00e5der som motorisk diagnostik, genoptr\u00e6ning og behandling af skader og fysiske lidelser ved hj\u00e6lp af naturlige og sikre metoder.<\/strong><\/span><br \/>\n<span style=\"color: #000000; font-size: 10pt; font-family: arial, helvetica, sans-serif;\"><strong>Fakultetet integrerer avanceret teoretisk studie med praktisk tr\u00e6ning p\u00e5 hospitaler og genoptr\u00e6ningscentre, hvilket sikrer, at der uddannes specialister, der kan levere h\u00f8j kvalitets behandlingspleje og bidrage til at forbedre patienters helbred og motoriske funktioner.<\/strong><\/span><br \/>\n<span style=\"color: #000000; font-size: 10pt; font-family: arial, helvetica, sans-serif;\"><strong>Fakultetet l\u00e6gger ogs\u00e5 v\u00e6gt p\u00e5 at holde trit med de seneste forskningsresultater og teknologier inden for fysioterapi og styrke alumniets rolle i at servicere det lokale og internationale samfund samt st\u00f8tte sunde livsstile.<\/strong><\/span><\/h3>","protected":false},"excerpt":{"rendered":"<p>Fysioterapiklinikken betragtes som en specialiseret uddannelsesinstitution, hvis m\u00e5l er at uddanne kvalificerede fagfolk med videnskabelig viden og praktiske f\u00e6rdigheder inden for omr\u00e5der som motorisk diagnostik, genoptr\u00e6ning og behandling af skader og fysiske lidelser ved hj\u00e6lp af naturlige og sikre metoder. Klinikken kombinerer avanceret teoretisk undervisning med praktisk tr\u00e6ning p\u00e5 hospitaler og genoptr\u00e6ningscentre, hvilket sikrer, at der uddannes specialister, der er i stand til at levere h\u00f8jkvalitets terapeutisk pleje [&hellip;]<\/p>","protected":false},"author":2,"featured_media":0,"parent":0,"menu_order":0,"comment_status":"closed","ping_status":"closed","template":"","meta":{"_acf_changed":false,"footnotes":""},"class_list":["post-1146","page","type-page","status-publish","hentry"],"acf":[],"_links":{"self":[{"href":"https:\/\/aua-edu.com\/da\/wp-json\/wp\/v2\/pages\/1146","targetHints":{"allow":["GET"]}}],"collection":[{"href":"https:\/\/aua-edu.com\/da\/wp-json\/wp\/v2\/pages"}],"about":[{"href":"https:\/\/aua-edu.com\/da\/wp-json\/wp\/v2\/types\/page"}],"author":[{"embeddable":true,"href":"https:\/\/aua-edu.com\/da\/wp-json\/wp\/v2\/users\/2"}],"replies":[{"embeddable":true,"href":"https:\/\/aua-edu.com\/da\/wp-json\/wp\/v2\/comments?post=1146"}],"version-history":[{"count":4,"href":"https:\/\/aua-edu.com\/da\/wp-json\/wp\/v2\/pages\/1146\/revisions"}],"predecessor-version":[{"id":1779,"href":"https:\/\/aua-edu.com\/da\/wp-json\/wp\/v2\/pages\/1146\/revisions\/1779"}],"wp:attachment":[{"href":"https:\/\/aua-edu.com\/da\/wp-json\/wp\/v2\/media?parent=1146"}],"curies":[{"name":"wp","href":"https:\/\/api.w.org\/{rel}","templated":true}]}}