{"id":1148,"date":"2025-08-08T20:16:59","date_gmt":"2025-08-08T20:16:59","guid":{"rendered":"https:\/\/aua-edu.com\/?page_id=1148"},"modified":"2025-09-07T08:34:49","modified_gmt":"2025-09-07T08:34:49","slug":"%d8%a7%d9%84%d8%b5%d9%8a%d8%af%d9%84%d8%a9","status":"publish","type":"page","link":"https:\/\/aua-edu.com\/da\/%d8%a7%d9%84%d8%b5%d9%8a%d8%af%d9%84%d8%a9\/","title":{"rendered":"Farmaci"},"content":{"rendered":"<div data-elementor-type=\"wp-page\" data-elementor-id=\"1148\" class=\"elementor elementor-1148\" data-elementor-post-type=\"page\">\n\t\t\t\t<div class=\"elementor-element elementor-element-1f12d97f e-flex e-con-boxed e-con e-parent\" data-id=\"1f12d97f\" data-element_type=\"container\">\n\t\t\t\t\t<div class=\"e-con-inner\">\n\t\t\t\t<div class=\"elementor-element elementor-element-5c5e31ea elementor-widget elementor-widget-text-editor\" data-id=\"5c5e31ea\" data-element_type=\"widget\" data-widget_type=\"text-editor.default\">\n\t\t\t\t<div class=\"elementor-widget-container\">\n\t\t\t\t\t\t\t\t\t<p><img fetchpriority=\"high\" decoding=\"async\" class=\"size-medium wp-image-1207 aligncenter\" src=\"https:\/\/aua-edu.com\/wp-content\/uploads\/2025\/08\/11311476361692016634-300x169.jpg\" alt=\"\" width=\"300\" height=\"169\" srcset=\"https:\/\/aua-edu.com\/wp-content\/uploads\/2025\/08\/11311476361692016634-300x169.jpg 300w, https:\/\/aua-edu.com\/wp-content\/uploads\/2025\/08\/11311476361692016634-768x432.jpg 768w, https:\/\/aua-edu.com\/wp-content\/uploads\/2025\/08\/11311476361692016634-18x10.jpg 18w, https:\/\/aua-edu.com\/wp-content\/uploads\/2025\/08\/11311476361692016634.jpg 780w\" sizes=\"(max-width: 300px) 100vw, 300px\" \/><\/p><h5><span style=\"color: #000000; font-family: arial, helvetica, sans-serif; font-size: 14pt;\"><strong>Farmaceutisk fakultet er en uddannelses- og forskningsinstitution, der specialiserer sig i at uddanne kvalificerede farmaceuter med den videnskabelige viden og praktiske f\u00e6rdigheder, der er n\u00f8dvendige for at arbejde inden for l\u00e6gemiddelfremstilling, -distribution og farmaceutisk forskning og udvikling.<\/strong><\/span><br \/><span style=\"color: #000000; font-family: arial, helvetica, sans-serif; font-size: 14pt;\"><strong>Fakultetet kombinerer avanceret teoretisk undervisning med praktisk tr\u00e6ning i laboratorier, apoteker og l\u00e6gemiddelfabrikker, hvilket sikrer, at dimittenderne er i stand til at bidrage til forbedring af sundhedsplejen og fremme af livskvaliteten.<\/strong><\/span><br \/><span style=\"color: #000000; font-family: arial, helvetica, sans-serif; font-size: 14pt;\"><strong>Fakultetet str\u00e6ber ogs\u00e5 efter at fremme videnskabelig forskning og innovation inden for farmaci og medicinske videnskaber samt at overholde de h\u00f8jeste standarder for professionel etik og samfundsservice.<\/strong><\/span><\/h5>\t\t\t\t\t\t\t\t<\/div>\n\t\t\t\t<\/div>\n\t\t\t\t\t<\/div>\n\t\t\t\t<\/div>\n\t\t\t\t<\/div>","protected":false},"excerpt":{"rendered":"<p>Fakultetet for Farmaci er en specialiseret uddannelses- og forskningsinstitution, der uddanner kvalificerede farmaceuter med den videnskabelige viden og praktiske f\u00e6rdigheder, der er n\u00f8dvendige for at arbejde inden for l\u00e6gemiddelfremstilling, -distribution og farmaceutisk forskning og udvikling. Fakultetet kombinerer avanceret teoretisk undervisning med praktisk tr\u00e6ning i laboratorier, apoteker og l\u00e6gemiddelfabrikker, hvilket sikrer, at dimittenderne er i stand til at bidrage til forbedring af sundhedsplejen og fremme af kvaliteten [\u2026]<\/p>","protected":false},"author":2,"featured_media":0,"parent":0,"menu_order":0,"comment_status":"closed","ping_status":"closed","template":"","meta":{"_acf_changed":false,"footnotes":""},"class_list":["post-1148","page","type-page","status-publish","hentry"],"acf":[],"_links":{"self":[{"href":"https:\/\/aua-edu.com\/da\/wp-json\/wp\/v2\/pages\/1148","targetHints":{"allow":["GET"]}}],"collection":[{"href":"https:\/\/aua-edu.com\/da\/wp-json\/wp\/v2\/pages"}],"about":[{"href":"https:\/\/aua-edu.com\/da\/wp-json\/wp\/v2\/types\/page"}],"author":[{"embeddable":true,"href":"https:\/\/aua-edu.com\/da\/wp-json\/wp\/v2\/users\/2"}],"replies":[{"embeddable":true,"href":"https:\/\/aua-edu.com\/da\/wp-json\/wp\/v2\/comments?post=1148"}],"version-history":[{"count":11,"href":"https:\/\/aua-edu.com\/da\/wp-json\/wp\/v2\/pages\/1148\/revisions"}],"predecessor-version":[{"id":1941,"href":"https:\/\/aua-edu.com\/da\/wp-json\/wp\/v2\/pages\/1148\/revisions\/1941"}],"wp:attachment":[{"href":"https:\/\/aua-edu.com\/da\/wp-json\/wp\/v2\/media?parent=1148"}],"curies":[{"name":"wp","href":"https:\/\/api.w.org\/{rel}","templated":true}]}}