{"id":1150,"date":"2025-08-08T20:17:39","date_gmt":"2025-08-08T20:17:39","guid":{"rendered":"https:\/\/aua-edu.com\/?page_id=1150"},"modified":"2025-09-07T08:42:02","modified_gmt":"2025-09-07T08:42:02","slug":"%d8%a7%d9%84%d8%aa%d9%85%d8%b1%d9%8a%d8%b6","status":"publish","type":"page","link":"https:\/\/aua-edu.com\/da\/%d8%a7%d9%84%d8%aa%d9%85%d8%b1%d9%8a%d8%b6\/","title":{"rendered":"Sygeplejeskolen"},"content":{"rendered":"<p><img decoding=\"async\" class=\"wp-image-1200 aligncenter\" src=\"https:\/\/aua-edu.com\/wp-content\/uploads\/2025\/08\/778878-300x200.jpg\" alt=\"\" width=\"260\" height=\"173\" srcset=\"https:\/\/aua-edu.com\/wp-content\/uploads\/2025\/08\/778878-300x200.jpg 300w, https:\/\/aua-edu.com\/wp-content\/uploads\/2025\/08\/778878-1024x682.jpg 1024w, https:\/\/aua-edu.com\/wp-content\/uploads\/2025\/08\/778878-768x512.jpg 768w, https:\/\/aua-edu.com\/wp-content\/uploads\/2025\/08\/778878-1536x1024.jpg 1536w, https:\/\/aua-edu.com\/wp-content\/uploads\/2025\/08\/778878-18x12.jpg 18w, https:\/\/aua-edu.com\/wp-content\/uploads\/2025\/08\/778878.jpg 2000w\" sizes=\"(max-width: 260px) 100vw, 260px\" \/><\/p>\n<h3><span style=\"font-size: 14pt; font-family: arial, helvetica, sans-serif; color: #000000;\"><strong>Sygeplejeskolen er en f\u00f8rende uddannelsesinstitution, der har til form\u00e5l at uddanne h\u00f8jt kvalificerede sygeplejersker, som er i stand til at yde omfattende sundhedspleje i overensstemmelse med de seneste internationale standarder. <\/strong><\/span><\/h3>\n<h3><span style=\"font-size: 14pt; font-family: arial, helvetica, sans-serif; color: #000000;\"><strong>Skolen kombinerer specialiseret teoretisk undervisning med fjernundervisning og intensiv praktisk tr\u00e6ning p\u00e5 hospitaler og sundhedscentre, hvilket sikrer, at der uddannes kvalificerede medarbejdere til arbejde inden for forskellige omr\u00e5der af sundhedsplejen.<\/strong><\/span><br \/>\n<span style=\"font-size: 14pt; font-family: arial, helvetica, sans-serif; color: #000000;\"><strong>Skolen str\u00e6ber ogs\u00e5 efter at fremme v\u00e6rdier som medf\u00f8lelse, ansvar og fagligt engagement, samtidig med at den opfordrer til forskning inden for sygepleje og folkesundhed for at bidrage til udviklingen af sundhedstjenester og forbedringen af livskvaliteten i samfundet.<\/strong><\/span><\/h3>","protected":false},"excerpt":{"rendered":"<p>Sygeplejefakultetet betragtes som en f\u00f8rende uddannelsesinstitution, der sigter mod at uddanne h\u00f8jt kompetente sygeplejersker, i stand til at levere omfattende sundhedspleje i overensstemmelse med de seneste internationale standarder. Fakultetet kombinerer specialiseret teoretisk undervisning, fjernundervisning og intensiv praktisk tr\u00e6ning p\u00e5 hospitaler og sundhedscentre, hvilket sikrer uddannelse af kvalificeret personale til arbejde inden for forskellige omr\u00e5der af sundhedsplejen. [\u2026]<\/p>","protected":false},"author":2,"featured_media":0,"parent":0,"menu_order":0,"comment_status":"closed","ping_status":"closed","template":"","meta":{"_acf_changed":false,"footnotes":""},"class_list":["post-1150","page","type-page","status-publish","hentry"],"acf":[],"_links":{"self":[{"href":"https:\/\/aua-edu.com\/da\/wp-json\/wp\/v2\/pages\/1150","targetHints":{"allow":["GET"]}}],"collection":[{"href":"https:\/\/aua-edu.com\/da\/wp-json\/wp\/v2\/pages"}],"about":[{"href":"https:\/\/aua-edu.com\/da\/wp-json\/wp\/v2\/types\/page"}],"author":[{"embeddable":true,"href":"https:\/\/aua-edu.com\/da\/wp-json\/wp\/v2\/users\/2"}],"replies":[{"embeddable":true,"href":"https:\/\/aua-edu.com\/da\/wp-json\/wp\/v2\/comments?post=1150"}],"version-history":[{"count":8,"href":"https:\/\/aua-edu.com\/da\/wp-json\/wp\/v2\/pages\/1150\/revisions"}],"predecessor-version":[{"id":1201,"href":"https:\/\/aua-edu.com\/da\/wp-json\/wp\/v2\/pages\/1150\/revisions\/1201"}],"wp:attachment":[{"href":"https:\/\/aua-edu.com\/da\/wp-json\/wp\/v2\/media?parent=1150"}],"curies":[{"name":"wp","href":"https:\/\/api.w.org\/{rel}","templated":true}]}}