{"id":1152,"date":"2025-08-08T20:18:15","date_gmt":"2025-08-08T20:18:15","guid":{"rendered":"https:\/\/aua-edu.com\/?page_id=1152"},"modified":"2025-09-07T08:50:10","modified_gmt":"2025-09-07T08:50:10","slug":"%d8%a7%d9%84%d8%b2%d8%b1%d8%a7%d8%b9%d8%a9","status":"publish","type":"page","link":"https:\/\/aua-edu.com\/da\/%d8%a7%d9%84%d8%b2%d8%b1%d8%a7%d8%b9%d8%a9\/","title":{"rendered":"Landbrugsfakultet"},"content":{"rendered":"<p><img decoding=\"async\" class=\"wp-image-1238 aligncenter\" src=\"https:\/\/aua-edu.com\/wp-content\/uploads\/2025\/08\/images998098.jpg\" alt=\"\" width=\"154\" height=\"229\" srcset=\"https:\/\/aua-edu.com\/wp-content\/uploads\/2025\/08\/images998098.jpg 102w, https:\/\/aua-edu.com\/wp-content\/uploads\/2025\/08\/images998098-8x12.jpg 8w\" sizes=\"(max-width: 154px) 100vw, 154px\" \/><\/p>\n<h3><span style=\"color: #000000; font-family: arial, helvetica, sans-serif; font-size: 14pt;\"><strong>Den betragtes som en af de anvendte videnskabelige fakulteter, der har til form\u00e5l at uddanne specialiserede kadre inden for omr\u00e5der som landbrugs- og husdyrproduktion, naturressourcer, f\u00f8devareindustri og landdistriktsudvikling. <\/strong><\/span><\/h3>\n<h3><span style=\"color: #000000; font-family: arial, helvetica, sans-serif; font-size: 14pt;\"><strong>Den betragtes som et afg\u00f8rende bindeled mellem teoretisk videnskab og praktisk anvendelse, idet den kombinerer akademisk fjernundervisning med laboratorie-simuleringer og feltpraktik p\u00e5 marker og g\u00e5rde.<\/strong><\/span><\/h3>\n<h3><span style=\"color: #000000; font-family: arial, helvetica, sans-serif; font-size: 14pt;\"><strong>Fakultetets afdelinger sp\u00e6nder over omr\u00e5der som plantevidenskab, husdyrproduktion, jord- og vandressourcer, landbrugs\u00f8konomi, plantesygdomme, f\u00f8devarevidenskab og landbrugsteknik, hvilket giver studerende mulighed for at v\u00e6lge et speciale, der matcher deres interesser og arbejdsmarkedets behov.<\/strong><\/span><\/h3>\n<h3><span style=\"color: #000000; font-family: arial, helvetica, sans-serif; font-size: 14pt;\"><strong>Desuden spiller fakultetet en central rolle i at opn\u00e5 f\u00f8devaresikkerhed gennem udvikling af b\u00e6redygtige landbrugsteknologier, for\u00f8gelse af produktiviteten og bevarelse af milj\u00f8ressourcer. Det \u00e5bner vidtg\u00e5ende perspektiver for kandidater inden for videnskabelig forskning, arbejde i landbrugsinstitutioner, f\u00f8devarevirksomheder og milj\u00f8organisationer, samt muligheden for selvst\u00e6ndigt arbejde i landbrugsprojekter.<\/strong><\/span><\/h3>","protected":false},"excerpt":{"rendered":"<p>Det betragtes som et af de anvendte videnskabelige fakulteter, hvis m\u00e5l er at uddanne specialiserede medarbejdere inden for omr\u00e5der som landbrugs- og husdyrproduktion, naturressourcer, f\u00f8devareindustri og landdistriktsudvikling. Det anses for at v\u00e6re en afg\u00f8rende forbindelsesled mellem teoretisk videnskab og praktisk anvendelse, idet det kombinerer fjernundervisning og laboratorie-simuleringer med feltarbejde p\u00e5 marker og g\u00e5rde. Det varierer [...]<\/p>","protected":false},"author":2,"featured_media":0,"parent":0,"menu_order":0,"comment_status":"closed","ping_status":"closed","template":"","meta":{"_acf_changed":false,"footnotes":""},"class_list":["post-1152","page","type-page","status-publish","hentry"],"acf":[],"_links":{"self":[{"href":"https:\/\/aua-edu.com\/da\/wp-json\/wp\/v2\/pages\/1152","targetHints":{"allow":["GET"]}}],"collection":[{"href":"https:\/\/aua-edu.com\/da\/wp-json\/wp\/v2\/pages"}],"about":[{"href":"https:\/\/aua-edu.com\/da\/wp-json\/wp\/v2\/types\/page"}],"author":[{"embeddable":true,"href":"https:\/\/aua-edu.com\/da\/wp-json\/wp\/v2\/users\/2"}],"replies":[{"embeddable":true,"href":"https:\/\/aua-edu.com\/da\/wp-json\/wp\/v2\/comments?post=1152"}],"version-history":[{"count":9,"href":"https:\/\/aua-edu.com\/da\/wp-json\/wp\/v2\/pages\/1152\/revisions"}],"predecessor-version":[{"id":1962,"href":"https:\/\/aua-edu.com\/da\/wp-json\/wp\/v2\/pages\/1152\/revisions\/1962"}],"wp:attachment":[{"href":"https:\/\/aua-edu.com\/da\/wp-json\/wp\/v2\/media?parent=1152"}],"curies":[{"name":"wp","href":"https:\/\/api.w.org\/{rel}","templated":true}]}}