{"id":1155,"date":"2025-08-08T20:19:08","date_gmt":"2025-08-08T20:19:08","guid":{"rendered":"https:\/\/aua-edu.com\/?page_id=1155"},"modified":"2025-09-07T08:49:39","modified_gmt":"2025-09-07T08:49:39","slug":"%d9%83%d9%84%d9%8a%d8%a9-%d8%a7%d9%84%d8%a2%d8%ab%d8%a7%d8%b1","status":"publish","type":"page","link":"https:\/\/aua-edu.com\/da\/%d9%83%d9%84%d9%8a%d8%a9-%d8%a7%d9%84%d8%a2%d8%ab%d8%a7%d8%b1\/","title":{"rendered":"Fakultet for Ark\u00e6ologi"},"content":{"rendered":"<p><img fetchpriority=\"high\" decoding=\"async\" class=\"wp-image-1229 aligncenter\" src=\"https:\/\/aua-edu.com\/wp-content\/uploads\/2025\/08\/8979879898.jpg\" alt=\"\" width=\"276\" height=\"278\" srcset=\"https:\/\/aua-edu.com\/wp-content\/uploads\/2025\/08\/8979879898.jpg 224w, https:\/\/aua-edu.com\/wp-content\/uploads\/2025\/08\/8979879898-150x150.jpg 150w, https:\/\/aua-edu.com\/wp-content\/uploads\/2025\/08\/8979879898-12x12.jpg 12w\" sizes=\"(max-width: 276px) 100vw, 276px\" \/><\/p>\n<h3><span style=\"color: #000000; font-size: 14pt; font-family: arial, helvetica, sans-serif;\"><strong>Her afsl\u00f8rer vi civilisationernes hemmeligheder, bevarer arven og fort\u00e6ller historien om hvert lands historie for de kommende generationer.<\/strong><\/span><\/h3>\n<h3><span style=\"color: #000000; font-size: 14pt; font-family: arial, helvetica, sans-serif;\"><strong>Ark\u00e6ologifakultetet er en fremragende akademisk og forskningsm\u00e6ssig institution, der har til form\u00e5l at uddanne specialiserede kadre til at studere og beskytte menneskehedens arv og globale ark\u00e6ologiske lokaliteter. <\/strong><\/span><\/h3>\n<h3><span style=\"color: #000000; font-size: 14pt; font-family: arial, helvetica, sans-serif;\"><strong>Fakultetet kombinerer dybdegende teoretisk fjernundervisning med praktisk felttr\u00e6ning i udgravning, restaurering og ark\u00e6ologisk dokumentation ved hj\u00e6lp af de nyeste videnskabelige teknologier p\u00e5 omr\u00e5det.<\/strong><\/span><br \/>\n<span style=\"color: #000000; font-size: 14pt; font-family: arial, helvetica, sans-serif;\"><strong>Fakultetet str\u00e6ber ogs\u00e5 efter at \u00f8ge bevidstheden om vigtigheden af at bevare kulturel og civilisationel arv og at uddanne forskere og eksperter, der er i stand til at bidrage til bevarelsen af historisk identitet, st\u00f8tte kulturel turisme og formidle folkets civilisationer gennem tiderne.<\/strong><\/span><\/h3>\n<p>&nbsp;<\/p>","protected":false},"excerpt":{"rendered":"<p>Her afsl\u00f8rer vi civilisationernes hemmeligheder, bevarer arven og fort\u00e6ller historien om hvert lands historie for de kommende generationer. Fakultetet for Ark\u00e6ologi fungerer som et fremragende akademisk og forskningsm\u00e6ssigt anl\u00e6g, der har til form\u00e5l at uddanne specialiserede fagfolk inden for studiet og beskyttelsen af den menneskelige arv og globale ark\u00e6ologiske lokaliteter. Fakultetet kombinerer omfattende teoretisk fjernundervisning med praktisk feltarbejde inden for udgravning, restaurering og ark\u00e6ologisk dokumentation [\u2026]<\/p>","protected":false},"author":2,"featured_media":0,"parent":0,"menu_order":0,"comment_status":"closed","ping_status":"closed","template":"","meta":{"_acf_changed":false,"footnotes":""},"class_list":["post-1155","page","type-page","status-publish","hentry"],"acf":[],"_links":{"self":[{"href":"https:\/\/aua-edu.com\/da\/wp-json\/wp\/v2\/pages\/1155","targetHints":{"allow":["GET"]}}],"collection":[{"href":"https:\/\/aua-edu.com\/da\/wp-json\/wp\/v2\/pages"}],"about":[{"href":"https:\/\/aua-edu.com\/da\/wp-json\/wp\/v2\/types\/page"}],"author":[{"embeddable":true,"href":"https:\/\/aua-edu.com\/da\/wp-json\/wp\/v2\/users\/2"}],"replies":[{"embeddable":true,"href":"https:\/\/aua-edu.com\/da\/wp-json\/wp\/v2\/comments?post=1155"}],"version-history":[{"count":5,"href":"https:\/\/aua-edu.com\/da\/wp-json\/wp\/v2\/pages\/1155\/revisions"}],"predecessor-version":[{"id":1961,"href":"https:\/\/aua-edu.com\/da\/wp-json\/wp\/v2\/pages\/1155\/revisions\/1961"}],"wp:attachment":[{"href":"https:\/\/aua-edu.com\/da\/wp-json\/wp\/v2\/media?parent=1155"}],"curies":[{"name":"wp","href":"https:\/\/api.w.org\/{rel}","templated":true}]}}