{"id":1157,"date":"2025-08-08T20:19:24","date_gmt":"2025-08-08T20:19:24","guid":{"rendered":"https:\/\/aua-edu.com\/?page_id=1157"},"modified":"2025-09-07T08:41:43","modified_gmt":"2025-09-07T08:41:43","slug":"%d9%83%d9%84%d9%8a%d8%a9-%d8%b9%d9%84%d9%85-%d8%a7%d9%84%d9%86%d9%81%d8%b3","status":"publish","type":"page","link":"https:\/\/aua-edu.com\/da\/%d9%83%d9%84%d9%8a%d8%a9-%d8%b9%d9%84%d9%85-%d8%a7%d9%84%d9%86%d9%81%d8%b3\/","title":{"rendered":"Fakultet for Psykologi"},"content":{"rendered":"<p><img decoding=\"async\" class=\"wp-image-1242 aligncenter\" src=\"https:\/\/aua-edu.com\/wp-content\/uploads\/2025\/08\/\u0628\u0644\u0627-\u0639\u0646\u0648\u0627\u0646.jpg\" alt=\"\" width=\"181\" height=\"222\" srcset=\"https:\/\/aua-edu.com\/wp-content\/uploads\/2025\/08\/\u0628\u0644\u0627-\u0639\u0646\u0648\u0627\u0646.jpg 124w, https:\/\/aua-edu.com\/wp-content\/uploads\/2025\/08\/\u0628\u0644\u0627-\u0639\u0646\u0648\u0627\u0646-10x12.jpg 10w\" sizes=\"(max-width: 181px) 100vw, 181px\" \/><\/p>\n<h3><span style=\"color: #000000; font-size: 14pt; font-family: arial, helvetica, sans-serif;\"><strong>Det Psykologiske Fakultet er en akademisk institution, der sigter mod at studere menneskelig adf\u00e6rd og forst\u00e5 de mentale og psykologiske processer, der p\u00e5virker individers tankegang, f\u00f8lelser og interaktioner med deres omgivelser. <\/strong><\/span><\/h3>\n<h3><span style=\"color: #000000; font-size: 14pt; font-family: arial, helvetica, sans-serif;\"><strong>Fakultetet kombinerer den teoretiske side af fjernundervisning, hvor studerende l\u00e6rer de videnskabelige grundlag for psykologi s\u00e5som generel psykologi, socialpsykologi, klinisk psykologi og p\u00e6dagogisk psykologi, samt forskningsmetoder og psykometriske teknikker.<\/strong><\/span><\/h3>\n<h3><span style=\"color: #000000; font-size: 10pt; font-family: arial, helvetica, sans-serif;\"><strong><span style=\"font-size: 14pt;\">Kollegiet sigter mod at uddanne kvalificerede kadre, der er i stand til at diagnosticere psykologiske problemer, yde psykologisk st\u00f8tte og bidrage til at forbedre livskvaliteten p\u00e5 b\u00e5de individ- og samfundsniveau.<\/span> <\/strong><\/span><\/h3>\n<h3><span style=\"color: #000000; font-size: 10pt; font-family: arial, helvetica, sans-serif;\"><strong>Det giver ogs\u00e5 kandidaterne mulighed for arbejde inden for flere omr\u00e5der, s\u00e5som hospitaler og psykologiske centre, uddannelsesinstitutioner, virksomheder og sociale organisationer, samt mulighed for at forts\u00e6tte med videnskabelig forskning.<\/strong><\/span><\/h3>","protected":false},"excerpt":{"rendered":"<p>Psykologifakultetet er en akademisk institution, der har til form\u00e5l at studere menneskelig adf\u00e6rd og forst\u00e5 de mentale og psykologiske processer, der p\u00e5virker individers tankegang, f\u00f8lelser og interaktioner med deres omgivelser. Fakultetet kombinerer den teoretiske side af fjernundervisning, hvor studerende l\u00e6rer de videnskabelige grundlag for psykologi, s\u00e5som almen psykologi, socialpsykologi, klinisk psykologi [...]<\/p>","protected":false},"author":2,"featured_media":0,"parent":0,"menu_order":0,"comment_status":"closed","ping_status":"closed","template":"","meta":{"_acf_changed":false,"footnotes":""},"class_list":["post-1157","page","type-page","status-publish","hentry"],"acf":[],"_links":{"self":[{"href":"https:\/\/aua-edu.com\/da\/wp-json\/wp\/v2\/pages\/1157","targetHints":{"allow":["GET"]}}],"collection":[{"href":"https:\/\/aua-edu.com\/da\/wp-json\/wp\/v2\/pages"}],"about":[{"href":"https:\/\/aua-edu.com\/da\/wp-json\/wp\/v2\/types\/page"}],"author":[{"embeddable":true,"href":"https:\/\/aua-edu.com\/da\/wp-json\/wp\/v2\/users\/2"}],"replies":[{"embeddable":true,"href":"https:\/\/aua-edu.com\/da\/wp-json\/wp\/v2\/comments?post=1157"}],"version-history":[{"count":5,"href":"https:\/\/aua-edu.com\/da\/wp-json\/wp\/v2\/pages\/1157\/revisions"}],"predecessor-version":[{"id":1945,"href":"https:\/\/aua-edu.com\/da\/wp-json\/wp\/v2\/pages\/1157\/revisions\/1945"}],"wp:attachment":[{"href":"https:\/\/aua-edu.com\/da\/wp-json\/wp\/v2\/media?parent=1157"}],"curies":[{"name":"wp","href":"https:\/\/api.w.org\/{rel}","templated":true}]}}