{"id":1159,"date":"2025-08-08T20:19:54","date_gmt":"2025-08-08T20:19:54","guid":{"rendered":"https:\/\/aua-edu.com\/?page_id=1159"},"modified":"2025-09-07T08:43:22","modified_gmt":"2025-09-07T08:43:22","slug":"%d9%83%d9%84%d9%8a%d8%a9-%d8%a7%d9%84%d8%ad%d9%82%d9%88%d9%82","status":"publish","type":"page","link":"https:\/\/aua-edu.com\/da\/%d9%83%d9%84%d9%8a%d8%a9-%d8%a7%d9%84%d8%ad%d9%82%d9%88%d9%82\/","title":{"rendered":"Juridisk Fakultet og Retsstudier"},"content":{"rendered":"<p><img fetchpriority=\"high\" decoding=\"async\" class=\"wp-image-1235 aligncenter\" src=\"https:\/\/aua-edu.com\/wp-content\/uploads\/2025\/08\/868798698-300x300.jpg\" alt=\"\" width=\"226\" height=\"226\" srcset=\"https:\/\/aua-edu.com\/wp-content\/uploads\/2025\/08\/868798698-300x300.jpg 300w, https:\/\/aua-edu.com\/wp-content\/uploads\/2025\/08\/868798698-150x150.jpg 150w, https:\/\/aua-edu.com\/wp-content\/uploads\/2025\/08\/868798698-12x12.jpg 12w, https:\/\/aua-edu.com\/wp-content\/uploads\/2025\/08\/868798698.jpg 654w\" sizes=\"(max-width: 226px) 100vw, 226px\" \/><\/p>\n<h3><span style=\"color: #000000; font-size: 14pt; font-family: arial, helvetica, sans-serif;\"><strong>Her uddanner vi sindene, der forsvarer rettigheder, beskytter love og foranker retf\u00e6rdighedsprincipper i samfundet.<\/strong><\/span><br \/>\n<span style=\"color: #000000; font-size: 14pt; font-family: arial, helvetica, sans-serif;\"><strong>Det Retsvidenskabelige Fakultet er et anset akademisk institut, der sigter mod at uddanne kvalificerede juridiske medarbejdere med omfattende viden om love og regler gennem certificeret fjernundervisning og evnen til at anvende dem i forskellige omr\u00e5der af juridisk og retsligt arbejde.<\/strong><\/span><br \/>\n<span style=\"color: #000000; font-size: 14pt; font-family: arial, helvetica, sans-serif;\"><strong>Fakultetet kombinerer teoretisk studie, juridisk analyse og praktisk tr\u00e6ning gennem mock retssager og feltpraktik, hvilket sikrer, at der uddannes advokater, konsulenter og dommere med kompetence og integritet.<\/strong><\/span><br \/>\n<span style=\"color: #000000; font-size: 14pt; font-family: arial, helvetica, sans-serif;\"><strong>Fakultetet str\u00e6ber ogs\u00e5 efter at forankre retf\u00e6rdighedsprincipper og retsstatens overh\u00f8jhed samt tilskynde til videnskabelig forskning inden for juridiske omr\u00e5der for at bidrage til udviklingen af lovgivningssystemer og servicere samfundet.<\/strong><\/span><\/h3>","protected":false},"excerpt":{"rendered":"<p>Her uddanner vi de sind, der forsvarer rettigheder, beskytter love og foranker retf\u00e6rdighedsprincipper i samfundet. Jurafakultetet betragtes som en anset akademisk institution, der sigter mod at uddanne kvalificerede juridiske kadre med en dyb forst\u00e5else af love og regulativer gennem anerkendt fjernundervisning og evnen til at anvende dem i forskellige omr\u00e5der af juridisk og domstolsarbejde. Fakultetet kombinerer studier [\u2026]<\/p>","protected":false},"author":2,"featured_media":0,"parent":0,"menu_order":0,"comment_status":"closed","ping_status":"closed","template":"","meta":{"_acf_changed":false,"footnotes":""},"class_list":["post-1159","page","type-page","status-publish","hentry"],"acf":[],"_links":{"self":[{"href":"https:\/\/aua-edu.com\/da\/wp-json\/wp\/v2\/pages\/1159","targetHints":{"allow":["GET"]}}],"collection":[{"href":"https:\/\/aua-edu.com\/da\/wp-json\/wp\/v2\/pages"}],"about":[{"href":"https:\/\/aua-edu.com\/da\/wp-json\/wp\/v2\/types\/page"}],"author":[{"embeddable":true,"href":"https:\/\/aua-edu.com\/da\/wp-json\/wp\/v2\/users\/2"}],"replies":[{"embeddable":true,"href":"https:\/\/aua-edu.com\/da\/wp-json\/wp\/v2\/comments?post=1159"}],"version-history":[{"count":6,"href":"https:\/\/aua-edu.com\/da\/wp-json\/wp\/v2\/pages\/1159\/revisions"}],"predecessor-version":[{"id":1948,"href":"https:\/\/aua-edu.com\/da\/wp-json\/wp\/v2\/pages\/1159\/revisions\/1948"}],"wp:attachment":[{"href":"https:\/\/aua-edu.com\/da\/wp-json\/wp\/v2\/media?parent=1159"}],"curies":[{"name":"wp","href":"https:\/\/api.w.org\/{rel}","templated":true}]}}