{"id":1161,"date":"2025-08-08T20:20:13","date_gmt":"2025-08-08T20:20:13","guid":{"rendered":"https:\/\/aua-edu.com\/?page_id=1161"},"modified":"2025-09-07T08:49:05","modified_gmt":"2025-09-07T08:49:05","slug":"%d9%83%d9%84%d9%8a%d8%a9-%d8%a7%d9%84%d8%aa%d8%ac%d8%a7%d8%b1%d8%a9","status":"publish","type":"page","link":"https:\/\/aua-edu.com\/da\/%d9%83%d9%84%d9%8a%d8%a9-%d8%a7%d9%84%d8%aa%d8%ac%d8%a7%d8%b1%d8%a9\/","title":{"rendered":"Handelsh\u00f8jskole"},"content":{"rendered":"<p><img fetchpriority=\"high\" decoding=\"async\" class=\"wp-image-1232 aligncenter\" src=\"https:\/\/aua-edu.com\/wp-content\/uploads\/2025\/08\/677676.jpg\" alt=\"\" width=\"237\" height=\"228\" srcset=\"https:\/\/aua-edu.com\/wp-content\/uploads\/2025\/08\/677676.jpg 131w, https:\/\/aua-edu.com\/wp-content\/uploads\/2025\/08\/677676-12x12.jpg 12w\" sizes=\"(max-width: 237px) 100vw, 237px\" \/><\/p>\n<h3><span style=\"color: #000000; font-size: 14pt; font-family: arial, helvetica, sans-serif;\"><strong>Her skaber vi \u00f8konomieksperter, ledelsespionerer og \u00e5bner horisonter for succes i handels- og finansverdenen.<\/strong><\/span><\/h3>\n<h3><span style=\"color: #000000; font-size: 14pt; font-family: arial, helvetica, sans-serif;\"><strong>Handelsh\u00f8jskolen er en af de f\u00f8rende institutioner inden for erhvervs- og ledelsesvidenskab og har til form\u00e5l at uddanne specialiserede kadre med teoretisk viden og praktiske f\u00e6rdigheder inden for regnskab, virksomhedsledelse, \u00f8konomi, marketing og finans.<\/strong><\/span><br \/>\n<span style=\"color: #000000; font-size: 14pt; font-family: arial, helvetica, sans-serif;\"><strong>Fakultetet kombinerer fjernundervisning og praktisk tr\u00e6ning for at sikre, at dimittenderne er i stand til at konkurrere p\u00e5 b\u00e5de det lokale og globale arbejdsmarked og bidrage til udviklingen af institutioner i b\u00e5de den offentlige og private sektor.<\/strong><\/span><br \/>\n<span style=\"color: #000000; font-size: 14pt; font-family: arial, helvetica, sans-serif;\"><strong>Fakultetet str\u00e6ber ogs\u00e5 efter at fremme en iv\u00e6rks\u00e6tter\u00e5nd og innovation samt at opmuntre til videnskabelig forskning inden for handel og \u00f8konomi for at st\u00f8tte b\u00e6redygtig udvikling og tjene samfundet.<\/strong><\/span><\/h3>\n<p>&nbsp;<\/p>","protected":false},"excerpt":{"rendered":"<p>\u0647\u0646\u0627 \u0646\u0635\u0646\u0639 \u062e\u0628\u0631\u0627\u0621 \u0627\u0644\u0627\u0642\u062a\u0635\u0627\u062f \u060c \u0648\u0631\u0648\u0651\u0627\u062f \u0627\u0644\u0625\u062f\u0627\u0631\u0629 \u060c \u0648\u0646\u0641\u062a\u062d \u0622\u0641\u0627\u0642 \u0627\u0644\u0646\u062c\u0627\u062d \u0641\u064a \u0639\u0627\u0644\u0645 \u0627\u0644\u062a\u062c\u0627\u0631\u0629 \u0648\u0627\u0644\u0645\u0627\u0644 . \u062a\u064f\u0639\u064e\u062f\u0651 \u0643\u0644\u064a\u0629 \u0627\u0644\u062a\u062c\u0627\u0631\u0629 \u0625\u062d\u062f\u0649 \u0627\u0644\u0643\u0644\u064a\u0627\u062a \u0627\u0644\u0631\u0627\u0626\u062f\u0629 \u0641\u064a \u0645\u062c\u0627\u0644\u0627\u062a \u0627\u0644\u0639\u0644\u0648\u0645 \u0627\u0644\u062a\u062c\u0627\u0631\u064a\u0629 \u0648\u0627\u0644\u0625\u062f\u0627\u0631\u064a\u0629 \u060c \u0648\u062a\u0647\u062f\u0641 \u0625\u0644\u0649 \u0625\u0639\u062f\u0627\u062f \u0643\u0648\u0627\u062f\u0631 \u0645\u062a\u062e\u0635\u0635\u0629 \u062a\u0645\u062a\u0644\u0643 \u0627\u0644\u0645\u0639\u0631\u0641\u0629 \u0627\u0644\u0646\u0638\u0631\u064a\u0629 \u0648\u0627\u0644\u0645\u0647\u0627\u0631\u0627\u062a \u0627\u0644\u062a\u0637\u0628\u064a\u0642\u064a\u0629 \u0641\u064a \u0645\u062c\u0627\u0644\u0627\u062a \u0627\u0644\u0645\u062d\u0627\u0633\u0628\u0629 \u060c \u0625\u062f\u0627\u0631\u0629 \u0627\u0644\u0623\u0639\u0645\u0627\u0644 \u060c \u0627\u0644\u0627\u0642\u062a\u0635\u0627\u062f \u060c \u0627\u0644\u062a\u0633\u0648\u064a\u0642 \u060c \u0648\u0627\u0644\u062a\u0645\u0648\u064a\u0644 . \u062a\u062c\u0645\u0639 \u0627\u0644\u0643\u0644\u064a\u0629 \u0628\u064a\u0646 \u0627\u0644\u062f\u0631\u0627\u0633\u0629 [&hellip;]<\/p>","protected":false},"author":2,"featured_media":0,"parent":0,"menu_order":0,"comment_status":"closed","ping_status":"closed","template":"","meta":{"_acf_changed":false,"footnotes":""},"class_list":["post-1161","page","type-page","status-publish","hentry"],"acf":[],"_links":{"self":[{"href":"https:\/\/aua-edu.com\/da\/wp-json\/wp\/v2\/pages\/1161","targetHints":{"allow":["GET"]}}],"collection":[{"href":"https:\/\/aua-edu.com\/da\/wp-json\/wp\/v2\/pages"}],"about":[{"href":"https:\/\/aua-edu.com\/da\/wp-json\/wp\/v2\/types\/page"}],"author":[{"embeddable":true,"href":"https:\/\/aua-edu.com\/da\/wp-json\/wp\/v2\/users\/2"}],"replies":[{"embeddable":true,"href":"https:\/\/aua-edu.com\/da\/wp-json\/wp\/v2\/comments?post=1161"}],"version-history":[{"count":6,"href":"https:\/\/aua-edu.com\/da\/wp-json\/wp\/v2\/pages\/1161\/revisions"}],"predecessor-version":[{"id":1960,"href":"https:\/\/aua-edu.com\/da\/wp-json\/wp\/v2\/pages\/1161\/revisions\/1960"}],"wp:attachment":[{"href":"https:\/\/aua-edu.com\/da\/wp-json\/wp\/v2\/media?parent=1161"}],"curies":[{"name":"wp","href":"https:\/\/api.w.org\/{rel}","templated":true}]}}