{"id":1163,"date":"2025-08-08T20:21:32","date_gmt":"2025-08-08T20:21:32","guid":{"rendered":"https:\/\/aua-edu.com\/?page_id=1163"},"modified":"2025-09-07T08:56:33","modified_gmt":"2025-09-07T08:56:33","slug":"%d8%a7%d9%84%d8%a3%d9%83%d8%a7%d8%af%d9%8a%d9%85%d9%8a%d8%a9-%d8%a7%d9%84%d8%a8%d8%ad%d8%b1%d9%8a%d8%a9","status":"publish","type":"page","link":"https:\/\/aua-edu.com\/da\/facalties\/%d8%a7%d9%84%d8%a3%d9%83%d8%a7%d8%af%d9%8a%d9%85%d9%8a%d8%a9-%d8%a7%d9%84%d8%a8%d8%ad%d8%b1%d9%8a%d8%a9\/","title":{"rendered":"Marineakademi"},"content":{"rendered":"<p><img decoding=\"async\" class=\"wp-image-1437 aligncenter\" src=\"https:\/\/aua-edu.com\/wp-content\/uploads\/2025\/08\/images887.jpg\" alt=\"\" width=\"150\" height=\"214\" srcset=\"https:\/\/aua-edu.com\/wp-content\/uploads\/2025\/08\/images887.jpg 188w, https:\/\/aua-edu.com\/wp-content\/uploads\/2025\/08\/images887-8x12.jpg 8w\" sizes=\"(max-width: 150px) 100vw, 150px\" \/><\/p>\n<p><img decoding=\"async\" class=\"wp-image-1192 aligncenter\" src=\"https:\/\/aua-edu.com\/wp-content\/uploads\/2025\/08\/\u0627\u0644\u0643\u0644\u064a\u0629-\u0627\u0644\u0628\u062d\u0631\u064a\u0629-300x178.jpg\" alt=\"\" width=\"224\" height=\"133\" srcset=\"https:\/\/aua-edu.com\/wp-content\/uploads\/2025\/08\/\u0627\u0644\u0643\u0644\u064a\u0629-\u0627\u0644\u0628\u062d\u0631\u064a\u0629-300x178.jpg 300w, https:\/\/aua-edu.com\/wp-content\/uploads\/2025\/08\/\u0627\u0644\u0643\u0644\u064a\u0629-\u0627\u0644\u0628\u062d\u0631\u064a\u0629-18x12.jpg 18w, https:\/\/aua-edu.com\/wp-content\/uploads\/2025\/08\/\u0627\u0644\u0643\u0644\u064a\u0629-\u0627\u0644\u0628\u062d\u0631\u064a\u0629.jpg 573w\" sizes=\"(max-width: 224px) 100vw, 224px\" \/><\/p>\n<h3><span style=\"color: #000000; font-size: 14pt; font-family: arial black, sans-serif;\"><strong>I en verden forbundet af havet og forenet af s\u00f8fartsruter \u00e5bner S\u00f8fartsakademiet sin uddannelse i maritim navigationsteknologi for alle, der b\u00e6rer p\u00e5 ambitionen om at sejle mod fremtiden. Her m\u00f8des videnskab med praktisk tr\u00e6ning, og moderne teknologi med eventyrlyst, for at uddanne maritime officerer og ingeni\u00f8rer med f\u00e6rdigheder, disciplin og lederevner.<\/strong><\/span><br \/>\n<span style=\"color: #000000; font-size: 14pt; font-family: arial black, sans-serif;\"><strong>Fra avancerede undervisningslokaler, enten ved fysisk fremm\u00f8de eller fjernundervisning, til realistiske skibssimulatorer, og helt frem til praktisk tr\u00e6ning om bord p\u00e5 de nyeste fl\u00e5der, giver akademiet dig en komplet uddannelsesrejse, der kvalificerer dig til at lede skibe og administrere havne, og placerer dig i hjertet af den globale maritime transportindustri.<\/strong><\/span><br \/>\n<span style=\"color: #000000; font-size: 14pt; font-family: arial black, sans-serif;\"><strong>Start med os... havene venter p\u00e5 dig.<\/strong><\/span><\/h3>\n<ul>\n<li><span style=\"font-size: 14pt; font-family: arial black, sans-serif; color: #000000;\"><strong><label class=\"wpforms-field-label-inline\" for=\"wpforms-419-field_11_61\"><span style=\"color: #ff0000;\">Marineakademi <span style=\"color: #0000ff;\">(Nystartet akademi)<\/span><\/span> <\/label><\/strong><\/span><\/li>\n<li><span style=\"font-size: 14pt; font-family: arial black, sans-serif; color: #000000;\"><strong><label class=\"wpforms-field-label-inline\" for=\"wpforms-419-field_11_61\">Speciale (Maritim Navigationsteknologi og S\u00f8fart)<\/label><\/strong><\/span><\/li>\n<li><span style=\"font-size: 14pt; font-family: arial black, sans-serif; color: #000000;\"><strong><label class=\"wpforms-field-label-inline\" for=\"wpforms-419-field_11_61\">(Stilling i eksamensbevis og kvalifikationskursusbevis - Andenstyrmand)<\/label><\/strong><\/span><\/li>\n<li><span style=\"font-size: 14pt; font-family: arial black, sans-serif; color: #000000;\"><strong>Med angivelse af karakterer med overs\u00e6ttelse, alle anerkendt af:<\/strong><\/span><\/li>\n<li><span style=\"color: #ff0000; font-size: 14pt; font-family: arial black, sans-serif;\"><strong>(Universitet - Ambassade - Udenrigsministeriet - Justitsministeriet)<\/strong><\/span><\/li>\n<li><strong><span style=\"font-size: 14pt; font-family: arial black, sans-serif; color: #000000;\">Modtager certifikat for obligatoriske avancerede kurser.<\/span><\/strong><\/li>\n<li><strong><span style=\"font-size: 14pt; font-family: arial black, sans-serif; color: #000000;\">Opn\u00e5 medlemskab i Den Generelle Union for S\u00f8fartsofficerer.<\/span><\/strong><\/li>\n<li><span style=\"font-size: 14pt; font-family: arial black, sans-serif; color: #000000;\"><strong>Certifikatindehaveren har ret til officielt at \u00e6ndre status i deres stats pas og nationale ID<\/strong><\/span><\/li>\n<li><span style=\"font-size: 14pt; font-family: arial black, sans-serif; color: #000000;\"><strong>Indehavere af dette certifikat sammen med et professionelt kursus som andenstyringsofficer har ret til at modhave et s\u00f8fartspas (if\u00f8lge hvert lands fastsatte gebyrer).<\/strong><\/span><\/li>\n<\/ul>","protected":false},"excerpt":{"rendered":"<p>I en verden forbundet af havet og forenet af s\u00f8fartsruter \u00e5bner S\u00f8fartsakademiet studieretningen (Maritim Navigationsteknologi) sine d\u00f8re for alle med ambitioner om at sejle mod fremtiden. Her forenes videnskab med praktisk tr\u00e6ning, og moderne teknologi med eventyrlyst, for at uddanne maritime officerer og ingeni\u00f8rer med f\u00e6rdigheder, disciplin og lederevner. Fra avancerede undervisningslokaler, enten ved fysisk fremm\u00f8de eller [...]<\/p>","protected":false},"author":2,"featured_media":0,"parent":70,"menu_order":0,"comment_status":"closed","ping_status":"closed","template":"","meta":{"_acf_changed":false,"footnotes":""},"class_list":["post-1163","page","type-page","status-publish","hentry"],"acf":[],"_links":{"self":[{"href":"https:\/\/aua-edu.com\/da\/wp-json\/wp\/v2\/pages\/1163","targetHints":{"allow":["GET"]}}],"collection":[{"href":"https:\/\/aua-edu.com\/da\/wp-json\/wp\/v2\/pages"}],"about":[{"href":"https:\/\/aua-edu.com\/da\/wp-json\/wp\/v2\/types\/page"}],"author":[{"embeddable":true,"href":"https:\/\/aua-edu.com\/da\/wp-json\/wp\/v2\/users\/2"}],"replies":[{"embeddable":true,"href":"https:\/\/aua-edu.com\/da\/wp-json\/wp\/v2\/comments?post=1163"}],"version-history":[{"count":12,"href":"https:\/\/aua-edu.com\/da\/wp-json\/wp\/v2\/pages\/1163\/revisions"}],"predecessor-version":[{"id":1970,"href":"https:\/\/aua-edu.com\/da\/wp-json\/wp\/v2\/pages\/1163\/revisions\/1970"}],"up":[{"embeddable":true,"href":"https:\/\/aua-edu.com\/da\/wp-json\/wp\/v2\/pages\/70"}],"wp:attachment":[{"href":"https:\/\/aua-edu.com\/da\/wp-json\/wp\/v2\/media?parent=1163"}],"curies":[{"name":"wp","href":"https:\/\/api.w.org\/{rel}","templated":true}]}}