{"id":1169,"date":"2025-08-08T20:26:31","date_gmt":"2025-08-08T20:26:31","guid":{"rendered":"https:\/\/aua-edu.com\/?page_id=1169"},"modified":"2025-09-07T08:45:31","modified_gmt":"2025-09-07T08:45:31","slug":"%d8%a7%d9%84%d8%a5%d9%82%d8%aa%d8%b5%d8%a7%d8%af-%d9%88%d8%a7%d9%84%d8%b9%d9%84%d9%88%d9%85-%d8%a7%d9%84%d8%b3%d9%8a%d8%a7%d8%b3%d9%8a%d8%a9","status":"publish","type":"page","link":"https:\/\/aua-edu.com\/da\/%d8%a7%d9%84%d8%a5%d9%82%d8%aa%d8%b5%d8%a7%d8%af-%d9%88%d8%a7%d9%84%d8%b9%d9%84%d9%88%d9%85-%d8%a7%d9%84%d8%b3%d9%8a%d8%a7%d8%b3%d9%8a%d8%a9\/","title":{"rendered":"\u00d8konomi og Statskundskab"},"content":{"rendered":"<p><img decoding=\"async\" class=\"wp-image-1197 aligncenter\" src=\"https:\/\/aua-edu.com\/wp-content\/uploads\/2025\/08\/images.jpg\" alt=\"\" width=\"210\" height=\"208\" srcset=\"https:\/\/aua-edu.com\/wp-content\/uploads\/2025\/08\/images.jpg 164w, https:\/\/aua-edu.com\/wp-content\/uploads\/2025\/08\/images-150x150.jpg 150w, https:\/\/aua-edu.com\/wp-content\/uploads\/2025\/08\/images-12x12.jpg 12w\" sizes=\"(max-width: 210px) 100vw, 210px\" \/><\/p>\n<h3><span style=\"color: #000000; font-size: 14pt;\"><strong>\u00d8konomi- og statskundskabsfakultetet er et specialiseret videnskabeligt fyrt\u00e5rn, der uddanner kadre til at forst\u00e5 og analysere komplekse \u00f8konomiske og politiske sp\u00f8rgsm\u00e5l p\u00e5 b\u00e5de national og internationalt plan. <\/strong><\/span><\/h3>\n<h3><span style=\"color: #000000; font-size: 14pt;\"><strong>Fakultetet kombinerer dybdegende teoretiske studier med praktisk tr\u00e6ning for at udstyre sine studerende med den viden og de f\u00e6rdigheder, der er n\u00f8dvendige for beslutningstagning, politikudformning og effektiv ledelse af institutioner.<\/strong><\/span><br \/>\n<span style=\"color: #000000; font-size: 14pt;\"><strong>Gennem sine forskellige afdelinger og fremragende akademiske programmer str\u00e6ber fakultetet efter at uddanne forskere, eksperter og tankeledere, der er i stand til at bidrage effektivt til samfundsudvikling og styrkelse af dens rolle p\u00e5 den globale scene, samtidig med at de overholder de h\u00f8jeste standarder for akademisk og forskningsm\u00e6ssig kvalitet.<\/strong><\/span><\/h3>","protected":false},"excerpt":{"rendered":"<p>\u00d8konomi- og Statskundskabsfakultetet betragtes som et specialiseret videnskabeligt fyrt\u00e5rn, der uddanner kadre i stand til at forst\u00e5 og analysere komplekse \u00f8konomiske og politiske sp\u00f8rgsm\u00e5l p\u00e5 b\u00e5de national og internationalt niveau. Fakultetet kombinerer dybdegende teoretiske studier og praktisk tr\u00e6ning for at udstyre sine studerende med den n\u00f8dvendige viden og f\u00e6rdigheder til beslutningstagning, politikudformning og effektiv ledelse af institutioner. Gennem sine forskellige afdelinger og fremragende akademiske programmer [\u2026]<\/p>","protected":false},"author":2,"featured_media":0,"parent":0,"menu_order":0,"comment_status":"closed","ping_status":"closed","template":"","meta":{"_acf_changed":false,"footnotes":""},"class_list":["post-1169","page","type-page","status-publish","hentry"],"acf":[],"_links":{"self":[{"href":"https:\/\/aua-edu.com\/da\/wp-json\/wp\/v2\/pages\/1169","targetHints":{"allow":["GET"]}}],"collection":[{"href":"https:\/\/aua-edu.com\/da\/wp-json\/wp\/v2\/pages"}],"about":[{"href":"https:\/\/aua-edu.com\/da\/wp-json\/wp\/v2\/types\/page"}],"author":[{"embeddable":true,"href":"https:\/\/aua-edu.com\/da\/wp-json\/wp\/v2\/users\/2"}],"replies":[{"embeddable":true,"href":"https:\/\/aua-edu.com\/da\/wp-json\/wp\/v2\/comments?post=1169"}],"version-history":[{"count":5,"href":"https:\/\/aua-edu.com\/da\/wp-json\/wp\/v2\/pages\/1169\/revisions"}],"predecessor-version":[{"id":1953,"href":"https:\/\/aua-edu.com\/da\/wp-json\/wp\/v2\/pages\/1169\/revisions\/1953"}],"wp:attachment":[{"href":"https:\/\/aua-edu.com\/da\/wp-json\/wp\/v2\/media?parent=1169"}],"curies":[{"name":"wp","href":"https:\/\/api.w.org\/{rel}","templated":true}]}}