{"id":1171,"date":"2025-08-08T20:26:57","date_gmt":"2025-08-08T20:26:57","guid":{"rendered":"https:\/\/aua-edu.com\/?page_id=1171"},"modified":"2025-09-07T08:47:32","modified_gmt":"2025-09-07T08:47:32","slug":"%d8%a7%d9%84%d8%ad%d8%a7%d8%b3%d8%a8%d8%a7%d8%aa-%d9%88%d8%a7%d9%84%d8%b0%d9%83%d8%a7%d8%a1-%d8%a7%d9%84%d8%a5%d8%b5%d8%b7%d9%86%d8%a7%d8%b9%d9%89","status":"publish","type":"page","link":"https:\/\/aua-edu.com\/da\/%d8%a7%d9%84%d8%ad%d8%a7%d8%b3%d8%a8%d8%a7%d8%aa-%d9%88%d8%a7%d9%84%d8%b0%d9%83%d8%a7%d8%a1-%d8%a7%d9%84%d8%a5%d8%b5%d8%b7%d9%86%d8%a7%d8%b9%d9%89\/","title":{"rendered":"Computere og Kunstig Intelligens"},"content":{"rendered":"<p><img fetchpriority=\"high\" decoding=\"async\" class=\"wp-image-1204 aligncenter\" src=\"https:\/\/aua-edu.com\/wp-content\/uploads\/2025\/08\/it-300x225.gif\" alt=\"\" width=\"298\" height=\"224\" srcset=\"https:\/\/aua-edu.com\/wp-content\/uploads\/2025\/08\/it-300x225.gif 300w, https:\/\/aua-edu.com\/wp-content\/uploads\/2025\/08\/it-16x12.gif 16w\" sizes=\"(max-width: 298px) 100vw, 298px\" \/><\/p>\n<h3><span style=\"color: #000000; font-size: 14pt; font-family: arial black, sans-serif;\"><strong>Her begynder kreativiteten, og id\u00e9er bliver til l\u00f8sninger, software til pr\u00e6stationer. <\/strong><\/span><\/h3>\n<h3><span style=\"color: #000000; font-size: 14pt; font-family: arial black, sans-serif;\"><strong>Vi uddanner en generation af programm\u00f8rer og innovat\u00f8rer, der er i stand til at lede den digitale revolution og skabe fremtiden p\u00e5 globalt plan.<\/strong><\/span><\/h3>\n<h3><span style=\"color: #000000; font-size: 14pt; font-family: arial black, sans-serif;\"><strong>Det Tekniske Fakultet for Informatik og Kunstig Intelligens er et avanceret akademisk anl\u00e6g, der sigter mod at uddanne specialiserede medarbejdere med omfattende viden og praktiske f\u00e6rdigheder inden for datalogi, software engineering, dataanalyse og kunstig intelligens teknologier.<\/strong><\/span><br \/>\n<span style=\"color: #000000; font-size: 14pt; font-family: arial black, sans-serif;\"><strong>Fakultetet kombinerer teoretisk studie med praktisk anvendelse gennem avancerede laboratorier og innovative forskningsprojekter for at uddanne en generation, der er i stand til at skabe teknologiske l\u00f8sninger, der bidrager til at fremme den digitale transformation og holde trit med den fjerde industrielle revolution.<\/strong><\/span><br \/>\n<span style=\"color: #000000; font-size: 14pt; font-family: arial black, sans-serif;\"><strong>Fakultetet forpligter sig ogs\u00e5 til at uddanne kvalificerede kandidater, der kan konkurrere p\u00e5 b\u00e5de det lokale og globale arbejdsmarked og er i stand til at bidrage til teknologisk udvikling og b\u00e6redygtig v\u00e6kst.<\/strong><\/span><\/h3>","protected":false},"excerpt":{"rendered":"<p>\u0647\u0646\u0627 \u064a\u0628\u062f\u0623 \u0627\u0644\u0625\u0628\u062f\u0627\u0639 \u060c \u0648\u062a\u062a\u062d\u0648\u0644 \u0627\u0644\u0623\u0641\u0643\u0627\u0631 \u0625\u0644\u0649 \u062d\u0644\u0648\u0644 \u060c \u0648\u0627\u0644\u0628\u0631\u0645\u062c\u064a\u0627\u062a \u0625\u0644\u0649 \u0625\u0646\u062c\u0627\u0632\u0627\u062a . \u0646\u064f\u0639\u062f\u0651 \u062c\u064a\u0644\u0627\u064b \u0645\u0646 \u0627\u0644\u0645\u0628\u0631\u0645\u062c\u064a\u0646 \u0648\u0627\u0644\u0645\u0628\u062a\u0643\u0631\u064a\u0646 \u0627\u0644\u0642\u0627\u062f\u0631\u064a\u0646 \u0639\u0644\u0649 \u0642\u064a\u0627\u062f\u0629 \u0627\u0644\u062b\u0648\u0631\u0629 \u0627\u0644\u0631\u0642\u0645\u064a\u0629 \u0648\u0635\u0646\u0627\u0639\u0629 \u0627\u0644\u063a\u062f \u0639\u0644\u0649 \u0645\u0633\u062a\u0648\u0649 \u0627\u0644\u0639\u0627\u0644\u0645 . \u062d\u064a\u062b\u064f \u062a\u064f\u0639\u064e\u062f\u0651 \u0643\u0644\u064a\u0629 \u0627\u0644\u062d\u0627\u0633\u0628\u0627\u062a \u0648\u0627\u0644\u0630\u0643\u0627\u0621 \u0627\u0644\u0627\u0635\u0637\u0646\u0627\u0639\u064a \u0635\u0631\u062d\u0627\u064b \u0623\u0643\u0627\u062f\u064a\u0645\u064a\u0627\u064b \u0645\u062a\u0637\u0648\u0631\u0627\u064b \u064a\u0647\u062f\u0641 \u0625\u0644\u0649 \u0625\u0639\u062f\u0627\u062f \u0643\u0648\u0627\u062f\u0631 \u0645\u062a\u062e\u0635\u0635\u0629 \u062a\u0645\u062a\u0644\u0643 \u0627\u0644\u0645\u0639\u0631\u0641\u0629 \u0627\u0644\u0639\u0645\u064a\u0642\u0629 \u0648\u0627\u0644\u0645\u0647\u0627\u0631\u0627\u062a \u0627\u0644\u0639\u0645\u0644\u064a\u0629 \u0641\u064a \u0645\u062c\u0627\u0644\u0627\u062a \u0639\u0644\u0648\u0645 \u0627\u0644\u062d\u0627\u0633\u0628 \u060c \u0647\u0646\u062f\u0633\u0629 \u0627\u0644\u0628\u0631\u0645\u062c\u064a\u0627\u062a [&hellip;]<\/p>","protected":false},"author":2,"featured_media":0,"parent":0,"menu_order":0,"comment_status":"closed","ping_status":"closed","template":"","meta":{"_acf_changed":false,"footnotes":""},"class_list":["post-1171","page","type-page","status-publish","hentry"],"acf":[],"_links":{"self":[{"href":"https:\/\/aua-edu.com\/da\/wp-json\/wp\/v2\/pages\/1171","targetHints":{"allow":["GET"]}}],"collection":[{"href":"https:\/\/aua-edu.com\/da\/wp-json\/wp\/v2\/pages"}],"about":[{"href":"https:\/\/aua-edu.com\/da\/wp-json\/wp\/v2\/types\/page"}],"author":[{"embeddable":true,"href":"https:\/\/aua-edu.com\/da\/wp-json\/wp\/v2\/users\/2"}],"replies":[{"embeddable":true,"href":"https:\/\/aua-edu.com\/da\/wp-json\/wp\/v2\/comments?post=1171"}],"version-history":[{"count":6,"href":"https:\/\/aua-edu.com\/da\/wp-json\/wp\/v2\/pages\/1171\/revisions"}],"predecessor-version":[{"id":1956,"href":"https:\/\/aua-edu.com\/da\/wp-json\/wp\/v2\/pages\/1171\/revisions\/1956"}],"wp:attachment":[{"href":"https:\/\/aua-edu.com\/da\/wp-json\/wp\/v2\/media?parent=1171"}],"curies":[{"name":"wp","href":"https:\/\/api.w.org\/{rel}","templated":true}]}}