{"id":1176,"date":"2025-08-08T20:27:32","date_gmt":"2025-08-08T20:27:32","guid":{"rendered":"https:\/\/aua-edu.com\/?page_id=1176"},"modified":"2025-09-07T08:48:21","modified_gmt":"2025-09-07T08:48:21","slug":"%d8%a7%d9%84%d9%81%d9%86%d9%88%d9%86-%d8%a7%d9%84%d8%aa%d8%b7%d8%a8%d9%8a%d9%82%d9%8a%d8%a9","status":"publish","type":"page","link":"https:\/\/aua-edu.com\/da\/%d8%a7%d9%84%d9%81%d9%86%d9%88%d9%86-%d8%a7%d9%84%d8%aa%d8%b7%d8%a8%d9%8a%d9%82%d9%8a%d8%a9\/","title":{"rendered":"Anvendte Kunster"},"content":{"rendered":"<p><img decoding=\"async\" class=\"wp-image-1213 aligncenter\" src=\"https:\/\/aua-edu.com\/wp-content\/uploads\/2025\/08\/666565.jpg\" alt=\"\" width=\"204\" height=\"204\" srcset=\"https:\/\/aua-edu.com\/wp-content\/uploads\/2025\/08\/666565.jpg 225w, https:\/\/aua-edu.com\/wp-content\/uploads\/2025\/08\/666565-150x150.jpg 150w, https:\/\/aua-edu.com\/wp-content\/uploads\/2025\/08\/666565-12x12.jpg 12w\" sizes=\"(max-width: 204px) 100vw, 204px\" \/><\/p>\n<h3><span style=\"color: #000000; font-size: 14pt; font-family: arial, helvetica, sans-serif;\"><strong>Den Anvendte Kunstuddannelse er en akademisk og kreativ institution, der har til form\u00e5l at uddanne designere og kunstnere med de tekniske f\u00e6rdigheder og \u00e6stetiske sans, der er n\u00f8dvendige for at omdanne ideer til innovative produkter og designs, der opfylder samfundets og industriens behov.<\/strong><\/span><br \/>\n<span style=\"color: #000000; font-size: 14pt; font-family: arial, helvetica, sans-serif;\"><strong>Fakultetet kombinerer teoretisk undervisning og praktisk anvendelse inden for omr\u00e5der som industriel design, m\u00f8bler, tekstil, grafisk design, keramik og andre discipliner, der blander kunst og teknologi.<\/strong><\/span><br \/>\n<span style=\"color: #000000; font-size: 14pt; font-family: arial, helvetica, sans-serif;\"><strong>Fakultetet str\u00e6ber ogs\u00e5 efter at uddanne kreative kadre, der er i stand til at konkurrere p\u00e5 b\u00e5de lokale og globale markeder og bidrage til udviklingen af kreative industrier og styrkelse af kunstnerisk og kulturel identitet.<\/strong><\/span><\/h3>","protected":false},"excerpt":{"rendered":"<p>Det Anvendte Kunstfakultet betragtes som en akademisk og kreativ stolthed, der sigter mod at uddanne designere og kunstnere med de tekniske f\u00e6rdigheder og \u00e6stetiske sans, der kan omdanne ideer til innovative produkter og designs, der opfylder samfundets og industrens behov. Fakultetet kombinerer teoretiske studier og praktisk anvendelse inden for omr\u00e5der som industriel design, m\u00f8bler, tekstil, grafik, keramik og andre specialer, der integrerer [\u2026]<\/p>","protected":false},"author":2,"featured_media":0,"parent":0,"menu_order":0,"comment_status":"closed","ping_status":"closed","template":"","meta":{"_acf_changed":false,"footnotes":""},"class_list":["post-1176","page","type-page","status-publish","hentry"],"acf":[],"_links":{"self":[{"href":"https:\/\/aua-edu.com\/da\/wp-json\/wp\/v2\/pages\/1176","targetHints":{"allow":["GET"]}}],"collection":[{"href":"https:\/\/aua-edu.com\/da\/wp-json\/wp\/v2\/pages"}],"about":[{"href":"https:\/\/aua-edu.com\/da\/wp-json\/wp\/v2\/types\/page"}],"author":[{"embeddable":true,"href":"https:\/\/aua-edu.com\/da\/wp-json\/wp\/v2\/users\/2"}],"replies":[{"embeddable":true,"href":"https:\/\/aua-edu.com\/da\/wp-json\/wp\/v2\/comments?post=1176"}],"version-history":[{"count":5,"href":"https:\/\/aua-edu.com\/da\/wp-json\/wp\/v2\/pages\/1176\/revisions"}],"predecessor-version":[{"id":1958,"href":"https:\/\/aua-edu.com\/da\/wp-json\/wp\/v2\/pages\/1176\/revisions\/1958"}],"wp:attachment":[{"href":"https:\/\/aua-edu.com\/da\/wp-json\/wp\/v2\/media?parent=1176"}],"curies":[{"name":"wp","href":"https:\/\/api.w.org\/{rel}","templated":true}]}}