{"id":1178,"date":"2025-08-08T20:28:14","date_gmt":"2025-08-08T20:28:14","guid":{"rendered":"https:\/\/aua-edu.com\/?page_id=1178"},"modified":"2025-09-07T08:47:56","modified_gmt":"2025-09-07T08:47:56","slug":"%d8%a7%d9%84%d9%81%d9%86%d9%88%d9%86-%d8%a7%d9%84%d8%ac%d9%85%d9%8a%d9%84%d8%a9","status":"publish","type":"page","link":"https:\/\/aua-edu.com\/da\/%d8%a7%d9%84%d9%81%d9%86%d9%88%d9%86-%d8%a7%d9%84%d8%ac%d9%85%d9%8a%d9%84%d8%a9\/","title":{"rendered":"Fakultet for Sk\u00f8nne Kunster"},"content":{"rendered":"<p><img decoding=\"async\" class=\"wp-image-1217 aligncenter\" src=\"https:\/\/aua-edu.com\/wp-content\/uploads\/2025\/08\/458220890_500204616053384_2961262149918912918_n-295x300.jpg\" alt=\"\" width=\"219\" height=\"223\" srcset=\"https:\/\/aua-edu.com\/wp-content\/uploads\/2025\/08\/458220890_500204616053384_2961262149918912918_n-295x300.jpg 295w, https:\/\/aua-edu.com\/wp-content\/uploads\/2025\/08\/458220890_500204616053384_2961262149918912918_n-768x780.jpg 768w, https:\/\/aua-edu.com\/wp-content\/uploads\/2025\/08\/458220890_500204616053384_2961262149918912918_n-12x12.jpg 12w, https:\/\/aua-edu.com\/wp-content\/uploads\/2025\/08\/458220890_500204616053384_2961262149918912918_n.jpg 881w\" sizes=\"(max-width: 219px) 100vw, 219px\" \/><\/p>\n<h3><span style=\"color: #000000; font-size: 14pt; font-family: arial, helvetica, sans-serif;\"><strong>Det Samfundsvidenskabelige Fakultet er en bauta for kunstnerisk kreativitet, der sigter mod at uddanne kunstnere og skabende \u00e5nder med akademiske f\u00e6rdigheder og en h\u00f8j \u00e6stetisk sans inden for omr\u00e5der som billedkunst, skulptur, fotografi, indretningsarkitektur og teater.<\/strong><\/span><br \/>\n<span style=\"color: #000000; font-size: 14pt; font-family: arial, helvetica, sans-serif;\"><strong>Fakultetet integrerer teoretisk studie, fjernundervisning og praktisk anvendelse for at give studerende en righoldig kunstnerisk oplevelse og muligheder for selvudtryk, med fokus p\u00e5 at udvikle og forfine talenter i henhold til velafpr\u00f8vede videnskabelige og kunstneriske principper.<\/strong><\/span><br \/>\n<span style=\"color: #000000; font-size: 14pt; font-family: arial, helvetica, sans-serif;\"><strong>Fakultetet str\u00e6ber ogs\u00e5 efter at bevare hvert lands kunstneriske og kulturelle arv og tilskynde til innovation og kreativitet hos hver enkelt studerende, for at uddanne en generation, der er i stand til at bidrage til at berige den kunstneriske bev\u00e6gelse lokalt og globalt.<\/strong><\/span><\/h3>","protected":false},"excerpt":{"rendered":"<p>Det Sk\u00f8nne Kunster Fakultet er et fyrt\u00e5rn for kunstnerisk kreativitet, der har til form\u00e5l at uddanne kunstnere og skabere med akademiske f\u00e6rdigheder og en forfinet \u00e6stetisk sans inden for omr\u00e5der som billedkunst, skulptur, fotografering, indretningsarkitektur og teater. Fakultetet kombinerer teoretisk undervisning, fjernundervisning og praktisk anvendelse for at give studerende et milj\u00f8 rigt p\u00e5 kunstneriske erfaringer og muligheder for selvudtryk [&hellip;]<\/p>","protected":false},"author":2,"featured_media":0,"parent":0,"menu_order":0,"comment_status":"closed","ping_status":"closed","template":"","meta":{"_acf_changed":false,"footnotes":""},"class_list":["post-1178","page","type-page","status-publish","hentry"],"acf":[],"_links":{"self":[{"href":"https:\/\/aua-edu.com\/da\/wp-json\/wp\/v2\/pages\/1178","targetHints":{"allow":["GET"]}}],"collection":[{"href":"https:\/\/aua-edu.com\/da\/wp-json\/wp\/v2\/pages"}],"about":[{"href":"https:\/\/aua-edu.com\/da\/wp-json\/wp\/v2\/types\/page"}],"author":[{"embeddable":true,"href":"https:\/\/aua-edu.com\/da\/wp-json\/wp\/v2\/users\/2"}],"replies":[{"embeddable":true,"href":"https:\/\/aua-edu.com\/da\/wp-json\/wp\/v2\/comments?post=1178"}],"version-history":[{"count":6,"href":"https:\/\/aua-edu.com\/da\/wp-json\/wp\/v2\/pages\/1178\/revisions"}],"predecessor-version":[{"id":1957,"href":"https:\/\/aua-edu.com\/da\/wp-json\/wp\/v2\/pages\/1178\/revisions\/1957"}],"wp:attachment":[{"href":"https:\/\/aua-edu.com\/da\/wp-json\/wp\/v2\/media?parent=1178"}],"curies":[{"name":"wp","href":"https:\/\/api.w.org\/{rel}","templated":true}]}}