{"id":1186,"date":"2025-08-08T20:45:58","date_gmt":"2025-08-08T20:45:58","guid":{"rendered":"https:\/\/aua-edu.com\/?page_id=1186"},"modified":"2025-09-07T08:56:51","modified_gmt":"2025-09-07T08:56:51","slug":"%d8%a3%d9%83%d8%a7%d8%af%d9%8a%d9%85%d9%8a%d8%a9-%d8%b9%d9%84%d9%88%d9%85-%d8%a7%d9%84%d8%b7%d9%8a%d8%b1%d8%a7%d9%86","status":"publish","type":"page","link":"https:\/\/aua-edu.com\/da\/%d8%a3%d9%83%d8%a7%d8%af%d9%8a%d9%85%d9%8a%d8%a9-%d8%b9%d9%84%d9%88%d9%85-%d8%a7%d9%84%d8%b7%d9%8a%d8%b1%d8%a7%d9%86\/","title":{"rendered":"Luftfartsvidenskabsakademi"},"content":{"rendered":"<p><img fetchpriority=\"high\" decoding=\"async\" class=\"size-full wp-image-1435 aligncenter\" src=\"https:\/\/aua-edu.com\/wp-content\/uploads\/2025\/08\/images-2.jpg\" alt=\"\" width=\"201\" height=\"251\" srcset=\"https:\/\/aua-edu.com\/wp-content\/uploads\/2025\/08\/images-2.jpg 201w, https:\/\/aua-edu.com\/wp-content\/uploads\/2025\/08\/images-2-10x12.jpg 10w\" sizes=\"(max-width: 201px) 100vw, 201px\" \/><\/p>\n<p><img decoding=\"async\" class=\"wp-image-1432 aligncenter\" src=\"https:\/\/aua-edu.com\/wp-content\/uploads\/2025\/08\/baebfc14562d1d6b50ed81b6b614d3a6ef54404er1-480-356_hq-300x223.gif\" alt=\"\" width=\"213\" height=\"158\" srcset=\"https:\/\/aua-edu.com\/wp-content\/uploads\/2025\/08\/baebfc14562d1d6b50ed81b6b614d3a6ef54404er1-480-356_hq-300x223.gif 300w, https:\/\/aua-edu.com\/wp-content\/uploads\/2025\/08\/baebfc14562d1d6b50ed81b6b614d3a6ef54404er1-480-356_hq-16x12.gif 16w\" sizes=\"(max-width: 213px) 100vw, 213px\" \/><\/p>\n<p><img decoding=\"async\" class=\"wp-image-1434 aligncenter\" src=\"https:\/\/aua-edu.com\/wp-content\/uploads\/2025\/08\/images788.jpg\" alt=\"\" width=\"212\" height=\"159\" srcset=\"https:\/\/aua-edu.com\/wp-content\/uploads\/2025\/08\/images788.jpg 259w, https:\/\/aua-edu.com\/wp-content\/uploads\/2025\/08\/images788-16x12.jpg 16w\" sizes=\"(max-width: 212px) 100vw, 212px\" \/><\/p>\n<h3><span style=\"color: #000000; font-size: 14pt; font-family: arial black, sans-serif;\"><strong>Flyakademiet er en specialiseret uddannelses- og tr\u00e6ningsinstitution, der har til form\u00e5l at forberede og kvalificere professionelle kadre inden for luftfart i henhold til de h\u00f8jeste internationale standarder for sikkerhed og kvalitet.<\/strong><\/span><\/h3>\n<h3><span style=\"color: #000000; font-size: 14pt; font-family: arial black, sans-serif;\"><strong>Det Afrikanske Universitets Flyakademi for Videnskab, Avancerede Studier og Forskning str\u00e6ber efter at give de studerende den teoretiske viden og praktiske f\u00e6rdigheder, der er n\u00f8dvendige for at flyve fly og h\u00e5ndtere forskellige flyveforhold, gennem integrerede tr\u00e6ningsprogrammer, der inkluderer fjernundervisning og realistisk simulering.<\/strong><\/span><br \/>\n<span style=\"color: #000000; font-size: 14pt; font-family: arial black, sans-serif;\"><strong>Akademiet prioriterer ogs\u00e5 at f\u00f8lge med de tekniske fremskridt i flyindustrien og at skabe en stimulerende l\u00e6ringsmilj\u00f8, der kombinerer disciplin, professionalisme og en passion for flyvning, for at uddanne en generation, der effektivt kan bidrage til b\u00e5de civil og milit\u00e6r luftfart.<\/strong><\/span><\/h3>\n<ul>\n<li><span style=\"color: #000000; font-size: 14pt; font-family: arial black, sans-serif;\"><strong><span style=\"color: #ff0000;\">Luftfartsvidenskabsakademi<\/span> <span style=\"color: #0000ff;\">(Nystartet akademi)<\/span><\/strong><\/span><\/li>\n<li><span style=\"color: #000000; font-size: 14pt; font-family: arial black, sans-serif;\"><strong>Kandidater fra dette akademi modtager eksamensbevis med karakterblad og overs\u00e6ttelse, alle anerkendt af:<\/strong><\/span><\/li>\n<li><span style=\"color: #ff0000; font-size: 14pt; font-family: arial black, sans-serif;\"><strong>(Universitet - Ambassade - Udenrigsministeriet - Justitsministeriet)<\/strong><\/span><\/li>\n<li><span style=\"color: #000000; font-size: 14pt; font-family: arial black, sans-serif;\"><strong>Samtidig modtager han en anerkendt kvalificerende kursusbevis fra alle myndigheder til stillingen som <\/strong><\/span><\/li>\n<li><span style=\"color: #000000; font-size: 14pt; font-family: arial black, sans-serif;\"><strong>(Privatpilot \u2013 Erhvervspilot \u2013 Flyveleder)<\/strong><\/span><\/li>\n<\/ul>","protected":false},"excerpt":{"rendered":"<p>\u062a\u064f\u0639\u064e\u062f\u0651 \u0623\u0643\u0627\u062f\u064a\u0645\u064a\u0629 \u0627\u0644\u0637\u064a\u0631\u0627\u0646 \u0635\u0631\u062d\u0627\u064b \u062a\u0639\u0644\u064a\u0645\u064a\u0627\u064b \u0648\u062a\u062f\u0631\u064a\u0628\u064a\u0627\u064b \u0645\u062a\u062e\u0635\u0635\u0627\u064b \u064a\u0647\u062f\u0641 \u0625\u0644\u0649 \u0625\u0639\u062f\u0627\u062f \u0648\u062a\u0623\u0647\u064a\u0644 \u0643\u0648\u0627\u062f\u0631 \u0645\u062d\u062a\u0631\u0641\u0629 \u0641\u064a \u0645\u062c\u0627\u0644 \u0627\u0644\u0637\u064a\u0631\u0627\u0646 \u060c \u0648\u0641\u0642 \u0623\u0639\u0644\u0649 \u0645\u0639\u0627\u064a\u064a\u0631 \u0627\u0644\u0633\u0644\u0627\u0645\u0629 \u0648\u0627\u0644\u062c\u0648\u062f\u0629 \u0627\u0644\u0645\u0639\u062a\u0645\u062f\u0629 \u062f\u0648\u0644\u064a\u0627\u064b . \u062a\u0633\u0639\u0649 \u0623\u0643\u0627\u062f\u064a\u0645\u064a\u0629 \u0627\u0644\u0637\u064a\u0631\u0627\u0646 \u0628\u0627\u0644\u062c\u0627\u0645\u0639\u0629 \u0627\u0644\u0623\u0641\u0631\u064a\u0642\u064a\u0629 \u0644\u0644\u0639\u0644\u0648\u0645 \u0648\u0627\u0644\u062f\u0631\u0627\u0633\u0627\u062a \u0627\u0644\u0645\u062a\u0637\u0648\u0631\u0629 \u0648\u0627\u0644\u0628\u062d\u062b \u0627\u0644\u0639\u0644\u0645\u0649 \u0625\u0644\u0649 \u062a\u0632\u0648\u064a\u062f \u0627\u0644\u0645\u062a\u062f\u0631\u0628\u064a\u0646 \u0628\u0627\u0644\u0645\u0639\u0631\u0641\u0629 \u0627\u0644\u0646\u0638\u0631\u064a\u0629 \u0648\u0627\u0644\u0645\u0647\u0627\u0631\u0627\u062a \u0627\u0644\u0639\u0645\u0644\u064a\u0629 \u0627\u0644\u0644\u0627\u0632\u0645\u0629 \u0644\u0642\u064a\u0627\u062f\u0629 \u0627\u0644\u0637\u0627\u0626\u0631\u0627\u062a \u0648\u0627\u0644\u062a\u0639\u0627\u0645\u0644 \u0645\u0639 \u0645\u062e\u062a\u0644\u0641 \u0638\u0631\u0648\u0641 \u0627\u0644\u0637\u064a\u0631\u0627\u0646\u060c \u0648\u0630\u0644\u0643 \u0645\u0646 \u062e\u0644\u0627\u0644 \u0628\u0631\u0627\u0645\u062c \u062a\u062f\u0631\u064a\u0628\u064a\u0629 [&hellip;]<\/p>","protected":false},"author":2,"featured_media":0,"parent":0,"menu_order":0,"comment_status":"closed","ping_status":"closed","template":"","meta":{"_acf_changed":false,"footnotes":""},"class_list":["post-1186","page","type-page","status-publish","hentry"],"acf":[],"_links":{"self":[{"href":"https:\/\/aua-edu.com\/da\/wp-json\/wp\/v2\/pages\/1186","targetHints":{"allow":["GET"]}}],"collection":[{"href":"https:\/\/aua-edu.com\/da\/wp-json\/wp\/v2\/pages"}],"about":[{"href":"https:\/\/aua-edu.com\/da\/wp-json\/wp\/v2\/types\/page"}],"author":[{"embeddable":true,"href":"https:\/\/aua-edu.com\/da\/wp-json\/wp\/v2\/users\/2"}],"replies":[{"embeddable":true,"href":"https:\/\/aua-edu.com\/da\/wp-json\/wp\/v2\/comments?post=1186"}],"version-history":[{"count":12,"href":"https:\/\/aua-edu.com\/da\/wp-json\/wp\/v2\/pages\/1186\/revisions"}],"predecessor-version":[{"id":1971,"href":"https:\/\/aua-edu.com\/da\/wp-json\/wp\/v2\/pages\/1186\/revisions\/1971"}],"wp:attachment":[{"href":"https:\/\/aua-edu.com\/da\/wp-json\/wp\/v2\/media?parent=1186"}],"curies":[{"name":"wp","href":"https:\/\/api.w.org\/{rel}","templated":true}]}}