{"id":1222,"date":"2025-08-08T22:35:03","date_gmt":"2025-08-08T22:35:03","guid":{"rendered":"https:\/\/aua-edu.com\/?page_id=1222"},"modified":"2025-09-07T08:46:36","modified_gmt":"2025-09-07T08:46:36","slug":"%d9%83%d9%84%d9%8a%d8%a9-%d8%aa%d9%83%d9%86%d9%88%d9%84%d9%88%d8%ac%d9%8a%d8%a7-%d8%a7%d9%84%d9%85%d8%b9%d9%84%d9%88%d9%85%d8%a7%d8%aa","status":"publish","type":"page","link":"https:\/\/aua-edu.com\/da\/%d9%83%d9%84%d9%8a%d8%a9-%d8%aa%d9%83%d9%86%d9%88%d9%84%d9%88%d8%ac%d9%8a%d8%a7-%d8%a7%d9%84%d9%85%d8%b9%d9%84%d9%88%d9%85%d8%a7%d8%aa\/","title":{"rendered":"Fakultet for Informationsteknologi"},"content":{"rendered":"<p><img fetchpriority=\"high\" decoding=\"async\" class=\"wp-image-1223 aligncenter\" src=\"https:\/\/aua-edu.com\/wp-content\/uploads\/2025\/08\/baner-300x193.gif\" alt=\"\" width=\"304\" height=\"195\" srcset=\"https:\/\/aua-edu.com\/wp-content\/uploads\/2025\/08\/baner-300x193.gif 300w, https:\/\/aua-edu.com\/wp-content\/uploads\/2025\/08\/baner-1024x658.gif 1024w, https:\/\/aua-edu.com\/wp-content\/uploads\/2025\/08\/baner-768x494.gif 768w, https:\/\/aua-edu.com\/wp-content\/uploads\/2025\/08\/baner-18x12.gif 18w\" sizes=\"(max-width: 304px) 100vw, 304px\" \/><\/p>\n<h3><span style=\"color: #000000; font-size: 14pt; font-family: arial, helvetica, sans-serif;\"><strong>Her skaber vi programm\u00f8rer, udvikler l\u00f8sninger og bev\u00e6ger os mod fremtiden med sikre skridt i en hastigt udviklende teknologisk verden.<\/strong><\/span><\/h3>\n<h3><span style=\"color: #000000; font-size: 14pt; font-family: arial, helvetica, sans-serif;\"><strong>Det Teknologiske Fakultet er et specialiseret akademisk anl\u00e6g, der sigter mod at uddanne fremragende medarbejdere med teoretisk viden og praktiske f\u00e6rdigheder inden for informations teknologi, netv\u00e6rkssikkerhed, systemanalyse, softwareudvikling og databaseadministration.<\/strong><\/span><br \/>\n<span style=\"color: #000000; font-size: 14pt; font-family: arial, helvetica, sans-serif;\"><strong>Fakultetet kombinerer avanceret akademisk fjernundervisning med praktisk tr\u00e6ning i moderne laboratorier, hvilket sikrer, at der uddannes specialister, der kan holde trit med de hurtige teknologiske fremskridt og bidrage til organisationers digitale transformation.<\/strong><\/span><br \/>\n<span style=\"color: #000000; font-size: 14pt; font-family: arial, helvetica, sans-serif;\"><strong>Fakultetet l\u00e6gger ogs\u00e5 v\u00e6gt p\u00e5 at tilskynde til videnskabelig forskning og innovation samt udvikle en kreativ og teamorienteret \u00e5nd hos dets studerende, s\u00e5 de er veludrustede til at konkurrere p\u00e5 b\u00e5de det lokale og globale arbejdsmarked.<\/strong><\/span><\/h3>","protected":false},"excerpt":{"rendered":"<p>Her uddanner vi programm\u00f8rer, udvikler l\u00f8sninger og bev\u00e6ger os mod fremtiden med sikre skridt i en hastigt forandrende teknologisk verden. Fakultetet for Informationsteknologi fungerer som et specialiseret akademisk anl\u00e6g, der har til form\u00e5l at uddanne fremragende fagfolk med teoretisk viden og praktiske f\u00e6rdigheder inden for informationsteknologi, netv\u00e6rkssikkerhed, systemanalyse, softwareudvikling og databaseadministration. Fakultetet integrerer undervisning [\u2026]<\/p>","protected":false},"author":2,"featured_media":0,"parent":0,"menu_order":0,"comment_status":"closed","ping_status":"closed","template":"","meta":{"_acf_changed":false,"footnotes":""},"class_list":["post-1222","page","type-page","status-publish","hentry"],"acf":[],"_links":{"self":[{"href":"https:\/\/aua-edu.com\/da\/wp-json\/wp\/v2\/pages\/1222","targetHints":{"allow":["GET"]}}],"collection":[{"href":"https:\/\/aua-edu.com\/da\/wp-json\/wp\/v2\/pages"}],"about":[{"href":"https:\/\/aua-edu.com\/da\/wp-json\/wp\/v2\/types\/page"}],"author":[{"embeddable":true,"href":"https:\/\/aua-edu.com\/da\/wp-json\/wp\/v2\/users\/2"}],"replies":[{"embeddable":true,"href":"https:\/\/aua-edu.com\/da\/wp-json\/wp\/v2\/comments?post=1222"}],"version-history":[{"count":5,"href":"https:\/\/aua-edu.com\/da\/wp-json\/wp\/v2\/pages\/1222\/revisions"}],"predecessor-version":[{"id":1954,"href":"https:\/\/aua-edu.com\/da\/wp-json\/wp\/v2\/pages\/1222\/revisions\/1954"}],"wp:attachment":[{"href":"https:\/\/aua-edu.com\/da\/wp-json\/wp\/v2\/media?parent=1222"}],"curies":[{"name":"wp","href":"https:\/\/api.w.org\/{rel}","templated":true}]}}