{"id":1466,"date":"2025-08-22T19:24:41","date_gmt":"2025-08-22T19:24:41","guid":{"rendered":"https:\/\/aua-edu.com\/?page_id=1466"},"modified":"2025-08-23T22:50:23","modified_gmt":"2025-08-23T22:50:23","slug":"%d8%b4%d9%87%d8%a7%d8%af%d8%a9-%d8%a7%d9%84%d8%a8%d9%83%d8%a7%d9%84%d9%88%d8%b1%d9%8a%d9%88%d8%b3","status":"publish","type":"page","link":"https:\/\/aua-edu.com\/da\/%d8%b4%d9%87%d8%a7%d8%af%d8%a9-%d8%a7%d9%84%d8%a8%d9%83%d8%a7%d9%84%d9%88%d8%b1%d9%8a%d9%88%d8%b3\/","title":{"rendered":"Bachelorgrad"},"content":{"rendered":"<p><img decoding=\"async\" class=\"size-medium wp-image-591 aligncenter\" src=\"https:\/\/aua-edu.com\/wp-content\/uploads\/2025\/07\/istockphoto-1320944243-612x612-1-300x139.jpg\" alt=\"\" width=\"300\" height=\"139\" srcset=\"https:\/\/aua-edu.com\/wp-content\/uploads\/2025\/07\/istockphoto-1320944243-612x612-1-300x139.jpg 300w, https:\/\/aua-edu.com\/wp-content\/uploads\/2025\/07\/istockphoto-1320944243-612x612-1-18x8.jpg 18w, https:\/\/aua-edu.com\/wp-content\/uploads\/2025\/07\/istockphoto-1320944243-612x612-1.jpg 612w\" sizes=\"(max-width: 300px) 100vw, 300px\" \/><\/p>\n<h3 style=\"text-align: right;\"><span style=\"font-family: arial, helvetica, sans-serif; font-size: 12pt; color: #000000;\"><strong>Den specialiserede bachelorgrad opn\u00e5s gennem et akademisk anerkendelsessystem baseret p\u00e5 opfyldelse af specifikke krav via fjernundervisning, og p\u00e5 denne basis tildeles den specialiserede bachelorgrad, ikke gennem konventionel, regul\u00e6r akademisk undervisning eller det traditionelle kendte system.<\/strong><\/span><\/h3>\n<h3 style=\"text-align: right;\"><span style=\"font-family: arial, helvetica, sans-serif; font-size: 12pt; color: #000000;\"><strong>Gennem dette system kan man tilmelde sig eksamen i specialet, som foreg\u00e5r online, og du kan tage eksamen fra dit eget hjem p\u00e5 arabisk eller engelsk. Eksamenerne udarbejdes remote af specialiserede professorer, og studerende har ret til \u00e9n grundl\u00e6ggende eksamen og \u00e9n ekstra gentagelseseksamen, hvis de \u00f8nsker at forbedre deres karakter eller ved ikke-best\u00e5et uden ekstra omkostninger. Den maksimale score er 100 point.<\/strong><\/span><\/h3>\n<h3 style=\"text-align: right;\"><span style=\"font-family: arial, helvetica, sans-serif; font-size: 12pt; color: #000000;\"><strong>Tilskuddet gives inden for en meget kort periode, der ikke overstiger en m\u00e5ned, hvilket er den tid, der er n\u00f8dvendig for de administrative procedurer, som den akademiske reguleringsproces og legaliseringer kr\u00e6ver, herunder ambassade, udenrigsministeriet og justitsministeriet samt overs\u00e6ttelse, og p\u00e5 grundlag heraf gives tilskuddet for den \u00f8nskede akademiske grad.<\/strong><\/span><\/h3>\n<h3 style=\"text-align: right;\"><span style=\"font-family: arial, helvetica, sans-serif; font-size: 12pt; color: #000000;\"><strong>En specialiseret mastergrad opn\u00e5s gennem indsendelse og forsvar af en afhandling og betragtes som en af de mest fremtr\u00e6dende akademiske grader, en forsker kan opn\u00e5, hvilket i sidste ende gavner samfundet som helhed og dermed fremmer udviklingen inden for forskerens specifikke speciale.<\/strong><\/span><\/h3>\n<h3 style=\"text-align: right;\"><span style=\"font-family: arial, helvetica, sans-serif; font-size: 12pt; color: #000000;\"><strong>For at opn\u00e5 en specialiseret bachelorgrad, kontakt os via e-mail eller gennem agenten i dit land.<\/strong><\/span><\/h3>\n<h3 style=\"text-align: right;\"><\/h3>","protected":false},"excerpt":{"rendered":"<p>Den specialiserede bachelorgrad opn\u00e5s gennem et akademisk kreditsystem, der baserer sig p\u00e5 opfyldelse af specifikke krav via fjernundervisning, og p\u00e5 dette grundlag tildeles den specialiserede bachelorgrad \u2013 ikke gennem konventionel, regul\u00e6r akademisk uddannelse eller det traditionelle kendte system. Gennem dette system kan man tilmelde sig eksamen i specialet, og eksamen foreg\u00e5r online [&hellip;]<\/p>","protected":false},"author":2,"featured_media":1468,"parent":0,"menu_order":0,"comment_status":"closed","ping_status":"closed","template":"","meta":{"_acf_changed":false,"footnotes":""},"class_list":["post-1466","page","type-page","status-publish","has-post-thumbnail","hentry"],"acf":[],"_links":{"self":[{"href":"https:\/\/aua-edu.com\/da\/wp-json\/wp\/v2\/pages\/1466","targetHints":{"allow":["GET"]}}],"collection":[{"href":"https:\/\/aua-edu.com\/da\/wp-json\/wp\/v2\/pages"}],"about":[{"href":"https:\/\/aua-edu.com\/da\/wp-json\/wp\/v2\/types\/page"}],"author":[{"embeddable":true,"href":"https:\/\/aua-edu.com\/da\/wp-json\/wp\/v2\/users\/2"}],"replies":[{"embeddable":true,"href":"https:\/\/aua-edu.com\/da\/wp-json\/wp\/v2\/comments?post=1466"}],"version-history":[{"count":6,"href":"https:\/\/aua-edu.com\/da\/wp-json\/wp\/v2\/pages\/1466\/revisions"}],"predecessor-version":[{"id":1644,"href":"https:\/\/aua-edu.com\/da\/wp-json\/wp\/v2\/pages\/1466\/revisions\/1644"}],"wp:featuredmedia":[{"embeddable":true,"href":"https:\/\/aua-edu.com\/da\/wp-json\/wp\/v2\/media\/1468"}],"wp:attachment":[{"href":"https:\/\/aua-edu.com\/da\/wp-json\/wp\/v2\/media?parent=1466"}],"curies":[{"name":"wp","href":"https:\/\/api.w.org\/{rel}","templated":true}]}}