{"id":1990,"date":"2025-09-07T13:17:50","date_gmt":"2025-09-07T13:17:50","guid":{"rendered":"https:\/\/aua-edu.com\/?page_id=1990"},"modified":"2025-09-07T13:33:38","modified_gmt":"2025-09-07T13:33:38","slug":"1990-2","status":"publish","type":"page","link":"https:\/\/aua-edu.com\/da\/1990-2\/","title":{"rendered":""},"content":{"rendered":"<h1 style=\"text-align: center;\"><span style=\"color: #0000ff;\">Hvorfor fjernundervisning?<\/span><\/h1>\n<h1><img fetchpriority=\"high\" decoding=\"async\" class=\"size-medium wp-image-1401 aligncenter\" src=\"https:\/\/aua-edu.com\/wp-content\/uploads\/2025\/08\/43434343434344-300x300.jpg\" alt=\"\" width=\"300\" height=\"300\" srcset=\"https:\/\/aua-edu.com\/wp-content\/uploads\/2025\/08\/43434343434344-300x300.jpg 300w, https:\/\/aua-edu.com\/wp-content\/uploads\/2025\/08\/43434343434344-150x150.jpg 150w, https:\/\/aua-edu.com\/wp-content\/uploads\/2025\/08\/43434343434344-12x12.jpg 12w, https:\/\/aua-edu.com\/wp-content\/uploads\/2025\/08\/43434343434344.jpg 626w\" sizes=\"(max-width: 300px) 100vw, 300px\" \/><\/h1>\n<h3><span style=\"font-family: arial black, sans-serif;\"><strong><span style=\"font-size: 14pt; color: #000000;\">Mange studerende dr\u00f8mmer om at f\u00e5 uddannelsesmuligheder i udlandet, men problemet er, at de kan st\u00f8de p\u00e5 nogle vanskeligheder og udfordringer ved optagelse p\u00e5 disse internationale universiteter uden for landet, og det er ikke n\u00f8dvendigvis \u00f8konomiske vanskeligder, men handler om planl\u00e6gning af rejsen og ans\u00f8gning til det universitet, du v\u00e6lger.<\/span><\/strong><\/span><\/h3>\n<h3><span style=\"font-family: arial black, sans-serif;\"><strong><span style=\"font-size: 14pt; color: #000000;\">Ofte har den studerende ikke de rette skridt, der skal f\u00f8lges for at finde det universitet, der passer til ham\/hende og matcher hans\/hendes ambitioner og universitetsuddannelse.<\/span><\/strong><\/span><\/h3>\n<h3><span style=\"font-family: arial black, sans-serif;\"><strong><span style=\"font-size: 14pt; color: #000000;\"><span style=\"color: #ff0000;\">Fordele ved fjernundervisning:<\/span><\/span><\/strong><\/span><\/h3>\n<h3><span style=\"font-family: arial black, sans-serif;\"><strong><span style=\"font-size: 14pt; color: #000000;\">Du vil opdage, at fordelene ved fjernundervisning er mange og meget talrige, og de vil spare dig for en masse besv\u00e6r og tid samt ogs\u00e5 penge, og du vil v\u00e6re i stand til at f\u00e5 de foredrag og lektioner, du \u00f8nsker, samt forts\u00e6tte dit arbejde hjemmefra via din computer, og disse fordele kommer som f\u00f8lger:<\/span><\/strong><\/span><\/h3>\n<h3><span style=\"font-family: arial black, sans-serif;\"><strong><span style=\"font-size: 14pt; color: #000000;\">Letheden ved at opn\u00e5 en videnskabelig bachelor med dette uddannelsessystem ganske enkelt hjemmefra, hvor du vil finde alle oplysninger og fakulteter, du \u00f8nsker at opn\u00e5.<\/span><\/strong><\/span><\/h3>\n<h3><span style=\"font-family: arial black, sans-serif;\"><strong><span style=\"font-size: 14pt; color: #000000;\">At give en meget stor besparelse i den udf\u00f8rte indsats samt ogs\u00e5 den tid, du ville have brugt i det almindelige uddannelsessystem.<\/span><\/strong><\/span><\/h3>\n<h3><span style=\"font-family: arial black, sans-serif;\"><strong><span style=\"font-size: 14pt; color: #000000;\">Det g\u00f8r det nemt for dig at kombinere fjernundervisning og arbejde p\u00e5 din egen arbejdsplads hurtigt.<\/span><\/strong><\/span><\/h3>\n<h3><span style=\"font-family: arial black, sans-serif;\"><strong><span style=\"font-size: 14pt; color: #000000;\">En af fordelene ved fjernundervisning er dens evne til at opn\u00e5 den n\u00f8dvendige fleksibilitet mellem tid og sted, hvilket mangler i det traditionelle uddannelsessystem.<\/span><\/strong><\/span><\/h3>\n<h3><span style=\"font-family: arial black, sans-serif;\"><strong><span style=\"font-size: 14pt; color: #000000;\">Meget velegnet for personer med handicap p\u00e5 grund af dens evne til at lade dem l\u00e6re uden nogen transport<\/span><\/strong><\/span><\/h3>\n<h3><span style=\"font-family: arial black, sans-serif;\"><strong><span style=\"font-size: 14pt; color: #000000;\"><span style=\"color: #ff0000;\">Nogle eksempler, der viser fjernundervisningens succes:<\/span><\/span><\/strong><\/span><\/h3>\n<h3><span style=\"font-family: arial black, sans-serif;\"><strong><span style=\"font-size: 14pt; color: #000000;\">Uden tvivl har fordelene ved fjernundervisning vist sig tydeligt i den seneste periode, is\u00e6r i forbindelse med coronaviruspandemien, hvor hele verden har vendt sig mod denne undervisningsform som den mest passende under de nuv\u00e6rende globale forhold og for at bevare menneskers liv.<\/span><\/strong><\/span><\/h3>\n<h3><span style=\"font-family: arial black, sans-serif;\"><strong><span style=\"font-size: 14pt; color: #000000;\">For example, within the Hashemite Kingdom of Jordan, we found a highly renowned platform called <span style=\"color: #ff0000;\">(Darsak)<\/span> This platform was specifically designed for students and featured a wide range of different educational curricula that students needed and that were officially accredited. Not only that, but through this platform, tests related to students were provided, and they were able to take exams through it, highlighting the benefits and importance of distance education.<\/span><\/strong><\/span><\/h3>\n<h3><span style=\"font-family: arial black, sans-serif;\"><strong><span style=\"font-size: 14pt; color: #000000;\">Thus, in this explanation, we have discussed the benefits of distance education in detail, as well as some existing examples that have been implemented and proven successful for this educational system.<\/span><\/strong><\/span><\/h3>\n<h3><\/h3>","protected":false},"excerpt":{"rendered":"<p>Hvorfor fjernundervisning? Mange studerende dr\u00f8mmer om at studere i udlandet, men problemet er, at de kan st\u00f8de p\u00e5 vanskeligheder og udfordringer med at tilmelde sig internationale universiteter uden for deres hjemland. Disse vanskeligheder beh\u00f8ver ikke n\u00f8dvendigvis at v\u00e6re \u00f8konomiske, men snarere relateret til rejseplanl\u00e6gning og ans\u00f8gning til det valgte universitet. Ofte mangler studerende de n\u00f8dvendige ressourcer...<\/p>","protected":false},"author":2,"featured_media":0,"parent":0,"menu_order":0,"comment_status":"closed","ping_status":"closed","template":"","meta":{"_acf_changed":false,"footnotes":""},"class_list":["post-1990","page","type-page","status-publish","hentry"],"acf":[],"_links":{"self":[{"href":"https:\/\/aua-edu.com\/da\/wp-json\/wp\/v2\/pages\/1990","targetHints":{"allow":["GET"]}}],"collection":[{"href":"https:\/\/aua-edu.com\/da\/wp-json\/wp\/v2\/pages"}],"about":[{"href":"https:\/\/aua-edu.com\/da\/wp-json\/wp\/v2\/types\/page"}],"author":[{"embeddable":true,"href":"https:\/\/aua-edu.com\/da\/wp-json\/wp\/v2\/users\/2"}],"replies":[{"embeddable":true,"href":"https:\/\/aua-edu.com\/da\/wp-json\/wp\/v2\/comments?post=1990"}],"version-history":[{"count":4,"href":"https:\/\/aua-edu.com\/da\/wp-json\/wp\/v2\/pages\/1990\/revisions"}],"predecessor-version":[{"id":2002,"href":"https:\/\/aua-edu.com\/da\/wp-json\/wp\/v2\/pages\/1990\/revisions\/2002"}],"wp:attachment":[{"href":"https:\/\/aua-edu.com\/da\/wp-json\/wp\/v2\/media?parent=1990"}],"curies":[{"name":"wp","href":"https:\/\/api.w.org\/{rel}","templated":true}]}}