{"id":259,"date":"2025-07-08T21:17:42","date_gmt":"2025-07-08T21:17:42","guid":{"rendered":"https:\/\/aua-edu.com\/?page_id=259"},"modified":"2025-09-07T08:44:14","modified_gmt":"2025-09-07T08:44:14","slug":"college-of-science","status":"publish","type":"page","link":"https:\/\/aua-edu.com\/da\/facalties\/college-of-science\/","title":{"rendered":"Det Naturvidenskabelige Fakultet"},"content":{"rendered":"<p><img decoding=\"async\" class=\"wp-image-791 aligncenter\" src=\"https:\/\/aua-edu.com\/wp-content\/uploads\/2025\/07\/\u0643\u0645\u064a\u0627\u0621-300x169.gif\" alt=\"\" width=\"275\" height=\"155\" srcset=\"https:\/\/aua-edu.com\/wp-content\/uploads\/2025\/07\/\u0643\u0645\u064a\u0627\u0621-300x169.gif 300w, https:\/\/aua-edu.com\/wp-content\/uploads\/2025\/07\/\u0643\u0645\u064a\u0627\u0621-1024x576.gif 1024w, https:\/\/aua-edu.com\/wp-content\/uploads\/2025\/07\/\u0643\u0645\u064a\u0627\u0621-768x432.gif 768w, https:\/\/aua-edu.com\/wp-content\/uploads\/2025\/07\/\u0643\u0645\u064a\u0627\u0621-18x10.gif 18w\" sizes=\"(max-width: 275px) 100vw, 275px\" \/><\/p>\n<div class=\"co8aDb\" role=\"heading\" aria-level=\"3\"><span style=\"color: #ff0000; font-size: 14pt; font-family: arial, helvetica, sans-serif;\"><b>Det Naturvidenskabelige Fakultet p\u00e5 Det Afrikanske Universitet for Videnskab og Forskning best\u00e5r af f\u00f8lgende videnskabelige afdelinger:<\/b><\/span><\/div>\n<div class=\"RqBzHd\">\n<h3><span style=\"font-family: arial, helvetica, sans-serif; font-size: 14pt; color: #000000;\"><strong>Institut for Matematik og Datalogi:<\/strong><\/span><\/h3>\n<h3><span style=\"font-family: arial, helvetica, sans-serif; font-size: 14pt; color: #000000;\"><strong>Afdeling for Fysik<\/strong><\/span><\/h3>\n<h3><span style=\"font-family: arial, helvetica, sans-serif; font-size: 14pt; color: #000000;\"><strong>Afdeling for Kemi<\/strong><\/span><\/h3>\n<h3><span style=\"font-family: arial, helvetica, sans-serif; font-size: 14pt; color: #000000;\"><strong>Afdeling for Botanik og Mikrobiologi<\/strong><\/span><\/h3>\n<h3><span style=\"font-family: arial, helvetica, sans-serif; font-size: 14pt; color: #000000;\"><strong>Afdeling for Zoologi<\/strong><\/span><\/h3>\n<h3><span style=\"font-family: arial, helvetica, sans-serif; font-size: 14pt; color: #000000;\"><strong>Afdeling for Geologi<\/strong><\/span><\/h3>\n<h3><span style=\"font-family: arial, helvetica, sans-serif; font-size: 14pt; color: #000000;\"><strong>Afdeling for Biokemi<\/strong><\/span><\/h3>\n<h3><span style=\"font-family: arial, helvetica, sans-serif; font-size: 14pt; color: #000000;\"><strong>Afdeling for Milj\u00f8videnskab<\/strong><\/span><\/h3>\n<\/div>\n<h3><span style=\"font-family: arial, helvetica, sans-serif; color: #0000ff; font-size: 14pt;\"><strong>Vision:<\/strong><\/span><br \/>\n<span style=\"font-family: arial, helvetica, sans-serif; font-size: 14pt; color: #000000;\"><strong>At v\u00e6re det f\u00f8rende fakultet inden for grundl\u00e6ggende og anvendte videnskaber, der interagerer positivt med samfundets sektorer.<\/strong><\/span><\/h3>\n<h3><span style=\"font-family: arial, helvetica, sans-serif; font-size: 14pt; color: #0000ff;\"><strong>Mission:<\/strong><\/span><br \/>\n<span style=\"font-family: arial, helvetica, sans-serif; font-size: 14pt; color: #000000;\"><strong>At uddanne og forberede fremragende kandidater inden for grundl\u00e6ggende og anvendte videnskaber med h\u00f8j faglig og praktisk kompetence, der forpligter sig til fagets etik, er i stand til at konkurrere og udf\u00f8re opgaver med h\u00f8j kvalitet p\u00e5 b\u00e5de nationalt og regionalt niveau samt leverer fremragende videnskabelig forskning til l\u00f8sning af samfundets videnskabelige, milj\u00f8m\u00e6ssige og forskningsm\u00e6ssige problemer.<\/strong><\/span><\/h3>\n<h3><span style=\"font-size: 14pt; font-family: arial, helvetica, sans-serif;\"><strong><span class=\"BxUVEf ILfuVd\" lang=\"ar\"><span class=\"hgKElc\"><span style=\"color: #0000ff;\">Arbejdsomr\u00e5der for kandidater:<\/span><\/span><\/span><\/strong><\/span><\/h3>\n<p><span style=\"font-size: 14pt; font-family: arial, helvetica, sans-serif; color: #000000;\"><strong><span class=\"BxUVEf ILfuVd\" lang=\"ar\"><span class=\"hgKElc\"><span class=\"ILfuVd\" lang=\"ar\"><b>Arbejde inden for den kemiske industri <\/b><\/span><\/span><\/span><\/strong><strong><span class=\"BxUVEf ILfuVd\" lang=\"ar\"><span class=\"hgKElc\">I b\u00e5de offentlige og private sektorer som kemikere og analytikere\u00a0<\/span><\/span><\/strong><\/span><\/p>\n<p><span style=\"font-size: 14pt; font-family: arial, helvetica, sans-serif; color: #000000;\"><strong><span class=\"BxUVEf ILfuVd\" lang=\"ar\"><span class=\"hgKElc\"><span class=\"ILfuVd\" lang=\"ar\">Arbejde inden for olie- og gasindustrien<\/span><\/span><\/span><\/strong><\/span><\/p>\n<p><span style=\"font-size: 14pt; font-family: arial, helvetica, sans-serif; color: #000000;\"><strong><span class=\"BxUVEf ILfuVd\" lang=\"ar\"><span class=\"hgKElc\"><span class=\"ILfuVd\" lang=\"ar\">Arbejde inden for f\u00f8devareindustrien<\/span><\/span><\/span><\/strong><\/span><\/p>\n<p><span style=\"font-size: 14pt; font-family: arial, helvetica, sans-serif; color: #000000;\"><strong><span class=\"BxUVEf ILfuVd\" lang=\"ar\"><span class=\"hgKElc\"><span class=\"ILfuVd\" lang=\"ar\">Arbejde p\u00e5 medicinske laboratorier<\/span><\/span><\/span><\/strong><\/span><\/p>\n<p><span style=\"font-size: 14pt; font-family: arial, helvetica, sans-serif; color: #000000;\"><strong><span class=\"BxUVEf ILfuVd\" lang=\"ar\"><span class=\"hgKElc\">Sundhedsministeriets laboratorier og offentlige og private hospitaler i alle lande<\/span><\/span><\/strong><\/span><\/p>\n<p><span style=\"font-size: 14pt; font-family: arial, helvetica, sans-serif; color: #000000;\"><strong><span class=\"BxUVEf ILfuVd\" lang=\"ar\"><span class=\"hgKElc\">Medicinfabrikker og l\u00e6gemiddelvirksomheder <\/span><\/span><\/strong><\/span><\/p>\n<p><span style=\"font-size: 14pt; font-family: arial, helvetica, sans-serif; color: #000000;\"><strong><span class=\"BxUVEf ILfuVd\" lang=\"ar\"><span class=\"hgKElc\">M<\/span><\/span><\/strong><strong><span class=\"BxUVEf ILfuVd\" lang=\"ar\"><span class=\"hgKElc\">Kvalitetskontrol laboratorier og produktionslaboratorier i Industriministeriet og forskningscentre <\/span><\/span><\/strong><\/span><\/p>\n<p><span style=\"font-size: 14pt; font-family: arial, helvetica, sans-serif; color: #000000;\"><strong><span class=\"BxUVEf ILfuVd\" lang=\"ar\"><span class=\"hgKElc\">Undervisning p\u00e5 forskellige uddannelsestrin<\/span><\/span><\/strong><\/span><\/p>","protected":false},"excerpt":{"rendered":"<p>Det Naturvidenskabelige Fakultet ved African University for Advanced Studies and Scientific Research best\u00e5r af f\u00f8lgende videnskabelige institutter: Institut for Matematik og Datalogi, Institut for Fysik, Institut for Kemi, Institut for Botanik og Mikrobiologi, Institut for Zoologi, Institut for Geologi, Institut for Biokemi, Institut for Milj\u00f8videnskab. Vision: At v\u00e6re det f\u00f8rende fakultet inden for grundl\u00e6ggende og anvendte videnskaber, der interagerer positivt med samfundets sektorer. [...]<\/p>","protected":false},"author":1,"featured_media":0,"parent":70,"menu_order":0,"comment_status":"closed","ping_status":"closed","template":"","meta":{"_acf_changed":false,"footnotes":""},"class_list":["post-259","page","type-page","status-publish","hentry"],"acf":[],"_links":{"self":[{"href":"https:\/\/aua-edu.com\/da\/wp-json\/wp\/v2\/pages\/259","targetHints":{"allow":["GET"]}}],"collection":[{"href":"https:\/\/aua-edu.com\/da\/wp-json\/wp\/v2\/pages"}],"about":[{"href":"https:\/\/aua-edu.com\/da\/wp-json\/wp\/v2\/types\/page"}],"author":[{"embeddable":true,"href":"https:\/\/aua-edu.com\/da\/wp-json\/wp\/v2\/users\/1"}],"replies":[{"embeddable":true,"href":"https:\/\/aua-edu.com\/da\/wp-json\/wp\/v2\/comments?post=259"}],"version-history":[{"count":9,"href":"https:\/\/aua-edu.com\/da\/wp-json\/wp\/v2\/pages\/259\/revisions"}],"predecessor-version":[{"id":1950,"href":"https:\/\/aua-edu.com\/da\/wp-json\/wp\/v2\/pages\/259\/revisions\/1950"}],"up":[{"embeddable":true,"href":"https:\/\/aua-edu.com\/da\/wp-json\/wp\/v2\/pages\/70"}],"wp:attachment":[{"href":"https:\/\/aua-edu.com\/da\/wp-json\/wp\/v2\/media?parent=259"}],"curies":[{"name":"wp","href":"https:\/\/api.w.org\/{rel}","templated":true}]}}