{"id":261,"date":"2025-07-08T21:19:20","date_gmt":"2025-07-08T21:19:20","guid":{"rendered":"https:\/\/aua-edu.com\/?page_id=261"},"modified":"2025-09-07T08:44:42","modified_gmt":"2025-09-07T08:44:42","slug":"%d9%83%d9%84%d9%8a%d8%a9-%d8%a7%d9%84%d8%aa%d8%b1%d8%a8%d9%8a%d8%a9","status":"publish","type":"page","link":"https:\/\/aua-edu.com\/da\/facalties\/%d9%83%d9%84%d9%8a%d8%a9-%d8%a7%d9%84%d8%aa%d8%b1%d8%a8%d9%8a%d8%a9\/","title":{"rendered":"Fakultet for P\u00e6dagogik"},"content":{"rendered":"<p><img decoding=\"async\" class=\"wp-image-795 aligncenter\" src=\"https:\/\/aua-edu.com\/wp-content\/uploads\/2025\/07\/1192741-300x259.jpg\" alt=\"\" width=\"235\" height=\"202\" srcset=\"https:\/\/aua-edu.com\/wp-content\/uploads\/2025\/07\/1192741-300x259.jpg 300w, https:\/\/aua-edu.com\/wp-content\/uploads\/2025\/07\/1192741-14x12.jpg 14w, https:\/\/aua-edu.com\/wp-content\/uploads\/2025\/07\/1192741.jpg 420w\" sizes=\"(max-width: 235px) 100vw, 235px\" \/><\/p>\n<div class=\"WaaZC\">\n<div class=\"RJPOee EIJn2\">\n<h3 class=\"rPeykc\" style=\"text-align: right;\" data-hveid=\"CBQQAQ\" data-ved=\"2ahUKEwiG7YuHz-COAxUngf0HHUP9GB0Qo_EKegQIFBAB\"><span style=\"font-family: arial, helvetica, sans-serif; color: #ff0000; font-size: 14pt;\"><strong>P\u00e6dagogisk Fakultet er et fakultet, der har til form\u00e5l at uddanne l\u00e6rere og specialister inden for p\u00e6dagogik og uddannelse<\/strong><\/span><\/h3>\n<h3 class=\"rPeykc\" style=\"text-align: right;\" data-hveid=\"CBQQAQ\" data-ved=\"2ahUKEwiG7YuHz-COAxUngf0HHUP9GB0Qo_EKegQIFBAB\"><span style=\"font-family: arial, helvetica, sans-serif; font-size: 14pt; color: #000000;\"><strong>Fakultetet tilbyder uddannelsesprogrammer for forskellige uddannelsesniveauer i overensstemmelse med h\u00f8jere uddannelsespolitik i hvert land<\/strong><\/span><\/h3>\n<h3 class=\"rPeykc\" style=\"text-align: right;\" data-hveid=\"CBQQAQ\" data-ved=\"2ahUKEwiG7YuHz-COAxUngf0HHUP9GB0Qo_EKegQIFBAB\"><span style=\"font-family: arial, helvetica, sans-serif; font-size: 14pt; color: #000000;\"><strong>Den arbejder p\u00e5 at udvikle elevernes f\u00e6rdigheder i undervisning og p\u00e6dagogisk forskning.<\/strong><\/span><\/h3>\n<\/div>\n<\/div>\n<div class=\"RJPOee EIJn2\">\n<div class=\"rPeykc pyPiTc\" data-hveid=\"CAoQAQ\" data-ved=\"2ahUKEwiG7YuHz-COAxUngf0HHUP9GB0Qo_EKegQIChAB\"><span style=\"font-family: arial, helvetica, sans-serif; color: #0000ff; font-size: 14pt;\"><strong>M\u00e5l for P\u00e6dagogisk Fakultet:<\/strong><\/span><\/div>\n<\/div>\n<div class=\"RJPOee EIJn2\">\n<ul data-hveid=\"CCUQAQ\" data-ved=\"2ahUKEwiG7YuHz-COAxUngf0HHUP9GB0Qm_YKegQIJRAB\">\n<li><span style=\"font-family: arial, helvetica, sans-serif; font-size: 14pt; color: #000000;\"><strong>At uddanne akademisk og professionelt kvalificerede l\u00e6rere p\u00e5 internationalt niveau inden for forskellige specialer.<\/strong><\/span><\/li>\n<li><span style=\"font-family: arial, helvetica, sans-serif; font-size: 14pt; color: #000000;\"><strong>At tilbyde avancerede uddannelsesprogrammer, der opfylder arbejdsmarkedets behov i hvert land.<\/strong><\/span><\/li>\n<li><span style=\"font-family: arial, helvetica, sans-serif; font-size: 14pt; color: #000000;\"><strong>At st\u00f8tte videnskabelig forskning og produktion af viden inden for p\u00e6dagogikomr\u00e5det.<\/strong><\/span><\/li>\n<li><span style=\"font-family: arial, helvetica, sans-serif; font-size: 14pt; color: #000000;\"><strong>At skabe en stimulerende l\u00e6ringsmilj\u00f8 for studerende og undervisere.<\/strong><\/span><\/li>\n<li><span style=\"font-family: arial, helvetica, sans-serif; font-size: 14pt;\"><strong><span style=\"color: #000000;\">At tjene samfundet gennem udvikling af uddannelse og tr\u00e6ning.\u00a0<\/span> \u00a0 \u00a0 \u00a0 \u00a0 \u00a0 \u00a0 \u00a0 \u00a0 \u00a0 \u00a0 \u00a0 \u00a0 \u00a0 \u00a0 \u00a0 \u00a0 \u00a0 \u00a0 \u00a0 \u00a0 \u00a0 \u00a0 \u00a0 \u00a0 \u00a0 \u00a0 \u00a0 \u00a0 \u00a0 \u00a0 \u00a0 \u00a0 \u00a0\u00a0<\/strong><\/span><\/li>\n<li><span style=\"font-family: arial, helvetica, sans-serif; color: #0000ff; font-size: 14pt;\"><strong>Afdelinger i P\u00e6dagogisk Fakultet:<\/strong><\/span><\/li>\n<li><span style=\"font-family: arial, helvetica, sans-serif; font-size: 14pt; color: #000000;\"><strong><span role=\"heading\" aria-level=\"2\">Afdelingerne i P\u00e6dagogisk Fakultet varierer efter universiteter, men African University of Science and Research's P\u00e6dagogisk Fakultet inkluderer:<\/span><\/strong><\/span><\/li>\n<li>\n<div class=\"NPrrbc\" data-cid=\"ff407f1e-d938-498e-938e-da902a31a956\" data-uuids=\"12705580129818222260,12705580129818221338,12705580129818220416,12705580129818219494,12705580129818218572\">\n<div class=\"BMebGe btku5b fCrZyc LwdV0e FR7ZSc qVhvac OJeuxf\" tabindex=\"0\" role=\"button\" aria-label=\"Visning af relevante links\" data-hveid=\"CA4QAQ\" data-ved=\"2ahUKEwiG7YuHz-COAxUngf0HHUP9GB0Q3fYKegQIDhAB\">\n<div class=\"niO4u\">\n<div class=\"kHtcsd\" style=\"text-align: right;\">\n<div class=\"NPrrbc\" data-cid=\"1a001103-1021-45b0-a699-853691dc1165\" data-uuids=\"12705580129818221746\">\n<div class=\"BMebGe btku5b fCrZyc LwdV0e FR7ZSc qVhvac OJeuxf\" tabindex=\"0\" role=\"button\" aria-label=\"Visning af relevante links\" data-hveid=\"CAUQAQ\" data-ved=\"2ahUKEwiG7YuHz-COAxUngf0HHUP9GB0Q3fYKegQIBRAB\">\n<div class=\"niO4u\">\n<div class=\"kHtcsd\">\n<div class=\"NPrrbc\" data-cid=\"1a002b9b-1620-4a11-874c-e4d49e9c01e5\" data-uuids=\"12705580129818220824,12705580129818221489,12705580129818218980,12705580129818222154,12705580129818219645,12705580129818218723,12705580129818220310,12705580129818219388,12705580129818220975,12705580129818220053,12705580129818221640,12705580129818220718,12705580129818222305\">\n<div class=\"BMebGe btku5b fCrZyc LwdV0e FR7ZSc qVhvac OJeuxf\" tabindex=\"0\" role=\"button\" aria-label=\"Visning af relevante links\" data-hveid=\"CAIQAQ\" data-ved=\"2ahUKEwiG7YuHz-COAxUngf0HHUP9GB0Q3fYKegQIAhAB\">\n<div class=\"niO4u\">\n<div class=\"kHtcsd\"><span style=\"font-family: arial, helvetica, sans-serif; font-size: 14pt; color: #000000;\"><strong>Afdelingen for L\u00e6seplaner og Undervisningsmetoder: Fokuserer p\u00e5 udvikling af l\u00e6seplaner og undervisningsmetoder.<\/strong><\/span><\/div>\n<\/div>\n<\/div>\n<\/div>\n<\/div>\n<\/div>\n<\/div>\n<\/div>\n<\/div>\n<\/div>\n<\/div>\n<\/div>\n<\/li>\n<li><span style=\"font-family: arial, helvetica, sans-serif; font-size: 14pt; color: #000000;\"><strong>Afdeling for p\u00e6dagogikens grundlag: Studerer de filosofiske, sociale og psykologiske fundament for p\u00e6dagogik<\/strong><\/span><\/li>\n<li><span style=\"font-family: arial, helvetica, sans-serif; font-size: 14pt; color: #000000;\"><strong>Afdeling for p\u00e6dagogisk psykologi: Studerer de psykologiske aspekter af l\u00e6ring og undervisning<\/strong><\/span><\/li>\n<li><span style=\"font-family: arial, helvetica, sans-serif; font-size: 14pt; color: #000000;\"><strong>Afdeling for undervisningsteknologi: Fokuserer p\u00e5 anvendelsen af teknologi i undervisningen<\/strong><\/span><\/li>\n<li><span style=\"font-family: arial, helvetica, sans-serif; font-size: 14pt; color: #000000;\"><strong>Afdeling for specialp\u00e6dagogik: Betjener studerende med s\u00e6rlige behov<\/strong><\/span><\/li>\n<li><span style=\"font-family: arial, helvetica, sans-serif; font-size: 14pt; color: #000000;\"><strong>Afdeling for b\u00f8rnehavep\u00e6dagogik: Fokuserer p\u00e5 undervisning af b\u00f8rn i f\u00f8rskolealderen<\/strong><\/span><\/li>\n<\/ul>\n<\/div>\n<div class=\"RJPOee EIJn2\">\n<div class=\"rPeykc pyPiTc\" data-hveid=\"CAkQAQ\" data-ved=\"2ahUKEwiG7YuHz-COAxUngf0HHUP9GB0Qo_EKegQICRAB\"><span style=\"font-family: arial, helvetica, sans-serif; color: #0000ff; font-size: 14pt;\"><strong>Arbejdsomr\u00e5der for kandidater fra p\u00e6dagogikum:<\/strong><\/span><\/div>\n<\/div>\n<div class=\"WaaZC\">\n<div class=\"RJPOee EIJn2\">\n<ul data-hveid=\"CDwQAQ\" data-ved=\"2ahUKEwiG7YuHz-COAxUngf0HHUP9GB0Qm_YKegQIPBAB\">\n<li class=\"K3KsMc\" style=\"text-align: right;\">\n<div data-crb-p=\"\">\n<div class=\"xFTqob\">\n<div class=\"Gur8Ad\"><span style=\"font-family: arial, helvetica, sans-serif; font-size: 14pt; color: #000000;\"><strong>Undervisning i skoler\u00a0<\/strong><\/span><\/div>\n<\/div>\n<\/div>\n<\/li>\n<li class=\"K3KsMc\" style=\"text-align: right;\">\n<div data-crb-p=\"\">\n<div class=\"xFTqob\">\n<div class=\"Gur8Ad\"><span style=\"font-family: arial, helvetica, sans-serif; font-size: 14pt; color: #000000;\"><strong>Undervisning p\u00e5 universiteter<\/strong><\/span><\/div>\n<\/div>\n<\/div>\n<\/li>\n<li class=\"K3KsMc\" style=\"text-align: right;\">\n<div data-crb-p=\"\">\n<div class=\"xFTqob\">\n<div class=\"Gur8Ad\"><span style=\"font-family: arial, helvetica, sans-serif; font-size: 14pt; color: #000000;\"><strong>P\u00e6dagogisk tr\u00e6ning<\/strong><\/span><\/div>\n<\/div>\n<\/div>\n<\/li>\n<li class=\"K3KsMc\" style=\"text-align: right;\">\n<div data-crb-p=\"\">\n<div class=\"xFTqob\">\n<div class=\"Gur8Ad\"><span style=\"font-family: arial, helvetica, sans-serif; font-size: 14pt; color: #000000;\"><strong>P\u00e6dagogisk forskning<\/strong><\/span><\/div>\n<\/div>\n<\/div>\n<\/li>\n<li class=\"K3KsMc\" style=\"text-align: right;\">\n<div data-crb-p=\"\">\n<div class=\"xFTqob\">\n<div class=\"Gur8Ad\"><span style=\"font-family: arial, helvetica, sans-serif; font-size: 14pt; color: #000000;\"><strong>P\u00e6dagogisk ledelse<\/strong><\/span><\/div>\n<\/div>\n<\/div>\n<\/li>\n<li class=\"K3KsMc\">\n<div class=\"zMgcWd dSKvsb\" data-il=\"\">\n<div data-crb-p=\"\">\n<div class=\"xFTqob\">\n<h3 class=\"Gur8Ad\" style=\"text-align: right;\"><span style=\"font-family: arial, helvetica, sans-serif; font-size: 14pt;\"><strong><span style=\"color: #0000ff;\">Andre omr\u00e5der:<\/span> <\/strong><\/span><\/h3>\n<h3 class=\"vM0jzc\" style=\"text-align: right;\"><span style=\"font-family: arial, helvetica, sans-serif; font-size: 14pt; color: #000000;\"><strong>Kandidater kan arbejde i andre omr\u00e5der relateret til p\u00e6dagogik og uddannelse, s\u00e5som p\u00e6dagogisk r\u00e5dgivning, l\u00e6replanforfatning og udvikling af uddannelsesprogrammer.<\/strong><\/span><\/h3>\n<\/div>\n<\/div>\n<\/div>\n<\/li>\n<\/ul>\n<\/div>\n<\/div>","protected":false},"excerpt":{"rendered":"<p>P\u00e6dagogikfakultetet er et fakultet, der har til form\u00e5l at uddanne l\u00e6rere og specialister inden for p\u00e6dagogik og undervisning. Fakultetet tilbyder uddannelsesprogrammer for forskellige uddannelsestrin og i overensstemmelse med den h\u00f8jere uddannelsespolitik i hvert land og arbejder p\u00e5 at udvikle studerendes f\u00e6rdigheder i undervisning og p\u00e6dagogisk forskning. M\u00e5l for P\u00e6dagogikfakultetet: At uddanne akademisk og fagligt kvalificerede l\u00e6rere i forskellige fagomr\u00e5der p\u00e5 internationalt niveau. Tilbyde avancerede uddannelsesprogrammer [...]<\/p>","protected":false},"author":1,"featured_media":0,"parent":70,"menu_order":0,"comment_status":"closed","ping_status":"closed","template":"","meta":{"_acf_changed":false,"footnotes":""},"class_list":["post-261","page","type-page","status-publish","hentry"],"acf":[],"_links":{"self":[{"href":"https:\/\/aua-edu.com\/da\/wp-json\/wp\/v2\/pages\/261","targetHints":{"allow":["GET"]}}],"collection":[{"href":"https:\/\/aua-edu.com\/da\/wp-json\/wp\/v2\/pages"}],"about":[{"href":"https:\/\/aua-edu.com\/da\/wp-json\/wp\/v2\/types\/page"}],"author":[{"embeddable":true,"href":"https:\/\/aua-edu.com\/da\/wp-json\/wp\/v2\/users\/1"}],"replies":[{"embeddable":true,"href":"https:\/\/aua-edu.com\/da\/wp-json\/wp\/v2\/comments?post=261"}],"version-history":[{"count":5,"href":"https:\/\/aua-edu.com\/da\/wp-json\/wp\/v2\/pages\/261\/revisions"}],"predecessor-version":[{"id":1951,"href":"https:\/\/aua-edu.com\/da\/wp-json\/wp\/v2\/pages\/261\/revisions\/1951"}],"up":[{"embeddable":true,"href":"https:\/\/aua-edu.com\/da\/wp-json\/wp\/v2\/pages\/70"}],"wp:attachment":[{"href":"https:\/\/aua-edu.com\/da\/wp-json\/wp\/v2\/media?parent=261"}],"curies":[{"name":"wp","href":"https:\/\/api.w.org\/{rel}","templated":true}]}}