{"id":264,"date":"2025-07-08T21:24:30","date_gmt":"2025-07-08T21:24:30","guid":{"rendered":"https:\/\/aua-edu.com\/?page_id=264"},"modified":"2025-09-07T08:48:42","modified_gmt":"2025-09-07T08:48:42","slug":"college-of-administrative-sciences","status":"publish","type":"page","link":"https:\/\/aua-edu.com\/da\/facalties\/college-of-administrative-sciences\/","title":{"rendered":"Ledelsesvidenskabelige Fakultet"},"content":{"rendered":"<p><img decoding=\"async\" class=\"wp-image-1219 aligncenter\" src=\"https:\/\/aua-edu.com\/wp-content\/uploads\/2025\/08\/43434344.jpg\" alt=\"\" width=\"220\" height=\"217\" srcset=\"https:\/\/aua-edu.com\/wp-content\/uploads\/2025\/08\/43434344.jpg 226w, https:\/\/aua-edu.com\/wp-content\/uploads\/2025\/08\/43434344-12x12.jpg 12w\" sizes=\"(max-width: 220px) 100vw, 220px\" \/><\/p>\n<h3><span style=\"color: #000000; font-size: 14pt; font-family: arial, helvetica, sans-serif;\"><strong>Ledelsesvidenskabelige Fakultet er en specialiseret akademisk institution, der har til form\u00e5l at uddanne ledere med teoretisk viden og praktiske f\u00e6rdigheder inden for ledelse, regnskab, markedsf\u00f8ring og menneskelige ressourcer.<\/strong><\/span><br \/>\n<span style=\"color: #000000; font-size: 14pt; font-family: arial, helvetica, sans-serif;\"><strong>Fakultetet fokuserer p\u00e5 at integrere fjernundervisning med praktisk anvendelse gennem tr\u00e6ningsprojekter og simuleringer p\u00e5 h\u00f8jeste tr\u00e6ningsniveau, hvilket sikrer uddannelse af personale, der er i stand til at tr\u00e6ffe effektive ledelsesbeslutninger og tackle udfordringerne i det moderne arbejdsmilj\u00f8.<\/strong><\/span><br \/>\n<span style=\"color: #000000; font-size: 14pt; font-family: arial, helvetica, sans-serif;\"><strong>Fakultetet str\u00e6ber ogs\u00e5 efter at f\u00f8lge udviklingen inden for ledelses- og \u00f8konomividenskab og fremme en \u00e5nd for iv\u00e6rks\u00e6tteri og innovation blandt sine studerende for at bidrage til udviklingen af institutioner i b\u00e5de den offentlige og private sektor og st\u00f8tte den nationale \u00f8konomi.<\/strong><\/span><\/h3>","protected":false},"excerpt":{"rendered":"<p>Det administrative fakultet er en specialiseret akademisk institution, hvis m\u00e5l er at uddanne ledere med teoretisk viden og praktiske f\u00e6rdigheder inden for ledelse, regnskab, markedsf\u00f8ring og menneskelige ressourcer. Fakultetet fokuserer p\u00e5 at integrere fjernundervisning med praktisk anvendelse gennem tr\u00e6ningsprojekter og simuleringer p\u00e5 h\u00f8jeste tr\u00e6ningsniveau, hvilket sikrer, at dimittender er i stand til [...]<\/p>","protected":false},"author":1,"featured_media":0,"parent":70,"menu_order":0,"comment_status":"closed","ping_status":"closed","template":"","meta":{"_acf_changed":false,"footnotes":""},"class_list":["post-264","page","type-page","status-publish","hentry"],"acf":[],"_links":{"self":[{"href":"https:\/\/aua-edu.com\/da\/wp-json\/wp\/v2\/pages\/264","targetHints":{"allow":["GET"]}}],"collection":[{"href":"https:\/\/aua-edu.com\/da\/wp-json\/wp\/v2\/pages"}],"about":[{"href":"https:\/\/aua-edu.com\/da\/wp-json\/wp\/v2\/types\/page"}],"author":[{"embeddable":true,"href":"https:\/\/aua-edu.com\/da\/wp-json\/wp\/v2\/users\/1"}],"replies":[{"embeddable":true,"href":"https:\/\/aua-edu.com\/da\/wp-json\/wp\/v2\/comments?post=264"}],"version-history":[{"count":6,"href":"https:\/\/aua-edu.com\/da\/wp-json\/wp\/v2\/pages\/264\/revisions"}],"predecessor-version":[{"id":1959,"href":"https:\/\/aua-edu.com\/da\/wp-json\/wp\/v2\/pages\/264\/revisions\/1959"}],"up":[{"embeddable":true,"href":"https:\/\/aua-edu.com\/da\/wp-json\/wp\/v2\/pages\/70"}],"wp:attachment":[{"href":"https:\/\/aua-edu.com\/da\/wp-json\/wp\/v2\/media?parent=264"}],"curies":[{"name":"wp","href":"https:\/\/api.w.org\/{rel}","templated":true}]}}