{"id":267,"date":"2025-07-08T21:27:29","date_gmt":"2025-07-08T21:27:29","guid":{"rendered":"https:\/\/aua-edu.com\/?page_id=267"},"modified":"2025-09-07T08:43:49","modified_gmt":"2025-09-07T08:43:49","slug":"%d9%83%d9%84%d9%8a%d8%a9-%d8%a7%d9%84%d8%a5%d8%b9%d9%84%d8%a7%d9%85","status":"publish","type":"page","link":"https:\/\/aua-edu.com\/da\/facalties\/%d9%83%d9%84%d9%8a%d8%a9-%d8%a7%d9%84%d8%a5%d8%b9%d9%84%d8%a7%d9%85\/","title":{"rendered":"Mediefakultet"},"content":{"rendered":"<p><span style=\"font-size: 14pt;\"><img fetchpriority=\"high\" decoding=\"async\" class=\"wp-image-779 aligncenter\" src=\"https:\/\/aua-edu.com\/wp-content\/uploads\/2025\/07\/32-300x200.jpg\" alt=\"\" width=\"329\" height=\"219\" srcset=\"https:\/\/aua-edu.com\/wp-content\/uploads\/2025\/07\/32-300x200.jpg 300w, https:\/\/aua-edu.com\/wp-content\/uploads\/2025\/07\/32-768x512.jpg 768w, https:\/\/aua-edu.com\/wp-content\/uploads\/2025\/07\/32-18x12.jpg 18w, https:\/\/aua-edu.com\/wp-content\/uploads\/2025\/07\/32.jpg 900w\" sizes=\"(max-width: 329px) 100vw, 329px\" \/><\/span><\/p>\n<div class=\"WaaZC\">\n<div class=\"RJPOee EIJn2\">\n<h3 class=\"rPeykc\" style=\"text-align: right;\" data-hveid=\"CAMQAQ\" data-ved=\"2ahUKEwjc6ZKprNmOAxXaVfEDHdchL6gQo_EKegQIAxAB\"><span style=\"font-size: 14pt; font-family: arial, helvetica, sans-serif; color: #000000;\"><strong>Mediefakultetet er en akademisk institution specialiseret i at studere og undervise i forskellige aspekter af medier og kommunikation.<\/strong><\/span><\/h3>\n<h3 class=\"rPeykc\" style=\"text-align: right;\" data-hveid=\"CAMQAQ\" data-ved=\"2ahUKEwjc6ZKprNmOAxXaVfEDHdchL6gQo_EKegQIAxAB\"><span style=\"font-size: 14pt; font-family: arial, helvetica, sans-serif; color: #000000;\"><strong>\u2013 Kollesiets m\u00e5l er at uddanne kvalificerede kandidater til arbejde inden for forskellige medieomr\u00e5der gennem en omfattende teoretisk og praktisk uddannelse samt praktik.<\/strong><\/span><\/h3>\n<\/div>\n<\/div>\n<div class=\"rPeykc pyPiTc\" data-hveid=\"CAgQAQ\" data-ved=\"2ahUKEwjc6ZKprNmOAxXaVfEDHdchL6gQo_EKegQICBAB\"><span style=\"font-size: 14pt; font-family: arial, helvetica, sans-serif; color: #ff0000;\"><strong>M\u00e5l for mediekolleget:<\/strong><\/span><\/div>\n<div class=\"zMgcWd dSKvsb\" data-il=\"\">\n<div data-crb-p=\"\">\n<div class=\"xFTqob\">\n<div class=\"Gur8Ad\"><span style=\"font-size: 14pt; font-family: arial, helvetica, sans-serif; color: #000000;\"><strong><span style=\"color: #0000ff;\">Kvalificering af mediearbejdere:<\/span> <\/strong><\/span><\/div>\n<div class=\"vM0jzc\"><span style=\"font-size: 14pt; font-family: arial, helvetica, sans-serif; color: #000000;\"><strong>Kollesiets m\u00e5l er at udruste studerende med den n\u00f8dvendige viden og f\u00e6rdigheder til at udf\u00f8re mediearbejde professionelt.<\/strong><\/span><\/div>\n<\/div>\n<\/div>\n<\/div>\n<div class=\"zMgcWd dSKvsb\" data-il=\"\">\n<div data-crb-p=\"\">\n<div class=\"xFTqob\">\n<div class=\"Gur8Ad\"><span style=\"font-size: 14pt; font-family: arial, helvetica, sans-serif; color: #000000;\"><strong>Udvikling af forskningsf\u00e6rdigheder: <\/strong><\/span><\/div>\n<div class=\"vM0jzc\"><span style=\"font-size: 14pt; font-family: arial, helvetica, sans-serif; color: #000000;\"><strong>Kollesiet opfordrer til gennemf\u00f8relse af medieforskning og -studier og udvikling af studerendes evne til at analysere og evaluere medief\u00e6nomener.<\/strong><\/span><\/div>\n<\/div>\n<\/div>\n<\/div>\n<div class=\"zMgcWd dSKvsb\" data-il=\"\">\n<div data-crb-p=\"\">\n<div class=\"xFTqob\">\n<div class=\"Gur8Ad\"><span style=\"font-size: 14pt; font-family: arial, helvetica, sans-serif; color: #000000;\"><strong><span style=\"color: #ff0000;\">Samfundsservice:<\/span> <\/strong><\/span><\/div>\n<div class=\"vM0jzc\"><span style=\"font-size: 14pt; font-family: arial, helvetica, sans-serif; color: #000000;\"><strong>Kollesiet str\u00e6ber efter at forbinde sine forsknings- og uddannelsesresultater med samfundstjeneste og bidrage til l\u00f8sning af samfundsproblemer gennem medierne.<\/strong><\/span><\/div>\n<\/div>\n<\/div>\n<\/div>\n<div class=\"zMgcWd dSKvsb\" data-il=\"\">\n<div data-crb-p=\"\">\n<div class=\"xFTqob\">\n<div class=\"Gur8Ad\"><span style=\"font-size: 14pt; font-family: arial, helvetica, sans-serif; color: #000000;\"><strong><span style=\"color: #ff0000;\">Udvikling af videnskabelig forskning:<\/span> <\/strong><\/span><\/div>\n<div class=\"vM0jzc\"><span style=\"font-size: 14pt; font-family: arial, helvetica, sans-serif; color: #000000;\"><strong>Kollesiet str\u00e6ber efter at udvikle videnskabelig forskning inden for medieomr\u00e5det gennem avancerede forskningsmetoder og publikation i fagf\u00e6llebed\u00f8mte tidsskrifter.<\/strong><\/span><\/div>\n<\/div>\n<\/div>\n<\/div>\n<div class=\"zMgcWd dSKvsb\" data-il=\"\">\n<div data-crb-p=\"\">\n<div class=\"xFTqob\">\n<div class=\"Gur8Ad\"><span style=\"font-size: 14pt; font-family: arial, helvetica, sans-serif; color: #000000;\"><strong><span style=\"color: #ff0000;\">Udvikling af kreative evner:<\/span> <\/strong><\/span><\/div>\n<div class=\"vM0jzc\"><span style=\"font-size: 14pt; font-family: arial, helvetica, sans-serif; color: #000000;\"><strong>Kollegiet opfordrer studerende til kreativ t\u00e6nkning og udvikling af deres f\u00e6rdigheder inden for forskellige medieproduktionsomr\u00e5der.<\/strong><\/span><\/div>\n<\/div>\n<\/div>\n<\/div>\n<div class=\"rPeykc pyPiTc\" data-hveid=\"CBwQAQ\" data-ved=\"2ahUKEwjc6ZKprNmOAxXaVfEDHdchL6gQo_EKegQIHBAB\"><span style=\"font-size: 14pt; font-family: arial, helvetica, sans-serif; color: #ff0000;\"><strong>Arbejdsmuligheder for mediefagguddannede:<\/strong><\/span><\/div>\n<div class=\"zMgcWd dSKvsb\" data-il=\"\">\n<div data-crb-p=\"\">\n<div class=\"xFTqob\">\n<div class=\"Gur8Ad\"><span style=\"font-size: 14pt; font-family: arial, helvetica, sans-serif; color: #000000;\"><strong><span style=\"color: #ff0000;\">Journalistik:<\/span> <\/strong><\/span><\/div>\n<div class=\"vM0jzc\"><span style=\"font-size: 14pt; font-family: arial, helvetica, sans-serif; color: #000000;\"><strong>Arbejde i aviser, tidsskrifter, nyhedswebsider og nyhedsbureauer.<\/strong><\/span><\/div>\n<\/div>\n<\/div>\n<\/div>\n<div class=\"zMgcWd dSKvsb\" data-il=\"\">\n<div data-crb-p=\"\">\n<div class=\"xFTqob\">\n<div class=\"Gur8Ad\"><span style=\"font-size: 14pt; font-family: arial, helvetica, sans-serif; color: #000000;\"><strong><span style=\"color: #ff0000;\">Radio og tv:<\/span> <\/strong><\/span><\/div>\n<div class=\"vM0jzc\"><span style=\"font-size: 14pt; font-family: arial, helvetica, sans-serif; color: #000000;\"><strong>Arbejde i radio- og tv-stationer som v\u00e6rter, programproducenter, instrukt\u00f8rer og korrespondenter.<\/strong><\/span><\/div>\n<\/div>\n<\/div>\n<\/div>\n<div class=\"zMgcWd dSKvsb\" data-il=\"\">\n<div data-crb-p=\"\">\n<div class=\"xFTqob\">\n<div class=\"Gur8Ad\"><span style=\"font-size: 14pt; font-family: arial, helvetica, sans-serif; color: #000000;\"><strong><span style=\"color: #ff0000;\">Public Relations og reklame:<\/span> <\/strong><\/span><\/div>\n<div class=\"vM0jzc\"><span style=\"font-size: 14pt; font-family: arial, helvetica, sans-serif; color: #000000;\"><strong>Arbejde i institutioner og virksomheder inden for public relations, markedsf\u00f8ring og reklame.<\/strong><\/span><\/div>\n<\/div>\n<\/div>\n<\/div>\n<div class=\"zMgcWd dSKvsb\" data-il=\"\">\n<div data-crb-p=\"\">\n<div class=\"xFTqob\">\n<div class=\"Gur8Ad\"><span style=\"font-size: 14pt; font-family: arial, helvetica, sans-serif; color: #000000;\"><strong><span style=\"color: #ff0000;\">Digital medier:<\/span> <\/strong><\/span><\/div>\n<div class=\"vM0jzc\"><span style=\"font-size: 14pt; font-family: arial, helvetica, sans-serif; color: #000000;\"><strong>Arbejde inden for nye digitale medier, sociale medieplatforme og udvikling samt fremme af digital transformation.\u00a0<\/strong><\/span><\/div>\n<\/div>\n<\/div>\n<\/div>\n<div class=\"zMgcWd dSKvsb\" data-il=\"\">\n<div data-crb-p=\"\">\n<div class=\"xFTqob\">\n<div class=\"Gur8Ad\"><span style=\"font-size: 14pt; font-family: arial, helvetica, sans-serif; color: #ff0000;\"><strong>Videnskabelig forskning: <\/strong><\/span><\/div>\n<div class=\"vM0jzc\">\n<p><span style=\"font-size: 14pt; font-family: arial, helvetica, sans-serif; color: #000000;\"><strong>Arbejde inden for videnskabelig forskning og levering af medier\u00e5dgivning.<\/strong><\/span><\/p>\n<p><span style=\"font-size: 14pt; font-family: arial, helvetica, sans-serif; color: #ff0000;\"><strong>Afdelinger p\u00e5 mediefakultetet:<\/strong><\/span><\/p>\n<\/div>\n<\/div>\n<\/div>\n<\/div>\n<div class=\"rPeykc pyPiTc\" data-hveid=\"CC8QAQ\" data-ved=\"2ahUKEwjc6ZKprNmOAxXaVfEDHdchL6gQo_EKegQILxAB\">\n<div class=\"NPrrbc\" data-cid=\"6f0617e8-6af4-4540-abba-d31e6b630232\" data-uuids=\"3341656772305375492\">\n<div class=\"BMebGe btku5b fCrZyc LwdV0e FR7ZSc qVhvac OJeuxf\" tabindex=\"0\" role=\"button\" aria-label=\"Visning af relevante links\" data-hveid=\"CDAQAQ\" data-ved=\"2ahUKEwjc6ZKprNmOAxXaVfEDHdchL6gQ3fYKegQIMBAB\">\n<div class=\"niO4u\">\n<div class=\"kHtcsd\"><span style=\"font-size: 14pt; font-family: arial, helvetica, sans-serif; color: #000000;\"><strong>Mediefakultetet best\u00e5r typisk af flere afdelinger, s\u00e5som: Journalistikafdelingen, Radio- og tv-afdelingen, PR- og reklameafdelingen, Digital medieafdelingen, Medieproduktionsafdelingen.<\/strong><\/span><\/div>\n<\/div>\n<\/div>\n<\/div>\n<\/div>\n<div class=\"RJPOee EIJn2\">\n<h3 class=\"rPeykc\" data-hveid=\"CDMQAQ\" data-ved=\"2ahUKEwjc6ZKprNmOAxXaVfEDHdchL6gQo_EKegQIMxAB\"><\/h3>\n<\/div>\n<div class=\"WaaZC\">\n<div class=\"RJPOee EIJn2\">\n<div class=\"NPrrbc\" data-cid=\"095a0d22-3efd-4aa4-b9be-29be92ed97a5\" data-uuids=\"8906620444488840646,8906620444488841821\">\n<div class=\"BMebGe btku5b fCrZyc LwdV0e FR7ZSc qVhvac OJeuxf\" tabindex=\"0\" role=\"button\" aria-label=\"Visning af relevante links\" data-hveid=\"CDoQAQ\" data-ved=\"2ahUKEwjc6ZKprNmOAxXaVfEDHdchL6gQ3fYKegQIOhAB\">\n<div class=\"niO4u\">\n<div class=\"kHtcsd\"><\/div>\n<\/div>\n<\/div>\n<\/div>\n<\/div>\n<\/div>","protected":false},"excerpt":{"rendered":"<p>akultetet for Medievidenskab er en akademisk institution, der specialiserer sig i studiet og undervisningen af forskellige aspekter af medier og kommunikation. \u2013 Fakultetet har til form\u00e5l at uddanne kandidater, der er kvalificerede til at arbejde inden for forskellige medieomr\u00e5der, gennem en omfattende teoretisk og praktisk undervisning samt praktisk tr\u00e6ning.  M\u00e5l for Fakultetet for Medievidenskab: Uddannelse af mediefaglige kompetencer: Fakultetet har til form\u00e5l at give de studerende den n\u00f8dvendige viden og de n\u00f8dvendige f\u00e6rdigheder til at kunne ud\u00f8ve [\u2026]<\/p>","protected":false},"author":1,"featured_media":0,"parent":70,"menu_order":0,"comment_status":"closed","ping_status":"closed","template":"","meta":{"_acf_changed":false,"footnotes":""},"class_list":["post-267","page","type-page","status-publish","hentry"],"acf":[],"_links":{"self":[{"href":"https:\/\/aua-edu.com\/da\/wp-json\/wp\/v2\/pages\/267","targetHints":{"allow":["GET"]}}],"collection":[{"href":"https:\/\/aua-edu.com\/da\/wp-json\/wp\/v2\/pages"}],"about":[{"href":"https:\/\/aua-edu.com\/da\/wp-json\/wp\/v2\/types\/page"}],"author":[{"embeddable":true,"href":"https:\/\/aua-edu.com\/da\/wp-json\/wp\/v2\/users\/1"}],"replies":[{"embeddable":true,"href":"https:\/\/aua-edu.com\/da\/wp-json\/wp\/v2\/comments?post=267"}],"version-history":[{"count":6,"href":"https:\/\/aua-edu.com\/da\/wp-json\/wp\/v2\/pages\/267\/revisions"}],"predecessor-version":[{"id":1949,"href":"https:\/\/aua-edu.com\/da\/wp-json\/wp\/v2\/pages\/267\/revisions\/1949"}],"up":[{"embeddable":true,"href":"https:\/\/aua-edu.com\/da\/wp-json\/wp\/v2\/pages\/70"}],"wp:attachment":[{"href":"https:\/\/aua-edu.com\/da\/wp-json\/wp\/v2\/media?parent=267"}],"curies":[{"name":"wp","href":"https:\/\/api.w.org\/{rel}","templated":true}]}}