{"id":269,"date":"2025-07-08T21:32:48","date_gmt":"2025-07-08T21:32:48","guid":{"rendered":"https:\/\/aua-edu.com\/?page_id=269"},"modified":"2025-09-07T08:43:02","modified_gmt":"2025-09-07T08:43:02","slug":"college-of-engineering","status":"publish","type":"page","link":"https:\/\/aua-edu.com\/da\/facalties\/college-of-engineering\/","title":{"rendered":"Fakultet for Ingeni\u00f8rvidenskab"},"content":{"rendered":"<p><img fetchpriority=\"high\" decoding=\"async\" class=\"wp-image-786 aligncenter\" src=\"https:\/\/aua-edu.com\/wp-content\/uploads\/2025\/07\/43333333-300x167.jpg\" alt=\"\" width=\"356\" height=\"198\" srcset=\"https:\/\/aua-edu.com\/wp-content\/uploads\/2025\/07\/43333333-300x167.jpg 300w, https:\/\/aua-edu.com\/wp-content\/uploads\/2025\/07\/43333333-768x428.jpg 768w, https:\/\/aua-edu.com\/wp-content\/uploads\/2025\/07\/43333333-18x10.jpg 18w, https:\/\/aua-edu.com\/wp-content\/uploads\/2025\/07\/43333333.jpg 940w\" sizes=\"(max-width: 356px) 100vw, 356px\" \/><\/p>\n<div class=\"WaaZC\">\n<div class=\"RJPOee EIJn2\">\n<div class=\"rPeykc\" data-hveid=\"CAMQAQ\" data-ved=\"2ahUKEwjb-NDZrtmOAxXaVfEDHdchL6gQo_EKegQIAxAB\">\n<p><span style=\"font-family: arial, helvetica, sans-serif; color: #000000; font-size: 14pt;\"><strong>Ingeni\u00f8rh\u00f8jskolen bidrager til samfundsudvikling ved at uddanne ingeni\u00f8rer, der kan h\u00e5ndtere tekniske og sociale udfordringer og levere innovative l\u00f8sninger til forskellige problemer.<\/strong><\/span><\/p>\n<\/div>\n<\/div>\n<\/div>\n<div class=\"WaaZC\">\n<div class=\"RJPOee EIJn2\">\n<div class=\"rPeykc pyPiTc\" data-hveid=\"CAgQAQ\" data-ved=\"2ahUKEwjb-NDZrtmOAxXaVfEDHdchL6gQo_EKegQICBAB\"><span style=\"font-family: arial, helvetica, sans-serif; color: #000000; font-size: 14pt;\"><strong><span style=\"color: #ff0000;\">H\u00f8jskolens m\u00e5l:<\/span> <\/strong><\/span><\/div>\n<\/div>\n<\/div>\n<div class=\"WaaZC\">\n<div class=\"RJPOee EIJn2\">\n<div class=\"zMgcWd dSKvsb\" data-il=\"\">\n<div data-crb-p=\"\">\n<div class=\"xFTqob\">\n<div class=\"Gur8Ad\"><span style=\"font-family: arial, helvetica, sans-serif; color: #000000; font-size: 14pt;\"><strong><span style=\"color: #0000ff;\">Kvalificering af fremragende ingeni\u00f8rer:<\/span> <\/strong><\/span><\/div>\n<div class=\"vM0jzc\"><span style=\"font-family: arial, helvetica, sans-serif; color: #000000; font-size: 14pt;\"><strong>H\u00f8jskolen sigter mod at uddanne h\u00f8jt kvalificerede kandidater inden for forskellige ingeni\u00f8rdiscipliner, der kan konkurrere p\u00e5 lokale, regionale og internationale arbejdsmarkeder.<\/strong><\/span><\/div>\n<\/div>\n<\/div>\n<\/div>\n<div class=\"zMgcWd dSKvsb\" data-il=\"\">\n<div data-crb-p=\"\">\n<div class=\"xFTqob\">\n<div class=\"Gur8Ad\"><span style=\"font-family: arial, helvetica, sans-serif; color: #000000; font-size: 14pt;\"><strong><span style=\"color: #0000ff;\">Udvikling af videnskabelig forskning:<\/span> <\/strong><\/span><\/div>\n<div class=\"vM0jzc\"><span style=\"font-family: arial, helvetica, sans-serif; color: #000000; font-size: 14pt;\"><strong>H\u00f8jskolen str\u00e6ber efter at fremme videnskabelig forskning og teknologisk udvikling ved at skabe et passende milj\u00f8 for studerende og undervisere til at gennemf\u00f8re forskning og studier.<\/strong><\/span><\/div>\n<\/div>\n<\/div>\n<\/div>\n<div class=\"zMgcWd dSKvsb\" data-il=\"\">\n<div data-crb-p=\"\">\n<div class=\"xFTqob\">\n<div class=\"Gur8Ad\"><span style=\"font-family: arial, helvetica, sans-serif; color: #000000; font-size: 14pt;\"><strong><span style=\"color: #0000ff;\">Samfundsservice:<\/span> <\/strong><\/span><\/div>\n<div class=\"vM0jzc\"><span style=\"font-family: arial, helvetica, sans-serif; color: #000000; font-size: 14pt;\"><strong>Kollegiet bidrager til samfundstjeneste ved at levere ingeni\u00f8rr\u00e5dgivning, deltage i udviklingsprojekter og tilbyde l\u00f8sninger p\u00e5 samfundsm\u00e6ssige problemer.<\/strong><\/span><\/div>\n<\/div>\n<\/div>\n<\/div>\n<div class=\"zMgcWd dSKvsb\" data-il=\"\">\n<div data-crb-p=\"\">\n<div class=\"xFTqob\">\n<div class=\"Gur8Ad\"><span style=\"font-family: arial, helvetica, sans-serif; color: #0000ff; font-size: 14pt;\"><strong>Udvikling af f\u00e6rdigheder:<\/strong><\/span><\/div>\n<div class=\"Gur8Ad\"><span style=\"font-family: arial, helvetica, sans-serif; color: #000000; font-size: 14pt;\"><strong>Fakultetet har til form\u00e5l at udvikle studerendes tekniske, teknologiske og kreative f\u00e6rdigheder samt deres personlige og ledelsesm\u00e6ssige kompetencer.\u00a0<\/strong><\/span><\/div>\n<\/div>\n<\/div>\n<\/div>\n<\/div>\n<\/div>\n<div class=\"WaaZC\">\n<div class=\"RJPOee EIJn2\">\n<div class=\"rPeykc pyPiTc\" data-hveid=\"CBwQAQ\" data-ved=\"2ahUKEwjb-NDZrtmOAxXaVfEDHdchL6gQo_EKegQIHBAB\"><span style=\"font-family: arial, helvetica, sans-serif; color: #ff0000; font-size: 14pt;\"><strong>Betydningen af ingeni\u00f8ruddannelsen: <\/strong><\/span><\/div>\n<\/div>\n<\/div>\n<div class=\"WaaZC\">\n<div class=\"RJPOee EIJn2\">\n<div class=\"zMgcWd dSKvsb\" data-il=\"\">\n<div data-crb-p=\"\">\n<div class=\"xFTqob\">\n<div class=\"Gur8Ad\"><span style=\"font-family: arial, helvetica, sans-serif; color: #0000ff; font-size: 14pt;\"><strong>Opfyldelse af arbejdsmarkedets behov: <\/strong><\/span><\/div>\n<div class=\"vM0jzc\"><span style=\"font-family: arial, helvetica, sans-serif; color: #000000; font-size: 14pt;\"><strong>Ingeni\u00f8ruddannelser spiller en afg\u00f8rende rolle i at im\u00f8dekomme arbejdsmarkedets behov for ingeni\u00f8rer inden for forskellige specialer.<span class=\"pjBG2e\" data-cid=\"17d7dce9-5506-4a05-8077-96ac0f63cd3a\"><span class=\"UV3uM\">\u00a0<\/span><\/span><\/strong><\/span><\/div>\n<\/div>\n<\/div>\n<\/div>\n<\/div>\n<\/div>\n<div class=\"zMgcWd dSKvsb\" data-il=\"\">\n<div data-crb-p=\"\">\n<div class=\"xFTqob\">\n<div class=\"Gur8Ad\"><span style=\"font-family: arial, helvetica, sans-serif; color: #000000; font-size: 14pt;\"><strong><span style=\"color: #0000ff;\">Fremme af udviklingen:<\/span> <\/strong><\/span><\/div>\n<div class=\"vM0jzc\"><span style=\"font-family: arial, helvetica, sans-serif; color: #000000; font-size: 14pt;\"><strong>Ingeni\u00f8rer bidrager til b\u00e6redygtig udvikling gennem design, konstruktion og drift af forskellige ingeni\u00f8rprojekter.<span class=\"pjBG2e\" data-cid=\"cb34864a-2242-429e-8c25-54de4ba47bb2\"><span class=\"UV3uM\">\u00a0<\/span><\/span><\/strong><\/span><\/div>\n<\/div>\n<\/div>\n<\/div>\n<div class=\"zMgcWd dSKvsb\" data-il=\"\">\n<div data-crb-p=\"\">\n<div class=\"xFTqob\">\n<div class=\"Gur8Ad\"><span style=\"font-family: arial, helvetica, sans-serif; color: #0000ff; font-size: 14pt;\"><strong>Forbedring af livskvaliteten:<\/strong><\/span><\/div>\n<div class=\"Gur8Ad\"><span style=\"font-family: arial, helvetica, sans-serif; color: #000000; font-size: 14pt;\"><strong>Ingeni\u00f8rer bidrager til at forbedre livskvaliteten ved at udvikle teknologier og l\u00f8sninger, der m\u00f8der samfundets behov med enest\u00e5ende ekspertise.<\/strong><\/span><\/div>\n<div class=\"vM0jzc\">\n<div class=\"BMebGe btku5b fCrZyc LwdV0e FR7ZSc qVhvac OJeuxf\" tabindex=\"0\" role=\"button\" aria-label=\"Visning af relevante links\" data-hveid=\"CCUQAQ\" data-ved=\"2ahUKEwjb-NDZrtmOAxXaVfEDHdchL6gQ3fYKegQIJRAB\">\n<div class=\"niO4u\">\n<div class=\"kHtcsd\"><span style=\"font-family: arial, helvetica, sans-serif; color: #0000ff; font-size: 14pt;\"><strong>Innovation og kreativitet:<\/strong><\/span><\/div>\n<div class=\"kHtcsd\"><span style=\"font-family: arial, helvetica, sans-serif; color: #000000; font-size: 14pt;\"><strong>Ingeni\u00f8rfakulteter bidrager til at fremme innovation og kreativitet ved at opmuntre studerende til at udvikle nye og innovative l\u00f8sninger.<span class=\"pjBG2e\" data-cid=\"3ffc3898-10f4-407c-908c-a2da28908785\"><span class=\"UV3uM\">\u00a0<\/span><\/span><\/strong><\/span><\/div>\n<\/div>\n<\/div>\n<\/div>\n<\/div>\n<\/div>\n<\/div>\n<div class=\"WaaZC\">\n<div class=\"RJPOee EIJn2\">\n<div class=\"rPeykc pyPiTc\" data-hveid=\"CDQQAQ\" data-ved=\"2ahUKEwjb-NDZrtmOAxXaVfEDHdchL6gQo_EKegQINBAB\"><span style=\"font-family: arial, helvetica, sans-serif; color: #ff0000; font-size: 14pt;\"><strong>Ingeni\u00f8rfaglige discipliner:<\/strong><\/span><\/div>\n<div class=\"rPeykc pyPiTc\" data-hveid=\"CDQQAQ\" data-ved=\"2ahUKEwjb-NDZrtmOAxXaVfEDHdchL6gQo_EKegQINBAB\"><span style=\"font-family: arial, helvetica, sans-serif; color: #0000ff; font-size: 14pt;\"><strong><span role=\"heading\" aria-level=\"2\">Ingeni\u00f8rdiscipliner omfatter mange grene, herunder:<\/span><span class=\"pjBG2e\" data-cid=\"432975ce-5090-426b-b486-168b7dd91f2a\"><span class=\"UV3uM\">\u00a0<\/span><\/span><\/strong><\/span><\/div>\n<\/div>\n<\/div>\n<div class=\"WaaZC\">\n<div class=\"RJPOee EIJn2\">\n<p><span style=\"font-family: arial, helvetica, sans-serif; color: #000000; font-size: 14pt;\"><strong><span style=\"color: #0000ff;\">Civilingeni\u00f8r:<\/span><\/strong><\/span><\/p>\n<p><span style=\"font-family: arial, helvetica, sans-serif; color: #000000; font-size: 14pt;\"><strong><span style=\"color: #000000;\">Besk\u00e6ftiger sig med design, konstruktion og drift af civile anl\u00e6g som veje, broer og bygninger.<\/span> <\/strong><\/span><\/p>\n<p><span style=\"font-family: arial, helvetica, sans-serif; color: #000000; font-size: 14pt;\"><strong><span style=\"color: #0000ff;\">Maskiningeni\u00f8r:<\/span> <\/strong><\/span><\/p>\n<p><span style=\"font-family: arial, helvetica, sans-serif; color: #000000; font-size: 14pt;\"><strong><span style=\"color: #000000;\">Besk\u00e6ftiger sig med design, fremstilling og drift af maskiner og udstyr.<\/span> <\/strong><\/span><\/p>\n<p><span style=\"font-family: arial, helvetica, sans-serif; color: #000000; font-size: 14pt;\"><strong><span style=\"color: #0000ff;\">Elektroteknik:<\/span> <\/strong><\/span><\/p>\n<p><span style=\"font-family: arial, helvetica, sans-serif; color: #000000; font-size: 14pt;\"><strong>Besk\u00e6ftiger sig med design og drift af elektriske og elektroniske systemer og enheder. <\/strong><\/span><\/p>\n<p><span style=\"font-family: arial, helvetica, sans-serif; color: #000000; font-size: 14pt;\"><strong><span style=\"color: #0000ff;\">Computer engineering:<\/span> <\/strong><\/span><\/p>\n<p><span style=\"font-family: arial, helvetica, sans-serif; color: #000000; font-size: 14pt;\"><strong>Fokuserer p\u00e5 design og udvikling af computerhardware og software. <\/strong><\/span><\/p>\n<p><span style=\"font-family: arial, helvetica, sans-serif; color: #000000; font-size: 14pt;\"><strong><span style=\"color: #0000ff;\">Kemiteknik:<\/span> <\/strong><\/span><\/p>\n<p><span style=\"font-family: arial, helvetica, sans-serif; color: #000000; font-size: 14pt;\"><strong><span style=\"color: #000000;\">Besk\u00e6ftiger sig med design og drift af kemiske processer.<\/span> <\/strong><\/span><\/p>\n<p><span style=\"font-family: arial, helvetica, sans-serif; color: #000000; font-size: 14pt;\"><strong><span style=\"color: #0000ff;\">Arkitektur:<\/span> <\/strong><\/span><\/p>\n<p><span style=\"font-family: arial, helvetica, sans-serif; color: #000000; font-size: 14pt;\"><strong><span style=\"color: #000000;\">Fokuserer p\u00e5 design, koordinering og planl\u00e6gning af bygninger og strukturer.<\/span> <\/strong><\/span><\/p>\n<p><span style=\"font-family: arial, helvetica, sans-serif; color: #000000; font-size: 14pt;\"><strong><span style=\"color: #0000ff;\">Biomedicinsk teknik:<\/span> <\/strong><\/span><\/p>\n<p><span style=\"font-family: arial, helvetica, sans-serif; color: #000000; font-size: 14pt;\"><strong>Koncentrerer sig om design og udvikling af medicinsk udstyr og udstyr.<\/strong><\/span><\/p>\n<\/div>\n<\/div>","protected":false},"excerpt":{"rendered":"<p>Ingeni\u00f8rh\u00f8jskolen bidrager til samfundsudvikling ved at uddanne ingeni\u00f8rer, der er i stand til at m\u00f8de tekniske og sociale udfordringer og levere innovative l\u00f8sninger til forskellige problemer. H\u00f8jskolens m\u00e5l: Kvalificering af fremragende ingeni\u00f8rer: H\u00f8jskolen sigter mod at uddanne kandidater med h\u00f8j kompetence inden for forskellige ingeni\u00f8rdiscipliner, der kan konkurrere p\u00e5 lokale, regionale og internationale arbejdsmarkeder. Udvikling af forskning: [\u2026]<\/p>","protected":false},"author":1,"featured_media":0,"parent":70,"menu_order":0,"comment_status":"closed","ping_status":"closed","template":"","meta":{"_acf_changed":false,"footnotes":""},"class_list":["post-269","page","type-page","status-publish","hentry"],"acf":[],"_links":{"self":[{"href":"https:\/\/aua-edu.com\/da\/wp-json\/wp\/v2\/pages\/269","targetHints":{"allow":["GET"]}}],"collection":[{"href":"https:\/\/aua-edu.com\/da\/wp-json\/wp\/v2\/pages"}],"about":[{"href":"https:\/\/aua-edu.com\/da\/wp-json\/wp\/v2\/types\/page"}],"author":[{"embeddable":true,"href":"https:\/\/aua-edu.com\/da\/wp-json\/wp\/v2\/users\/1"}],"replies":[{"embeddable":true,"href":"https:\/\/aua-edu.com\/da\/wp-json\/wp\/v2\/comments?post=269"}],"version-history":[{"count":9,"href":"https:\/\/aua-edu.com\/da\/wp-json\/wp\/v2\/pages\/269\/revisions"}],"predecessor-version":[{"id":1947,"href":"https:\/\/aua-edu.com\/da\/wp-json\/wp\/v2\/pages\/269\/revisions\/1947"}],"up":[{"embeddable":true,"href":"https:\/\/aua-edu.com\/da\/wp-json\/wp\/v2\/pages\/70"}],"wp:attachment":[{"href":"https:\/\/aua-edu.com\/da\/wp-json\/wp\/v2\/media?parent=269"}],"curies":[{"name":"wp","href":"https:\/\/api.w.org\/{rel}","templated":true}]}}