{"id":562,"date":"2025-07-15T14:47:42","date_gmt":"2025-07-15T14:47:42","guid":{"rendered":"https:\/\/aua-edu.com\/?page_id=562"},"modified":"2025-09-07T08:45:09","modified_gmt":"2025-09-07T08:45:09","slug":"%d9%83%d9%84%d9%8a%d8%a9-%d8%a7%d9%84%d9%84%d8%ba%d8%a7%d8%aa-%d9%88%d8%a7%d9%84%d8%aa%d8%b1%d8%ac%d9%85%d8%a9","status":"publish","type":"page","link":"https:\/\/aua-edu.com\/da\/facalties\/%d9%83%d9%84%d9%8a%d8%a9-%d8%a7%d9%84%d9%84%d8%ba%d8%a7%d8%aa-%d9%88%d8%a7%d9%84%d8%aa%d8%b1%d8%ac%d9%85%d8%a9\/","title":{"rendered":"Fakultet for Sprog og Overs\u00e6ttelse"},"content":{"rendered":"<h3><span style=\"font-family: arial black, sans-serif;\"><strong><img decoding=\"async\" class=\"wp-image-799 aligncenter\" src=\"https:\/\/aua-edu.com\/wp-content\/uploads\/2025\/07\/images.jpg\" alt=\"\" width=\"253\" height=\"156\" srcset=\"https:\/\/aua-edu.com\/wp-content\/uploads\/2025\/07\/images.jpg 228w, https:\/\/aua-edu.com\/wp-content\/uploads\/2025\/07\/images-18x12.jpg 18w\" sizes=\"(max-width: 253px) 100vw, 253px\" \/><\/strong><\/span><\/h3>\n<h3><span style=\"font-size: 14pt;\"><span style=\"font-family: arial, helvetica, sans-serif; color: #ff0000;\"><strong><span style=\"color: #000000;\">Sprog- og overs\u00e6ttelsesh\u00f8jskolen er en h\u00f8jskole specialiseret i studiet af fremmedsprog og deres litteraturer<\/span> <\/strong><\/span><span style=\"font-family: arial, helvetica, sans-serif; color: #000000;\"><strong>Og overs\u00e6ttelse mellem disse sprog og andre sprog<\/strong><\/span><\/span><\/h3>\n<h3><span style=\"font-family: arial, helvetica, sans-serif; font-size: 14pt; color: #000000;\"><strong>H\u00f8jskolen fokuserer p\u00e5 at kvalificere studerende til at blive professionelle overs\u00e6ttere inden for forskellige omr\u00e5der, samt forberede dem p\u00e5 arbejde i andre omr\u00e5der, der kr\u00e6ver fremmedsprogskundskaber<\/strong><\/span><\/h3>\n<div class=\"RJPOee EIJn2\">\n<div class=\"rPeykc pyPiTc\" data-hveid=\"CAkQAQ\" data-ved=\"2ahUKEwjK_obe0eCOAxVOgf0HHfetI8kQo_EKegQICRAB\"><span style=\"font-family: arial, helvetica, sans-serif; font-size: 14pt;\"><strong><span style=\"color: #0000ff;\">Afdelinger ved Sprog- og overs\u00e6ttelsesh\u00f8jskolen:<\/span> <\/strong><\/span><\/div>\n<\/div>\n<div class=\"RJPOee EIJn2\">\n<div class=\"rPeykc uP58nb\" data-hveid=\"CA0QAQ\" data-ved=\"2ahUKEwjK_obe0eCOAxVOgf0HHfetI8kQo_EKegQIDRAB\">\n<p><span style=\"font-family: arial, helvetica, sans-serif; font-size: 14pt; color: #000000;\"><strong><span role=\"heading\" aria-level=\"2\">Sprog- og overs\u00e6ttelsesh\u00f8jskoler omfatter typisk specialiserede afdelinger for forskellige sprog, s\u00e5som:<\/span><span class=\"pjBG2e\" data-cid=\"b970988d-27be-4a1f-b49f-7f851bb96858\"><span class=\"UV3uM\">\u00a0<\/span><\/span><\/strong><\/span><\/p>\n<\/div>\n<\/div>\n<div class=\"RJPOee EIJn2\">\n<p><span style=\"font-family: arial, helvetica, sans-serif; font-size: 14pt; color: #000000;\"><strong>Engelsk: og dens litteratur. <\/strong><\/span><\/p>\n<p><span style=\"font-family: arial, helvetica, sans-serif; font-size: 14pt; color: #000000;\"><strong>Fransk: og dens litteratur. <\/strong><\/span><\/p>\n<p><span style=\"font-family: arial, helvetica, sans-serif; font-size: 14pt; color: #000000;\"><strong>Tysk: og dens litteratur. <\/strong><\/span><\/p>\n<p><span style=\"font-family: arial, helvetica, sans-serif; font-size: 14pt; color: #000000;\"><strong>Spansk: og dens litteratur. <\/strong><\/span><\/p>\n<p><span style=\"font-family: arial, helvetica, sans-serif; font-size: 14pt; color: #000000;\"><strong>Hebraisk: og dens litteratur. <\/strong><\/span><\/p>\n<p><span style=\"font-family: arial, helvetica, sans-serif; font-size: 14pt; color: #000000;\"><strong>Persisk: og dens litteratur. <\/strong><\/span><\/p>\n<p><span style=\"font-family: arial, helvetica, sans-serif; font-size: 14pt; color: #000000;\"><strong>Tyrkisk: og dens litteratur. <\/strong><\/span><\/p>\n<p><span style=\"font-family: arial, helvetica, sans-serif; font-size: 14pt;\"><strong><span style=\"color: #000000;\">Afrikanske sprog: og deres litteratur.<\/span> <\/strong><\/span><\/p>\n<\/div>\n<div class=\"RJPOee EIJn2\">\n<div class=\"rPeykc pyPiTc\" data-hveid=\"CC4QAQ\" data-ved=\"2ahUKEwjK_obe0eCOAxVOgf0HHfetI8kQo_EKegQILhAB\"><span style=\"font-family: arial, helvetica, sans-serif; font-size: 14pt;\"><strong><span style=\"color: #0000ff;\">Arbejdsmuligheder for kandidater fra Sprog- og Overs\u00e6ttelsesh\u00f8jskolen:<\/span> <\/strong><\/span><\/div>\n<\/div>\n<div class=\"RJPOee EIJn2\">\n<div class=\"rPeykc uP58nb\" data-hveid=\"CDIQAQ\" data-ved=\"2ahUKEwjK_obe0eCOAxVOgf0HHfetI8kQo_EKegQIMhAB\"><span style=\"font-family: arial, helvetica, sans-serif; font-size: 14pt; color: #000000;\"><strong><span role=\"heading\" aria-level=\"2\">Kandidater fra sprog- og overs\u00e6ttelsesstudier kan arbejde i forskellige omr\u00e5der, herunder:<\/span><span class=\"pjBG2e\" data-cid=\"362cd76e-c330-45d1-9f7d-b3512a6f055c\"><span class=\"UV3uM\">\u00a0<\/span><\/span><\/strong><\/span><\/div>\n<\/div>\n<div class=\"RJPOee EIJn2\">\n<div class=\"zMgcWd dSKvsb\" data-il=\"\">\n<div data-crb-p=\"\">\n<div class=\"xFTqob\">\n<div class=\"Gur8Ad\"><span style=\"font-family: arial, helvetica, sans-serif; font-size: 14pt; color: #000000;\"><strong>Skriftlig og simultan overs\u00e6ttelse: <\/strong><\/span><\/div>\n<div class=\"vM0jzc\"><span style=\"font-family: arial, helvetica, sans-serif; font-size: 14pt;\"><strong><span style=\"color: #000000;\">Inden for forskellige omr\u00e5der s\u00e5som diplomati, medier, jura, handel, turisme og andre.<\/span> <\/strong><\/span><\/div>\n<\/div>\n<\/div>\n<\/div>\n<div class=\"zMgcWd dSKvsb\" data-il=\"\">\n<div data-crb-p=\"\">\n<div class=\"xFTqob\">\n<div class=\"Gur8Ad\"><span style=\"font-family: arial, helvetica, sans-serif; font-size: 14pt;\"><strong><span style=\"color: #0000ff;\">Uddannelse:<\/span> <\/strong><\/span><\/div>\n<div class=\"vM0jzc\"><span style=\"font-family: arial, helvetica, sans-serif; font-size: 14pt; color: #000000;\"><strong>Undervisning i fremmedsprog i skoler og universiteter. <\/strong><\/span><\/div>\n<\/div>\n<\/div>\n<\/div>\n<div class=\"zMgcWd dSKvsb\" data-il=\"\">\n<div data-crb-p=\"\">\n<div class=\"xFTqob\">\n<div class=\"Gur8Ad\"><span style=\"font-family: arial, helvetica, sans-serif; font-size: 14pt; color: #000000;\"><strong>Arbejde i internationale organisationer og organer: <\/strong><\/span><\/div>\n<div class=\"vM0jzc\"><span style=\"font-family: arial, helvetica, sans-serif; font-size: 14pt; color: #000000;\"><strong>Hvor mange af disse organisationer kr\u00e6ver medarbejdere, der behersker flere fremmedsprog. <\/strong><\/span><\/div>\n<\/div>\n<\/div>\n<\/div>\n<div class=\"zMgcWd dSKvsb\" data-il=\"\">\n<div data-crb-p=\"\">\n<div class=\"xFTqob\">\n<div class=\"Gur8Ad\"><span style=\"font-family: arial, helvetica, sans-serif; font-size: 14pt; color: #000000;\"><strong>Arbejde inden for mediebranchen: <\/strong><\/span><\/div>\n<div class=\"vM0jzc\"><span style=\"font-family: arial, helvetica, sans-serif; font-size: 14pt; color: #000000;\"><strong>Som journalister, nyhedsopl\u00e6sere og redakt\u00f8rer i forskellige medier. <\/strong><\/span><\/div>\n<\/div>\n<\/div>\n<\/div>\n<div class=\"zMgcWd dSKvsb\" data-il=\"\">\n<div data-crb-p=\"\">\n<div class=\"xFTqob\">\n<div class=\"Gur8Ad\"><span style=\"font-family: arial, helvetica, sans-serif; font-size: 14pt; color: #000000;\"><strong>Arbejde inden for turisme: <\/strong><\/span><\/div>\n<div class=\"vM0jzc\"><span style=\"font-family: arial, helvetica, sans-serif; font-size: 14pt; color: #000000;\"><strong>Som turistguider og PR-medarbejdere p\u00e5 hoteller og i rejsebureauer. <\/strong><\/span><\/div>\n<\/div>\n<\/div>\n<\/div>\n<div class=\"zMgcWd dSKvsb\" data-il=\"\">\n<div data-crb-p=\"\">\n<div class=\"xFTqob\">\n<div class=\"Gur8Ad\"><span style=\"font-family: arial, helvetica, sans-serif; font-size: 14pt; color: #000000;\"><strong>Arbejde inden for handel: <\/strong><\/span><\/div>\n<div class=\"vM0jzc\"><span style=\"font-family: arial, helvetica, sans-serif; font-size: 14pt;\"><strong><span style=\"color: #000000;\">Som ansvarlige for forretningsforbindelser med udenlandske virksomheder.<\/span> <\/strong><\/span><\/div>\n<\/div>\n<\/div>\n<\/div>\n<\/div>\n<div class=\"RJPOee EIJn2\"><\/div>\n<div class=\"RJPOee EIJn2\"><\/div>\n<div class=\"WaaZC\"><\/div>","protected":false},"excerpt":{"rendered":"<p>Sprog- og Overs\u00e6ttelsesfakultetet er et specialiseret fakultet, der studerer fremmedsprog og deres litteratur samt overs\u00e6ttelse mellem disse sprog og andre sprog. Fakultetet fokuserer p\u00e5 at kvalificere studerende til at blive professionelle overs\u00e6ttere inden for forskellige omr\u00e5der, foruden at forberede dem til arbejde i andre omr\u00e5der, der kr\u00e6ver fremmedsprogskundskaber. Afdelinger p\u00e5 Sprog- og Overs\u00e6ttelsesfakultetet: Normalt omfatter sprog- og overs\u00e6ttelsesfakulteter specialiserede afdelinger for forskellige sprog, [...]<\/p>","protected":false},"author":1,"featured_media":0,"parent":70,"menu_order":0,"comment_status":"closed","ping_status":"closed","template":"","meta":{"_acf_changed":false,"footnotes":""},"class_list":["post-562","page","type-page","status-publish","hentry"],"acf":[],"_links":{"self":[{"href":"https:\/\/aua-edu.com\/da\/wp-json\/wp\/v2\/pages\/562","targetHints":{"allow":["GET"]}}],"collection":[{"href":"https:\/\/aua-edu.com\/da\/wp-json\/wp\/v2\/pages"}],"about":[{"href":"https:\/\/aua-edu.com\/da\/wp-json\/wp\/v2\/types\/page"}],"author":[{"embeddable":true,"href":"https:\/\/aua-edu.com\/da\/wp-json\/wp\/v2\/users\/1"}],"replies":[{"embeddable":true,"href":"https:\/\/aua-edu.com\/da\/wp-json\/wp\/v2\/comments?post=562"}],"version-history":[{"count":6,"href":"https:\/\/aua-edu.com\/da\/wp-json\/wp\/v2\/pages\/562\/revisions"}],"predecessor-version":[{"id":1952,"href":"https:\/\/aua-edu.com\/da\/wp-json\/wp\/v2\/pages\/562\/revisions\/1952"}],"up":[{"embeddable":true,"href":"https:\/\/aua-edu.com\/da\/wp-json\/wp\/v2\/pages\/70"}],"wp:attachment":[{"href":"https:\/\/aua-edu.com\/da\/wp-json\/wp\/v2\/media?parent=562"}],"curies":[{"name":"wp","href":"https:\/\/api.w.org\/{rel}","templated":true}]}}