{"id":72,"date":"2025-06-29T16:52:18","date_gmt":"2025-06-29T16:52:18","guid":{"rendered":"https:\/\/aua-edu.testawy.com\/?page_id=72"},"modified":"2025-09-05T23:28:40","modified_gmt":"2025-09-05T23:28:40","slug":"aboutus","status":"publish","type":"page","link":"https:\/\/aua-edu.com\/da\/aboutus\/","title":{"rendered":"Om universitetet"},"content":{"rendered":"<h4><img fetchpriority=\"high\" decoding=\"async\" class=\"wp-image-83 aligncenter\" src=\"https:\/\/aua-edu.com\/wp-content\/uploads\/2025\/06\/cropped-AUA-300x300.png\" alt=\"\" width=\"234\" height=\"234\" srcset=\"https:\/\/aua-edu.com\/wp-content\/uploads\/2025\/06\/cropped-AUA-300x300.png 300w, https:\/\/aua-edu.com\/wp-content\/uploads\/2025\/06\/cropped-AUA-150x150.png 150w, https:\/\/aua-edu.com\/wp-content\/uploads\/2025\/06\/cropped-AUA-12x12.png 12w, https:\/\/aua-edu.com\/wp-content\/uploads\/2025\/06\/cropped-AUA-270x270.png 270w, https:\/\/aua-edu.com\/wp-content\/uploads\/2025\/06\/cropped-AUA-192x192.png 192w, https:\/\/aua-edu.com\/wp-content\/uploads\/2025\/06\/cropped-AUA-180x180.png 180w, https:\/\/aua-edu.com\/wp-content\/uploads\/2025\/06\/cropped-AUA-32x32.png 32w, https:\/\/aua-edu.com\/wp-content\/uploads\/2025\/06\/cropped-AUA.png 512w\" sizes=\"(max-width: 234px) 100vw, 234px\" \/><span style=\"font-family: tahoma, arial, helvetica, sans-serif; color: #ff0000; font-size: 12pt;\"><strong>Om Det Afrikanske Universitet for Videnskab og Forskning:<\/strong><\/span><\/h4>\n<h4 style=\"text-align: right;\"><span style=\"font-family: tahoma, arial, helvetica, sans-serif; color: #000000; font-size: 10pt;\"><strong>Et anset uddannelsesinstitution med en elite af fremragende universitetsprofessorer, b\u00e5de til stede fysisk og via fjernundervisning, internationalt anerkendt, hvor alle eksamensbeviser er legaliseret af Ministeriet for Videreg\u00e5ende Uddannelse, Udenrigsministeriet og studenternes ambassade.<\/strong><\/span><\/h4>\n<h4 style=\"text-align: right;\"><span style=\"font-family: tahoma, arial, helvetica, sans-serif; color: #000000; font-size: 10pt;\"><strong>Universitetet str\u00e6ber med alle sine organer efter at levere fremragende videreg\u00e5ende uddannelse inden for forskellige specialer for at uddanne kadre, der er i stand til at p\u00e5tage sig ansvar og udvikle deres samfund p\u00e5 internationalt plan, og for at forberede generationer af ledere og videnskabsfolk, der kan bidrage til en omfattende udvikling i alle lande.<\/strong><\/span><\/h4>\n<h4 style=\"text-align: right;\"><span style=\"font-family: tahoma, arial, helvetica, sans-serif; color: #000000; font-size: 10pt;\"><strong>Med fokus p\u00e5 videnskabelig forskning og samfundsservice inden for rammerne af humanistiske v\u00e6rdier.<\/strong><\/span><\/h4>\n<h3 class=\"rPeykc pyPiTc\" data-hveid=\"CAsQAQ\" data-ved=\"2ahUKEwjdieiomtmOAxV9VfEDHQOTNoUQo_EKegQICxAB\"><span style=\"font-family: tahoma, arial, helvetica, sans-serif; color: #ff0000; font-size: 12pt;\"><strong>Vision og egenskaber ved vores \u00e6rede universitet:<\/strong><\/span><\/h3>\n<div class=\"zMgcWd dSKvsb\" data-il=\"\">\n<div data-crb-p=\"\">\n<div class=\"xFTqob\">\n<div class=\"Gur8Ad\"><span style=\"font-family: tahoma, arial, helvetica, sans-serif; color: #000000; font-size: 10pt;\"><strong><span style=\"color: #0000ff;\">Uafh\u00e6ngighed og akkreditering:<\/span> <\/strong><\/span><\/div>\n<div class=\"vM0jzc\">\n<p><span style=\"font-family: tahoma, arial, helvetica, sans-serif; color: #000000; font-size: 10pt;\"><strong>Det Afrikanske Universitet er en uafh\u00e6ngig akademisk institution, der opererer under tilsyn af Ministeriet for Videreg\u00e5ende Uddannelse og er medlem af adskillige akademiske forbund og associationer.<span class=\"pjBG2e\" data-cid=\"0d06e287-bff6-400d-963e-74f7c20fcb5b\"><span class=\"UV3uM\">\u00a0<\/span><\/span><\/strong><\/span><\/p>\n<\/div>\n<\/div>\n<\/div>\n<\/div>\n<div class=\"xFTqob\">\n<div class=\"Gur8Ad\"><span style=\"font-family: tahoma, arial, helvetica, sans-serif; color: #000000; font-size: 12pt;\"><strong><span style=\"color: #0000ff;\">Vision og mission:<\/span> <\/strong><\/span><\/div>\n<div class=\"vM0jzc\">\n<p><span style=\"font-family: tahoma, arial, helvetica, sans-serif; color: #000000; font-size: 10pt;\"><strong>Universitetet sigter mod at v\u00e6re et videnskabeligt fyrt\u00e5rn for viden, kultur og humanit\u00e6r tjeneste, med fokus p\u00e5 at f\u00f8lge med i moderne udviklinger inden for videreg\u00e5ende uddannelse og teknologi.<span class=\"pjBG2e\" data-cid=\"43320364-8320-4b6d-b2d0-95b00c001ec0\"><span class=\"UV3uM\">\u00a0<\/span><\/span><\/strong><\/span><\/p>\n<\/div>\n<\/div>\n<div class=\"zMgcWd dSKvsb\" data-il=\"\">\n<div class=\"Gur8Ad\"><span style=\"font-family: tahoma, arial, helvetica, sans-serif; color: #000000; font-size: 12pt;\"><strong><span style=\"color: #0000ff;\">Specialiseringer:<\/span><\/strong><\/span><\/div>\n<div class=\"vM0jzc\">\n<p><span style=\"font-family: tahoma, arial, helvetica, sans-serif; color: #000000; font-size: 10pt;\"><strong>Universitetet tilbyder en bred vifte af akademiske programmer inden for forskellige omr\u00e5der, herunder p\u00e6dagogik, religionsvidenskab, videreg\u00e5ende uddannelser og ledelsesvidenskab, samt programmer inden for ingeni\u00f8rvidenskab, medicin og naturvidenskab.<\/strong><\/span><\/p>\n<\/div>\n<div data-crb-p=\"\">\n<div>\n<div class=\"zMgcWd dSKvsb\" data-il=\"\">\n<div data-crb-p=\"\">\n<div class=\"xFTqob\">\n<div class=\"Gur8Ad\"><span style=\"font-family: tahoma, arial, helvetica, sans-serif; color: #000000; font-size: 12pt;\"><strong><span style=\"color: #0000ff;\">Etablering:<\/span><\/strong><\/span><\/div>\n<div class=\"vM0jzc\">\n<p><span style=\"font-family: tahoma, arial, helvetica, sans-serif; color: #000000; font-size: 10pt;\"><strong>Republikken Niger har oplevet en betydelig udvikling inden for videreg\u00e5ende uddannelse, hvor Det Afrikanske Universitet for Videnskab og Forskning blev etableret i 1997 sammen med andre anerkendte universiteter.<\/strong><\/span><\/p>\n<\/div>\n<div>\n<div class=\"xFTqob\">\n<div class=\"vM0jzc\"><span style=\"font-family: tahoma, arial, helvetica, sans-serif; color: #000000; font-size: 10pt;\"><strong>Vores universitet bidrager positivt og effektivt til den internationale samfundsudvikling gennem akademiske studier p\u00e5 tv\u00e6rs af alle specialer samt videnskabelig forskning.<\/strong><\/span><\/div>\n<div><\/div>\n<\/div>\n<\/div>\n<\/div>\n<\/div>\n<\/div>\n<div class=\"zMgcWd dSKvsb\" data-il=\"\">\n<div class=\"Gur8Ad\"><span style=\"font-family: tahoma, arial, helvetica, sans-serif; color: #ff0000; font-size: 12pt;\"><strong>Fakulteter:<\/strong><\/span><\/div>\n<div>\n<div class=\"Gur8Ad\"><span style=\"font-family: tahoma, arial, helvetica, sans-serif; color: #000000; font-size: 10pt;\"><strong>Det Afrikanske Universitet for Videnskab og Forskning omfatter forskellige fakulteter, der tilbyder en mangfoldig uddannelsesportef\u00f8lje p\u00e5 tv\u00e6rs af discipliner, og universitetet har oplevet betydelig og bem\u00e6rkelsesv\u00e6rdig international v\u00e6kst siden etableringen, med oprettelsen af adskillige fakulteter. <\/strong><\/span><\/div>\n<div class=\"Gur8Ad\"><span style=\"font-family: tahoma, arial, helvetica, sans-serif; color: #000000; font-size: 10pt;\"><strong>For eksempel:<\/strong><\/span><\/div>\n<div><\/div>\n<ul id=\"wpforms-419-field_11\" class=\"wpforms-field-required\">\n<li class=\"choice-59 depth-1\"><span style=\"font-size: 10pt; font-family: tahoma, arial, helvetica, sans-serif; color: #000000;\"><strong><label class=\"wpforms-field-label-inline\" for=\"wpforms-419-field_11_59\">Medier<\/label><\/strong><\/span><\/li>\n<li class=\"choice-57 depth-1\"><span style=\"font-size: 10pt; font-family: tahoma, arial, helvetica, sans-serif; color: #000000;\"><strong><label class=\"wpforms-field-label-inline\" for=\"wpforms-419-field_11_57\">Medicin<\/label><\/strong><\/span><\/li>\n<li class=\"choice-51 depth-1\"><span style=\"font-size: 10pt; font-family: tahoma, arial, helvetica, sans-serif; color: #000000;\"><strong><label class=\"wpforms-field-label-inline\" for=\"wpforms-419-field_11_51\">Tandl\u00e6ge<\/label><\/strong><\/span><\/li>\n<li class=\"choice-52 depth-1\"><span style=\"font-size: 10pt; font-family: tahoma, arial, helvetica, sans-serif; color: #000000;\"><strong><label class=\"wpforms-field-label-inline\" for=\"wpforms-419-field_11_52\">Fysioterapi<\/label><\/strong><\/span><\/li>\n<li class=\"choice-48 depth-1\"><span style=\"font-size: 10pt; font-family: tahoma, arial, helvetica, sans-serif; color: #000000;\"><strong><label class=\"wpforms-field-label-inline\" for=\"wpforms-419-field_11_48\">Farmaci<\/label><\/strong><\/span><\/li>\n<li class=\"choice-49 depth-1\"><span style=\"font-size: 10pt; font-family: tahoma, arial, helvetica, sans-serif; color: #000000;\"><strong><label class=\"wpforms-field-label-inline\" for=\"wpforms-419-field_11_49\">Sygepleje<\/label><\/strong><\/span><\/li>\n<li class=\"choice-39 depth-1\"><span style=\"font-size: 10pt; font-family: tahoma, arial, helvetica, sans-serif; color: #000000;\"><strong><label class=\"wpforms-field-label-inline\" for=\"wpforms-419-field_11_39\">Ingeni\u00f8rvidenskab<\/label><\/strong><\/span><\/li>\n<li class=\"choice-41 depth-1\"><span style=\"font-size: 10pt; font-family: tahoma, arial, helvetica, sans-serif; color: #000000;\"><strong><label class=\"wpforms-field-label-inline\" for=\"wpforms-419-field_11_41\">Videnskab<\/label><\/strong><\/span><\/li>\n<li class=\"choice-42 depth-1\"><span style=\"font-size: 10pt; font-family: tahoma, arial, helvetica, sans-serif; color: #000000;\"><strong><label class=\"wpforms-field-label-inline\" for=\"wpforms-419-field_11_42\">P\u00e6dagogik<\/label><\/strong><\/span><\/li>\n<li class=\"choice-50 depth-1\"><span style=\"font-size: 10pt; font-family: tahoma, arial, helvetica, sans-serif; color: #000000;\"><strong><label class=\"wpforms-field-label-inline\" for=\"wpforms-419-field_11_50\">Landbrug<\/label><\/strong><\/span><\/li>\n<li class=\"choice-53 depth-1\"><span style=\"font-size: 10pt; font-family: tahoma, arial, helvetica, sans-serif; color: #000000;\"><strong><label class=\"wpforms-field-label-inline\" for=\"wpforms-419-field_11_53\">Oldtidskundskab<\/label><\/strong><\/span><\/li>\n<li class=\"choice-43 depth-1\"><span style=\"font-size: 10pt; font-family: tahoma, arial, helvetica, sans-serif; color: #000000;\"><strong><label class=\"wpforms-field-label-inline\" for=\"wpforms-419-field_11_43\">Sprog og overs\u00e6ttelse<\/label><\/strong><\/span><\/li>\n<li class=\"choice-22 depth-1\"><span style=\"font-size: 10pt; font-family: tahoma, arial, helvetica, sans-serif; color: #000000;\"><strong><label class=\"wpforms-field-label-inline\" for=\"wpforms-419-field_11_22\">Psykologi<\/label><\/strong><\/span><\/li>\n<li class=\"choice-25 depth-1\"><span style=\"font-size: 10pt; font-family: tahoma, arial, helvetica, sans-serif; color: #000000;\"><strong><label class=\"wpforms-field-label-inline\" for=\"wpforms-419-field_11_25\">Jura<\/label><\/strong><\/span><\/li>\n<li class=\"choice-44 depth-1\"><span style=\"font-size: 10pt; font-family: tahoma, arial, helvetica, sans-serif; color: #000000;\"><strong><label class=\"wpforms-field-label-inline\" for=\"wpforms-419-field_11_44\">Litteratur<\/label><\/strong><\/span><\/li>\n<li class=\"choice-45 depth-1\"><span style=\"font-size: 10pt; font-family: tahoma, arial, helvetica, sans-serif; color: #000000;\"><strong><label class=\"wpforms-field-label-inline\" for=\"wpforms-419-field_11_45\">Handel<\/label><\/strong><\/span><\/li>\n<li class=\"choice-45 depth-1\"><span style=\"color: #000000; font-size: 10pt; font-family: tahoma, arial, helvetica, sans-serif;\"><strong>Marineakademi<\/strong><\/span><\/li>\n<li class=\"choice-45 depth-1\"><span style=\"color: #000000; font-size: 10pt; font-family: tahoma, arial, helvetica, sans-serif;\"><strong>Luftfartsvidenskabsakademi<\/strong><\/span><\/li>\n<li class=\"choice-45 depth-1\"><span style=\"font-size: 10pt; font-family: tahoma, arial, helvetica, sans-serif; color: #000000;\"><strong><label class=\"wpforms-field-label-inline\" for=\"wpforms-419-field_11_46\">\u00d8konomi og Statskundskab<\/label><\/strong><\/span><\/li>\n<li><span style=\"font-size: 10pt; font-family: tahoma, arial, helvetica, sans-serif; color: #000000;\"><strong><label class=\"wpforms-field-label-inline\" for=\"wpforms-419-field_11_47\">Computere og Kunstig Intelligens<\/label><\/strong><\/span><\/li>\n<li><span style=\"font-size: 10pt; font-family: tahoma, arial, helvetica, sans-serif; color: #000000;\"><strong><label class=\"wpforms-field-label-inline\" for=\"wpforms-419-field_11_58\">Informationsteknologi<\/label><\/strong><\/span><\/li>\n<li class=\"choice-55 depth-1\"><span style=\"font-size: 10pt; font-family: tahoma, arial, helvetica, sans-serif; color: #000000;\"><strong><label class=\"wpforms-field-label-inline\" for=\"wpforms-419-field_11_55\">Anvendte Kunster<\/label><\/strong><\/span><\/li>\n<li class=\"choice-56 depth-1\"><span style=\"font-size: 10pt; font-family: tahoma, arial, helvetica, sans-serif; color: #000000;\"><strong><label class=\"wpforms-field-label-inline\" for=\"wpforms-419-field_11_56\">Sk\u00f8nne Kunster<\/label><\/strong><\/span><\/li>\n<li><span style=\"font-family: tahoma, arial, helvetica, sans-serif;\"><strong><span style=\"font-size: 10pt; color: #ff0000;\"><label class=\"wpforms-field-label-inline\" for=\"wpforms-419-field_11_61\"><span style=\"color: #000000;\">S\u00f8fartsakademiet \u2013 Speciale i (Maritim Navigationsteknologi og S\u00f8transport)<\/span><\/label><\/span><\/strong><\/span><\/li>\n<li><span style=\"font-size: 10pt; font-family: arial black, sans-serif; color: #ff0000;\"><strong><label class=\"wpforms-field-label-inline\" for=\"wpforms-419-field_11_61\">(Stillingen i eksamensbeviset og kvalifikationskursusbeviset - Andenstyrmand)<\/label><\/strong><\/span><\/li>\n<li><span style=\"font-size: 10pt; font-family: arial black, sans-serif; color: #ff0000;\"><strong>Med angivelse af karakterer med overs\u00e6ttelse, alle anerkendt af:<\/strong><\/span><\/li>\n<li><span style=\"font-size: 10pt; font-family: arial black, sans-serif; color: #ff0000;\"><strong>(Universitetet - Videreg\u00e5ende Uddannelse - Ambassade - Udenrigsministeriet)<\/strong><\/span><\/li>\n<li><span style=\"color: #ff0000;\">Modtager certifikat for obligatoriske avancerede kurser.<\/span><\/li>\n<li><span style=\"color: #ff0000;\">Opn\u00e5 medlemskab i Den Generelle Union for S\u00f8fartsofficerer.<\/span><\/li>\n<li><span style=\"font-size: 10pt; font-family: arial black, sans-serif; color: #ff0000;\"><strong>Certifikatindehaveren har ret til officielt at \u00e6ndre status i deres stats pas og nationale ID<\/strong><\/span><\/li>\n<li><span style=\"font-size: 10pt; font-family: arial black, sans-serif; color: #ff0000;\"><strong>Indehavere af dette certifikat sammen med et professionelt kursus som andenstyringsofficer har ret til at modhave et s\u00f8fartspas (if\u00f8lge hvert lands fastsatte gebyrer).<\/strong><\/span><\/li>\n<li><span style=\"font-size: 10pt; font-family: arial black, sans-serif; color: #000000;\"><strong>Luftfartsvidenskabsakademiet (et nyt oprettet akademi)<\/strong><\/span><\/li>\n<li><span style=\"font-size: 10pt; font-family: arial black, sans-serif; color: #ff0000;\"><strong>Kandidater fra dette akademi modtager eksamensbevis med karakterblad og overs\u00e6ttelse, alle anerkendt af:<\/strong><\/span><\/li>\n<li><span style=\"font-size: 10pt; font-family: arial black, sans-serif; color: #ff0000;\"><strong>(Universitetet - Videreg\u00e5ende Uddannelse - Ambassade - Udenrigsministeriet)<\/strong><\/span><\/li>\n<li><span style=\"font-size: 10pt; font-family: arial black, sans-serif; color: #ff0000;\"><strong>S\u00e5vel som en certificeret kvalifikationskursusbevis anerkendt af alle myndigheder med stillingen (Privatpilot - Erhvervspilot - Flyvenavigationsofficer)<\/strong><\/span><\/li>\n<\/ul>\n<\/div>\n<\/div>\n<\/div>\n<\/div>\n<\/div>\n<div class=\"zMgcWd dSKvsb\" data-il=\"\">\n<div data-crb-p=\"\">\n<div>\n<div class=\"zMgcWd dSKvsb\" data-il=\"\">\n<div class=\"Gur8Ad\" style=\"text-align: right;\"><span style=\"font-family: tahoma, arial, helvetica, sans-serif; color: #000000; font-size: 10pt;\"><strong><span style=\"color: #0000ff;\">Internationalt samarbejde:<\/span><\/strong><\/span><\/div>\n<div class=\"vM0jzc\" style=\"text-align: right;\">\n<p><span style=\"font-family: tahoma, arial, helvetica, sans-serif; color: #000000; font-size: 10pt;\"><strong>Det Afrikanske Universitet for Videnskab og Forskning oplever et betydeligt samarbejde med internationale uddannelses- og forskningsinstitutioner, hvilket styrker dets position b\u00e5de nationalt og internationalt.<\/strong><\/span><\/p>\n<\/div>\n<\/div>\n<\/div>\n<\/div>\n<\/div>","protected":false},"excerpt":{"rendered":"<p>Om Den Afrikanske Universitet for Videnskab og Forskning: En anset uddannelsesinstitution med en elite af fremragende universitetsprofessorer, b\u00e5de til stede ved fysisk fremm\u00f8de og fjernundervisning, internationalt anerkendt, hvor alle eksamensbeviser er autentificeret af Ministeriet for Videreg\u00e5ende Uddannelse, Udenrigsministeriet og den studerendes ambassade. Universitetet str\u00e6ber gennem alle sine organer efter at levere fremragende videreg\u00e5ende uddannelse inden for forskellige specialer for at uddanne fagfolk, der er i stand til [&hellip;]<\/p>","protected":false},"author":1,"featured_media":0,"parent":0,"menu_order":0,"comment_status":"closed","ping_status":"closed","template":"","meta":{"_acf_changed":false,"footnotes":""},"class_list":["post-72","page","type-page","status-publish","hentry"],"acf":[],"_links":{"self":[{"href":"https:\/\/aua-edu.com\/da\/wp-json\/wp\/v2\/pages\/72","targetHints":{"allow":["GET"]}}],"collection":[{"href":"https:\/\/aua-edu.com\/da\/wp-json\/wp\/v2\/pages"}],"about":[{"href":"https:\/\/aua-edu.com\/da\/wp-json\/wp\/v2\/types\/page"}],"author":[{"embeddable":true,"href":"https:\/\/aua-edu.com\/da\/wp-json\/wp\/v2\/users\/1"}],"replies":[{"embeddable":true,"href":"https:\/\/aua-edu.com\/da\/wp-json\/wp\/v2\/comments?post=72"}],"version-history":[{"count":27,"href":"https:\/\/aua-edu.com\/da\/wp-json\/wp\/v2\/pages\/72\/revisions"}],"predecessor-version":[{"id":1768,"href":"https:\/\/aua-edu.com\/da\/wp-json\/wp\/v2\/pages\/72\/revisions\/1768"}],"wp:attachment":[{"href":"https:\/\/aua-edu.com\/da\/wp-json\/wp\/v2\/media?parent=72"}],"curies":[{"name":"wp","href":"https:\/\/api.w.org\/{rel}","templated":true}]}}