{"id":752,"date":"2025-07-19T20:25:03","date_gmt":"2025-07-19T20:25:03","guid":{"rendered":"https:\/\/aua-edu.com\/?page_id=752"},"modified":"2025-09-15T13:27:28","modified_gmt":"2025-09-15T13:27:28","slug":"%d9%83%d9%84%d9%85%d8%a9-%d8%b1%d8%a6%d9%8a%d8%b3-%d8%a7%d9%84%d8%a7%d8%aa%d8%ad%d8%a7%d8%af","status":"publish","type":"page","link":"https:\/\/aua-edu.com\/da\/%d9%83%d9%84%d9%85%d8%a9-%d8%b1%d8%a6%d9%8a%d8%b3-%d8%a7%d9%84%d8%a7%d8%aa%d8%ad%d8%a7%d8%af\/","title":{"rendered":"Ord fra forbundets pr\u00e6sident"},"content":{"rendered":"<h1><img fetchpriority=\"high\" decoding=\"async\" class=\"alignnone size-medium wp-image-764 aligncenter\" src=\"https:\/\/aua-edu.com\/wp-content\/uploads\/2025\/07\/2222-253x300.jpg\" alt=\"\" width=\"253\" height=\"300\" srcset=\"https:\/\/aua-edu.com\/wp-content\/uploads\/2025\/07\/2222-253x300.jpg 253w, https:\/\/aua-edu.com\/wp-content\/uploads\/2025\/07\/2222-10x12.jpg 10w, https:\/\/aua-edu.com\/wp-content\/uploads\/2025\/07\/2222.jpg 330w\" sizes=\"(max-width: 253px) 100vw, 253px\" \/><\/h1>\n<h1 style=\"text-align: center;\"><span style=\"color: #ff0000; font-family: times new roman, times, serif; font-size: 18pt;\"><strong>Ord fra formanden for Afrikas Universitetsunion<\/strong><\/span><\/h1>\n<h4 style=\"text-align: right;\"><span style=\"color: #000000; font-size: 12pt;\"><strong><span style=\"font-family: arial black, sans-serif;\">Siden etableringen i 1997 og i l\u00f8bet af 28 \u00e5r har African University for Advanced Studies and Scientific Research str\u00e6bt efter at blive et af de st\u00f8rste internationale universiteter, der aktivt deltager i omfattende national udvikling i alle lande og p\u00e5 alle omr\u00e5der.<\/span><\/strong><\/span><\/h4>\n<h4 style=\"text-align: right;\"><span style=\"color: #000000; font-size: 12pt;\"><strong><span style=\"font-family: arial black, sans-serif;\">Sammen med sit aktive og positive bidrag til at fremme og udvikle uddannelsesprocessen og etablere et samarbejdsprotokol med Det Internationale Sudan Universitet, som det har v\u00e6ret en \u00e6re at lede.<\/span><\/strong><\/span><\/h4>\n<h4 style=\"text-align: right;\"><span style=\"color: #000000; font-size: 12pt;\"><strong><span style=\"font-family: arial black, sans-serif;\">I betragtning af kvaliteten af fjernundervisningen, som African University for Advanced Studies and Scientific Research tilbyder, tiltr\u00e6kker universitetet studerende og forskere fra forskellige arabiske og udenlandske lande i et demokratisk og ikke-racistisk milj\u00f8, der fremmer kreativitet og giver muligheder for konstruktiv konkurrence.<\/span><\/strong><\/span><br \/>\n<span style=\"color: #000000; font-size: 12pt;\"><strong><span style=\"font-family: arial black, sans-serif;\">I lyset af politiske, \u00f8konomiske og sociale forandringer samt den teknologiske revolution, vi oplever i disse dage, bev\u00e6ger vi os mod nye horisonter for fremtiden. <\/span><\/strong><\/span><br \/>\n<span style=\"color: #000000; font-size: 12pt;\"><strong><span style=\"font-family: arial black, sans-serif;\">Universitetets fakulteter str\u00e6ber efter at skabe en vej mod en lovende fremtid for deres kandidater for at udvikle nationer og fremme deres v\u00e6kst mod en fremragende verden.<\/span><\/strong><\/span><br \/>\n<span style=\"color: #000000; font-size: 12pt;\"><strong><span style=\"font-family: arial black, sans-serif;\">I s\u00e5danne forandringer bidrager alle universitetsfakulteter samt master- og ph.d.-modtagere verden over til at opn\u00e5 udvikling for deres samfund p\u00e5 alle livets omr\u00e5der. <\/span><\/strong><\/span><br \/>\n<span style=\"color: #000000; font-size: 12pt;\"><strong><span style=\"font-family: arial black, sans-serif;\">Det Afrikanske Universitet og dets repr\u00e6sentanter i alle lande bestr\u00e6ber sig ih\u00e6rdigt p\u00e5 at f\u00f8lge denne tilgang i den globale konkurrence for at skabe et frugtbart og opmuntrende milj\u00f8 for studerende og forskere til at uddanne fremragende kadre, der kan konkurrere med mange kandidater fra andre universiteter p\u00e5 arbejdsmarkedet, <\/span><\/strong><\/span><\/h4>\n<h4 style=\"text-align: right;\"><span style=\"color: #000000; font-size: 12pt;\"><strong><span style=\"font-family: arial black, sans-serif;\">Og for at de kan blive kvalificerede og dygtige kadre, der deltager i udviklingen af deres hjemland.<\/span><\/strong><\/span><br \/>\n<span style=\"color: #000000; font-size: 12pt;\"><strong><span style=\"font-family: arial black, sans-serif;\">For at opn\u00e5 dette str\u00e6ber universitetet i \u00f8jeblikket med hurtige skridt efter at modernisere og udvikle sin infrastruktur, sine akademiske og forskningsprogrammer samt sine avancerede administrative metoder for at fremme fjernundervisning som et integreret system, der omfatter h\u00f8jt kvalificerede undervisere og en fremragende administrativ stab, som alle b\u00e6rer ansvaret for at skitsere fremtiden som et fyrt\u00e5rn for viden og en kilde til kreativitet. <\/span><\/strong><\/span><\/h4>\n<h4 style=\"text-align: right;\"><span style=\"color: #000000; font-size: 12pt;\"><strong><span style=\"font-family: arial black, sans-serif;\">Og det i overensstemmelse med internationale standarder for uddannelseskvalitet og akkreditering.<\/span><\/strong><\/span><br \/>\n<span style=\"color: #000000; font-size: 12pt;\"><strong><span style=\"font-family: arial black, sans-serif;\">Og som pr\u00e6sident for Afrikas Universitetsforbund er jeg stolt af, hvad dette ansete universitet har opn\u00e5et inden for fjernundervisning, videnskabelig forskning og administration.<\/span><\/strong><\/span><br \/>\n<span style=\"color: #000000; font-size: 12pt;\"><strong><span style=\"font-family: arial black, sans-serif;\">Jeg takker ogs\u00e5 alle ambassader, der legaliserer eksamensbeviser, samt udenrigsministerier, der anerkender dem, og som reagerer p\u00e5 opfordringer til udvikling af fjernundervisning for at opfylde universitetets mission og n\u00e5 dets m\u00e5l som et fremragende universitet.<\/span><\/strong><\/span><br \/>\n<span style=\"color: #000000; font-size: 12pt;\"><strong><span style=\"font-family: arial black, sans-serif;\">Jeg takker dem ogs\u00e5 for at have lanceret den st\u00f8rste globale universitetshjemmeside og platform for at fremme elektronisk fjernundervisning.<\/span><\/strong><\/span><\/h4>\n<h2 style=\"text-align: center;\"><span style=\"color: #0000ff; font-size: 12pt;\"><strong><span style=\"font-family: arial black, sans-serif;\">Professor, doktor<\/span><\/strong><\/span><br \/>\n<span style=\"color: #0000ff; font-size: 12pt;\"><strong><span style=\"font-family: arial black, sans-serif;\">Bakri Osman Saeed<\/span><\/strong><\/span><br \/>\n<span style=\"color: #0000ff; font-size: 12pt;\"><strong><span style=\"font-family: arial black, sans-serif;\">Pr\u00e6sident for Afrikas Universitetsunion<\/span><\/strong><\/span><\/h2>","protected":false},"excerpt":{"rendered":"<p>\u0643\u0644\u0645\u0629 \u0631\u0626\u064a\u0633 \u0625\u062a\u062d\u0627\u062f \u0627\u0644\u062c\u0627\u0645\u0639\u0627\u062a \u0627\u0644\u0623\u0641\u0631\u064a\u0642\u064a\u0629 \u062a\u0633\u0639\u0649 \u0627\u0644\u062c\u0627\u0645\u0639\u0629 \u0627\u0644\u0623\u0641\u0631\u064a\u0642\u064a\u0629 \u0644\u0644\u062f\u0631\u0627\u0633\u0627\u062a \u0627\u0644\u0645\u062a\u0637\u0648\u0631\u0629 \u0648\u0627\u0644\u0628\u062d\u062b \u0627\u0644\u0639\u0644\u0645\u064a \u0645\u0646\u0630 \u062a\u0623\u0633\u064a\u0633\u0647\u0627 \u0639\u0627\u0645 1997\u0648\u0639\u0644\u0649 \u0645\u062f\u0649 28 \u0639\u0627\u0645\u0627 \u0644\u062a\u0635\u0628\u062d \u0648\u0627\u062d\u062f\u0629 \u0645\u0646 \u0623\u0643\u0628\u0631 \u0627\u0644\u062c\u0627\u0645\u0639\u0627\u062a \u0627\u0644\u0639\u0627\u0644\u0645\u064a\u0629 \u0627\u0644\u062a\u0649 \u062a\u0634\u0627\u0631\u0643 \u0628\u0641\u0627\u0639\u0644\u064a\u0629 \u0641\u064a \u0627\u0644\u062a\u0646\u0645\u064a\u0629 \u0627\u0644\u0642\u0648\u0645\u064a\u0629 \u0627\u0644\u0634\u0627\u0645\u0644\u0629 \u0641\u0649 \u062c\u0645\u064a\u0639 \u0627\u0644\u062f\u0648\u0644 \u0648\u0641\u0649 \u0643\u0627\u0641\u0629 \u0627\u0644\u0645\u062c\u0627\u0644\u0627\u062a . \u0625\u0644\u0649 \u062c\u0627\u0646\u0628 \u0625\u0633\u0647\u0627\u0645\u0647\u0627 \u0628\u0634\u0643\u0644 \u0641\u0639\u0627\u0644 \u0648\u0625\u064a\u062c\u0627\u0628\u0649 \u0641\u0649 \u062f\u0641\u0639 \u0648\u062a\u0637\u0648\u064a\u0631 \u0627\u0644\u0639\u0645\u0644\u064a\u0629 \u0627\u0644\u062a\u0639\u0644\u064a\u0645\u064a\u0629 \u0648\u0639\u0645\u0644 \u0628\u0631\u0648\u062a\u0648\u0643\u0648\u0644 \u062a\u0639\u0627\u0648\u0646 \u0645\u0639 \u062c\u0627\u0645\u0639\u0629 [&hellip;]<\/p>","protected":false},"author":2,"featured_media":0,"parent":0,"menu_order":0,"comment_status":"closed","ping_status":"closed","template":"","meta":{"_acf_changed":false,"footnotes":""},"class_list":["post-752","page","type-page","status-publish","hentry"],"acf":[],"_links":{"self":[{"href":"https:\/\/aua-edu.com\/da\/wp-json\/wp\/v2\/pages\/752","targetHints":{"allow":["GET"]}}],"collection":[{"href":"https:\/\/aua-edu.com\/da\/wp-json\/wp\/v2\/pages"}],"about":[{"href":"https:\/\/aua-edu.com\/da\/wp-json\/wp\/v2\/types\/page"}],"author":[{"embeddable":true,"href":"https:\/\/aua-edu.com\/da\/wp-json\/wp\/v2\/users\/2"}],"replies":[{"embeddable":true,"href":"https:\/\/aua-edu.com\/da\/wp-json\/wp\/v2\/comments?post=752"}],"version-history":[{"count":9,"href":"https:\/\/aua-edu.com\/da\/wp-json\/wp\/v2\/pages\/752\/revisions"}],"predecessor-version":[{"id":762,"href":"https:\/\/aua-edu.com\/da\/wp-json\/wp\/v2\/pages\/752\/revisions\/762"}],"wp:attachment":[{"href":"https:\/\/aua-edu.com\/da\/wp-json\/wp\/v2\/media?parent=752"}],"curies":[{"name":"wp","href":"https:\/\/api.w.org\/{rel}","templated":true}]}}