{"id":76,"date":"2025-06-29T16:55:38","date_gmt":"2025-06-29T16:55:38","guid":{"rendered":"https:\/\/aua-edu.testawy.com\/?page_id=76"},"modified":"2025-08-18T22:30:55","modified_gmt":"2025-08-18T22:30:55","slug":"terms-of-use","status":"publish","type":"page","link":"https:\/\/aua-edu.com\/da\/terms-of-use\/","title":{"rendered":"Brugsbetingelser"},"content":{"rendered":"<div data-elementor-type=\"wp-page\" data-elementor-id=\"76\" class=\"elementor elementor-76\" data-elementor-post-type=\"page\">\n\t\t\t\t<div class=\"elementor-element elementor-element-63581cbb e-flex e-con-boxed e-con e-parent\" data-id=\"63581cbb\" data-element_type=\"container\">\n\t\t\t\t\t<div class=\"e-con-inner\">\n\t\t\t\t<div class=\"elementor-element elementor-element-f293dd9 elementor-widget elementor-widget-text-editor\" data-id=\"f293dd9\" data-element_type=\"widget\" data-widget_type=\"text-editor.default\">\n\t\t\t\t<div class=\"elementor-widget-container\">\n\t\t\t\t\t\t\t\t\t<div class=\"WaaZC\"><div class=\"RJPOee EIJn2\"><div data-hveid=\"CAYQAQ\" data-ved=\"2ahUKEwie7Jjlp-eOAxVFhv0HHa1LKr8Qo_EKegQIBhAB\"><img fetchpriority=\"high\" decoding=\"async\" class=\"size-medium wp-image-938 aligncenter\" src=\"https:\/\/aua-edu.com\/wp-content\/uploads\/2025\/07\/5-887tt1716224035-300x300.jpg\" alt=\"\" width=\"300\" height=\"300\" srcset=\"https:\/\/aua-edu.com\/wp-content\/uploads\/2025\/07\/5-887tt1716224035-300x300.jpg 300w, https:\/\/aua-edu.com\/wp-content\/uploads\/2025\/07\/5-887tt1716224035-150x150.jpg 150w, https:\/\/aua-edu.com\/wp-content\/uploads\/2025\/07\/5-887tt1716224035-768x768.jpg 768w, https:\/\/aua-edu.com\/wp-content\/uploads\/2025\/07\/5-887tt1716224035-12x12.jpg 12w, https:\/\/aua-edu.com\/wp-content\/uploads\/2025\/07\/5-887tt1716224035.jpg 800w\" sizes=\"(max-width: 300px) 100vw, 300px\" \/><\/div><div class=\"rPeykc\" style=\"text-align: right;\" data-hveid=\"CAYQAQ\" data-ved=\"2ahUKEwie7Jjlp-eOAxVFhv0HHa1LKr8Qo_EKegQIBhAB\"><span style=\"font-family: arial black, sans-serif; font-size: 14pt;\"><strong><span style=\"color: #000000;\">Brugsbetingelser p\u00e5 universiteter omfatter typisk et s\u00e6t regler og regulativer, som studerende, undervisere og personale skal overholde. <\/span><\/strong><\/span><\/div><div class=\"rPeykc\" style=\"text-align: right;\" data-hveid=\"CAYQAQ\" data-ved=\"2ahUKEwie7Jjlp-eOAxVFhv0HHa1LKr8Qo_EKegQIBhAB\"><span style=\"font-family: arial black, sans-serif; font-size: 14pt;\"><strong><span style=\"color: #000000;\">Disse betingelser sigter mod at opretholde en organiseret og sikker l\u00e6ringsmilj\u00f8 for at sikre alles rettigheder og pligter. <\/span><\/strong><\/span><\/div><div class=\"rPeykc\" style=\"text-align: right;\" data-hveid=\"CAYQAQ\" data-ved=\"2ahUKEwie7Jjlp-eOAxVFhv0HHa1LKr8Qo_EKegQIBhAB\"><p><span style=\"font-family: arial black, sans-serif; font-size: 14pt;\"><strong><span style=\"color: #000000;\">Betingelser kan variere fra universitet til universitet, men vores \u00e6rede universitets betingelser inkluderer f\u00f8lgende:<\/span><\/strong><\/span><\/p><\/div><\/div><\/div><div class=\"WaaZC\" style=\"text-align: right;\"><div class=\"RJPOee EIJn2\"><div class=\"rPeykc pyPiTc\" data-hveid=\"CAcQAQ\" data-ved=\"2ahUKEwie7Jjlp-eOAxVFhv0HHa1LKr8Qo_EKegQIBxAB\"><p><span style=\"font-family: arial black, sans-serif; font-size: 14pt; color: #ff0000;\"><strong>For det f\u00f8rste: Generelle betingelser:<\/strong><\/span><\/p><\/div><\/div><\/div><div class=\"WaaZC\" style=\"text-align: right;\"><div class=\"RJPOee EIJn2\"><ul data-hveid=\"CBcQAQ\" data-ved=\"2ahUKEwie7Jjlp-eOAxVFhv0HHa1LKr8Qm_YKegQIFxAB\"><li class=\"K3KsMc\"><div class=\"zMgcWd dSKvsb\" data-il=\"\"><div data-crb-p=\"\"><div class=\"xFTqob\"><div class=\"Gur8Ad\"><span style=\"font-family: arial black, sans-serif; font-size: 14pt; color: #008000;\"><strong>Overholdelse af love og regler: <\/strong><\/span><\/div><div class=\"vM0jzc\"><span style=\"font-family: arial black, sans-serif; font-size: 14pt;\"><strong><span style=\"color: #000000;\" data-huuid=\"13745137348447657660\">Alle medlemmer af det universitetsf\u00e6llesskab ved Det Afrikanske Universitet for Videnskab og Forskning skal overholde lokale og nationale love og regler, samt de interne regler for universitetet. <\/span><\/strong><\/span><\/div><\/div><\/div><\/div><\/li><li class=\"K3KsMc\"><div class=\"zMgcWd dSKvsb\" data-il=\"\"><div data-crb-p=\"\"><div class=\"xFTqob\"><div class=\"Gur8Ad\"><span style=\"font-family: arial black, sans-serif; font-size: 14pt; color: #008000;\"><strong>Passende opf\u00f8rsel: <\/strong><\/span><\/div><div class=\"vM0jzc\"><span style=\"font-family: arial black, sans-serif; font-size: 14pt;\"><strong><span style=\"color: #000000;\" data-huuid=\"13745137348447656161\">Det forventes, at alle opf\u00f8rer sig passende og respektfuldt til enhver tid, uanset om de er p\u00e5 universitetets omr\u00e5de eller udenfor, eller om de repr\u00e6senterer universitetet som alumner eller forskere i alle lande. <\/span><\/strong><\/span><\/div><\/div><\/div><\/div><\/li><li class=\"K3KsMc\"><div class=\"zMgcWd dSKvsb\" data-il=\"\"><div data-crb-p=\"\"><div class=\"xFTqob\"><div class=\"Gur8Ad\"><span style=\"font-family: arial black, sans-serif; font-size: 14pt; color: #008000;\"><strong>Respekt for andre: <\/strong><\/span><\/div><div class=\"vM0jzc\"><span style=\"font-family: arial black, sans-serif; font-size: 14pt;\"><strong><span style=\"color: #000000;\" data-huuid=\"13745137348447654662\">Alle medlemmer af det akademiske samfund, studerende fra alle lande, alumner og forskere skal respekteres uanset deres k\u00f8n, race, religion eller andre forskelle. <\/span><\/strong><\/span><\/div><\/div><\/div><\/div><\/li><li class=\"K3KsMc\"><div class=\"zMgcWd dSKvsb\" data-il=\"\"><div data-crb-p=\"\"><div class=\"xFTqob\"><div class=\"Gur8Ad\"><span style=\"font-family: arial black, sans-serif; font-size: 14pt; color: #008000;\"><strong>\u00c6rlighed og integritet: <\/strong><\/span><\/div><div class=\"vM0jzc\"><span style=\"font-family: arial black, sans-serif; font-size: 14pt;\"><strong><span style=\"color: #000000;\" data-huuid=\"13745137348447657259\">Alle skal handle med \u00e6rlighed og integritet i alle akademiske og faglige aktiviteter. <\/span><\/strong><\/span><\/div><\/div><\/div><\/div><\/li><li class=\"K3KsMc\"><div class=\"zMgcWd dSKvsb\" data-il=\"\"><div data-crb-p=\"\"><div class=\"xFTqob\"><div class=\"Gur8Ad\"><span style=\"font-family: arial black, sans-serif; font-size: 14pt; color: #008000;\"><strong>Aktiv deltagelse: <\/strong><\/span><\/div><div class=\"vM0jzc\"><p><span style=\"font-family: arial black, sans-serif; font-size: 14pt;\"><strong><span style=\"color: #000000;\" data-huuid=\"13745137348447655760\">Vi opfordrer til aktiv deltagelse i alle former for universitetsaktiviteter, uanset om de er akademiske, kulturelle eller sportslige.<\/span><\/strong><\/span><\/p><div class=\"NPrrbc\" data-cid=\"6f0f24f9-2203-4de0-a217-7e6c3a10cbc9\" data-uuids=\"13745137348447655429,13745137348447657660,13745137348447653930,13745137348447656161,13745137348447656527,13745137348447654662,13745137348447655028,13745137348447657259,13745137348447657625,13745137348447655760\"><div class=\"BMebGe btku5b fCrZyc LwdV0e FR7ZSc qVhvac OJeuxf\" tabindex=\"0\" role=\"button\" aria-label=\"Visning af relevante links\" data-hveid=\"CAkQAQ\" data-ved=\"2ahUKEwie7Jjlp-eOAxVFhv0HHa1LKr8Q3fYKegQICRAB\">\u00a0<\/div><\/div><\/div><\/div><\/div><\/div><\/li><\/ul><\/div><\/div><div class=\"WaaZC\" style=\"text-align: right;\"><div class=\"RJPOee EIJn2\"><div class=\"rPeykc pyPiTc\" data-hveid=\"CBwQAQ\" data-ved=\"2ahUKEwie7Jjlp-eOAxVFhv0HHa1LKr8Qo_EKegQIHBAB\"><span style=\"font-family: arial black, sans-serif; font-size: 14pt; color: #ff0000;\"><strong>For det ande: S\u00e6rlige betingelser:<\/strong><\/span><\/div><div data-hveid=\"CBwQAQ\" data-ved=\"2ahUKEwie7Jjlp-eOAxVFhv0HHa1LKr8Qo_EKegQIHBAB\">\u00a0<\/div><\/div><\/div><div class=\"WaaZC\" style=\"text-align: right;\"><div class=\"RJPOee EIJn2\"><ul data-hveid=\"CDMQAQ\" data-ved=\"2ahUKEwie7Jjlp-eOAxVFhv0HHa1LKr8Qm_YKegQIMxAB\"><li class=\"K3KsMc\"><div class=\"zMgcWd dSKvsb\" data-il=\"\"><div data-crb-p=\"\"><div class=\"xFTqob\"><div class=\"Gur8Ad\"><span style=\"font-family: arial black, sans-serif; font-size: 14pt; color: #008000;\"><strong>Optagelsesbetingelser: <\/strong><\/span><\/div><div class=\"vM0jzc\"><span style=\"font-family: arial black, sans-serif; font-size: 14pt;\"><strong><span style=\"color: #000000;\" data-huuid=\"7613790171434869501\">Optagelseskravene varierer fra universitet til universitet og kan omfatte et studentereksamen, standardiserede testresultater, sprogf\u00e6rdighedsattester og anbefalingsbreve. Men for at fremme uddannelse og videnskab har vores universitet besluttet at tilbyde uddannelse til alle, der \u00f8nsker det, og vi har \u00e5bnet alle fakulteter for akademisk og professionel fjernundervisning. <\/span><\/strong><\/span><\/div><\/div><\/div><\/div><\/li><li class=\"K3KsMc\"><div class=\"zMgcWd dSKvsb\" data-il=\"\"><div data-crb-p=\"\"><div class=\"xFTqob\"><div class=\"Gur8Ad\"><span style=\"font-family: arial black, sans-serif; font-size: 14pt; color: #008000;\"><strong>Registreringsbetingelser: <\/strong><\/span><\/div><div class=\"vM0jzc\"><span style=\"font-family: arial black, sans-serif; font-size: 14pt;\"><strong><span style=\"color: #000000;\" data-huuid=\"7613790171434869478\">Nogle universiteter kan kr\u00e6ve best\u00e5else af evnetests eller indsendelse af yderligere dokumenter s\u00e5som pas eller f\u00f8dselsattest. Men vores \u00e6rede universitet n\u00f8jes med modtagelse af disse dokumenter via universitetets WhatsApp eller vores agenter i forskellige lande, som er listet p\u00e5 universitetets hjemmeside. Venligst tryk p\u00e5 dette link for at bekr\u00e6fte universitetets agenter.<\/span><\/strong><\/span><\/div><div style=\"text-align: center;\"><a href=\"https:\/\/aua-edu.com\/da\/faculty-professor\/\"><span style=\"font-size: 14pt; color: #0000ff;\"><strong>https:\/\/aua-edu.com\/faculty-professor\/<\/strong><\/span><\/a><\/div><div>\u00a0<\/div><\/div><\/div><\/div><\/li><li class=\"K3KsMc\"><div class=\"zMgcWd dSKvsb\" data-il=\"\"><div data-crb-p=\"\"><div class=\"xFTqob\"><div class=\"Gur8Ad\"><span style=\"font-family: arial black, sans-serif; font-size: 14pt; color: #008000;\"><strong>Fremm\u00f8de- og frav\u00e6rsbetingelser: <\/strong><\/span><\/div><div class=\"vM0jzc\"><span style=\"font-family: arial black, sans-serif; font-size: 14pt;\"><strong><span style=\"color: #000000;\" data-huuid=\"7613790171434869455\">Universiteter kan have specifikke regler for fremm\u00f8de og frav\u00e6r, og gentaget frav\u00e6r fra forel\u00e6sninger eller undervisning kan have akademiske konsekvenser. Men vores universitet fokuserer p\u00e5 at diskutere med studerende via internettet ved hj\u00e6lp af dedikerede applikationer og platforme.\u00a0<\/span><\/strong><\/span><\/div><div class=\"vM0jzc\"><span style=\"font-family: arial black, sans-serif; font-size: 14pt;\"><strong><span style=\"color: #000000;\" data-huuid=\"7613790171434869455\"><span data-huuid=\"569369583461439689\">Disse diskussioner giver deltagerne mulighed for at interagere med hinanden og udveksle visuelle og lydm\u00e6ssige informationer gennem computere, tablets eller smartphones... og gennem interaktive fjernundervisningssk\u00e6rme som en effektiv og moderne metode til at forbedre undervisningsprocessen og fremme deltagelse og interaktion. <em>I<\/em> Klasselokaler ... hvilket sparer tid og kr\u00e6fter.<\/span><\/span><\/strong><\/span><\/div><div>\u00a0<\/div><div>\u00a0<\/div><\/div><\/div><\/div><\/li><\/ul><\/div><\/div><div class=\"WaaZC\" style=\"text-align: right;\"><div class=\"RJPOee EIJn2\">\u00a0<\/div><\/div><div class=\"WaaZC\" style=\"text-align: right;\"><div class=\"RJPOee EIJn2\">\u00a0<\/div><\/div><div class=\"WaaZC\" style=\"text-align: right;\"><div class=\"RJPOee EIJn2\">\u00a0<\/div><\/div><div class=\"WaaZC\">\u00a0<\/div>\t\t\t\t\t\t\t\t<\/div>\n\t\t\t\t<\/div>\n\t\t\t\t\t<\/div>\n\t\t\t\t<\/div>\n\t\t<div class=\"elementor-element elementor-element-2ed358c e-flex e-con-boxed e-con e-parent\" data-id=\"2ed358c\" data-element_type=\"container\">\n\t\t\t\t\t<div class=\"e-con-inner\">\n\t\t\t\t\t<\/div>\n\t\t\t\t<\/div>\n\t\t\t\t<\/div>","protected":false},"excerpt":{"rendered":"<p>Brugsbetingelser p\u00e5 universiteter omfatter typisk et s\u00e6t regler og regulativer, som studerende, undervisere og personale skal overholde. Disse betingelser har til form\u00e5l at opretholde en organiseret og sikker uddannelsesmilj\u00f8 for at sikre alles rettigheder og pligter. Betingelserne kan variere fra universitet til universitet, men vores \u00e6rede universitets betingelser inkluderer f\u00f8lgende: For det f\u00f8rste: Generelle betingelser [\u2026]<\/p>","protected":false},"author":1,"featured_media":0,"parent":0,"menu_order":0,"comment_status":"closed","ping_status":"closed","template":"","meta":{"_acf_changed":false,"footnotes":""},"class_list":["post-76","page","type-page","status-publish","hentry"],"acf":[],"_links":{"self":[{"href":"https:\/\/aua-edu.com\/da\/wp-json\/wp\/v2\/pages\/76","targetHints":{"allow":["GET"]}}],"collection":[{"href":"https:\/\/aua-edu.com\/da\/wp-json\/wp\/v2\/pages"}],"about":[{"href":"https:\/\/aua-edu.com\/da\/wp-json\/wp\/v2\/types\/page"}],"author":[{"embeddable":true,"href":"https:\/\/aua-edu.com\/da\/wp-json\/wp\/v2\/users\/1"}],"replies":[{"embeddable":true,"href":"https:\/\/aua-edu.com\/da\/wp-json\/wp\/v2\/comments?post=76"}],"version-history":[{"count":22,"href":"https:\/\/aua-edu.com\/da\/wp-json\/wp\/v2\/pages\/76\/revisions"}],"predecessor-version":[{"id":1406,"href":"https:\/\/aua-edu.com\/da\/wp-json\/wp\/v2\/pages\/76\/revisions\/1406"}],"wp:attachment":[{"href":"https:\/\/aua-edu.com\/da\/wp-json\/wp\/v2\/media?parent=76"}],"curies":[{"name":"wp","href":"https:\/\/api.w.org\/{rel}","templated":true}]}}