{"id":78,"date":"2025-06-29T16:56:46","date_gmt":"2025-06-29T16:56:46","guid":{"rendered":"https:\/\/aua-edu.testawy.com\/?page_id=78"},"modified":"2025-07-31T14:24:21","modified_gmt":"2025-07-31T14:24:21","slug":"privacy-terms","status":"publish","type":"page","link":"https:\/\/aua-edu.com\/da\/privacy-terms\/","title":{"rendered":"Privatlivsbetingelser"},"content":{"rendered":"<div data-elementor-type=\"wp-page\" data-elementor-id=\"78\" class=\"elementor elementor-78\" data-elementor-post-type=\"page\">\n\t\t\t\t<div class=\"elementor-element elementor-element-7aee872 e-flex e-con-boxed e-con e-parent\" data-id=\"7aee872\" data-element_type=\"container\">\n\t\t\t\t\t<div class=\"e-con-inner\">\n\t\t\t\t\t<\/div>\n\t\t\t\t<\/div>\n\t\t<div class=\"elementor-element elementor-element-071a48c e-flex e-con-boxed e-con e-parent\" data-id=\"071a48c\" data-element_type=\"container\">\n\t\t\t\t\t<div class=\"e-con-inner\">\n\t\t\t\t<div class=\"elementor-element elementor-element-f066819 elementor-widget elementor-widget-text-editor\" data-id=\"f066819\" data-element_type=\"widget\" data-widget_type=\"text-editor.default\">\n\t\t\t\t<div class=\"elementor-widget-container\">\n\t\t\t\t\t\t\t\t\t<h5><img decoding=\"async\" class=\"wp-image-916 aligncenter\" src=\"https:\/\/aua-edu.com\/wp-content\/uploads\/2025\/07\/40-Recovered-Recovered-16-300x300.jpg\" alt=\"\" width=\"193\" height=\"193\" srcset=\"https:\/\/aua-edu.com\/wp-content\/uploads\/2025\/07\/40-Recovered-Recovered-16-300x300.jpg 300w, https:\/\/aua-edu.com\/wp-content\/uploads\/2025\/07\/40-Recovered-Recovered-16-1024x1024.jpg 1024w, https:\/\/aua-edu.com\/wp-content\/uploads\/2025\/07\/40-Recovered-Recovered-16-150x150.jpg 150w, https:\/\/aua-edu.com\/wp-content\/uploads\/2025\/07\/40-Recovered-Recovered-16-768x768.jpg 768w, https:\/\/aua-edu.com\/wp-content\/uploads\/2025\/07\/40-Recovered-Recovered-16-12x12.jpg 12w, https:\/\/aua-edu.com\/wp-content\/uploads\/2025\/07\/40-Recovered-Recovered-16.jpg 1200w\" sizes=\"(max-width: 193px) 100vw, 193px\" \/><\/h5><h5>\u00a0<\/h5><h5><span style=\"color: #ff0000;\"><strong><span style=\"font-family: impact, sans-serif;\">Beskyttelse af personlige oplysninger:<\/span><\/strong><\/span><\/h5><h5><span style=\"color: #000000;\"><strong><span style=\"font-family: impact, sans-serif;\">Universiteterne implementerer sikkerhedsforanstaltninger for at beskytte personlige oplysninger mod uautoriseret adgang, \u00e6ndring eller offentligg\u00f8relse<\/span><\/strong><\/span><\/h5><h5><span style=\"color: #000000;\"><strong><span style=\"font-family: impact, sans-serif;\">Eller \u00f8del\u00e6ggelse ved at anvende de nyeste teknologier til studerendes elektroniske filer<\/span><\/strong><\/span><\/h5><h5><span style=\"color: #ff0000;\"><strong><span style=\"font-family: impact, sans-serif;\">Brugerrettigheder:<\/span><\/strong><\/span><\/h5><h5><span style=\"color: #000000;\"><strong><span style=\"font-family: impact, sans-serif;\">Brugere, herunder studerende, kandidater og forskere, har ret til at f\u00e5 adgang til, rette, slette og begr\u00e6nse behandlingen af deres personlige oplysninger<\/span><\/strong><\/span><\/h5><h5><span style=\"color: #000000;\"><strong><span style=\"font-family: impact, sans-serif;\">Universitetet respekterer disse rettigheder og giver brugerne mulighed for at ud\u00f8ve deres rettigheder.<\/span><\/strong><\/span><\/h5><h5><span style=\"color: #ff0000;\"><strong><span style=\"font-family: impact, sans-serif;\">\u00c6ndringer i privatlivspolitikken:<\/span><\/strong><\/span><\/h5><h5><span style=\"color: #000000;\"><strong><span style=\"font-family: impact, sans-serif;\">Universitetet kan fra tid til anden opdatere sin privatlivspolitik for at afspejle \u00e6ndringer i praksis eller g\u00e6ldende love.<\/span><\/strong><\/span><\/h5>\t\t\t\t\t\t\t\t<\/div>\n\t\t\t\t<\/div>\n\t\t\t\t\t<\/div>\n\t\t\t\t<\/div>\n\t\t\t\t<\/div>","protected":false},"excerpt":{"rendered":"<p>\u00a0 Beskyttelse af personlige data: Universiteterne tr\u00e6ffer sikkerhedsforanstaltninger for at beskytte personlige data mod uautoriseret adgang, \u00e6ndring, offentligg\u00f8relse eller \u00f8del\u00e6ggelse ved at anvende de nyeste teknologier til studerendes elektroniske filer. Brugeres rettigheder: Brugere, herunder studerende, kandidater og forskere, har ret til at f\u00e5 adgang til, rette, slette og begr\u00e6nse behandlingen af deres personlige data. Universitetet respekterer disse rettigheder og tilbyder mekanismer for brugere til at ud\u00f8ve [...]<\/p>","protected":false},"author":1,"featured_media":0,"parent":0,"menu_order":0,"comment_status":"closed","ping_status":"closed","template":"","meta":{"_acf_changed":false,"footnotes":""},"class_list":["post-78","page","type-page","status-publish","hentry"],"acf":[],"_links":{"self":[{"href":"https:\/\/aua-edu.com\/da\/wp-json\/wp\/v2\/pages\/78","targetHints":{"allow":["GET"]}}],"collection":[{"href":"https:\/\/aua-edu.com\/da\/wp-json\/wp\/v2\/pages"}],"about":[{"href":"https:\/\/aua-edu.com\/da\/wp-json\/wp\/v2\/types\/page"}],"author":[{"embeddable":true,"href":"https:\/\/aua-edu.com\/da\/wp-json\/wp\/v2\/users\/1"}],"replies":[{"embeddable":true,"href":"https:\/\/aua-edu.com\/da\/wp-json\/wp\/v2\/comments?post=78"}],"version-history":[{"count":19,"href":"https:\/\/aua-edu.com\/da\/wp-json\/wp\/v2\/pages\/78\/revisions"}],"predecessor-version":[{"id":934,"href":"https:\/\/aua-edu.com\/da\/wp-json\/wp\/v2\/pages\/78\/revisions\/934"}],"wp:attachment":[{"href":"https:\/\/aua-edu.com\/da\/wp-json\/wp\/v2\/media?parent=78"}],"curies":[{"name":"wp","href":"https:\/\/api.w.org\/{rel}","templated":true}]}}