{"id":81,"date":"2025-06-29T16:58:22","date_gmt":"2025-06-29T16:58:22","guid":{"rendered":"https:\/\/aua-edu.testawy.com\/?page_id=81"},"modified":"2025-09-08T12:37:48","modified_gmt":"2025-09-08T12:37:48","slug":"%d8%aa%d9%86%d8%a8%d9%8a%d8%a9-%d8%a7%d9%84%d8%a3%d8%ad%d8%aa%d9%8a%d8%a7%d9%84","status":"publish","type":"page","link":"https:\/\/aua-edu.com\/da\/%d8%aa%d9%86%d8%a8%d9%8a%d8%a9-%d8%a7%d9%84%d8%a3%d8%ad%d8%aa%d9%8a%d8%a7%d9%84\/","title":{"rendered":"Svindeladvarsel"},"content":{"rendered":"<div data-elementor-type=\"wp-page\" data-elementor-id=\"81\" class=\"elementor elementor-81\" data-elementor-post-type=\"page\">\n\t\t\t\t<div class=\"elementor-element elementor-element-a3a342c e-grid e-con-boxed e-con e-parent\" data-id=\"a3a342c\" data-element_type=\"container\">\n\t\t\t\t\t<div class=\"e-con-inner\">\n\t\t\t\t<div class=\"elementor-element elementor-element-9690251 elementor-widget elementor-widget-text-editor\" data-id=\"9690251\" data-element_type=\"widget\" data-widget_type=\"text-editor.default\">\n\t\t\t\t<div class=\"elementor-widget-container\">\n\t\t\t\t\t\t\t\t\t<p style=\"text-align: center;\"><span style=\"font-size: 24pt; color: #ff0000; font-family: tahoma, arial, helvetica, sans-serif;\"><strong>Vigtig advarsel.<\/strong><\/span><\/p><p><span style=\"font-size: 14pt; font-family: arial, helvetica, sans-serif; color: #000000;\"><strong>Det Afrikanske Universitet for Avancerede Studier og Forskning advarer mod at h\u00e5ndtere registrering eller tilmelding til kurser<\/strong><\/span><\/p><p><span style=\"font-size: 14pt; font-family: arial, helvetica, sans-serif; color: #000000;\"><strong>Eller modtage akkrediterede universitetsgrader (bachelor \u2013 kandidat \u2013 ph.d.) <\/strong><\/span><\/p><p><span style=\"font-size: 14pt; font-family: arial, helvetica, sans-serif; color: #000000;\"><strong>Uanset om de er videnskabelige eller faglige<\/strong><\/span><\/p><p><span style=\"font-size: 14pt; font-family: arial, helvetica, sans-serif; color: #000000;\"><strong>Undtagen gennem universitetets WhatsApp, som er anf\u00f8rt \u00f8verst p\u00e5 hjemmesiden, nemlig:<\/strong><\/span><\/p><p style=\"text-align: center;\"><span style=\"font-size: 14pt;\">\u200f\u202a<strong><span style=\"color: #ff0000;\">+44 7446 966880<\/span><\/strong><\/span><\/p><p><span style=\"color: #000000; font-size: 14pt; font-family: arial, helvetica, sans-serif;\"><strong>Eller gennem vores autoriserede agenter.<\/strong><\/span><\/p><p><span style=\"color: #000000; font-size: 14pt; font-family: arial, helvetica, sans-serif;\"><strong>Venligst tryk p\u00e5 dette link for at se agenterne<\/strong><\/span><\/p><p><blockquote class=\"wp-embedded-content\" data-secret=\"wojUBqnHxo\"><a href=\"https:\/\/aua-edu.com\/da\/faculty-professor\/\">Vores agenter i landene<\/a><\/blockquote><iframe class=\"wp-embedded-content\" sandbox=\"allow-scripts\" security=\"restricted\" style=\"position: absolute; visibility: hidden;\" title=\"&quot;Vores agenter i landene&quot; \u2014 Det Afrikanske Universitet for Videnskab og Forskning\" src=\"https:\/\/aua-edu.com\/faculty-professor\/embed\/#?secret=m90rXTicJj#?secret=wojUBqnHxo\" data-secret=\"wojUBqnHxo\" width=\"600\" height=\"338\" frameborder=\"0\" marginwidth=\"0\" marginheight=\"0\" scrolling=\"no\"><\/iframe><\/p>\t\t\t\t\t\t\t\t<\/div>\n\t\t\t\t<\/div>\n\t\t\t\t\t<\/div>\n\t\t\t\t<\/div>\n\t\t\t\t<\/div>","protected":false},"excerpt":{"rendered":"<p>Vigtig advarsel: Det Afrikanske Universitet for Avancerede Studier og Videnskabelig Forskning advarer mod at h\u00e5ndtere registrering, tilmelding til kurser eller erhvervelse af akkrediterede universitetsgrader (bachelor - kandidat - ph.d.), b\u00e5de akademiske og professionelle, udelukkende gennem universitetets WhatsApp, som er angivet \u00f8verst p\u00e5 hjemmesiden: +44 7446 966880, eller gennem vores autoriserede agenter [...]<\/p>","protected":false},"author":1,"featured_media":0,"parent":0,"menu_order":0,"comment_status":"closed","ping_status":"closed","template":"","meta":{"_acf_changed":false,"footnotes":""},"class_list":["post-81","page","type-page","status-publish","hentry"],"acf":[],"_links":{"self":[{"href":"https:\/\/aua-edu.com\/da\/wp-json\/wp\/v2\/pages\/81","targetHints":{"allow":["GET"]}}],"collection":[{"href":"https:\/\/aua-edu.com\/da\/wp-json\/wp\/v2\/pages"}],"about":[{"href":"https:\/\/aua-edu.com\/da\/wp-json\/wp\/v2\/types\/page"}],"author":[{"embeddable":true,"href":"https:\/\/aua-edu.com\/da\/wp-json\/wp\/v2\/users\/1"}],"replies":[{"embeddable":true,"href":"https:\/\/aua-edu.com\/da\/wp-json\/wp\/v2\/comments?post=81"}],"version-history":[{"count":35,"href":"https:\/\/aua-edu.com\/da\/wp-json\/wp\/v2\/pages\/81\/revisions"}],"predecessor-version":[{"id":2079,"href":"https:\/\/aua-edu.com\/da\/wp-json\/wp\/v2\/pages\/81\/revisions\/2079"}],"wp:attachment":[{"href":"https:\/\/aua-edu.com\/da\/wp-json\/wp\/v2\/media?parent=81"}],"curies":[{"name":"wp","href":"https:\/\/api.w.org\/{rel}","templated":true}]}}