{"id":823,"date":"2025-07-30T05:39:31","date_gmt":"2025-07-30T05:39:31","guid":{"rendered":"https:\/\/aua-edu.com\/?page_id=823"},"modified":"2026-02-19T23:16:12","modified_gmt":"2026-02-19T23:16:12","slug":"faculty-professor","status":"publish","type":"page","link":"https:\/\/aua-edu.com\/da\/faculty-professor\/","title":{"rendered":"Vores agenter i landene"},"content":{"rendered":"<div data-elementor-type=\"wp-page\" data-elementor-id=\"823\" class=\"elementor elementor-823\" data-elementor-post-type=\"page\">\n\t\t\t\t<div class=\"elementor-element elementor-element-259c4ff e-flex e-con-boxed e-con e-parent\" data-id=\"259c4ff\" data-element_type=\"container\">\n\t\t\t\t\t<div class=\"e-con-inner\">\n\t\t\t\t<div class=\"elementor-element elementor-element-ab192c2 elementor-widget elementor-widget-heading\" data-id=\"ab192c2\" data-element_type=\"widget\" data-widget_type=\"heading.default\">\n\t\t\t\t<div class=\"elementor-widget-container\">\n\t\t\t\t\t<h2 class=\"elementor-heading-title elementor-size-default\">Vores agenter i landene<\/h2>\t\t\t\t<\/div>\n\t\t\t\t<\/div>\n\t\t\t\t\t<\/div>\n\t\t\t\t<\/div>\n\t\t<div class=\"elementor-element elementor-element-ac85967 e-flex e-con-boxed e-con e-parent\" data-id=\"ac85967\" data-element_type=\"container\">\n\t\t\t\t\t<div class=\"e-con-inner\">\n\t\t\t\t<div class=\"elementor-element elementor-element-a4da217 elementor-widget elementor-widget-text-editor\" data-id=\"a4da217\" data-element_type=\"widget\" data-widget_type=\"text-editor.default\">\n\t\t\t\t<div class=\"elementor-widget-container\">\n\t\t\t\t\t\t\t\t\t<h6><img decoding=\"async\" class=\"wp-image-2178 aligncenter\" src=\"https:\/\/aua-edu.com\/wp-content\/uploads\/2025\/09\/\u0644\u0645\u0627\u0630\u0627-\u062a\u062d\u062a\u0627\u062c-\u0634\u0631\u0643\u0627\u062a-\u0627\u0644\u062a\u0633\u0648\u064a\u0642-\u0641\u064a-\u062c\u062f\u0629\u061f-300x200.webp\" alt=\"\" width=\"256\" height=\"171\" srcset=\"https:\/\/aua-edu.com\/wp-content\/uploads\/2025\/09\/\u0644\u0645\u0627\u0630\u0627-\u062a\u062d\u062a\u0627\u062c-\u0634\u0631\u0643\u0627\u062a-\u0627\u0644\u062a\u0633\u0648\u064a\u0642-\u0641\u064a-\u062c\u062f\u0629\u061f-300x200.webp 300w, https:\/\/aua-edu.com\/wp-content\/uploads\/2025\/09\/\u0644\u0645\u0627\u0630\u0627-\u062a\u062d\u062a\u0627\u062c-\u0634\u0631\u0643\u0627\u062a-\u0627\u0644\u062a\u0633\u0648\u064a\u0642-\u0641\u064a-\u062c\u062f\u0629\u061f-1024x683.webp 1024w, https:\/\/aua-edu.com\/wp-content\/uploads\/2025\/09\/\u0644\u0645\u0627\u0630\u0627-\u062a\u062d\u062a\u0627\u062c-\u0634\u0631\u0643\u0627\u062a-\u0627\u0644\u062a\u0633\u0648\u064a\u0642-\u0641\u064a-\u062c\u062f\u0629\u061f-768x512.webp 768w, https:\/\/aua-edu.com\/wp-content\/uploads\/2025\/09\/\u0644\u0645\u0627\u0630\u0627-\u062a\u062d\u062a\u0627\u062c-\u0634\u0631\u0643\u0627\u062a-\u0627\u0644\u062a\u0633\u0648\u064a\u0642-\u0641\u064a-\u062c\u062f\u0629\u061f-18x12.webp 18w, https:\/\/aua-edu.com\/wp-content\/uploads\/2025\/09\/\u0644\u0645\u0627\u0630\u0627-\u062a\u062d\u062a\u0627\u062c-\u0634\u0631\u0643\u0627\u062a-\u0627\u0644\u062a\u0633\u0648\u064a\u0642-\u0641\u064a-\u062c\u062f\u0629\u061f.webp 1200w\" sizes=\"(max-width: 256px) 100vw, 256px\" \/><\/h6><h6>\u00a0<\/h6><h6 style=\"text-align: center;\"><strong><span style=\"font-size: 12pt; color: #ff0000; font-family: arial black, sans-serif;\">Kontakt os via WhatsApp p\u00e5 dette nummer for at finde agentens nummer i dit land, eller for at abonnere eller foresp\u00f8rge:<\/span><\/strong><\/h6><p style=\"text-align: center;\"><span style=\"font-size: 18pt; color: #0000ff;\"><strong><span style=\"font-family: arial black, sans-serif;\">447446966880+<\/span><\/strong><\/span><\/p><h6><span style=\"font-family: arial black, sans-serif; font-size: 12pt;\"><strong><span style=\"color: #000000;\">Vores universitets marketingagenter er vores str\u00e5lende ansigt udadtil og vores ambassad\u00f8rer overalt i verden.<\/span><\/strong><\/span><br \/><span style=\"font-family: arial black, sans-serif; font-size: 12pt;\"><strong><span style=\"color: #000000;\">De pr\u00e6senterer \u00e6rligt universitetets image og dets kontinuerlige udvikling og arbejder p\u00e5 at tydeligg\u00f8re fordelene ved specialer, programmer og akademiske fakulteter.<\/span><\/strong><\/span><br \/><span style=\"font-family: arial black, sans-serif; font-size: 12pt;\"><strong><span style=\"color: #000000;\">Takket v\u00e6re deres ekspertise bliver de en bro mellem universitetet og studerende samt for\u00e6ldre, og hj\u00e6lper dem med at tr\u00e6ffe de rigtige beslutninger for deres b\u00f8rns fremtid og opn\u00e5 en bachelorgrad.<\/span><\/strong><\/span><br \/><span style=\"font-family: arial black, sans-serif; font-size: 12pt;\"><strong><span style=\"color: #000000;\">De promoverer ikke universitetet, men \u00e5bner i stedet d\u00f8rene til h\u00e5b om en lovende fremtid bygget p\u00e5 h\u00f8jkvalitetsuddannelse og gensidig tillid.<\/span><\/strong><\/span><\/h6><h6><span style=\"font-family: arial black, sans-serif; font-size: 12pt;\"><strong><span style=\"color: #000000;\"><span style=\"color: #000000;\">De\u00a0<\/span>En \u00e6gte bro mellem universitetet og studerende overalt, og de g\u00f8r information tilg\u00e6ngelig p\u00e5 en forenklet og klar m\u00e5de.<\/span><\/strong><\/span><\/h6><h4><strong><span style=\"color: #ff0000; font-size: 12pt; font-family: arial black, sans-serif;\">Liste over officielt autoriserede agenter:<\/span><\/strong><\/h4><h5><strong><span style=\"color: #ff0000; font-family: arial black, sans-serif; font-size: 12pt;\">Vores agent i afrikanske lande:<\/span><\/strong><\/h5><h5><strong><span style=\"font-family: arial black, sans-serif; font-size: 12pt;\"><span style=\"color: #0000ff;\">Professor \/ Hussein Idris<\/span><\/span><\/strong><\/h5><div data-crb-p=\"\"><div class=\"xFTqob\"><div class=\"Gur8Ad\"><strong><span style=\"color: #000000; font-size: 12pt; font-family: arial black, sans-serif;\"><span style=\"color: #008000;\">Vestafrika:<\/span> <\/span><\/strong><\/div><div class=\"vM0jzc\"><p><strong><span style=\"color: #000000; font-size: 12pt; font-family: arial black, sans-serif;\">Nigeria, Ghana, Elfenbenskysten, Senegal, Mali, Niger, Burkina Faso, Benin, Togo, Gambia, Guinea, Guinea-Bissau, Liberia, Sierra Leone, Kap Verde<\/span><\/strong><\/p><\/div><\/div><\/div><div class=\"xFTqob\"><div class=\"Gur8Ad\"><strong><span style=\"color: #000000; font-size: 12pt; font-family: arial black, sans-serif;\"><span style=\"color: #008000;\">Centralafrika:<\/span> <\/span><\/strong><\/div><div class=\"vM0jzc\"><p><strong><span style=\"color: #000000; font-size: 12pt; font-family: arial black, sans-serif;\">Den Demokratiske Republik Congo, Cameroun, Tchad, Den Centralafrikanske Republik, Gabon, \u00c6kvatorialguinea, Congo, S\u00e3o Tom\u00e9 og Pr\u00edncipe <\/span><\/strong><\/p><p><strong><span style=\"color: #000000; font-size: 12pt; font-family: arial black, sans-serif;\"><span style=\"color: #008000;\">\u00d8stafrika:<\/span> <\/span><\/strong><\/p><\/div><\/div><div class=\"xFTqob\"><div class=\"vM0jzc\"><strong><span style=\"color: #000000; font-size: 12pt; font-family: arial black, sans-serif;\">Etiopien, Kenya, Tanzania, Uganda, Rwanda, Burundi, Eritrea, Djibouti, Somalia, Sydsudan<\/span><\/strong><\/div><div class=\"vM0jzc\"><strong><span style=\"color: #000000; font-size: 12pt; font-family: arial black, sans-serif;\"><span class=\"pjBG2e\" data-cid=\"be81ac5d-3e81-4055-bba0-8eb4ed9e6b9e\"><span class=\"UV3uM\">\u00a0<\/span><\/span><\/span><\/strong><\/div><\/div><div data-crb-p=\"\"><div class=\"xFTqob\"><strong><span style=\"color: #000000; font-size: 12pt; font-family: arial black, sans-serif;\"><span style=\"color: #008000;\">Sydafrika:<\/span> <\/span><\/strong><\/div><\/div><div data-crb-p=\"\"><div class=\"xFTqob\"><strong><span style=\"color: #000000; font-size: 12pt; font-family: arial black, sans-serif;\">Sydafrika, Angola, Zambia, Zimbabwe, Botswana, Namibia, Mozambique, Malawi, Lesotho, Eswatini (Swaziland), Madagaskar, Mauritius, Comorerne<\/span><\/strong><\/div><\/div><h5>\u00a0<\/h5><h5><strong><span style=\"color: #ff0000; font-family: arial black, sans-serif; font-size: 12pt;\">Vores agent i Syd- og \u00d8stasien:<\/span><\/strong><\/h5><h4><strong><span style=\"font-family: arial black, sans-serif; font-size: 12pt;\"><span style=\"color: #0000ff;\">Dr. Ji Hong Sung<\/span><\/span><\/strong><\/h4><h5><strong><span style=\"font-family: arial black, sans-serif; font-size: 12pt;\"><span style=\"color: #000000;\">Indien, Pakistan, Bangladesh, Nepal, Indonesien, Vietnam, Thailand, Filippinerne, Singapore og Malaysia<\/span><\/span><\/strong><\/h5><h5>\u00a0<\/h5><h5><strong><span style=\"color: #ff0000; font-family: arial black, sans-serif; font-size: 12pt;\">Vores agent i Nord- og Sydamerika:<\/span><\/strong><\/h5><h5><strong><span style=\"color: #0000ff; font-family: arial black, sans-serif; font-size: 12pt;\">Kaptajn \/ Santiago Miguel Alejandro<\/span><\/strong><\/h5><div class=\"WaaZC\"><div class=\"RJPOee EIJn2\"><h5 class=\"rPeykc pyPiTc\" data-hveid=\"CAcQAQ\" data-ved=\"2ahUKEwiIrrvJleeOAxWyhP0HHSHuF8cQo_EKegQIBxAB\"><strong><span style=\"font-family: arial black, sans-serif; font-size: 12pt;\"><span style=\"color: #008000;\">Nordamerika:<\/span><\/span><\/strong><\/h5><\/div><\/div><div class=\"RJPOee EIJn2\"><p><strong><span style=\"font-size: 12pt; font-family: arial black, sans-serif;\"><span style=\"color: #000000;\" data-huuid=\"7869172851622037516\">Canada, <\/span><span style=\"color: #000000;\" data-huuid=\"7869172851622036270\">De Forenede Stater, <\/span><span style=\"color: #000000;\" data-huuid=\"7869172851622039120\">Mexico <\/span><\/span><\/strong><\/p><p><strong><span style=\"font-family: arial black, sans-serif; font-size: 12pt;\"><span style=\"color: #000000;\"><span style=\"color: #008000;\">Mellemamerikanske lande:<\/span> <\/span><\/span><\/strong><\/p><p><strong><span style=\"font-size: 12pt; font-family: arial black, sans-serif;\"><span style=\"color: #000000;\">(Belize, Costa Rica, El Salvador, Guatemala, Honduras, Nicaragua, Panama) <\/span><\/span><\/strong><\/p><p><strong><span style=\"font-size: 12pt; font-family: arial black, sans-serif;\"><span style=\"color: #000000;\"><span style=\"color: #008000;\">Caribiske lande:<\/span> <\/span><\/span><\/strong><\/p><p><strong><span style=\"font-size: 12pt; font-family: arial black, sans-serif;\"><span style=\"color: #000000;\">(Bahamas, Barbados, Cuba, Dominica, Den Dominikanske Republik, Grenada, Haiti, Jamaica, Saint Kitts og Nevis, Saint Lucia, Saint Vincent og Grenadinerne, Trinidad og Tobago) <\/span><\/span><\/strong><\/p><\/div><div class=\"RJPOee EIJn2\"><div class=\"rPeykc pyPiTc\" data-hveid=\"CCMQAQ\" data-ved=\"2ahUKEwiIrrvJleeOAxWyhP0HHSHuF8cQo_EKegQIIxAB\"><strong><span style=\"font-size: 12pt; font-family: arial black, sans-serif; color: #008000;\">Sydamerika:<\/span><\/strong><\/div><\/div><div class=\"RJPOee EIJn2\"><div class=\"rPeykc\" data-hveid=\"CB0QAQ\" data-ved=\"2ahUKEwiIrrvJleeOAxWyhP0HHSHuF8cQo_EKegQIHRAB\"><strong><span style=\"font-size: 12pt; font-family: arial black, sans-serif;\"><span style=\"color: #000000;\" data-huuid=\"2125258327534393925\">Argentina, Bolivia, Brasilien, Chile, Colombia, Ecuador, Guyana, Paraguay, Peru, Surinam, Uruguay, Venezuela. <\/span><\/span><\/strong><\/div><\/div><h5>\u00a0<\/h5><h5><strong><span style=\"color: #ff0000; font-family: arial black, sans-serif; font-size: 12pt;\">Vores agent i Mellem\u00f8sten og arabiske lande:<\/span><\/strong><\/h5><h2><strong><span style=\"font-family: arial black, sans-serif; font-size: 12pt;\"><span style=\"color: #0000ff;\">Mahmoud Adel<\/span><\/span><\/strong><\/h2><h5><strong><span style=\"color: #000000; font-size: 12pt; font-family: arial black, sans-serif;\"><span class=\"NA6bn BxUVEf UiGGAb ILfuVd\" lang=\"ar\"><span class=\"hgKElc\"><span style=\"color: #008000;\">Den Arabiske Halv\u00f8:<\/span><\/span><\/span><\/span><\/strong><\/h5><h5><strong><span style=\"color: #000000; font-size: 12pt; font-family: arial black, sans-serif;\"><span class=\"NA6bn BxUVEf UiGGAb ILfuVd\" lang=\"ar\"><span class=\"hgKElc\">Egypten, De Forenede Arabiske Emirater, Bahrain, Kuwait, Saudi-Arabien, Yemen, Qatar, Oman. Jordan, Syrien, Libanon, Pal\u00e6stina, Irak. Sudan, Libyen, Tunesien, Algeriet, Marokko, Mauretanien<\/span><\/span><\/span><\/strong><\/h5><h5>\u00a0<\/h5><h5><strong><span style=\"color: #ff0000; font-family: arial black, sans-serif; font-size: 12pt;\">Vores agent i Den Europ\u00e6iske Union:<\/span><\/strong><\/h5><h5><strong><span style=\"font-size: 12pt; font-family: arial black, sans-serif;\"><span style=\"color: #0000ff;\">Ans\u00f8gning om nominering er i gang<\/span><\/span><\/strong><\/h5><h5><strong><span style=\"font-size: 12pt; font-family: arial black, sans-serif;\"><span style=\"color: #000000;\" data-huuid=\"15696346050247683371\">\u00d8strig, Belgien, Bulgarien, Kroatien, Cypern, Tjekkiet, Danmark, Estland, Finland, Frankrig, Tyskland, Gr\u00e6kenland, Ungarn, Irland, Italien, Letland, Litauen, Luxembourg, Malta, Holland, Polen, Portugal, Rum\u00e6nien, Slovakiet, Slovenien, Spanien og Sverige<\/span><\/span><\/strong><\/h5><h5><strong><span style=\"color: #0000ff; font-size: 12pt; font-family: arial black, sans-serif;\">Vores agenter i nogle arabiske lande:<\/span><\/strong><\/h5><h5><strong><span style=\"color: #ff0000; font-family: arial black, sans-serif; font-size: 12pt;\">Kuwait:<\/span><\/strong><\/h5><h5><strong><span style=\"color: #000000; font-family: arial black, sans-serif; font-size: 12pt;\">Sara Meshaal Abdul Latif<\/span><\/strong><\/h5><h5><strong><span style=\"color: #ff0000; font-family: arial black, sans-serif; font-size: 12pt;\">Saudi-Arabien:<\/span><\/strong><\/h5><h5><strong><span style=\"color: #000000; font-family: arial black, sans-serif; font-size: 12pt;\">Fahd Abdulaziz Yazan<\/span><\/strong><\/h5><h5><strong><span style=\"color: #ff0000; font-family: arial black, sans-serif; font-size: 12pt;\">De Forenede Arabiske Emirater:<\/span><\/strong><\/h5><h5><strong><span style=\"color: #000000; font-family: arial black, sans-serif; font-size: 12pt;\">Athar Saifullah Kenan<\/span><\/strong><\/h5><h5><strong><span style=\"color: #ff0000; font-family: arial black, sans-serif; font-size: 12pt;\">Qatar:<\/span><\/strong><\/h5><h5><strong><span style=\"color: #000000; font-family: arial black, sans-serif; font-size: 12pt;\">Khalifa Abdulrahman Sultan<\/span><\/strong><\/h5><h5>\u00a0<\/h5><h5>\u00a0<\/h5>\t\t\t\t\t\t\t\t<\/div>\n\t\t\t\t<\/div>\n\t\t\t\t\t<\/div>\n\t\t\t\t<\/div>\n\t\t\t\t<\/div>","protected":false},"excerpt":{"rendered":"<p>\u0648\u0643\u0644\u0627\u0624\u0646\u0627 \u0628\u0627\u0644\u062f\u0648\u0644 \u00a0 \u062a\u0648\u0627\u0635\u0644 \u0648\u0627\u062a\u0633 \u0623\u0628 \u0639\u0644\u0649 \u0647\u0630\u0627 \u0627\u0644\u0631\u0642\u0645 \u0644\u062a\u0639\u0631\u0641 \u0631\u0642\u0645 \u0627\u0644\u0648\u0643\u064a\u0644 \u0628\u062f\u0648\u0644\u062a\u0643 \u0623\u0648 \u0627\u0644\u0625\u0634\u062a\u0631\u0627\u0643 \u0623\u0648 \u0627\u0644\u0625\u0633\u062a\u0641\u0633\u0627\u0631 : 447446966880+ \u0648\u0643\u0644\u0627\u0621 \u0627\u0644\u062a\u0633\u0648\u064a\u0642 \u0641\u064a \u062c\u0627\u0645\u0639\u062a\u0646\u0627 \u0647\u0645 \u0648\u0627\u062c\u0647\u062a\u0646\u0627 \u0627\u0644\u0645\u0634\u0631\u0642\u0629 \u0648\u0633\u0641\u0631\u0627\u0624\u0646\u0627 \u0641\u064a \u0643\u0644 \u0645\u0643\u0627\u0646 \u0641\u0649 \u0627\u0644\u0639\u0627\u0644\u0645 .\u064a\u0642\u0648\u0645\u0648\u0646 \u0628\u0639\u0631\u0636 \u0635\u0648\u0631\u0629 \u0627\u0644\u062c\u0627\u0645\u0639\u0629 \u0648\u0627\u0644\u062a\u0637\u0648\u064a\u0631 \u0627\u0644\u0645\u0633\u062a\u0645\u0631 \u0641\u064a\u0647\u0627 \u0628\u0623\u0645\u0627\u0646\u0629 \u060c \u0648\u064a\u0639\u0645\u0644\u0648\u0646 \u0639\u0644\u0649 \u062a\u0648\u0636\u064a\u062d \u0645\u0645\u064a\u0632\u0627\u062a \u0627\u0644\u062a\u062e\u0635\u0635\u0627\u062a \u0648\u0627\u0644\u0628\u0631\u0627\u0645\u062c \u0648\u0627\u0644\u0643\u0644\u064a\u0627\u062a \u0627\u0644\u0623\u0643\u0627\u062f\u064a\u0645\u064a\u0629 .\u0628\u0641\u0636\u0644 \u062e\u0628\u0631\u062a\u0647\u0645 \u060c \u064a\u0635\u0628\u062d\u0648\u0646 \u062c\u0633\u0631\u0627\u064b \u0644\u0644\u062a\u0648\u0627\u0635\u0644 [&hellip;]<\/p>","protected":false},"author":2,"featured_media":0,"parent":0,"menu_order":0,"comment_status":"closed","ping_status":"closed","template":"","meta":{"_acf_changed":false,"footnotes":""},"class_list":["post-823","page","type-page","status-publish","hentry"],"acf":[],"_links":{"self":[{"href":"https:\/\/aua-edu.com\/da\/wp-json\/wp\/v2\/pages\/823","targetHints":{"allow":["GET"]}}],"collection":[{"href":"https:\/\/aua-edu.com\/da\/wp-json\/wp\/v2\/pages"}],"about":[{"href":"https:\/\/aua-edu.com\/da\/wp-json\/wp\/v2\/types\/page"}],"author":[{"embeddable":true,"href":"https:\/\/aua-edu.com\/da\/wp-json\/wp\/v2\/users\/2"}],"replies":[{"embeddable":true,"href":"https:\/\/aua-edu.com\/da\/wp-json\/wp\/v2\/comments?post=823"}],"version-history":[{"count":107,"href":"https:\/\/aua-edu.com\/da\/wp-json\/wp\/v2\/pages\/823\/revisions"}],"predecessor-version":[{"id":2292,"href":"https:\/\/aua-edu.com\/da\/wp-json\/wp\/v2\/pages\/823\/revisions\/2292"}],"wp:attachment":[{"href":"https:\/\/aua-edu.com\/da\/wp-json\/wp\/v2\/media?parent=823"}],"curies":[{"name":"wp","href":"https:\/\/api.w.org\/{rel}","templated":true}]}}