{"id":1146,"date":"2025-08-08T20:16:45","date_gmt":"2025-08-08T20:16:45","guid":{"rendered":"https:\/\/aua-edu.com\/?page_id=1146"},"modified":"2025-09-05T23:51:45","modified_gmt":"2025-09-05T23:51:45","slug":"%d8%a7%d9%84%d8%b9%d9%84%d8%a7%d8%ac-%d8%a7%d9%84%d8%b7%d8%a8%d9%8a%d8%b9%d9%89","status":"publish","type":"page","link":"https:\/\/aua-edu.com\/fr\/%d8%a7%d9%84%d8%b9%d9%84%d8%a7%d8%ac-%d8%a7%d9%84%d8%b7%d8%a8%d9%8a%d8%b9%d9%89\/","title":{"rendered":"Physioth\u00e9rapie"},"content":{"rendered":"<p><img decoding=\"async\" class=\"wp-image-1210 aligncenter\" src=\"https:\/\/aua-edu.com\/wp-content\/uploads\/2025\/08\/6566565655656-300x300.jpeg\" alt=\"\" width=\"144\" height=\"144\" srcset=\"https:\/\/aua-edu.com\/wp-content\/uploads\/2025\/08\/6566565655656-300x300.jpeg 300w, https:\/\/aua-edu.com\/wp-content\/uploads\/2025\/08\/6566565655656-150x150.jpeg 150w, https:\/\/aua-edu.com\/wp-content\/uploads\/2025\/08\/6566565655656-768x771.jpeg 768w, https:\/\/aua-edu.com\/wp-content\/uploads\/2025\/08\/6566565655656-12x12.jpeg 12w, https:\/\/aua-edu.com\/wp-content\/uploads\/2025\/08\/6566565655656.jpeg 940w\" sizes=\"(max-width: 144px) 100vw, 144px\" \/><\/p>\n<h3><span style=\"color: #000000; font-size: 10pt; font-family: arial, helvetica, sans-serif;\"><strong>Le Coll\u00e8ge de physioth\u00e9rapie est un \u00e9tablissement d&#039;enseignement sp\u00e9cialis\u00e9 qui vise \u00e0 pr\u00e9parer un personnel qualifi\u00e9 dot\u00e9 de connaissances scientifiques et de comp\u00e9tences pratiques dans les domaines du diagnostic moteur, de la r\u00e9adaptation et du traitement des blessures et des troubles physiques en utilisant des m\u00e9thodes naturelles et s\u00fbres.<\/strong><\/span><br \/>\n<span style=\"color: #000000; font-size: 10pt; font-family: arial, helvetica, sans-serif;\"><strong>Le coll\u00e8ge combine des \u00e9tudes th\u00e9oriques avanc\u00e9es avec une formation pratique dans les h\u00f4pitaux et les centres de r\u00e9adaptation, assurant la formation de sp\u00e9cialistes capables de fournir des soins th\u00e9rapeutiques de haute qualit\u00e9 et de contribuer \u00e0 am\u00e9liorer la sant\u00e9 et les fonctions motrices des patients.<\/strong><\/span><br \/>\n<span style=\"color: #000000; font-size: 10pt; font-family: arial, helvetica, sans-serif;\"><strong>Le coll\u00e8ge souhaite \u00e9galement se tenir au courant des derni\u00e8res recherches et technologies dans le domaine de la physioth\u00e9rapie et renforcer le r\u00f4le des dipl\u00f4m\u00e9s au service de la communaut\u00e9 locale et internationale et soutenir des modes de vie sains.<\/strong><\/span><\/h3>","protected":false},"excerpt":{"rendered":"<p>\u062a\u064f\u0639\u064e\u062f\u0651 \u0643\u0644\u064a\u0629 \u0627\u0644\u0639\u0644\u0627\u062c \u0627\u0644\u0637\u0628\u064a\u0639\u064a \u0645\u0624\u0633\u0633\u0629 \u062a\u0639\u0644\u064a\u0645\u064a\u0629 \u0645\u062a\u062e\u0635\u0635\u0629 \u062a\u0647\u062f\u0641 \u0625\u0644\u0649 \u0625\u0639\u062f\u0627\u062f \u0643\u0648\u0627\u062f\u0631 \u0645\u0624\u0647\u0644\u0629 \u062a\u0645\u062a\u0644\u0643 \u0627\u0644\u0645\u0639\u0631\u0641\u0629 \u0627\u0644\u0639\u0644\u0645\u064a\u0629 \u0648\u0627\u0644\u0645\u0647\u0627\u0631\u0627\u062a \u0627\u0644\u0639\u0645\u0644\u064a\u0629 \u0641\u064a \u0645\u062c\u0627\u0644\u0627\u062a \u0627\u0644\u062a\u0634\u062e\u064a\u0635 \u0627\u0644\u062d\u0631\u0643\u064a \u060c \u0648\u0627\u0644\u062a\u0623\u0647\u064a\u0644 \u060c \u0648\u0639\u0644\u0627\u062c \u0627\u0644\u0625\u0635\u0627\u0628\u0627\u062a \u0648\u0627\u0644\u0625\u0636\u0637\u0631\u0627\u0628\u0627\u062a \u0627\u0644\u062c\u0633\u062f\u064a\u0629 \u0628\u0637\u0631\u0642 \u0637\u0628\u064a\u0639\u064a\u0629 \u0648\u0622\u0645\u0646\u0629 . \u062a\u062f\u0645\u062c \u0627\u0644\u0643\u0644\u064a\u0629 \u0628\u064a\u0646 \u0627\u0644\u062f\u0631\u0627\u0633\u0629 \u0627\u0644\u0646\u0638\u0631\u064a\u0629 \u0627\u0644\u0645\u062a\u0642\u062f\u0645\u0629 \u0648\u0627\u0644\u062a\u062f\u0631\u064a\u0628 \u0627\u0644\u0639\u0645\u0644\u064a \u0641\u064a \u0627\u0644\u0645\u0633\u062a\u0634\u0641\u064a\u0627\u062a \u0648\u0645\u0631\u0627\u0643\u0632 \u0627\u0644\u062a\u0623\u0647\u064a\u0644 \u060c \u0628\u0645\u0627 \u064a\u0636\u0645\u0646 \u062a\u062e\u0631\u064a\u062c \u0645\u062a\u062e\u0635\u0635\u064a\u0646 \u0642\u0627\u062f\u0631\u064a\u0646 \u0639\u0644\u0649 \u062a\u0642\u062f\u064a\u0645 \u0631\u0639\u0627\u064a\u0629 \u0639\u0644\u0627\u062c\u064a\u0629 \u0639\u0627\u0644\u064a\u0629 [&hellip;]<\/p>","protected":false},"author":2,"featured_media":0,"parent":0,"menu_order":0,"comment_status":"closed","ping_status":"closed","template":"","meta":{"_acf_changed":false,"footnotes":""},"class_list":["post-1146","page","type-page","status-publish","hentry"],"acf":[],"_links":{"self":[{"href":"https:\/\/aua-edu.com\/fr\/wp-json\/wp\/v2\/pages\/1146","targetHints":{"allow":["GET"]}}],"collection":[{"href":"https:\/\/aua-edu.com\/fr\/wp-json\/wp\/v2\/pages"}],"about":[{"href":"https:\/\/aua-edu.com\/fr\/wp-json\/wp\/v2\/types\/page"}],"author":[{"embeddable":true,"href":"https:\/\/aua-edu.com\/fr\/wp-json\/wp\/v2\/users\/2"}],"replies":[{"embeddable":true,"href":"https:\/\/aua-edu.com\/fr\/wp-json\/wp\/v2\/comments?post=1146"}],"version-history":[{"count":4,"href":"https:\/\/aua-edu.com\/fr\/wp-json\/wp\/v2\/pages\/1146\/revisions"}],"predecessor-version":[{"id":1779,"href":"https:\/\/aua-edu.com\/fr\/wp-json\/wp\/v2\/pages\/1146\/revisions\/1779"}],"wp:attachment":[{"href":"https:\/\/aua-edu.com\/fr\/wp-json\/wp\/v2\/media?parent=1146"}],"curies":[{"name":"wp","href":"https:\/\/api.w.org\/{rel}","templated":true}]}}