{"id":1148,"date":"2025-08-08T20:16:59","date_gmt":"2025-08-08T20:16:59","guid":{"rendered":"https:\/\/aua-edu.com\/?page_id=1148"},"modified":"2025-09-07T08:34:49","modified_gmt":"2025-09-07T08:34:49","slug":"%d8%a7%d9%84%d8%b5%d9%8a%d8%af%d9%84%d8%a9","status":"publish","type":"page","link":"https:\/\/aua-edu.com\/fr\/%d8%a7%d9%84%d8%b5%d9%8a%d8%af%d9%84%d8%a9\/","title":{"rendered":"Pharmacie"},"content":{"rendered":"<div data-elementor-type=\"wp-page\" data-elementor-id=\"1148\" class=\"elementor elementor-1148\" data-elementor-post-type=\"page\">\n\t\t\t\t<div class=\"elementor-element elementor-element-1f12d97f e-flex e-con-boxed e-con e-parent\" data-id=\"1f12d97f\" data-element_type=\"container\">\n\t\t\t\t\t<div class=\"e-con-inner\">\n\t\t\t\t<div class=\"elementor-element elementor-element-5c5e31ea elementor-widget elementor-widget-text-editor\" data-id=\"5c5e31ea\" data-element_type=\"widget\" data-widget_type=\"text-editor.default\">\n\t\t\t\t<div class=\"elementor-widget-container\">\n\t\t\t\t\t\t\t\t\t<p><img fetchpriority=\"high\" decoding=\"async\" class=\"size-medium wp-image-1207 aligncenter\" src=\"https:\/\/aua-edu.com\/wp-content\/uploads\/2025\/08\/11311476361692016634-300x169.jpg\" alt=\"\" width=\"300\" height=\"169\" srcset=\"https:\/\/aua-edu.com\/wp-content\/uploads\/2025\/08\/11311476361692016634-300x169.jpg 300w, https:\/\/aua-edu.com\/wp-content\/uploads\/2025\/08\/11311476361692016634-768x432.jpg 768w, https:\/\/aua-edu.com\/wp-content\/uploads\/2025\/08\/11311476361692016634-18x10.jpg 18w, https:\/\/aua-edu.com\/wp-content\/uploads\/2025\/08\/11311476361692016634.jpg 780w\" sizes=\"(max-width: 300px) 100vw, 300px\" \/><\/p><h5><span style=\"color: #000000; font-family: arial, helvetica, sans-serif; font-size: 14pt;\"><strong>Le Coll\u00e8ge de pharmacie est un \u00e9tablissement d&#039;enseignement et de recherche sp\u00e9cialis\u00e9 dans la pr\u00e9paration de pharmaciens qualifi\u00e9s poss\u00e9dant les connaissances scientifiques et les comp\u00e9tences pratiques n\u00e9cessaires pour travailler dans les domaines de la fabrication, de la distribution et de la recherche et du d\u00e9veloppement pharmaceutiques.<\/strong><\/span><br \/><span style=\"color: #000000; font-family: arial, helvetica, sans-serif; font-size: 14pt;\"><strong>Le coll\u00e8ge combine des \u00e9tudes th\u00e9oriques avanc\u00e9es avec une formation pratique dans des laboratoires, des pharmacies et des usines pharmaceutiques, assurant ainsi la diplomation de cadres capables de contribuer \u00e0 l&#039;am\u00e9lioration des soins de sant\u00e9 et \u00e0 l&#039;am\u00e9lioration de la qualit\u00e9 de vie.<\/strong><\/span><br \/><span style=\"color: #000000; font-family: arial, helvetica, sans-serif; font-size: 14pt;\"><strong>Le coll\u00e8ge cherche \u00e9galement \u00e0 encourager la recherche scientifique et l\u2019innovation dans les domaines de la pharmacie et des sciences m\u00e9dicales, et \u00e0 adh\u00e9rer aux normes les plus \u00e9lev\u00e9es d\u2019\u00e9thique professionnelle et de service communautaire.<\/strong><\/span><\/h5>\t\t\t\t\t\t\t\t<\/div>\n\t\t\t\t<\/div>\n\t\t\t\t\t<\/div>\n\t\t\t\t<\/div>\n\t\t\t\t<\/div>","protected":false},"excerpt":{"rendered":"<p>\u062a\u064f\u0639\u064e\u062f\u0651 \u0643\u0644\u064a\u0629 \u0627\u0644\u0635\u064a\u062f\u0644\u0629 \u0645\u0624\u0633\u0633\u0629 \u062a\u0639\u0644\u064a\u0645\u064a\u0629 \u0648\u0628\u062d\u062b\u064a\u0629 \u0645\u062a\u062e\u0635\u0635\u0629 \u0641\u064a \u0625\u0639\u062f\u0627\u062f \u0635\u064a\u0627\u062f\u0644\u0629 \u0645\u0624\u0647\u0644\u064a\u0646 \u064a\u0645\u062a\u0644\u0643\u0648\u0646 \u0627\u0644\u0645\u0639\u0631\u0641\u0629 \u0627\u0644\u0639\u0644\u0645\u064a\u0629 \u0648\u0627\u0644\u0645\u0647\u0627\u0631\u0627\u062a \u0627\u0644\u0639\u0645\u0644\u064a\u0629 \u0627\u0644\u0644\u0627\u0632\u0645\u0629 \u0644\u0644\u0639\u0645\u0644 \u0641\u064a \u0645\u062c\u0627\u0644\u0627\u062a \u062a\u0635\u0646\u064a\u0639 \u0627\u0644\u0623\u062f\u0648\u064a\u0629 \u060c \u0648\u0635\u0631\u0641\u0647\u0627 \u060c \u0648\u0627\u0644\u0628\u062d\u062b \u0648\u0627\u0644\u062a\u0637\u0648\u064a\u0631 \u0627\u0644\u0635\u064a\u062f\u0644\u0627\u0646\u064a .\u062a\u062c\u0645\u0639 \u0627\u0644\u0643\u0644\u064a\u0629 \u0628\u064a\u0646 \u0627\u0644\u062f\u0631\u0627\u0633\u0629 \u0627\u0644\u0646\u0638\u0631\u064a\u0629 \u0627\u0644\u0645\u062a\u0642\u062f\u0645\u0629 \u0648\u0627\u0644\u062a\u062f\u0631\u064a\u0628 \u0627\u0644\u0639\u0645\u0644\u064a \u0641\u064a \u0627\u0644\u0645\u062e\u062a\u0628\u0631\u0627\u062a \u0648\u0627\u0644\u0635\u064a\u062f\u0644\u064a\u0627\u062a \u0648\u0627\u0644\u0645\u0635\u0627\u0646\u0639 \u0627\u0644\u062f\u0648\u0627\u0626\u064a\u0629 \u060c \u0628\u0645\u0627 \u064a\u0636\u0645\u0646 \u062a\u062e\u0631\u064a\u062c \u0643\u0648\u0627\u062f\u0631 \u0642\u0627\u062f\u0631\u0629 \u0639\u0644\u0649 \u0627\u0644\u0625\u0633\u0647\u0627\u0645 \u0641\u064a \u062a\u062d\u0633\u064a\u0646 \u0627\u0644\u0631\u0639\u0627\u064a\u0629 \u0627\u0644\u0635\u062d\u064a\u0629 \u0648\u062a\u0639\u0632\u064a\u0632 \u062c\u0648\u062f\u0629 [&hellip;]<\/p>","protected":false},"author":2,"featured_media":0,"parent":0,"menu_order":0,"comment_status":"closed","ping_status":"closed","template":"","meta":{"_acf_changed":false,"footnotes":""},"class_list":["post-1148","page","type-page","status-publish","hentry"],"acf":[],"_links":{"self":[{"href":"https:\/\/aua-edu.com\/fr\/wp-json\/wp\/v2\/pages\/1148","targetHints":{"allow":["GET"]}}],"collection":[{"href":"https:\/\/aua-edu.com\/fr\/wp-json\/wp\/v2\/pages"}],"about":[{"href":"https:\/\/aua-edu.com\/fr\/wp-json\/wp\/v2\/types\/page"}],"author":[{"embeddable":true,"href":"https:\/\/aua-edu.com\/fr\/wp-json\/wp\/v2\/users\/2"}],"replies":[{"embeddable":true,"href":"https:\/\/aua-edu.com\/fr\/wp-json\/wp\/v2\/comments?post=1148"}],"version-history":[{"count":11,"href":"https:\/\/aua-edu.com\/fr\/wp-json\/wp\/v2\/pages\/1148\/revisions"}],"predecessor-version":[{"id":1941,"href":"https:\/\/aua-edu.com\/fr\/wp-json\/wp\/v2\/pages\/1148\/revisions\/1941"}],"wp:attachment":[{"href":"https:\/\/aua-edu.com\/fr\/wp-json\/wp\/v2\/media?parent=1148"}],"curies":[{"name":"wp","href":"https:\/\/api.w.org\/{rel}","templated":true}]}}