{"id":1152,"date":"2025-08-08T20:18:15","date_gmt":"2025-08-08T20:18:15","guid":{"rendered":"https:\/\/aua-edu.com\/?page_id=1152"},"modified":"2025-09-07T08:50:10","modified_gmt":"2025-09-07T08:50:10","slug":"%d8%a7%d9%84%d8%b2%d8%b1%d8%a7%d8%b9%d8%a9","status":"publish","type":"page","link":"https:\/\/aua-edu.com\/fr\/%d8%a7%d9%84%d8%b2%d8%b1%d8%a7%d8%b9%d8%a9\/","title":{"rendered":"Facult\u00e9 d&#039;agriculture"},"content":{"rendered":"<p><img decoding=\"async\" class=\"wp-image-1238 aligncenter\" src=\"https:\/\/aua-edu.com\/wp-content\/uploads\/2025\/08\/images998098.jpg\" alt=\"\" width=\"154\" height=\"229\" srcset=\"https:\/\/aua-edu.com\/wp-content\/uploads\/2025\/08\/images998098.jpg 102w, https:\/\/aua-edu.com\/wp-content\/uploads\/2025\/08\/images998098-8x12.jpg 8w\" sizes=\"(max-width: 154px) 100vw, 154px\" \/><\/p>\n<h3><span style=\"color: #000000; font-family: arial, helvetica, sans-serif; font-size: 14pt;\"><strong>C&#039;est l&#039;un des coll\u00e8ges scientifiques appliqu\u00e9s qui vise \u00e0 pr\u00e9parer des cadres sp\u00e9cialis\u00e9s dans les domaines de la production agricole et animale, des ressources naturelles, des industries alimentaires et du d\u00e9veloppement rural. <\/strong><\/span><\/h3>\n<h3><span style=\"color: #000000; font-family: arial, helvetica, sans-serif; font-size: 14pt;\"><strong>Il est consid\u00e9r\u00e9 comme un lien essentiel entre les sciences th\u00e9oriques et l\u2019application pratique, car il combine des \u00e9tudes acad\u00e9miques \u00e0 distance, des simulations en laboratoire et des formations sur le terrain dans les champs et les fermes.<\/strong><\/span><\/h3>\n<h3><span style=\"color: #000000; font-family: arial, helvetica, sans-serif; font-size: 14pt;\"><strong>Les d\u00e9partements du coll\u00e8ge sont diversifi\u00e9s, couvrant des domaines tels que les sciences v\u00e9g\u00e9tales, la production animale, la terre et l&#039;eau, l&#039;\u00e9conomie agricole, la protection des plantes, la science alimentaire et l&#039;ing\u00e9nierie agricole, offrant aux \u00e9tudiants la possibilit\u00e9 de choisir une majeure qui correspond \u00e0 leurs int\u00e9r\u00eats et aux besoins du march\u00e9 du travail.<\/strong><\/span><\/h3>\n<h3><span style=\"color: #000000; font-family: arial, helvetica, sans-serif; font-size: 14pt;\"><strong>Le coll\u00e8ge joue \u00e9galement un r\u00f4le essentiel dans la s\u00e9curit\u00e9 alimentaire en d\u00e9veloppant des technologies agricoles durables, en augmentant la productivit\u00e9 et en pr\u00e9servant les ressources environnementales. Il offre aux dipl\u00f4m\u00e9s de vastes perspectives d&#039;emploi dans les domaines de la recherche scientifique, des institutions agricoles, des entreprises agroalimentaires et des organisations environnementales, ainsi que la possibilit\u00e9 de s&#039;auto-employer dans des projets agricoles.<\/strong><\/span><\/h3>","protected":false},"excerpt":{"rendered":"<p>\u062a\u064f\u0639\u062f\u0651 \u0645\u0646 \u0627\u0644\u0643\u0644\u064a\u0627\u062a \u0627\u0644\u0639\u0644\u0645\u064a\u0629 \u0627\u0644\u062a\u0637\u0628\u064a\u0642\u064a\u0629 \u0627\u0644\u062a\u064a \u062a\u0647\u062f\u0641 \u0625\u0644\u0649 \u0625\u0639\u062f\u0627\u062f \u0643\u0648\u0627\u062f\u0631 \u0645\u062a\u062e\u0635\u0635\u0629 \u0641\u064a \u0645\u062c\u0627\u0644\u0627\u062a \u0627\u0644\u0625\u0646\u062a\u0627\u062c \u0627\u0644\u0632\u0631\u0627\u0639\u064a \u0648\u0627\u0644\u062d\u064a\u0648\u0627\u0646\u064a \u060c \u0648\u0627\u0644\u0645\u0648\u0627\u0631\u062f \u0627\u0644\u0637\u0628\u064a\u0639\u064a\u0629 \u060c \u0648\u0627\u0644\u0635\u0646\u0627\u0639\u0627\u062a \u0627\u0644\u063a\u0630\u0627\u0626\u064a\u0629 \u060c \u0648\u0627\u0644\u062a\u0646\u0645\u064a\u0629 \u0627\u0644\u0631\u064a\u0641\u064a\u0629 . \u0648\u0647\u064a \u062a\u064f\u0639\u062a\u0628\u0631 \u062d\u0644\u0642\u0629 \u0648\u0635\u0644 \u0623\u0633\u0627\u0633\u064a\u0629 \u0628\u064a\u0646 \u0627\u0644\u0639\u0644\u0648\u0645 \u0627\u0644\u0646\u0638\u0631\u064a\u0629 \u0648\u0627\u0644\u062a\u0637\u0628\u064a\u0642 \u0627\u0644\u0639\u0645\u0644\u064a \u060c \u062d\u064a\u062b \u062a\u062c\u0645\u0639 \u0628\u064a\u0646 \u0627\u0644\u062f\u0631\u0627\u0633\u0629 \u0627\u0644\u0623\u0643\u0627\u062f\u064a\u0645\u064a\u0629 \u0639\u0646 \u0628\u064f\u0639\u062f \u0648\u0627\u0644\u0645\u062d\u0627\u0643\u0627\u0629 \u0641\u064a \u0627\u0644\u0645\u0639\u0627\u0645\u0644 \u060c \u0648\u0627\u0644\u062a\u062f\u0631\u064a\u0628 \u0627\u0644\u0645\u064a\u062f\u0627\u0646\u064a \u0641\u064a \u0627\u0644\u062d\u0642\u0648\u0644 \u0648\u0627\u0644\u0645\u0632\u0627\u0631\u0639 . \u062a\u062a\u0646\u0648\u0651\u0639 [&hellip;]<\/p>","protected":false},"author":2,"featured_media":0,"parent":0,"menu_order":0,"comment_status":"closed","ping_status":"closed","template":"","meta":{"_acf_changed":false,"footnotes":""},"class_list":["post-1152","page","type-page","status-publish","hentry"],"acf":[],"_links":{"self":[{"href":"https:\/\/aua-edu.com\/fr\/wp-json\/wp\/v2\/pages\/1152","targetHints":{"allow":["GET"]}}],"collection":[{"href":"https:\/\/aua-edu.com\/fr\/wp-json\/wp\/v2\/pages"}],"about":[{"href":"https:\/\/aua-edu.com\/fr\/wp-json\/wp\/v2\/types\/page"}],"author":[{"embeddable":true,"href":"https:\/\/aua-edu.com\/fr\/wp-json\/wp\/v2\/users\/2"}],"replies":[{"embeddable":true,"href":"https:\/\/aua-edu.com\/fr\/wp-json\/wp\/v2\/comments?post=1152"}],"version-history":[{"count":9,"href":"https:\/\/aua-edu.com\/fr\/wp-json\/wp\/v2\/pages\/1152\/revisions"}],"predecessor-version":[{"id":1962,"href":"https:\/\/aua-edu.com\/fr\/wp-json\/wp\/v2\/pages\/1152\/revisions\/1962"}],"wp:attachment":[{"href":"https:\/\/aua-edu.com\/fr\/wp-json\/wp\/v2\/media?parent=1152"}],"curies":[{"name":"wp","href":"https:\/\/api.w.org\/{rel}","templated":true}]}}