{"id":1155,"date":"2025-08-08T20:19:08","date_gmt":"2025-08-08T20:19:08","guid":{"rendered":"https:\/\/aua-edu.com\/?page_id=1155"},"modified":"2025-09-07T08:49:39","modified_gmt":"2025-09-07T08:49:39","slug":"%d9%83%d9%84%d9%8a%d8%a9-%d8%a7%d9%84%d8%a2%d8%ab%d8%a7%d8%b1","status":"publish","type":"page","link":"https:\/\/aua-edu.com\/fr\/%d9%83%d9%84%d9%8a%d8%a9-%d8%a7%d9%84%d8%a2%d8%ab%d8%a7%d8%b1\/","title":{"rendered":"Facult\u00e9 d&#039;arch\u00e9ologie"},"content":{"rendered":"<p><img fetchpriority=\"high\" decoding=\"async\" class=\"wp-image-1229 aligncenter\" src=\"https:\/\/aua-edu.com\/wp-content\/uploads\/2025\/08\/8979879898.jpg\" alt=\"\" width=\"276\" height=\"278\" srcset=\"https:\/\/aua-edu.com\/wp-content\/uploads\/2025\/08\/8979879898.jpg 224w, https:\/\/aua-edu.com\/wp-content\/uploads\/2025\/08\/8979879898-150x150.jpg 150w, https:\/\/aua-edu.com\/wp-content\/uploads\/2025\/08\/8979879898-12x12.jpg 12w\" sizes=\"(max-width: 276px) 100vw, 276px\" \/><\/p>\n<h3><span style=\"color: #000000; font-size: 14pt; font-family: arial, helvetica, sans-serif;\"><strong>Ici, nous r\u00e9v\u00e9lons les secrets des civilisations, pr\u00e9servons le patrimoine et racontons l\u2019histoire de chaque nation aux g\u00e9n\u00e9rations futures.<\/strong><\/span><\/h3>\n<h3><span style=\"color: #000000; font-size: 14pt; font-family: arial, helvetica, sans-serif;\"><strong>Le Coll\u00e8ge d&#039;arch\u00e9ologie est une institution universitaire et de recherche distingu\u00e9e qui vise \u00e0 pr\u00e9parer des cadres sp\u00e9cialis\u00e9s dans l&#039;\u00e9tude et la protection du patrimoine humain et des sites arch\u00e9ologiques mondiaux. <\/strong><\/span><\/h3>\n<h3><span style=\"color: #000000; font-size: 14pt; font-family: arial, helvetica, sans-serif;\"><strong>Le coll\u00e8ge combine des \u00e9tudes th\u00e9oriques approfondies \u00e0 distance et une formation pratique sur le terrain en mati\u00e8re de fouilles, de restauration et de documentation arch\u00e9ologique, en utilisant les derni\u00e8res techniques scientifiques dans ce domaine.<\/strong><\/span><br \/>\n<span style=\"color: #000000; font-size: 14pt; font-family: arial, helvetica, sans-serif;\"><strong>Le coll\u00e8ge cherche \u00e9galement \u00e0 sensibiliser \u00e0 l&#039;importance de pr\u00e9server le patrimoine culturel et civilisationnel, et \u00e0 former des chercheurs et des experts capables de contribuer \u00e0 la pr\u00e9servation de l&#039;identit\u00e9 historique, de soutenir le tourisme culturel et de pr\u00e9senter les civilisations des peuples \u00e0 travers les \u00e2ges.<\/strong><\/span><\/h3>\n<p>&nbsp;<\/p>","protected":false},"excerpt":{"rendered":"<p>\u0647\u0646\u0627 \u0646\u0643\u0634\u0641 \u0623\u0633\u0631\u0627\u0631 \u0627\u0644\u062d\u0636\u0627\u0631\u0627\u062a\u060c \u0646\u0635\u0648\u0646 \u0627\u0644\u062a\u0631\u0627\u062b\u060c \u0648\u0646\u0631\u0648\u064a \u062d\u0643\u0627\u064a\u0629 \u062a\u0627\u0631\u064a\u062e \u0643\u0644 \u062f\u0648\u0644\u0629 \u0644\u0644\u0623\u062c\u064a\u0627\u0644 \u0627\u0644\u0642\u0627\u062f\u0645\u0629 . \u062d\u064a\u062b\u064f \u062a\u064f\u0639\u064e\u062f\u0651 \u0643\u0644\u064a\u0629 \u0627\u0644\u0622\u062b\u0627\u0631 \u0635\u0631\u062d\u0627\u064b \u0623\u0643\u0627\u062f\u064a\u0645\u064a\u0627\u064b \u0648\u0628\u062d\u062b\u064a\u0627\u064b \u0645\u062a\u0645\u064a\u0632\u0627\u064b \u064a\u0647\u062f\u0641 \u0625\u0644\u0649 \u0625\u0639\u062f\u0627\u062f \u0643\u0648\u0627\u062f\u0631 \u0645\u062a\u062e\u0635\u0635\u0629 \u0641\u064a \u062f\u0631\u0627\u0633\u0629 \u0648\u062d\u0645\u0627\u064a\u0629 \u0627\u0644\u062a\u0631\u0627\u062b \u0627\u0644\u0625\u0646\u0633\u0627\u0646\u064a \u0648\u0627\u0644\u0645\u0648\u0627\u0642\u0639 \u0627\u0644\u0623\u062b\u0631\u064a\u0629 \u0627\u0644\u0639\u0627\u0644\u0645\u064a\u0629 . \u0648\u062a\u062c\u0645\u0639 \u0627\u0644\u0643\u0644\u064a\u0629 \u0628\u064a\u0646 \u0627\u0644\u062f\u0631\u0627\u0633\u0629 \u0627\u0644\u0646\u0638\u0631\u064a\u0629 \u0627\u0644\u0645\u062a\u0639\u0645\u0642\u0629 \u0639\u0646 \u0628\u064f\u0639\u062f \u0648\u0627\u0644\u062a\u062f\u0631\u064a\u0628 \u0627\u0644\u0639\u0645\u0644\u064a \u0627\u0644\u0645\u064a\u062f\u0627\u0646\u064a \u0641\u064a \u0627\u0644\u062a\u0646\u0642\u064a\u0628 \u060c \u0627\u0644\u062a\u0631\u0645\u064a\u0645 \u060c \u0648\u0627\u0644\u062a\u0648\u062b\u064a\u0642 \u0627\u0644\u0623\u062b\u0631\u064a \u060c [&hellip;]<\/p>","protected":false},"author":2,"featured_media":0,"parent":0,"menu_order":0,"comment_status":"closed","ping_status":"closed","template":"","meta":{"_acf_changed":false,"footnotes":""},"class_list":["post-1155","page","type-page","status-publish","hentry"],"acf":[],"_links":{"self":[{"href":"https:\/\/aua-edu.com\/fr\/wp-json\/wp\/v2\/pages\/1155","targetHints":{"allow":["GET"]}}],"collection":[{"href":"https:\/\/aua-edu.com\/fr\/wp-json\/wp\/v2\/pages"}],"about":[{"href":"https:\/\/aua-edu.com\/fr\/wp-json\/wp\/v2\/types\/page"}],"author":[{"embeddable":true,"href":"https:\/\/aua-edu.com\/fr\/wp-json\/wp\/v2\/users\/2"}],"replies":[{"embeddable":true,"href":"https:\/\/aua-edu.com\/fr\/wp-json\/wp\/v2\/comments?post=1155"}],"version-history":[{"count":5,"href":"https:\/\/aua-edu.com\/fr\/wp-json\/wp\/v2\/pages\/1155\/revisions"}],"predecessor-version":[{"id":1961,"href":"https:\/\/aua-edu.com\/fr\/wp-json\/wp\/v2\/pages\/1155\/revisions\/1961"}],"wp:attachment":[{"href":"https:\/\/aua-edu.com\/fr\/wp-json\/wp\/v2\/media?parent=1155"}],"curies":[{"name":"wp","href":"https:\/\/api.w.org\/{rel}","templated":true}]}}