{"id":1157,"date":"2025-08-08T20:19:24","date_gmt":"2025-08-08T20:19:24","guid":{"rendered":"https:\/\/aua-edu.com\/?page_id=1157"},"modified":"2025-09-07T08:41:43","modified_gmt":"2025-09-07T08:41:43","slug":"%d9%83%d9%84%d9%8a%d8%a9-%d8%b9%d9%84%d9%85-%d8%a7%d9%84%d9%86%d9%81%d8%b3","status":"publish","type":"page","link":"https:\/\/aua-edu.com\/fr\/%d9%83%d9%84%d9%8a%d8%a9-%d8%b9%d9%84%d9%85-%d8%a7%d9%84%d9%86%d9%81%d8%b3\/","title":{"rendered":"Facult\u00e9 de psychologie"},"content":{"rendered":"<p><img decoding=\"async\" class=\"wp-image-1242 aligncenter\" src=\"https:\/\/aua-edu.com\/wp-content\/uploads\/2025\/08\/\u0628\u0644\u0627-\u0639\u0646\u0648\u0627\u0646.jpg\" alt=\"\" width=\"181\" height=\"222\" srcset=\"https:\/\/aua-edu.com\/wp-content\/uploads\/2025\/08\/\u0628\u0644\u0627-\u0639\u0646\u0648\u0627\u0646.jpg 124w, https:\/\/aua-edu.com\/wp-content\/uploads\/2025\/08\/\u0628\u0644\u0627-\u0639\u0646\u0648\u0627\u0646-10x12.jpg 10w\" sizes=\"(max-width: 181px) 100vw, 181px\" \/><\/p>\n<h3><span style=\"color: #000000; font-size: 14pt; font-family: arial, helvetica, sans-serif;\"><strong>La Facult\u00e9 de psychologie est une institution universitaire qui vise \u00e0 \u00e9tudier le comportement humain et \u00e0 comprendre les processus mentaux et psychologiques qui influencent la fa\u00e7on dont les individus pensent, ressentent et interagissent avec leur environnement. <\/strong><\/span><\/h3>\n<h3><span style=\"color: #000000; font-size: 14pt; font-family: arial, helvetica, sans-serif;\"><strong>Le coll\u00e8ge combine l&#039;aspect th\u00e9orique de l&#039;enseignement \u00e0 distance, o\u00f9 les \u00e9tudiants \u00e9tudient les fondements scientifiques de la psychologie, tels que la psychologie g\u00e9n\u00e9rale, la psychologie sociale, la psychologie clinique et la psychologie de l&#039;\u00e9ducation, en plus des m\u00e9thodes de recherche et des techniques de mesure psychologique.<\/strong><\/span><\/h3>\n<h3><span style=\"color: #000000; font-size: 10pt; font-family: arial, helvetica, sans-serif;\"><strong><span style=\"font-size: 14pt;\">Le coll\u00e8ge vise \u00e0 pr\u00e9parer un personnel qualifi\u00e9 capable de diagnostiquer des probl\u00e8mes psychologiques, de fournir un soutien psychologique et de contribuer \u00e0 l\u2019am\u00e9lioration de la qualit\u00e9 de vie aux niveaux individuel et soci\u00e9tal.<\/span> <\/strong><\/span><\/h3>\n<h3><span style=\"color: #000000; font-size: 10pt; font-family: arial, helvetica, sans-serif;\"><strong>Il offre \u00e9galement aux dipl\u00f4m\u00e9s des opportunit\u00e9s de travailler dans divers domaines, tels que les h\u00f4pitaux, les centres psychiatriques, les \u00e9tablissements d&#039;enseignement, les entreprises et les organisations sociales, en plus de la possibilit\u00e9 de poursuivre la recherche scientifique.<\/strong><\/span><\/h3>","protected":false},"excerpt":{"rendered":"<p>\u0643\u0644\u064a\u0629 \u0639\u0644\u0645 \u0627\u0644\u0646\u0641\u0633 \u0647\u064a \u0645\u0624\u0633\u0633\u0629 \u0623\u0643\u0627\u062f\u064a\u0645\u064a\u0629 \u062a\u0647\u062f\u0641 \u0625\u0644\u0649 \u062f\u0631\u0627\u0633\u0629 \u0627\u0644\u0633\u0644\u0648\u0643 \u0627\u0644\u0628\u0634\u0631\u064a \u0648\u0641\u0647\u0645 \u0627\u0644\u0639\u0645\u0644\u064a\u0627\u062a \u0627\u0644\u0639\u0642\u0644\u064a\u0629 \u0648\u0627\u0644\u0646\u0641\u0633\u064a\u0629 \u0627\u0644\u062a\u064a \u062a\u0624\u062b\u0631 \u0639\u0644\u0649 \u0637\u0631\u064a\u0642\u0629 \u062a\u0641\u0643\u064a\u0631 \u0627\u0644\u0623\u0641\u0631\u0627\u062f \u0648\u0645\u0634\u0627\u0639\u0631\u0647\u0645 \u0648\u062a\u0641\u0627\u0639\u0644\u0627\u062a\u0647\u0645 \u0645\u0639 \u0628\u064a\u0626\u062a\u0647\u0645 . \u0648\u062a\u062c\u0645\u0639 \u0627\u0644\u0643\u0644\u064a\u0629 \u0628\u064a\u0646 \u0627\u0644\u062c\u0627\u0646\u0628 \u0627\u0644\u0646\u0638\u0631\u064a \u0641\u0649 \u0627\u0644\u062f\u0631\u0627\u0633\u0629 \u0639\u0646 \u0628\u064f\u0639\u062f \u060c \u062d\u064a\u062b \u064a\u062f\u0631\u0633 \u0627\u0644\u0637\u0644\u0627\u0628 \u0627\u0644\u0623\u0633\u0633 \u0627\u0644\u0639\u0644\u0645\u064a\u0629 \u0644\u0639\u0644\u0645 \u0627\u0644\u0646\u0641\u0633 \u0645\u062b\u0644 \u0639\u0644\u0645 \u0627\u0644\u0646\u0641\u0633 \u0627\u0644\u0639\u0627\u0645 \u060c \u0639\u0644\u0645 \u0627\u0644\u0646\u0641\u0633 \u0627\u0644\u0627\u062c\u062a\u0645\u0627\u0639\u064a \u060c \u0639\u0644\u0645 \u0627\u0644\u0646\u0641\u0633 \u0627\u0644\u0625\u0643\u0644\u064a\u0646\u064a\u0643\u064a [&hellip;]<\/p>","protected":false},"author":2,"featured_media":0,"parent":0,"menu_order":0,"comment_status":"closed","ping_status":"closed","template":"","meta":{"_acf_changed":false,"footnotes":""},"class_list":["post-1157","page","type-page","status-publish","hentry"],"acf":[],"_links":{"self":[{"href":"https:\/\/aua-edu.com\/fr\/wp-json\/wp\/v2\/pages\/1157","targetHints":{"allow":["GET"]}}],"collection":[{"href":"https:\/\/aua-edu.com\/fr\/wp-json\/wp\/v2\/pages"}],"about":[{"href":"https:\/\/aua-edu.com\/fr\/wp-json\/wp\/v2\/types\/page"}],"author":[{"embeddable":true,"href":"https:\/\/aua-edu.com\/fr\/wp-json\/wp\/v2\/users\/2"}],"replies":[{"embeddable":true,"href":"https:\/\/aua-edu.com\/fr\/wp-json\/wp\/v2\/comments?post=1157"}],"version-history":[{"count":5,"href":"https:\/\/aua-edu.com\/fr\/wp-json\/wp\/v2\/pages\/1157\/revisions"}],"predecessor-version":[{"id":1945,"href":"https:\/\/aua-edu.com\/fr\/wp-json\/wp\/v2\/pages\/1157\/revisions\/1945"}],"wp:attachment":[{"href":"https:\/\/aua-edu.com\/fr\/wp-json\/wp\/v2\/media?parent=1157"}],"curies":[{"name":"wp","href":"https:\/\/api.w.org\/{rel}","templated":true}]}}