{"id":1159,"date":"2025-08-08T20:19:54","date_gmt":"2025-08-08T20:19:54","guid":{"rendered":"https:\/\/aua-edu.com\/?page_id=1159"},"modified":"2025-09-07T08:43:22","modified_gmt":"2025-09-07T08:43:22","slug":"%d9%83%d9%84%d9%8a%d8%a9-%d8%a7%d9%84%d8%ad%d9%82%d9%88%d9%82","status":"publish","type":"page","link":"https:\/\/aua-edu.com\/fr\/%d9%83%d9%84%d9%8a%d8%a9-%d8%a7%d9%84%d8%ad%d9%82%d9%88%d9%82\/","title":{"rendered":"Facult\u00e9 de droit et d&#039;\u00e9tudes juridiques"},"content":{"rendered":"<p><img fetchpriority=\"high\" decoding=\"async\" class=\"wp-image-1235 aligncenter\" src=\"https:\/\/aua-edu.com\/wp-content\/uploads\/2025\/08\/868798698-300x300.jpg\" alt=\"\" width=\"226\" height=\"226\" srcset=\"https:\/\/aua-edu.com\/wp-content\/uploads\/2025\/08\/868798698-300x300.jpg 300w, https:\/\/aua-edu.com\/wp-content\/uploads\/2025\/08\/868798698-150x150.jpg 150w, https:\/\/aua-edu.com\/wp-content\/uploads\/2025\/08\/868798698-12x12.jpg 12w, https:\/\/aua-edu.com\/wp-content\/uploads\/2025\/08\/868798698.jpg 654w\" sizes=\"(max-width: 226px) 100vw, 226px\" \/><\/p>\n<h3><span style=\"color: #000000; font-size: 14pt; font-family: arial, helvetica, sans-serif;\"><strong>Ici, nous formons des esprits qui d\u00e9fendent les droits, prot\u00e8gent les lois et \u00e9tablissent les principes de justice dans la soci\u00e9t\u00e9.<\/strong><\/span><br \/>\n<span style=\"color: #000000; font-size: 14pt; font-family: arial, helvetica, sans-serif;\"><strong>La Facult\u00e9 de droit est une institution universitaire bien \u00e9tablie qui vise \u00e0 pr\u00e9parer des cadres juridiques qualifi\u00e9s qui poss\u00e8dent une connaissance approfondie des lois et des r\u00e8glements gr\u00e2ce \u00e0 un enseignement \u00e0 distance accr\u00e9dit\u00e9 et la capacit\u00e9 de les appliquer dans divers domaines du travail juridique et judiciaire.<\/strong><\/span><br \/>\n<span style=\"color: #000000; font-size: 14pt; font-family: arial, helvetica, sans-serif;\"><strong>Le coll\u00e8ge combine l&#039;\u00e9tude th\u00e9orique, l&#039;analyse juridique et la formation pratique par le biais de proc\u00e8s fictifs et de formations sur le terrain, garantissant ainsi la formation d&#039;avocats, de consultants et de juges comp\u00e9tents et honn\u00eates.<\/strong><\/span><br \/>\n<span style=\"color: #000000; font-size: 14pt; font-family: arial, helvetica, sans-serif;\"><strong>Le coll\u00e8ge vise \u00e9galement \u00e0 consolider les principes de justice et de l\u2019\u00c9tat de droit, et \u00e0 encourager la recherche scientifique dans les domaines juridiques, afin de contribuer au d\u00e9veloppement des syst\u00e8mes l\u00e9gislatifs et de servir la soci\u00e9t\u00e9.<\/strong><\/span><\/h3>","protected":false},"excerpt":{"rendered":"<p>\u0647\u0646\u0627 \u0646\u064f\u062e\u0631\u0651\u062c \u0627\u0644\u0639\u0642\u0648\u0644 \u0627\u0644\u062a\u064a \u062a\u062f\u0627\u0641\u0639 \u0639\u0646 \u0627\u0644\u062d\u0642\u0648\u0642 \u060c \u0648\u062a\u062d\u0645\u064a \u0627\u0644\u0642\u0648\u0627\u0646\u064a\u0646 \u060c \u0648\u062a\u0631\u0633\u0651\u062e \u0645\u0628\u0627\u062f\u0626 \u0627\u0644\u0639\u062f\u0644 \u0641\u064a \u0627\u0644\u0645\u062c\u062a\u0645\u0639 . \u062a\u064f\u0639\u064e\u062f\u0651 \u0643\u0644\u064a\u0629 \u0627\u0644\u062d\u0642\u0648\u0642 \u0645\u0624\u0633\u0633\u0629 \u0623\u0643\u0627\u062f\u064a\u0645\u064a\u0629 \u0639\u0631\u064a\u0642\u0629 \u062a\u0647\u062f\u0641 \u0625\u0644\u0649 \u0625\u0639\u062f\u0627\u062f \u0643\u0648\u0627\u062f\u0631 \u0642\u0627\u0646\u0648\u0646\u064a\u0629 \u0645\u0624\u0647\u0644\u0629 \u062a\u0645\u062a\u0644\u0643 \u0627\u0644\u0645\u0639\u0631\u0641\u0629 \u0627\u0644\u0639\u0645\u064a\u0642\u0629 \u0628\u0627\u0644\u0642\u0648\u0627\u0646\u064a\u0646 \u0648\u0627\u0644\u0623\u0646\u0638\u0645\u0629 \u0645\u0646 \u062e\u0644\u0627\u0644 \u0627\u0644\u062f\u0631\u0627\u0633\u0629 \u0627\u0644\u0645\u0639\u062a\u0645\u062f\u0629 \u0639\u0646 \u0628\u064f\u0639\u062f \u060c \u0648\u0627\u0644\u0642\u062f\u0631\u0629 \u0639\u0644\u0649 \u062a\u0637\u0628\u064a\u0642\u0647\u0627 \u0641\u064a \u0645\u062e\u062a\u0644\u0641 \u0645\u062c\u0627\u0644\u0627\u062a \u0627\u0644\u0639\u0645\u0644 \u0627\u0644\u0642\u0627\u0646\u0648\u0646\u064a \u0648\u0627\u0644\u0642\u0636\u0627\u0626\u064a . \u062a\u062c\u0645\u0639 \u0627\u0644\u0643\u0644\u064a\u0629 \u0628\u064a\u0646 \u0627\u0644\u062f\u0631\u0627\u0633\u0629 [&hellip;]<\/p>","protected":false},"author":2,"featured_media":0,"parent":0,"menu_order":0,"comment_status":"closed","ping_status":"closed","template":"","meta":{"_acf_changed":false,"footnotes":""},"class_list":["post-1159","page","type-page","status-publish","hentry"],"acf":[],"_links":{"self":[{"href":"https:\/\/aua-edu.com\/fr\/wp-json\/wp\/v2\/pages\/1159","targetHints":{"allow":["GET"]}}],"collection":[{"href":"https:\/\/aua-edu.com\/fr\/wp-json\/wp\/v2\/pages"}],"about":[{"href":"https:\/\/aua-edu.com\/fr\/wp-json\/wp\/v2\/types\/page"}],"author":[{"embeddable":true,"href":"https:\/\/aua-edu.com\/fr\/wp-json\/wp\/v2\/users\/2"}],"replies":[{"embeddable":true,"href":"https:\/\/aua-edu.com\/fr\/wp-json\/wp\/v2\/comments?post=1159"}],"version-history":[{"count":6,"href":"https:\/\/aua-edu.com\/fr\/wp-json\/wp\/v2\/pages\/1159\/revisions"}],"predecessor-version":[{"id":1948,"href":"https:\/\/aua-edu.com\/fr\/wp-json\/wp\/v2\/pages\/1159\/revisions\/1948"}],"wp:attachment":[{"href":"https:\/\/aua-edu.com\/fr\/wp-json\/wp\/v2\/media?parent=1159"}],"curies":[{"name":"wp","href":"https:\/\/api.w.org\/{rel}","templated":true}]}}