{"id":1161,"date":"2025-08-08T20:20:13","date_gmt":"2025-08-08T20:20:13","guid":{"rendered":"https:\/\/aua-edu.com\/?page_id=1161"},"modified":"2025-09-07T08:49:05","modified_gmt":"2025-09-07T08:49:05","slug":"%d9%83%d9%84%d9%8a%d8%a9-%d8%a7%d9%84%d8%aa%d8%ac%d8%a7%d8%b1%d8%a9","status":"publish","type":"page","link":"https:\/\/aua-edu.com\/fr\/%d9%83%d9%84%d9%8a%d8%a9-%d8%a7%d9%84%d8%aa%d8%ac%d8%a7%d8%b1%d8%a9\/","title":{"rendered":"Facult\u00e9 de commerce"},"content":{"rendered":"<p><img fetchpriority=\"high\" decoding=\"async\" class=\"wp-image-1232 aligncenter\" src=\"https:\/\/aua-edu.com\/wp-content\/uploads\/2025\/08\/677676.jpg\" alt=\"\" width=\"237\" height=\"228\" srcset=\"https:\/\/aua-edu.com\/wp-content\/uploads\/2025\/08\/677676.jpg 131w, https:\/\/aua-edu.com\/wp-content\/uploads\/2025\/08\/677676-12x12.jpg 12w\" sizes=\"(max-width: 237px) 100vw, 237px\" \/><\/p>\n<h3><span style=\"color: #000000; font-size: 14pt; font-family: arial, helvetica, sans-serif;\"><strong>Ici, nous formons des experts en \u00e9conomie, des pionniers du management et ouvrons des horizons de r\u00e9ussite dans le monde des affaires et de la finance.<\/strong><\/span><\/h3>\n<h3><span style=\"color: #000000; font-size: 14pt; font-family: arial, helvetica, sans-serif;\"><strong>L&#039;\u00c9cole de commerce est l&#039;une des \u00e9coles de pointe en sciences commerciales et administratives. Elle vise \u00e0 former des cadres sp\u00e9cialis\u00e9s poss\u00e9dant des connaissances th\u00e9oriques et des comp\u00e9tences pratiques en comptabilit\u00e9, gestion d&#039;entreprise, \u00e9conomie, marketing et finance.<\/strong><\/span><br \/>\n<span style=\"color: #000000; font-size: 14pt; font-family: arial, helvetica, sans-serif;\"><strong>Le coll\u00e8ge combine l\u2019enseignement \u00e0 distance avec la formation pratique, assurant ainsi la formation de dipl\u00f4m\u00e9s capables de rivaliser sur le march\u00e9 du travail local et mondial et contribuant au d\u00e9veloppement des institutions des secteurs public et priv\u00e9.<\/strong><\/span><br \/>\n<span style=\"color: #000000; font-size: 14pt; font-family: arial, helvetica, sans-serif;\"><strong>Le coll\u00e8ge cherche \u00e9galement \u00e0 promouvoir l\u2019esprit de leadership et d\u2019innovation et \u00e0 encourager la recherche scientifique dans les domaines du commerce et de l\u2019\u00e9conomie, d\u2019une mani\u00e8re qui soutient le d\u00e9veloppement durable et sert la soci\u00e9t\u00e9.<\/strong><\/span><\/h3>\n<p>&nbsp;<\/p>","protected":false},"excerpt":{"rendered":"<p>\u0647\u0646\u0627 \u0646\u0635\u0646\u0639 \u062e\u0628\u0631\u0627\u0621 \u0627\u0644\u0627\u0642\u062a\u0635\u0627\u062f \u060c \u0648\u0631\u0648\u0651\u0627\u062f \u0627\u0644\u0625\u062f\u0627\u0631\u0629 \u060c \u0648\u0646\u0641\u062a\u062d \u0622\u0641\u0627\u0642 \u0627\u0644\u0646\u062c\u0627\u062d \u0641\u064a \u0639\u0627\u0644\u0645 \u0627\u0644\u062a\u062c\u0627\u0631\u0629 \u0648\u0627\u0644\u0645\u0627\u0644 . \u062a\u064f\u0639\u064e\u062f\u0651 \u0643\u0644\u064a\u0629 \u0627\u0644\u062a\u062c\u0627\u0631\u0629 \u0625\u062d\u062f\u0649 \u0627\u0644\u0643\u0644\u064a\u0627\u062a \u0627\u0644\u0631\u0627\u0626\u062f\u0629 \u0641\u064a \u0645\u062c\u0627\u0644\u0627\u062a \u0627\u0644\u0639\u0644\u0648\u0645 \u0627\u0644\u062a\u062c\u0627\u0631\u064a\u0629 \u0648\u0627\u0644\u0625\u062f\u0627\u0631\u064a\u0629 \u060c \u0648\u062a\u0647\u062f\u0641 \u0625\u0644\u0649 \u0625\u0639\u062f\u0627\u062f \u0643\u0648\u0627\u062f\u0631 \u0645\u062a\u062e\u0635\u0635\u0629 \u062a\u0645\u062a\u0644\u0643 \u0627\u0644\u0645\u0639\u0631\u0641\u0629 \u0627\u0644\u0646\u0638\u0631\u064a\u0629 \u0648\u0627\u0644\u0645\u0647\u0627\u0631\u0627\u062a \u0627\u0644\u062a\u0637\u0628\u064a\u0642\u064a\u0629 \u0641\u064a \u0645\u062c\u0627\u0644\u0627\u062a \u0627\u0644\u0645\u062d\u0627\u0633\u0628\u0629 \u060c \u0625\u062f\u0627\u0631\u0629 \u0627\u0644\u0623\u0639\u0645\u0627\u0644 \u060c \u0627\u0644\u0627\u0642\u062a\u0635\u0627\u062f \u060c \u0627\u0644\u062a\u0633\u0648\u064a\u0642 \u060c \u0648\u0627\u0644\u062a\u0645\u0648\u064a\u0644 . \u062a\u062c\u0645\u0639 \u0627\u0644\u0643\u0644\u064a\u0629 \u0628\u064a\u0646 \u0627\u0644\u062f\u0631\u0627\u0633\u0629 [&hellip;]<\/p>","protected":false},"author":2,"featured_media":0,"parent":0,"menu_order":0,"comment_status":"closed","ping_status":"closed","template":"","meta":{"_acf_changed":false,"footnotes":""},"class_list":["post-1161","page","type-page","status-publish","hentry"],"acf":[],"_links":{"self":[{"href":"https:\/\/aua-edu.com\/fr\/wp-json\/wp\/v2\/pages\/1161","targetHints":{"allow":["GET"]}}],"collection":[{"href":"https:\/\/aua-edu.com\/fr\/wp-json\/wp\/v2\/pages"}],"about":[{"href":"https:\/\/aua-edu.com\/fr\/wp-json\/wp\/v2\/types\/page"}],"author":[{"embeddable":true,"href":"https:\/\/aua-edu.com\/fr\/wp-json\/wp\/v2\/users\/2"}],"replies":[{"embeddable":true,"href":"https:\/\/aua-edu.com\/fr\/wp-json\/wp\/v2\/comments?post=1161"}],"version-history":[{"count":6,"href":"https:\/\/aua-edu.com\/fr\/wp-json\/wp\/v2\/pages\/1161\/revisions"}],"predecessor-version":[{"id":1960,"href":"https:\/\/aua-edu.com\/fr\/wp-json\/wp\/v2\/pages\/1161\/revisions\/1960"}],"wp:attachment":[{"href":"https:\/\/aua-edu.com\/fr\/wp-json\/wp\/v2\/media?parent=1161"}],"curies":[{"name":"wp","href":"https:\/\/api.w.org\/{rel}","templated":true}]}}