{"id":1163,"date":"2025-08-08T20:21:32","date_gmt":"2025-08-08T20:21:32","guid":{"rendered":"https:\/\/aua-edu.com\/?page_id=1163"},"modified":"2025-09-07T08:56:33","modified_gmt":"2025-09-07T08:56:33","slug":"%d8%a7%d9%84%d8%a3%d9%83%d8%a7%d8%af%d9%8a%d9%85%d9%8a%d8%a9-%d8%a7%d9%84%d8%a8%d8%ad%d8%b1%d9%8a%d8%a9","status":"publish","type":"page","link":"https:\/\/aua-edu.com\/fr\/facalties\/%d8%a7%d9%84%d8%a3%d9%83%d8%a7%d8%af%d9%8a%d9%85%d9%8a%d8%a9-%d8%a7%d9%84%d8%a8%d8%ad%d8%b1%d9%8a%d8%a9\/","title":{"rendered":"Acad\u00e9mie navale"},"content":{"rendered":"<p><img decoding=\"async\" class=\"wp-image-1437 aligncenter\" src=\"https:\/\/aua-edu.com\/wp-content\/uploads\/2025\/08\/images887.jpg\" alt=\"\" width=\"150\" height=\"214\" srcset=\"https:\/\/aua-edu.com\/wp-content\/uploads\/2025\/08\/images887.jpg 188w, https:\/\/aua-edu.com\/wp-content\/uploads\/2025\/08\/images887-8x12.jpg 8w\" sizes=\"(max-width: 150px) 100vw, 150px\" \/><\/p>\n<p><img decoding=\"async\" class=\"wp-image-1192 aligncenter\" src=\"https:\/\/aua-edu.com\/wp-content\/uploads\/2025\/08\/\u0627\u0644\u0643\u0644\u064a\u0629-\u0627\u0644\u0628\u062d\u0631\u064a\u0629-300x178.jpg\" alt=\"\" width=\"224\" height=\"133\" srcset=\"https:\/\/aua-edu.com\/wp-content\/uploads\/2025\/08\/\u0627\u0644\u0643\u0644\u064a\u0629-\u0627\u0644\u0628\u062d\u0631\u064a\u0629-300x178.jpg 300w, https:\/\/aua-edu.com\/wp-content\/uploads\/2025\/08\/\u0627\u0644\u0643\u0644\u064a\u0629-\u0627\u0644\u0628\u062d\u0631\u064a\u0629-18x12.jpg 18w, https:\/\/aua-edu.com\/wp-content\/uploads\/2025\/08\/\u0627\u0644\u0643\u0644\u064a\u0629-\u0627\u0644\u0628\u062d\u0631\u064a\u0629.jpg 573w\" sizes=\"(max-width: 224px) 100vw, 224px\" \/><\/p>\n<h3><span style=\"color: #000000; font-size: 14pt; font-family: arial black, sans-serif;\"><strong>Dans un monde connect\u00e9 par la mer et uni par les voies de navigation, la fili\u00e8re Technologie maritime de l&#039;Acad\u00e9mie maritime ouvre ses portes \u00e0 tous ceux qui aspirent \u00e0 naviguer vers l&#039;avenir. Ici, la science rencontre la formation pratique, et la technologie moderne s&#039;allie \u00e0 l&#039;esprit d&#039;aventure pour former des officiers et des ing\u00e9nieurs de la marine dot\u00e9s de comp\u00e9tences, de discipline et de leadership.<\/strong><\/span><br \/>\n<span style=\"color: #000000; font-size: 14pt; font-family: arial black, sans-serif;\"><strong>Des salles de classe ultramodernes, en pr\u00e9sentiel et \u00e0 distance accr\u00e9dit\u00e9es, aux simulateurs de navires r\u00e9alistes et \u00e0 la formation pratique \u00e0 bord des flottes les plus r\u00e9centes, l&#039;Acad\u00e9mie vous propose un parcours \u00e9ducatif complet qui vous pr\u00e9pare au commandement des navires et \u00e0 la gestion des ports, vous pla\u00e7ant au c\u0153ur de l&#039;industrie maritime mondiale.<\/strong><\/span><br \/>\n<span style=\"color: #000000; font-size: 14pt; font-family: arial black, sans-serif;\"><strong>Venez avec nous... les oc\u00e9ans vous attendent.<\/strong><\/span><\/h3>\n<ul>\n<li><span style=\"font-size: 14pt; font-family: arial black, sans-serif; color: #000000;\"><strong><label class=\"wpforms-field-label-inline\" for=\"wpforms-419-field_11_61\"><span style=\"color: #ff0000;\">Acad\u00e9mie navale <span style=\"color: #0000ff;\">(Nouvelle Acad\u00e9mie)<\/span><\/span> <\/label><\/strong><\/span><\/li>\n<li><span style=\"font-size: 14pt; font-family: arial black, sans-serif; color: #000000;\"><strong><label class=\"wpforms-field-label-inline\" for=\"wpforms-419-field_11_61\">Sp\u00e9cialisation (Technologie de la navigation maritime et transport maritime)<\/label><\/strong><\/span><\/li>\n<li><span style=\"font-size: 14pt; font-family: arial black, sans-serif; color: #000000;\"><strong><label class=\"wpforms-field-label-inline\" for=\"wpforms-419-field_11_61\">(Position dans le certificat de fin d&#039;\u00e9tudes et le certificat de cours de qualification - Second Officier de Marine)<\/label><\/strong><\/span><\/li>\n<li><span style=\"font-size: 14pt; font-family: arial black, sans-serif; color: #000000;\"><strong>Avec un relev\u00e9 de notes et une traduction, tous sont approuv\u00e9s par :<\/strong><\/span><\/li>\n<li><span style=\"color: #ff0000; font-size: 14pt; font-family: arial black, sans-serif;\"><strong>(Universit\u00e9 - Ambassade - Minist\u00e8re des Affaires \u00e9trang\u00e8res - Minist\u00e8re de la Justice)<\/strong><\/span><\/li>\n<li><strong><span style=\"font-size: 14pt; font-family: arial black, sans-serif; color: #000000;\">Obtenir un certificat pour les cours avanc\u00e9s requis<\/span><\/strong><\/li>\n<li><strong><span style=\"font-size: 14pt; font-family: arial black, sans-serif; color: #000000;\">Obtient son adh\u00e9sion au Syndicat g\u00e9n\u00e9ral des officiers de navigation maritime<\/span><\/strong><\/li>\n<li><span style=\"font-size: 14pt; font-family: arial black, sans-serif; color: #000000;\"><strong>Le titulaire du certificat a le droit de modifier officiellement le statut dans le passeport et la carte d\u2019identit\u00e9 nationale de son pays.<\/strong><\/span><\/li>\n<li><span style=\"font-size: 14pt; font-family: arial black, sans-serif; color: #000000;\"><strong>Le titulaire de ce certificat, ainsi que du certificat de cours professionnel de second officier de marine, a droit \u00e0 l&#039;obtention d&#039;un passeport naval (selon les tarifs fix\u00e9s pour chaque pays).<\/strong><\/span><\/li>\n<\/ul>","protected":false},"excerpt":{"rendered":"<p>Dans un monde fa\u00e7onn\u00e9 par la mer et reli\u00e9 par les routes maritimes, l&#039;Acad\u00e9mie maritime ouvre ses portes \u00e0 tous ceux qui aspirent \u00e0 naviguer vers l&#039;avenir, en proposant un programme en technologies de navigation maritime. Ici, connaissances th\u00e9oriques et formation pratique se conjuguent, et technologies modernes s&#039;allient \u00e0 un esprit d&#039;aventure pour former des officiers et ing\u00e9nieurs maritimes comp\u00e9tents, rigoureux et performants. Depuis des salles de classe ultramodernes, en pr\u00e9sentiel ou en ligne, [\u2026]<\/p>","protected":false},"author":2,"featured_media":0,"parent":70,"menu_order":0,"comment_status":"closed","ping_status":"closed","template":"","meta":{"_acf_changed":false,"footnotes":""},"class_list":["post-1163","page","type-page","status-publish","hentry"],"acf":[],"_links":{"self":[{"href":"https:\/\/aua-edu.com\/fr\/wp-json\/wp\/v2\/pages\/1163","targetHints":{"allow":["GET"]}}],"collection":[{"href":"https:\/\/aua-edu.com\/fr\/wp-json\/wp\/v2\/pages"}],"about":[{"href":"https:\/\/aua-edu.com\/fr\/wp-json\/wp\/v2\/types\/page"}],"author":[{"embeddable":true,"href":"https:\/\/aua-edu.com\/fr\/wp-json\/wp\/v2\/users\/2"}],"replies":[{"embeddable":true,"href":"https:\/\/aua-edu.com\/fr\/wp-json\/wp\/v2\/comments?post=1163"}],"version-history":[{"count":12,"href":"https:\/\/aua-edu.com\/fr\/wp-json\/wp\/v2\/pages\/1163\/revisions"}],"predecessor-version":[{"id":1970,"href":"https:\/\/aua-edu.com\/fr\/wp-json\/wp\/v2\/pages\/1163\/revisions\/1970"}],"up":[{"embeddable":true,"href":"https:\/\/aua-edu.com\/fr\/wp-json\/wp\/v2\/pages\/70"}],"wp:attachment":[{"href":"https:\/\/aua-edu.com\/fr\/wp-json\/wp\/v2\/media?parent=1163"}],"curies":[{"name":"wp","href":"https:\/\/api.w.org\/{rel}","templated":true}]}}