{"id":1169,"date":"2025-08-08T20:26:31","date_gmt":"2025-08-08T20:26:31","guid":{"rendered":"https:\/\/aua-edu.com\/?page_id=1169"},"modified":"2025-09-07T08:45:31","modified_gmt":"2025-09-07T08:45:31","slug":"%d8%a7%d9%84%d8%a5%d9%82%d8%aa%d8%b5%d8%a7%d8%af-%d9%88%d8%a7%d9%84%d8%b9%d9%84%d9%88%d9%85-%d8%a7%d9%84%d8%b3%d9%8a%d8%a7%d8%b3%d9%8a%d8%a9","status":"publish","type":"page","link":"https:\/\/aua-edu.com\/fr\/%d8%a7%d9%84%d8%a5%d9%82%d8%aa%d8%b5%d8%a7%d8%af-%d9%88%d8%a7%d9%84%d8%b9%d9%84%d9%88%d9%85-%d8%a7%d9%84%d8%b3%d9%8a%d8%a7%d8%b3%d9%8a%d8%a9\/","title":{"rendered":"\u00c9conomie et sciences politiques"},"content":{"rendered":"<p><img decoding=\"async\" class=\"wp-image-1197 aligncenter\" src=\"https:\/\/aua-edu.com\/wp-content\/uploads\/2025\/08\/images.jpg\" alt=\"\" width=\"210\" height=\"208\" srcset=\"https:\/\/aua-edu.com\/wp-content\/uploads\/2025\/08\/images.jpg 164w, https:\/\/aua-edu.com\/wp-content\/uploads\/2025\/08\/images-150x150.jpg 150w, https:\/\/aua-edu.com\/wp-content\/uploads\/2025\/08\/images-12x12.jpg 12w\" sizes=\"(max-width: 210px) 100vw, 210px\" \/><\/p>\n<h3><span style=\"color: #000000; font-size: 14pt;\"><strong>La Facult\u00e9 des sciences \u00e9conomiques et politiques est un p\u00f4le scientifique sp\u00e9cialis\u00e9 dans la pr\u00e9paration de cadres capables de comprendre et d&#039;analyser des questions \u00e9conomiques et politiques complexes aux niveaux local et international. <\/strong><\/span><\/h3>\n<h3><span style=\"color: #000000; font-size: 14pt;\"><strong>Le coll\u00e8ge combine des \u00e9tudes th\u00e9oriques approfondies avec une formation pratique pour fournir \u00e0 ses \u00e9tudiants les connaissances et les comp\u00e9tences n\u00e9cessaires \u00e0 la prise de d\u00e9cision, \u00e0 la formulation de politiques et \u00e0 la gestion institutionnelle efficace.<\/strong><\/span><br \/>\n<span style=\"color: #000000; font-size: 14pt;\"><strong>Gr\u00e2ce \u00e0 ses d\u00e9partements diversifi\u00e9s et \u00e0 ses programmes acad\u00e9miques distingu\u00e9s, le coll\u00e8ge cherche \u00e0 former des chercheurs, des experts et des leaders d&#039;opinion capables de contribuer efficacement au d\u00e9veloppement de la soci\u00e9t\u00e9 et de renforcer son r\u00f4le sur la sc\u00e8ne mondiale, tout en adh\u00e9rant aux normes les plus \u00e9lev\u00e9es de qualit\u00e9 acad\u00e9mique et de recherche.<\/strong><\/span><\/h3>","protected":false},"excerpt":{"rendered":"<p>La Facult\u00e9 des sciences \u00e9conomiques et politiques est un \u00e9tablissement d&#039;enseignement sup\u00e9rieur de premier plan, sp\u00e9cialis\u00e9 dans la formation de dipl\u00f4m\u00e9s capables de comprendre et d&#039;analyser des enjeux \u00e9conomiques et politiques complexes, tant au niveau local qu&#039;international. Elle allie \u00e9tudes th\u00e9oriques approfondies et formation pratique afin de doter ses \u00e9tudiants des connaissances et des comp\u00e9tences n\u00e9cessaires \u00e0 une prise de d\u00e9cision efficace, \u00e0 l&#039;\u00e9laboration de politiques et \u00e0 la gestion institutionnelle. Gr\u00e2ce \u00e0 ses d\u00e9partements diversifi\u00e9s et \u00e0 ses programmes d&#039;\u00e9tudes prestigieux, [\u2026]<\/p>","protected":false},"author":2,"featured_media":0,"parent":0,"menu_order":0,"comment_status":"closed","ping_status":"closed","template":"","meta":{"_acf_changed":false,"footnotes":""},"class_list":["post-1169","page","type-page","status-publish","hentry"],"acf":[],"_links":{"self":[{"href":"https:\/\/aua-edu.com\/fr\/wp-json\/wp\/v2\/pages\/1169","targetHints":{"allow":["GET"]}}],"collection":[{"href":"https:\/\/aua-edu.com\/fr\/wp-json\/wp\/v2\/pages"}],"about":[{"href":"https:\/\/aua-edu.com\/fr\/wp-json\/wp\/v2\/types\/page"}],"author":[{"embeddable":true,"href":"https:\/\/aua-edu.com\/fr\/wp-json\/wp\/v2\/users\/2"}],"replies":[{"embeddable":true,"href":"https:\/\/aua-edu.com\/fr\/wp-json\/wp\/v2\/comments?post=1169"}],"version-history":[{"count":5,"href":"https:\/\/aua-edu.com\/fr\/wp-json\/wp\/v2\/pages\/1169\/revisions"}],"predecessor-version":[{"id":1953,"href":"https:\/\/aua-edu.com\/fr\/wp-json\/wp\/v2\/pages\/1169\/revisions\/1953"}],"wp:attachment":[{"href":"https:\/\/aua-edu.com\/fr\/wp-json\/wp\/v2\/media?parent=1169"}],"curies":[{"name":"wp","href":"https:\/\/api.w.org\/{rel}","templated":true}]}}