{"id":1171,"date":"2025-08-08T20:26:57","date_gmt":"2025-08-08T20:26:57","guid":{"rendered":"https:\/\/aua-edu.com\/?page_id=1171"},"modified":"2025-09-07T08:47:32","modified_gmt":"2025-09-07T08:47:32","slug":"%d8%a7%d9%84%d8%ad%d8%a7%d8%b3%d8%a8%d8%a7%d8%aa-%d9%88%d8%a7%d9%84%d8%b0%d9%83%d8%a7%d8%a1-%d8%a7%d9%84%d8%a5%d8%b5%d8%b7%d9%86%d8%a7%d8%b9%d9%89","status":"publish","type":"page","link":"https:\/\/aua-edu.com\/fr\/%d8%a7%d9%84%d8%ad%d8%a7%d8%b3%d8%a8%d8%a7%d8%aa-%d9%88%d8%a7%d9%84%d8%b0%d9%83%d8%a7%d8%a1-%d8%a7%d9%84%d8%a5%d8%b5%d8%b7%d9%86%d8%a7%d8%b9%d9%89\/","title":{"rendered":"Ordinateurs et intelligence artificielle"},"content":{"rendered":"<p><img fetchpriority=\"high\" decoding=\"async\" class=\"wp-image-1204 aligncenter\" src=\"https:\/\/aua-edu.com\/wp-content\/uploads\/2025\/08\/it-300x225.gif\" alt=\"\" width=\"298\" height=\"224\" srcset=\"https:\/\/aua-edu.com\/wp-content\/uploads\/2025\/08\/it-300x225.gif 300w, https:\/\/aua-edu.com\/wp-content\/uploads\/2025\/08\/it-16x12.gif 16w\" sizes=\"(max-width: 298px) 100vw, 298px\" \/><\/p>\n<h3><span style=\"color: #000000; font-size: 14pt; font-family: arial black, sans-serif;\"><strong>C&#039;est ici que la cr\u00e9ativit\u00e9 commence, que les id\u00e9es se transforment en solutions et que les logiciels se transforment en r\u00e9alisations. <\/strong><\/span><\/h3>\n<h3><span style=\"color: #000000; font-size: 14pt; font-family: arial black, sans-serif;\"><strong>Nous pr\u00e9parons une g\u00e9n\u00e9ration de programmeurs et d\u2019innovateurs capables de mener la r\u00e9volution num\u00e9rique et de fa\u00e7onner l\u2019avenir du monde.<\/strong><\/span><\/h3>\n<h3><span style=\"color: #000000; font-size: 14pt; font-family: arial black, sans-serif;\"><strong>Le Coll\u00e8ge d&#039;informatique et d&#039;intelligence artificielle est un \u00e9tablissement d&#039;enseignement sup\u00e9rieur de pointe qui vise \u00e0 pr\u00e9parer des cadres sp\u00e9cialis\u00e9s dot\u00e9s de connaissances approfondies et de comp\u00e9tences pratiques dans les domaines de l&#039;informatique, de l&#039;ing\u00e9nierie logicielle, de l&#039;analyse de donn\u00e9es et des technologies d&#039;intelligence artificielle.<\/strong><\/span><br \/>\n<span style=\"color: #000000; font-size: 14pt; font-family: arial black, sans-serif;\"><strong>Le coll\u00e8ge combine l&#039;\u00e9tude th\u00e9orique avec l&#039;application pratique \u00e0 travers des laboratoires avanc\u00e9s et des projets de recherche innovants, dipl\u00f4m\u00e9 d&#039;une g\u00e9n\u00e9ration capable d&#039;innover des solutions techniques qui contribuent \u00e0 faire progresser la transformation num\u00e9rique et \u00e0 suivre le rythme de la quatri\u00e8me r\u00e9volution industrielle.<\/strong><\/span><br \/>\n<span style=\"color: #000000; font-size: 14pt; font-family: arial black, sans-serif;\"><strong>Le coll\u00e8ge s\u2019engage \u00e9galement \u00e0 pr\u00e9parer des dipl\u00f4m\u00e9s qualifi\u00e9s pour \u00eatre comp\u00e9titifs sur le march\u00e9 du travail local et mondial, et capables de contribuer au d\u00e9veloppement de la technologie et \u00e0 la r\u00e9alisation du d\u00e9veloppement durable.<\/strong><\/span><\/h3>","protected":false},"excerpt":{"rendered":"<p>\u0647\u0646\u0627 \u064a\u0628\u062f\u0623 \u0627\u0644\u0625\u0628\u062f\u0627\u0639 \u060c \u0648\u062a\u062a\u062d\u0648\u0644 \u0627\u0644\u0623\u0641\u0643\u0627\u0631 \u0625\u0644\u0649 \u062d\u0644\u0648\u0644 \u060c \u0648\u0627\u0644\u0628\u0631\u0645\u062c\u064a\u0627\u062a \u0625\u0644\u0649 \u0625\u0646\u062c\u0627\u0632\u0627\u062a . \u0646\u064f\u0639\u062f\u0651 \u062c\u064a\u0644\u0627\u064b \u0645\u0646 \u0627\u0644\u0645\u0628\u0631\u0645\u062c\u064a\u0646 \u0648\u0627\u0644\u0645\u0628\u062a\u0643\u0631\u064a\u0646 \u0627\u0644\u0642\u0627\u062f\u0631\u064a\u0646 \u0639\u0644\u0649 \u0642\u064a\u0627\u062f\u0629 \u0627\u0644\u062b\u0648\u0631\u0629 \u0627\u0644\u0631\u0642\u0645\u064a\u0629 \u0648\u0635\u0646\u0627\u0639\u0629 \u0627\u0644\u063a\u062f \u0639\u0644\u0649 \u0645\u0633\u062a\u0648\u0649 \u0627\u0644\u0639\u0627\u0644\u0645 . \u062d\u064a\u062b\u064f \u062a\u064f\u0639\u064e\u062f\u0651 \u0643\u0644\u064a\u0629 \u0627\u0644\u062d\u0627\u0633\u0628\u0627\u062a \u0648\u0627\u0644\u0630\u0643\u0627\u0621 \u0627\u0644\u0627\u0635\u0637\u0646\u0627\u0639\u064a \u0635\u0631\u062d\u0627\u064b \u0623\u0643\u0627\u062f\u064a\u0645\u064a\u0627\u064b \u0645\u062a\u0637\u0648\u0631\u0627\u064b \u064a\u0647\u062f\u0641 \u0625\u0644\u0649 \u0625\u0639\u062f\u0627\u062f \u0643\u0648\u0627\u062f\u0631 \u0645\u062a\u062e\u0635\u0635\u0629 \u062a\u0645\u062a\u0644\u0643 \u0627\u0644\u0645\u0639\u0631\u0641\u0629 \u0627\u0644\u0639\u0645\u064a\u0642\u0629 \u0648\u0627\u0644\u0645\u0647\u0627\u0631\u0627\u062a \u0627\u0644\u0639\u0645\u0644\u064a\u0629 \u0641\u064a \u0645\u062c\u0627\u0644\u0627\u062a \u0639\u0644\u0648\u0645 \u0627\u0644\u062d\u0627\u0633\u0628 \u060c \u0647\u0646\u062f\u0633\u0629 \u0627\u0644\u0628\u0631\u0645\u062c\u064a\u0627\u062a [&hellip;]<\/p>","protected":false},"author":2,"featured_media":0,"parent":0,"menu_order":0,"comment_status":"closed","ping_status":"closed","template":"","meta":{"_acf_changed":false,"footnotes":""},"class_list":["post-1171","page","type-page","status-publish","hentry"],"acf":[],"_links":{"self":[{"href":"https:\/\/aua-edu.com\/fr\/wp-json\/wp\/v2\/pages\/1171","targetHints":{"allow":["GET"]}}],"collection":[{"href":"https:\/\/aua-edu.com\/fr\/wp-json\/wp\/v2\/pages"}],"about":[{"href":"https:\/\/aua-edu.com\/fr\/wp-json\/wp\/v2\/types\/page"}],"author":[{"embeddable":true,"href":"https:\/\/aua-edu.com\/fr\/wp-json\/wp\/v2\/users\/2"}],"replies":[{"embeddable":true,"href":"https:\/\/aua-edu.com\/fr\/wp-json\/wp\/v2\/comments?post=1171"}],"version-history":[{"count":6,"href":"https:\/\/aua-edu.com\/fr\/wp-json\/wp\/v2\/pages\/1171\/revisions"}],"predecessor-version":[{"id":1956,"href":"https:\/\/aua-edu.com\/fr\/wp-json\/wp\/v2\/pages\/1171\/revisions\/1956"}],"wp:attachment":[{"href":"https:\/\/aua-edu.com\/fr\/wp-json\/wp\/v2\/media?parent=1171"}],"curies":[{"name":"wp","href":"https:\/\/api.w.org\/{rel}","templated":true}]}}