{"id":1176,"date":"2025-08-08T20:27:32","date_gmt":"2025-08-08T20:27:32","guid":{"rendered":"https:\/\/aua-edu.com\/?page_id=1176"},"modified":"2025-09-07T08:48:21","modified_gmt":"2025-09-07T08:48:21","slug":"%d8%a7%d9%84%d9%81%d9%86%d9%88%d9%86-%d8%a7%d9%84%d8%aa%d8%b7%d8%a8%d9%8a%d9%82%d9%8a%d8%a9","status":"publish","type":"page","link":"https:\/\/aua-edu.com\/fr\/%d8%a7%d9%84%d9%81%d9%86%d9%88%d9%86-%d8%a7%d9%84%d8%aa%d8%b7%d8%a8%d9%8a%d9%82%d9%8a%d8%a9\/","title":{"rendered":"Arts appliqu\u00e9s"},"content":{"rendered":"<p><img decoding=\"async\" class=\"wp-image-1213 aligncenter\" src=\"https:\/\/aua-edu.com\/wp-content\/uploads\/2025\/08\/666565.jpg\" alt=\"\" width=\"204\" height=\"204\" srcset=\"https:\/\/aua-edu.com\/wp-content\/uploads\/2025\/08\/666565.jpg 225w, https:\/\/aua-edu.com\/wp-content\/uploads\/2025\/08\/666565-150x150.jpg 150w, https:\/\/aua-edu.com\/wp-content\/uploads\/2025\/08\/666565-12x12.jpg 12w\" sizes=\"(max-width: 204px) 100vw, 204px\" \/><\/p>\n<h3><span style=\"color: #000000; font-size: 14pt; font-family: arial, helvetica, sans-serif;\"><strong>Le Coll\u00e8ge des Arts Appliqu\u00e9s est une institution acad\u00e9mique et cr\u00e9ative qui vise \u00e0 pr\u00e9parer des designers et des artistes poss\u00e9dant les comp\u00e9tences techniques et le sens esth\u00e9tique capables de transformer des id\u00e9es en produits et designs innovants qui r\u00e9pondent aux besoins de la soci\u00e9t\u00e9 et de l&#039;industrie.<\/strong><\/span><br \/>\n<span style=\"color: #000000; font-size: 14pt; font-family: arial, helvetica, sans-serif;\"><strong>Le coll\u00e8ge combine l&#039;\u00e9tude th\u00e9orique et l&#039;application pratique dans les domaines du design industriel, du mobilier, des textiles, du graphisme, de la c\u00e9ramique et d&#039;autres disciplines qui m\u00e9langent l&#039;art et la technologie.<\/strong><\/span><br \/>\n<span style=\"color: #000000; font-size: 14pt; font-family: arial, helvetica, sans-serif;\"><strong>Le coll\u00e8ge cherche \u00e9galement \u00e0 former des cadres cr\u00e9atifs capables de rivaliser sur les march\u00e9s locaux et mondiaux, de contribuer au d\u00e9veloppement des industries cr\u00e9atives et de valoriser l&#039;identit\u00e9 artistique et culturelle.<\/strong><\/span><\/h3>","protected":false},"excerpt":{"rendered":"<p>\u062a\u064f\u0639\u064e\u062f\u0651 \u0643\u0644\u064a\u0629 \u0627\u0644\u0641\u0646\u0648\u0646 \u0627\u0644\u062a\u0637\u0628\u064a\u0642\u064a\u0629 \u0635\u0631\u062d\u0627\u064b \u0623\u0643\u0627\u062f\u064a\u0645\u064a\u0627\u064b \u0648\u0625\u0628\u062f\u0627\u0639\u064a\u0627\u064b \u064a\u0647\u062f\u0641 \u0625\u0644\u0649 \u0625\u0639\u062f\u0627\u062f \u0645\u0635\u0645\u0645\u064a\u0646 \u0648\u0641\u0646\u0627\u0646\u064a\u0646 \u064a\u0645\u062a\u0644\u0643\u0648\u0646 \u0627\u0644\u0645\u0647\u0627\u0631\u0627\u062a \u0627\u0644\u062a\u0642\u0646\u064a\u0629 \u0648\u0627\u0644\u062d\u0633 \u0627\u0644\u062c\u0645\u0627\u0644\u064a \u0627\u0644\u0642\u0627\u062f\u0631 \u0639\u0644\u0649 \u062a\u062d\u0648\u064a\u0644 \u0627\u0644\u0623\u0641\u0643\u0627\u0631 \u0625\u0644\u0649 \u0645\u0646\u062a\u062c\u0627\u062a \u0648\u062a\u0635\u0627\u0645\u064a\u0645 \u0645\u0628\u062a\u0643\u0631\u0629 \u062a\u0644\u0628\u064a \u0627\u062d\u062a\u064a\u0627\u062c\u0627\u062a \u0627\u0644\u0645\u062c\u062a\u0645\u0639 \u0648\u0627\u0644\u0635\u0646\u0627\u0639\u0629 . \u062a\u062c\u0645\u0639 \u0627\u0644\u0643\u0644\u064a\u0629 \u0628\u064a\u0646 \u0627\u0644\u062f\u0631\u0627\u0633\u0629 \u0627\u0644\u0646\u0638\u0631\u064a\u0629 \u0648\u0627\u0644\u062a\u0637\u0628\u064a\u0642 \u0627\u0644\u0639\u0645\u0644\u064a \u0641\u064a \u0645\u062c\u0627\u0644\u0627\u062a \u0627\u0644\u062a\u0635\u0645\u064a\u0645 \u0627\u0644\u0635\u0646\u0627\u0639\u064a \u060c \u0627\u0644\u0623\u062b\u0627\u062b \u060c \u0627\u0644\u0646\u0633\u064a\u062c \u060c \u0627\u0644\u062c\u0631\u0627\u0641\u064a\u0643 \u060c \u0627\u0644\u062e\u0632\u0641 \u060c \u0648\u063a\u064a\u0631\u0647\u0627 \u0645\u0646 \u0627\u0644\u062a\u062e\u0635\u0635\u0627\u062a \u0627\u0644\u062a\u064a \u062a\u0645\u0632\u062c [&hellip;]<\/p>","protected":false},"author":2,"featured_media":0,"parent":0,"menu_order":0,"comment_status":"closed","ping_status":"closed","template":"","meta":{"_acf_changed":false,"footnotes":""},"class_list":["post-1176","page","type-page","status-publish","hentry"],"acf":[],"_links":{"self":[{"href":"https:\/\/aua-edu.com\/fr\/wp-json\/wp\/v2\/pages\/1176","targetHints":{"allow":["GET"]}}],"collection":[{"href":"https:\/\/aua-edu.com\/fr\/wp-json\/wp\/v2\/pages"}],"about":[{"href":"https:\/\/aua-edu.com\/fr\/wp-json\/wp\/v2\/types\/page"}],"author":[{"embeddable":true,"href":"https:\/\/aua-edu.com\/fr\/wp-json\/wp\/v2\/users\/2"}],"replies":[{"embeddable":true,"href":"https:\/\/aua-edu.com\/fr\/wp-json\/wp\/v2\/comments?post=1176"}],"version-history":[{"count":5,"href":"https:\/\/aua-edu.com\/fr\/wp-json\/wp\/v2\/pages\/1176\/revisions"}],"predecessor-version":[{"id":1958,"href":"https:\/\/aua-edu.com\/fr\/wp-json\/wp\/v2\/pages\/1176\/revisions\/1958"}],"wp:attachment":[{"href":"https:\/\/aua-edu.com\/fr\/wp-json\/wp\/v2\/media?parent=1176"}],"curies":[{"name":"wp","href":"https:\/\/api.w.org\/{rel}","templated":true}]}}