{"id":1186,"date":"2025-08-08T20:45:58","date_gmt":"2025-08-08T20:45:58","guid":{"rendered":"https:\/\/aua-edu.com\/?page_id=1186"},"modified":"2025-09-07T08:56:51","modified_gmt":"2025-09-07T08:56:51","slug":"%d8%a3%d9%83%d8%a7%d8%af%d9%8a%d9%85%d9%8a%d8%a9-%d8%b9%d9%84%d9%88%d9%85-%d8%a7%d9%84%d8%b7%d9%8a%d8%b1%d8%a7%d9%86","status":"publish","type":"page","link":"https:\/\/aua-edu.com\/fr\/%d8%a3%d9%83%d8%a7%d8%af%d9%8a%d9%85%d9%8a%d8%a9-%d8%b9%d9%84%d9%88%d9%85-%d8%a7%d9%84%d8%b7%d9%8a%d8%b1%d8%a7%d9%86\/","title":{"rendered":"Acad\u00e9mie des sciences de l&#039;aviation"},"content":{"rendered":"<p><img fetchpriority=\"high\" decoding=\"async\" class=\"size-full wp-image-1435 aligncenter\" src=\"https:\/\/aua-edu.com\/wp-content\/uploads\/2025\/08\/images-2.jpg\" alt=\"\" width=\"201\" height=\"251\" srcset=\"https:\/\/aua-edu.com\/wp-content\/uploads\/2025\/08\/images-2.jpg 201w, https:\/\/aua-edu.com\/wp-content\/uploads\/2025\/08\/images-2-10x12.jpg 10w\" sizes=\"(max-width: 201px) 100vw, 201px\" \/><\/p>\n<p><img decoding=\"async\" class=\"wp-image-1432 aligncenter\" src=\"https:\/\/aua-edu.com\/wp-content\/uploads\/2025\/08\/baebfc14562d1d6b50ed81b6b614d3a6ef54404er1-480-356_hq-300x223.gif\" alt=\"\" width=\"213\" height=\"158\" srcset=\"https:\/\/aua-edu.com\/wp-content\/uploads\/2025\/08\/baebfc14562d1d6b50ed81b6b614d3a6ef54404er1-480-356_hq-300x223.gif 300w, https:\/\/aua-edu.com\/wp-content\/uploads\/2025\/08\/baebfc14562d1d6b50ed81b6b614d3a6ef54404er1-480-356_hq-16x12.gif 16w\" sizes=\"(max-width: 213px) 100vw, 213px\" \/><\/p>\n<p><img decoding=\"async\" class=\"wp-image-1434 aligncenter\" src=\"https:\/\/aua-edu.com\/wp-content\/uploads\/2025\/08\/images788.jpg\" alt=\"\" width=\"212\" height=\"159\" srcset=\"https:\/\/aua-edu.com\/wp-content\/uploads\/2025\/08\/images788.jpg 259w, https:\/\/aua-edu.com\/wp-content\/uploads\/2025\/08\/images788-16x12.jpg 16w\" sizes=\"(max-width: 212px) 100vw, 212px\" \/><\/p>\n<h3><span style=\"color: #000000; font-size: 14pt; font-family: arial black, sans-serif;\"><strong>L&#039;Acad\u00e9mie d&#039;Aviation est un \u00e9tablissement d&#039;enseignement et de formation sp\u00e9cialis\u00e9 qui vise \u00e0 pr\u00e9parer et qualifier des cadres professionnels dans le domaine de l&#039;aviation, selon les normes de s\u00e9curit\u00e9 et de qualit\u00e9 les plus reconnues au niveau international.<\/strong><\/span><\/h3>\n<h3><span style=\"color: #000000; font-size: 14pt; font-family: arial black, sans-serif;\"><strong>L&#039;Acad\u00e9mie d&#039;aviation de l&#039;Universit\u00e9 africaine des hautes \u00e9tudes et de la recherche scientifique (UAES) vise \u00e0 fournir aux stagiaires les connaissances th\u00e9oriques et les comp\u00e9tences pratiques n\u00e9cessaires au pilotage d&#039;a\u00e9ronefs et \u00e0 la gestion de diverses conditions de vol. Cet objectif est atteint gr\u00e2ce \u00e0 des programmes de formation int\u00e9gr\u00e9s comprenant des cours \u00e0 distance et des simulations r\u00e9alistes.<\/strong><\/span><br \/>\n<span style=\"color: #000000; font-size: 14pt; font-family: arial black, sans-serif;\"><strong>L&#039;Acad\u00e9mie s&#039;engage \u00e9galement \u00e0 suivre le rythme des d\u00e9veloppements technologiques dans l&#039;industrie a\u00e9ronautique et \u00e0 fournir un environnement \u00e9ducatif stimulant qui combine discipline, professionnalisme et passion pour l&#039;aviation, pr\u00e9parant une g\u00e9n\u00e9ration capable de contribuer efficacement aux secteurs de l&#039;aviation civile et militaire.<\/strong><\/span><\/h3>\n<ul>\n<li><span style=\"color: #000000; font-size: 14pt; font-family: arial black, sans-serif;\"><strong><span style=\"color: #ff0000;\">Acad\u00e9mie des sciences de l&#039;aviation<\/span> <span style=\"color: #0000ff;\">(Nouvelle Acad\u00e9mie)<\/span><\/strong><\/span><\/li>\n<li><span style=\"color: #000000; font-size: 14pt; font-family: arial black, sans-serif;\"><strong>Les dipl\u00f4m\u00e9s de cette acad\u00e9mie re\u00e7oivent un certificat de fin d&#039;\u00e9tudes accompagn\u00e9 d&#039;un relev\u00e9 de notes et d&#039;une traduction, tous accr\u00e9dit\u00e9s par :<\/strong><\/span><\/li>\n<li><span style=\"color: #ff0000; font-size: 14pt; font-family: arial black, sans-serif;\"><strong>(Universit\u00e9 - Ambassade - Minist\u00e8re des Affaires \u00e9trang\u00e8res - Minist\u00e8re de la Justice)<\/strong><\/span><\/li>\n<li><span style=\"color: #000000; font-size: 14pt; font-family: arial black, sans-serif;\"><strong>Il obtient \u00e9galement un certificat de cours de qualification accr\u00e9dit\u00e9 par toutes les autorit\u00e9s pour le m\u00e9tier. <\/strong><\/span><\/li>\n<li><span style=\"color: #000000; font-size: 14pt; font-family: arial black, sans-serif;\"><strong>(Pilote priv\u00e9 - Pilote commercial - Officier de navigation a\u00e9rienne)<\/strong><\/span><\/li>\n<\/ul>","protected":false},"excerpt":{"rendered":"<p>\u062a\u064f\u0639\u064e\u062f\u0651 \u0623\u0643\u0627\u062f\u064a\u0645\u064a\u0629 \u0627\u0644\u0637\u064a\u0631\u0627\u0646 \u0635\u0631\u062d\u0627\u064b \u062a\u0639\u0644\u064a\u0645\u064a\u0627\u064b \u0648\u062a\u062f\u0631\u064a\u0628\u064a\u0627\u064b \u0645\u062a\u062e\u0635\u0635\u0627\u064b \u064a\u0647\u062f\u0641 \u0625\u0644\u0649 \u0625\u0639\u062f\u0627\u062f \u0648\u062a\u0623\u0647\u064a\u0644 \u0643\u0648\u0627\u062f\u0631 \u0645\u062d\u062a\u0631\u0641\u0629 \u0641\u064a \u0645\u062c\u0627\u0644 \u0627\u0644\u0637\u064a\u0631\u0627\u0646 \u060c \u0648\u0641\u0642 \u0623\u0639\u0644\u0649 \u0645\u0639\u0627\u064a\u064a\u0631 \u0627\u0644\u0633\u0644\u0627\u0645\u0629 \u0648\u0627\u0644\u062c\u0648\u062f\u0629 \u0627\u0644\u0645\u0639\u062a\u0645\u062f\u0629 \u062f\u0648\u0644\u064a\u0627\u064b . \u062a\u0633\u0639\u0649 \u0623\u0643\u0627\u062f\u064a\u0645\u064a\u0629 \u0627\u0644\u0637\u064a\u0631\u0627\u0646 \u0628\u0627\u0644\u062c\u0627\u0645\u0639\u0629 \u0627\u0644\u0623\u0641\u0631\u064a\u0642\u064a\u0629 \u0644\u0644\u0639\u0644\u0648\u0645 \u0648\u0627\u0644\u062f\u0631\u0627\u0633\u0627\u062a \u0627\u0644\u0645\u062a\u0637\u0648\u0631\u0629 \u0648\u0627\u0644\u0628\u062d\u062b \u0627\u0644\u0639\u0644\u0645\u0649 \u0625\u0644\u0649 \u062a\u0632\u0648\u064a\u062f \u0627\u0644\u0645\u062a\u062f\u0631\u0628\u064a\u0646 \u0628\u0627\u0644\u0645\u0639\u0631\u0641\u0629 \u0627\u0644\u0646\u0638\u0631\u064a\u0629 \u0648\u0627\u0644\u0645\u0647\u0627\u0631\u0627\u062a \u0627\u0644\u0639\u0645\u0644\u064a\u0629 \u0627\u0644\u0644\u0627\u0632\u0645\u0629 \u0644\u0642\u064a\u0627\u062f\u0629 \u0627\u0644\u0637\u0627\u0626\u0631\u0627\u062a \u0648\u0627\u0644\u062a\u0639\u0627\u0645\u0644 \u0645\u0639 \u0645\u062e\u062a\u0644\u0641 \u0638\u0631\u0648\u0641 \u0627\u0644\u0637\u064a\u0631\u0627\u0646\u060c \u0648\u0630\u0644\u0643 \u0645\u0646 \u062e\u0644\u0627\u0644 \u0628\u0631\u0627\u0645\u062c \u062a\u062f\u0631\u064a\u0628\u064a\u0629 [&hellip;]<\/p>","protected":false},"author":2,"featured_media":0,"parent":0,"menu_order":0,"comment_status":"closed","ping_status":"closed","template":"","meta":{"_acf_changed":false,"footnotes":""},"class_list":["post-1186","page","type-page","status-publish","hentry"],"acf":[],"_links":{"self":[{"href":"https:\/\/aua-edu.com\/fr\/wp-json\/wp\/v2\/pages\/1186","targetHints":{"allow":["GET"]}}],"collection":[{"href":"https:\/\/aua-edu.com\/fr\/wp-json\/wp\/v2\/pages"}],"about":[{"href":"https:\/\/aua-edu.com\/fr\/wp-json\/wp\/v2\/types\/page"}],"author":[{"embeddable":true,"href":"https:\/\/aua-edu.com\/fr\/wp-json\/wp\/v2\/users\/2"}],"replies":[{"embeddable":true,"href":"https:\/\/aua-edu.com\/fr\/wp-json\/wp\/v2\/comments?post=1186"}],"version-history":[{"count":12,"href":"https:\/\/aua-edu.com\/fr\/wp-json\/wp\/v2\/pages\/1186\/revisions"}],"predecessor-version":[{"id":1971,"href":"https:\/\/aua-edu.com\/fr\/wp-json\/wp\/v2\/pages\/1186\/revisions\/1971"}],"wp:attachment":[{"href":"https:\/\/aua-edu.com\/fr\/wp-json\/wp\/v2\/media?parent=1186"}],"curies":[{"name":"wp","href":"https:\/\/api.w.org\/{rel}","templated":true}]}}