{"id":1222,"date":"2025-08-08T22:35:03","date_gmt":"2025-08-08T22:35:03","guid":{"rendered":"https:\/\/aua-edu.com\/?page_id=1222"},"modified":"2025-09-07T08:46:36","modified_gmt":"2025-09-07T08:46:36","slug":"%d9%83%d9%84%d9%8a%d8%a9-%d8%aa%d9%83%d9%86%d9%88%d9%84%d9%88%d8%ac%d9%8a%d8%a7-%d8%a7%d9%84%d9%85%d8%b9%d9%84%d9%88%d9%85%d8%a7%d8%aa","status":"publish","type":"page","link":"https:\/\/aua-edu.com\/fr\/%d9%83%d9%84%d9%8a%d8%a9-%d8%aa%d9%83%d9%86%d9%88%d9%84%d9%88%d8%ac%d9%8a%d8%a7-%d8%a7%d9%84%d9%85%d8%b9%d9%84%d9%88%d9%85%d8%a7%d8%aa\/","title":{"rendered":"Coll\u00e8ge des technologies de l&#039;information"},"content":{"rendered":"<p><img fetchpriority=\"high\" decoding=\"async\" class=\"wp-image-1223 aligncenter\" src=\"https:\/\/aua-edu.com\/wp-content\/uploads\/2025\/08\/baner-300x193.gif\" alt=\"\" width=\"304\" height=\"195\" srcset=\"https:\/\/aua-edu.com\/wp-content\/uploads\/2025\/08\/baner-300x193.gif 300w, https:\/\/aua-edu.com\/wp-content\/uploads\/2025\/08\/baner-1024x658.gif 1024w, https:\/\/aua-edu.com\/wp-content\/uploads\/2025\/08\/baner-768x494.gif 768w, https:\/\/aua-edu.com\/wp-content\/uploads\/2025\/08\/baner-18x12.gif 18w\" sizes=\"(max-width: 304px) 100vw, 304px\" \/><\/p>\n<h3><span style=\"color: #000000; font-size: 14pt; font-family: arial, helvetica, sans-serif;\"><strong>Ici, nous cr\u00e9ons des programmeurs, d\u00e9veloppons des solutions et suivons avec confiance le rythme de l&#039;avenir dans le monde en pleine acc\u00e9l\u00e9ration de la technologie.<\/strong><\/span><\/h3>\n<h3><span style=\"color: #000000; font-size: 14pt; font-family: arial, helvetica, sans-serif;\"><strong>Le Coll\u00e8ge des technologies de l&#039;information est une institution universitaire sp\u00e9cialis\u00e9e qui vise \u00e0 pr\u00e9parer des cadres distingu\u00e9s poss\u00e9dant des connaissances th\u00e9oriques et des comp\u00e9tences pratiques dans les domaines des technologies de l&#039;information, de la s\u00e9curit\u00e9 des r\u00e9seaux, de l&#039;analyse des syst\u00e8mes, du d\u00e9veloppement de logiciels et de la gestion de bases de donn\u00e9es.<\/strong><\/span><br \/>\n<span style=\"color: #000000; font-size: 14pt; font-family: arial, helvetica, sans-serif;\"><strong>Le coll\u00e8ge combine l&#039;enseignement \u00e0 distance avanc\u00e9 avec une formation pratique dans des laboratoires de pointe, assurant la diplomation de sp\u00e9cialistes capables de suivre le rythme des \u00e9volutions rapides du monde de la technologie et de contribuer \u00e0 la transformation num\u00e9rique des institutions.<\/strong><\/span><br \/>\n<span style=\"color: #000000; font-size: 14pt; font-family: arial, helvetica, sans-serif;\"><strong>Le coll\u00e8ge souhaite \u00e9galement encourager la recherche scientifique et l\u2019innovation, et d\u00e9velopper l\u2019esprit de cr\u00e9ativit\u00e9 et de travail d\u2019\u00e9quipe parmi ses \u00e9tudiants, les qualifiant ainsi pour \u00eatre comp\u00e9titifs sur le march\u00e9 du travail local et mondial.<\/strong><\/span><\/h3>","protected":false},"excerpt":{"rendered":"<p>Ici, nous formons des programmeurs, d\u00e9veloppons des solutions et avan\u00e7ons avec confiance vers l&#039;avenir dans un monde technologique en constante \u00e9volution. La Facult\u00e9 des technologies de l&#039;information est un \u00e9tablissement d&#039;enseignement sup\u00e9rieur sp\u00e9cialis\u00e9 qui se consacre \u00e0 la formation de dipl\u00f4m\u00e9s d&#039;excellence, dot\u00e9s de connaissances th\u00e9oriques et de comp\u00e9tences pratiques dans les domaines des technologies de l&#039;information, de la s\u00e9curit\u00e9 des r\u00e9seaux, de l&#039;analyse des syst\u00e8mes, du d\u00e9veloppement logiciel et de la gestion des bases de donn\u00e9es. La facult\u00e9 int\u00e8gre l&#039;enseignement \u00e0\u2026<\/p>","protected":false},"author":2,"featured_media":0,"parent":0,"menu_order":0,"comment_status":"closed","ping_status":"closed","template":"","meta":{"_acf_changed":false,"footnotes":""},"class_list":["post-1222","page","type-page","status-publish","hentry"],"acf":[],"_links":{"self":[{"href":"https:\/\/aua-edu.com\/fr\/wp-json\/wp\/v2\/pages\/1222","targetHints":{"allow":["GET"]}}],"collection":[{"href":"https:\/\/aua-edu.com\/fr\/wp-json\/wp\/v2\/pages"}],"about":[{"href":"https:\/\/aua-edu.com\/fr\/wp-json\/wp\/v2\/types\/page"}],"author":[{"embeddable":true,"href":"https:\/\/aua-edu.com\/fr\/wp-json\/wp\/v2\/users\/2"}],"replies":[{"embeddable":true,"href":"https:\/\/aua-edu.com\/fr\/wp-json\/wp\/v2\/comments?post=1222"}],"version-history":[{"count":5,"href":"https:\/\/aua-edu.com\/fr\/wp-json\/wp\/v2\/pages\/1222\/revisions"}],"predecessor-version":[{"id":1954,"href":"https:\/\/aua-edu.com\/fr\/wp-json\/wp\/v2\/pages\/1222\/revisions\/1954"}],"wp:attachment":[{"href":"https:\/\/aua-edu.com\/fr\/wp-json\/wp\/v2\/media?parent=1222"}],"curies":[{"name":"wp","href":"https:\/\/api.w.org\/{rel}","templated":true}]}}