{"id":1466,"date":"2025-08-22T19:24:41","date_gmt":"2025-08-22T19:24:41","guid":{"rendered":"https:\/\/aua-edu.com\/?page_id=1466"},"modified":"2025-08-23T22:50:23","modified_gmt":"2025-08-23T22:50:23","slug":"%d8%b4%d9%87%d8%a7%d8%af%d8%a9-%d8%a7%d9%84%d8%a8%d9%83%d8%a7%d9%84%d9%88%d8%b1%d9%8a%d9%88%d8%b3","status":"publish","type":"page","link":"https:\/\/aua-edu.com\/fr\/%d8%b4%d9%87%d8%a7%d8%af%d8%a9-%d8%a7%d9%84%d8%a8%d9%83%d8%a7%d9%84%d9%88%d8%b1%d9%8a%d9%88%d8%b3\/","title":{"rendered":"licence"},"content":{"rendered":"<p><img decoding=\"async\" class=\"size-medium wp-image-591 aligncenter\" src=\"https:\/\/aua-edu.com\/wp-content\/uploads\/2025\/07\/istockphoto-1320944243-612x612-1-300x139.jpg\" alt=\"\" width=\"300\" height=\"139\" srcset=\"https:\/\/aua-edu.com\/wp-content\/uploads\/2025\/07\/istockphoto-1320944243-612x612-1-300x139.jpg 300w, https:\/\/aua-edu.com\/wp-content\/uploads\/2025\/07\/istockphoto-1320944243-612x612-1-18x8.jpg 18w, https:\/\/aua-edu.com\/wp-content\/uploads\/2025\/07\/istockphoto-1320944243-612x612-1.jpg 612w\" sizes=\"(max-width: 300px) 100vw, 300px\" \/><\/p>\n<h3 style=\"text-align: right;\"><span style=\"font-family: arial, helvetica, sans-serif; font-size: 12pt; color: #000000;\"><strong>Le baccalaur\u00e9at sp\u00e9cialis\u00e9 est obtenu par le biais du syst\u00e8me de normalisation acad\u00e9mique, qui repose sur la satisfaction de certaines exigences par l&#039;enseignement \u00e0 distance, et sur lequel le baccalaur\u00e9at sp\u00e9cialis\u00e9 est d\u00e9cern\u00e9, plut\u00f4t que par le biais des \u00e9tudes acad\u00e9miques r\u00e9guli\u00e8res conventionnelles ou du syst\u00e8me traditionnel bien connu.<\/strong><\/span><\/h3>\n<h3 style=\"text-align: right;\"><span style=\"font-family: arial, helvetica, sans-serif; font-size: 12pt; color: #000000;\"><strong>Gr\u00e2ce \u00e0 ce syst\u00e8me, les \u00e9tudiants peuvent s&#039;inscrire \u00e0 l&#039;examen de sp\u00e9cialit\u00e9. L&#039;examen est en ligne et peut \u00eatre pass\u00e9 depuis chez vous, en arabe ou en anglais. Les examens sont pr\u00e9par\u00e9s \u00e0 distance par des professeurs sp\u00e9cialis\u00e9s. Les \u00e9tudiants ont le droit de le repasser une fois, puis une deuxi\u00e8me fois s&#039;ils souhaitent am\u00e9liorer leur note ou l&#039;\u00e9chouer, sans frais suppl\u00e9mentaires. La note maximale est de 100.<\/strong><\/span><\/h3>\n<h3 style=\"text-align: right;\"><span style=\"font-family: arial, helvetica, sans-serif; font-size: 12pt; color: #000000;\"><strong>La bourse est accord\u00e9e dans un d\u00e9lai tr\u00e8s court, ne d\u00e9passant pas un mois, correspondant au temps n\u00e9cessaire aux d\u00e9marches administratives n\u00e9cessaires \u00e0 la l\u00e9galisation et aux certifications acad\u00e9miques, notamment aupr\u00e8s de l&#039;ambassade, du minist\u00e8re des Affaires \u00e9trang\u00e8res et du minist\u00e8re de la Justice, ainsi qu&#039;aux traductions. Le montant de la bourse est calcul\u00e9 sur la base de ce d\u00e9lai pour l&#039;obtention du dipl\u00f4me universitaire requis.<\/strong><\/span><\/h3>\n<h3 style=\"text-align: right;\"><span style=\"font-family: arial, helvetica, sans-serif; font-size: 12pt; color: #000000;\"><strong>Le master sp\u00e9cialis\u00e9 est obtenu par la soumission et la discussion par l&#039;\u00e9tudiant d&#039;un projet de recherche visant \u00e0 obtenir les postes acad\u00e9miques les plus importants qu&#039;un chercheur scientifique puisse obtenir, ce qui profite en fin de compte \u00e0 la soci\u00e9t\u00e9 en g\u00e9n\u00e9ral et fait ainsi avancer la roue du d\u00e9veloppement dans la sp\u00e9cialisation pr\u00e9sent\u00e9e par le chercheur en particulier.<\/strong><\/span><\/h3>\n<h3 style=\"text-align: right;\"><span style=\"font-family: arial, helvetica, sans-serif; font-size: 12pt; color: #000000;\"><strong>Pour obtenir un baccalaur\u00e9at sp\u00e9cialis\u00e9, contactez-nous par email ou l&#039;agent de votre pays.<\/strong><\/span><\/h3>\n<h3 style=\"text-align: right;\"><\/h3>","protected":false},"excerpt":{"rendered":"<p>\u064a\u062a\u0645 \u0627\u0644\u062d\u0635\u0648\u0644 \u0639\u0644\u0649 \u062f\u0631\u062c\u0629 \u0627\u0644\u0628\u0643\u0627\u0644\u0648\u0631\u064a\u0648\u0633 \u0627\u0644\u062a\u062e\u0635\u0635\u0649 \u0645\u0646 \u062e\u0644\u0627\u0644 \u0646\u0638\u0627\u0645 \u0627\u0644\u062a\u0642\u0646\u064a\u0646 \u0627\u0644\u0623\u0643\u0627\u062f\u064a\u0645\u0649 \u0627\u0644\u0630\u0649 \u064a\u0642\u0648\u0645 \u0639\u0644\u0649 \u0623\u0633\u0627\u0633 \u062a\u062d\u0642\u064a\u0642 \u0645\u062a\u0637\u0644\u0628\u0627\u062a \u0645\u0639\u064a\u0646\u0629 \u0639\u0646 \u0637\u0631\u064a\u0642 \u0627\u0644\u062f\u0631\u0627\u0633\u0629 \u0639\u0646 \u0628\u064f\u0639\u062f \u0648\u064a\u062a\u0645 \u0639\u0644\u0649 \u0623\u0633\u0627\u0633\u0647\u0627 \u0645\u0646\u062d \u062f\u0631\u062c\u0629 \u0627\u0644\u0628\u0643\u0627\u0644\u0648\u0631\u064a\u0648\u0633 \u0627\u0644\u062a\u062e\u0635\u0635\u0649 \u0648\u0644\u064a\u0633 \u0645\u0646 \u062e\u0644\u0627\u0644 \u0627\u0644\u062f\u0631\u0627\u0633\u0629 \u0627\u0644\u0623\u0643\u0627\u062f\u064a\u0645\u064a\u0629 \u0627\u0644\u0646\u0638\u0627\u0645\u064a\u0629 \u0627\u0644\u0645\u062a\u0639\u0627\u0631\u0641 \u0639\u0644\u064a\u0647\u0627 \u0623\u0648 \u0627\u0644\u0646\u0638\u0627\u0645 \u0627\u0644\u062a\u0642\u0644\u064a\u062f\u0649 \u0627\u0644\u0645\u0639\u0631\u0648\u0641 . \u0648\u0645\u0646 \u062e\u0644\u0627\u0644 \u0647\u0630\u0627 \u0627\u0644\u0646\u0638\u0627\u0645 \u064a\u062a\u0645 \u0627\u0644\u062a\u0642\u062f\u0645 \u0644\u0644\u0627\u062e\u062a\u0628\u0627\u0631 \u0641\u0649 \u0627\u0644\u062a\u062e\u0635\u0635 \u0648\u064a\u0643\u0648\u0646 \u0627\u062e\u062a\u0628\u0627\u0631 \u0623\u0648\u0646 [&hellip;]<\/p>","protected":false},"author":2,"featured_media":1468,"parent":0,"menu_order":0,"comment_status":"closed","ping_status":"closed","template":"","meta":{"_acf_changed":false,"footnotes":""},"class_list":["post-1466","page","type-page","status-publish","has-post-thumbnail","hentry"],"acf":[],"_links":{"self":[{"href":"https:\/\/aua-edu.com\/fr\/wp-json\/wp\/v2\/pages\/1466","targetHints":{"allow":["GET"]}}],"collection":[{"href":"https:\/\/aua-edu.com\/fr\/wp-json\/wp\/v2\/pages"}],"about":[{"href":"https:\/\/aua-edu.com\/fr\/wp-json\/wp\/v2\/types\/page"}],"author":[{"embeddable":true,"href":"https:\/\/aua-edu.com\/fr\/wp-json\/wp\/v2\/users\/2"}],"replies":[{"embeddable":true,"href":"https:\/\/aua-edu.com\/fr\/wp-json\/wp\/v2\/comments?post=1466"}],"version-history":[{"count":6,"href":"https:\/\/aua-edu.com\/fr\/wp-json\/wp\/v2\/pages\/1466\/revisions"}],"predecessor-version":[{"id":1644,"href":"https:\/\/aua-edu.com\/fr\/wp-json\/wp\/v2\/pages\/1466\/revisions\/1644"}],"wp:featuredmedia":[{"embeddable":true,"href":"https:\/\/aua-edu.com\/fr\/wp-json\/wp\/v2\/media\/1468"}],"wp:attachment":[{"href":"https:\/\/aua-edu.com\/fr\/wp-json\/wp\/v2\/media?parent=1466"}],"curies":[{"name":"wp","href":"https:\/\/api.w.org\/{rel}","templated":true}]}}