{"id":1990,"date":"2025-09-07T13:17:50","date_gmt":"2025-09-07T13:17:50","guid":{"rendered":"https:\/\/aua-edu.com\/?page_id=1990"},"modified":"2025-09-07T13:33:38","modified_gmt":"2025-09-07T13:33:38","slug":"1990-2","status":"publish","type":"page","link":"https:\/\/aua-edu.com\/fr\/1990-2\/","title":{"rendered":""},"content":{"rendered":"<h1 style=\"text-align: center;\"><span style=\"color: #0000ff;\">Pourquoi l&#039;enseignement \u00e0 distance ?<\/span><\/h1>\n<h1><img fetchpriority=\"high\" decoding=\"async\" class=\"size-medium wp-image-1401 aligncenter\" src=\"https:\/\/aua-edu.com\/wp-content\/uploads\/2025\/08\/43434343434344-300x300.jpg\" alt=\"\" width=\"300\" height=\"300\" srcset=\"https:\/\/aua-edu.com\/wp-content\/uploads\/2025\/08\/43434343434344-300x300.jpg 300w, https:\/\/aua-edu.com\/wp-content\/uploads\/2025\/08\/43434343434344-150x150.jpg 150w, https:\/\/aua-edu.com\/wp-content\/uploads\/2025\/08\/43434343434344-12x12.jpg 12w, https:\/\/aua-edu.com\/wp-content\/uploads\/2025\/08\/43434343434344.jpg 626w\" sizes=\"(max-width: 300px) 100vw, 300px\" \/><\/h1>\n<h3><span style=\"font-family: arial black, sans-serif;\"><strong><span style=\"font-size: 14pt; color: #000000;\">De nombreux \u00e9tudiants r\u00eavent de poursuivre des \u00e9tudes \u00e0 l&#039;\u00e9tranger, mais ils peuvent rencontrer des difficult\u00e9s pour s&#039;inscrire dans ces universit\u00e9s internationales situ\u00e9es hors de leur pays. Ces difficult\u00e9s ne sont pas forc\u00e9ment financi\u00e8res, mais plut\u00f4t li\u00e9es \u00e0 la planification du voyage et \u00e0 la candidature \u00e0 l&#039;universit\u00e9 de leur choix.<\/span><\/strong><\/span><\/h3>\n<h3><span style=\"font-family: arial black, sans-serif;\"><strong><span style=\"font-size: 14pt; color: #000000;\">L&#039;\u00e9tudiant n&#039;a souvent pas la bonne d\u00e9marche \u00e0 suivre concernant l&#039;universit\u00e9 qui lui convient, ses ambitions et sa sp\u00e9cialisation universitaire.<\/span><\/strong><\/span><\/h3>\n<h3><span style=\"font-family: arial black, sans-serif;\"><strong><span style=\"font-size: 14pt; color: #000000;\"><span style=\"color: #ff0000;\">Avantages de l\u2019apprentissage \u00e0 distance :<\/span><\/span><\/strong><\/span><\/h3>\n<h3><span style=\"font-family: arial black, sans-serif;\"><strong><span style=\"font-size: 14pt; color: #000000;\">Vous constaterez que les avantages de l&#039;apprentissage \u00e0 distance sont nombreux et qu&#039;il vous fera \u00e9conomiser beaucoup d&#039;efforts, de temps et d&#039;argent. Vous pourrez suivre les cours et les le\u00e7ons de votre choix, tout en poursuivant vos \u00e9tudes depuis chez vous et sur votre ordinateur. Ces avantages sont les suivants\u00a0:<\/span><\/strong><\/span><\/h3>\n<h3><span style=\"font-family: arial black, sans-serif;\"><strong><span style=\"font-size: 14pt; color: #000000;\">Il est facile d&#039;obtenir un baccalaur\u00e9at en sciences avec ce syst\u00e8me \u00e9ducatif, simplement depuis chez vous, o\u00f9 vous trouverez toutes les informations et les coll\u00e8ges que vous souhaitez obtenir.<\/span><\/strong><\/span><\/h3>\n<h3><span style=\"font-family: arial black, sans-serif;\"><strong><span style=\"font-size: 14pt; color: #000000;\">Cela permet d\u2019\u00e9conomiser \u00e9norm\u00e9ment d\u2019efforts et de temps que vous consacreriez dans le syst\u00e8me \u00e9ducatif ordinaire.<\/span><\/strong><\/span><\/h3>\n<h3><span style=\"font-family: arial black, sans-serif;\"><strong><span style=\"font-size: 14pt; color: #000000;\">Il est facile de combiner l\u2019apprentissage \u00e0 distance avec le travail \u00e0 domicile.<\/span><\/strong><\/span><\/h3>\n<h3><span style=\"font-family: arial black, sans-serif;\"><strong><span style=\"font-size: 14pt; color: #000000;\">L\u2019un des avantages de l\u2019enseignement \u00e0 distance est sa capacit\u00e9 \u00e0 offrir une flexibilit\u00e9 en termes de temps et de lieu, ce qui fait d\u00e9faut dans le syst\u00e8me \u00e9ducatif traditionnel.<\/span><\/strong><\/span><\/h3>\n<h3><span style=\"font-family: arial black, sans-serif;\"><strong><span style=\"font-size: 14pt; color: #000000;\">Il est tr\u00e8s adapt\u00e9 aux personnes ayant des besoins particuliers pour sa capacit\u00e9 \u00e0 leur faire apprendre sans aucune mobilit\u00e9.<\/span><\/strong><\/span><\/h3>\n<h3><span style=\"font-family: arial black, sans-serif;\"><strong><span style=\"font-size: 14pt; color: #000000;\"><span style=\"color: #ff0000;\">Quelques exemples de r\u00e9ussite de l\u2019enseignement \u00e0 distance :<\/span><\/span><\/strong><\/span><\/h3>\n<h3><span style=\"font-family: arial black, sans-serif;\"><strong><span style=\"font-size: 14pt; color: #000000;\">Certes, les avantages de l\u2019apprentissage \u00e0 distance sont devenus tr\u00e8s \u00e9vidents au cours de la p\u00e9riode r\u00e9cente, lorsqu\u2019on parle de la pand\u00e9mie de Corona, car le monde entier s\u2019est tourn\u00e9 vers l\u2019apprentissage via ce syst\u00e8me, car il est le plus appropri\u00e9 dans ces circonstances que le monde traverse et pour pr\u00e9server la vie des gens.<\/span><\/strong><\/span><\/h3>\n<h3><span style=\"font-family: arial black, sans-serif;\"><strong><span style=\"font-size: 14pt; color: #000000;\">Par exemple, au sein du Royaume hach\u00e9mite de Jordanie, nous avons trouv\u00e9 l\u2019une des plateformes tr\u00e8s c\u00e9l\u00e8bres appel\u00e9e <span style=\"color: #ff0000;\">(Votre le\u00e7on)<\/span> Cette plateforme a \u00e9t\u00e9 cr\u00e9\u00e9e sp\u00e9cifiquement pour les \u00e9tudiants, et de nombreux programmes d&#039;\u00e9tudes dont ils ont besoin ont \u00e9t\u00e9 officiellement approuv\u00e9s. De plus, elle permet de proposer des tests adapt\u00e9s aux \u00e9tudiants et d&#039;organiser leurs examens. C&#039;est ici que les avantages et l&#039;importance de l&#039;enseignement \u00e0 distance sont mis en \u00e9vidence.<\/span><\/strong><\/span><\/h3>\n<h3><span style=\"font-family: arial black, sans-serif;\"><strong><span style=\"font-size: 14pt; color: #000000;\">Ainsi, au cours de cette explication, nous avons discut\u00e9 en d\u00e9tail des avantages de l\u2019enseignement \u00e0 distance, ainsi que de certains des exemples existants qui ont \u00e9t\u00e9 mis en \u0153uvre et se sont av\u00e9r\u00e9s efficaces pour ce syst\u00e8me \u00e9ducatif.<\/span><\/strong><\/span><\/h3>\n<h3><\/h3>","protected":false},"excerpt":{"rendered":"<p>Pourquoi l&#039;enseignement \u00e0 distance\u00a0? Nombre d&#039;\u00e9tudiants r\u00eavent d&#039;\u00e9tudier \u00e0 l&#039;\u00e9tranger, mais le probl\u00e8me est qu&#039;ils peuvent rencontrer des difficult\u00e9s pour s&#039;inscrire dans des universit\u00e9s internationales hors de leur pays d&#039;origine. Ces difficult\u00e9s ne sont pas forc\u00e9ment d&#039;ordre financier\u00a0; elles concernent plut\u00f4t l&#039;organisation du voyage et les d\u00e9marches d&#039;inscription aupr\u00e8s de l&#039;universit\u00e9 choisie. Souvent, les \u00e9tudiants manquent des ressources n\u00e9cessaires\u2026<\/p>","protected":false},"author":2,"featured_media":0,"parent":0,"menu_order":0,"comment_status":"closed","ping_status":"closed","template":"","meta":{"_acf_changed":false,"footnotes":""},"class_list":["post-1990","page","type-page","status-publish","hentry"],"acf":[],"_links":{"self":[{"href":"https:\/\/aua-edu.com\/fr\/wp-json\/wp\/v2\/pages\/1990","targetHints":{"allow":["GET"]}}],"collection":[{"href":"https:\/\/aua-edu.com\/fr\/wp-json\/wp\/v2\/pages"}],"about":[{"href":"https:\/\/aua-edu.com\/fr\/wp-json\/wp\/v2\/types\/page"}],"author":[{"embeddable":true,"href":"https:\/\/aua-edu.com\/fr\/wp-json\/wp\/v2\/users\/2"}],"replies":[{"embeddable":true,"href":"https:\/\/aua-edu.com\/fr\/wp-json\/wp\/v2\/comments?post=1990"}],"version-history":[{"count":4,"href":"https:\/\/aua-edu.com\/fr\/wp-json\/wp\/v2\/pages\/1990\/revisions"}],"predecessor-version":[{"id":2002,"href":"https:\/\/aua-edu.com\/fr\/wp-json\/wp\/v2\/pages\/1990\/revisions\/2002"}],"wp:attachment":[{"href":"https:\/\/aua-edu.com\/fr\/wp-json\/wp\/v2\/media?parent=1990"}],"curies":[{"name":"wp","href":"https:\/\/api.w.org\/{rel}","templated":true}]}}