{"id":257,"date":"2025-07-08T21:16:49","date_gmt":"2025-07-08T21:16:49","guid":{"rendered":"https:\/\/aua-edu.com\/?page_id=257"},"modified":"2025-09-07T08:33:53","modified_gmt":"2025-09-07T08:33:53","slug":"faculty-of-medicine","status":"publish","type":"page","link":"https:\/\/aua-edu.com\/fr\/facalties\/faculty-of-medicine\/","title":{"rendered":"Facult\u00e9 de m\u00e9decine"},"content":{"rendered":"<div class=\"WaaZC\">\n<div class=\"RJPOee EIJn2\">\n<h3 data-hveid=\"CAQQAQ\" data-ved=\"2ahUKEwivmMmwqNmOAxXf9rsIHQxdN4gQo_EKegQIBBAB\"><img decoding=\"async\" class=\"wp-image-776 aligncenter\" src=\"https:\/\/aua-edu.com\/wp-content\/uploads\/2025\/07\/\u0627\u0641\u0636\u0644-\u0627\u0644\u062f\u0648\u0644-\u0644\u062f\u0631\u0627\u0633\u0647-\u0627\u0644\u0637\u0628.png-300x230.jpg\" alt=\"\" width=\"211\" height=\"162\" srcset=\"https:\/\/aua-edu.com\/wp-content\/uploads\/2025\/07\/\u0627\u0641\u0636\u0644-\u0627\u0644\u062f\u0648\u0644-\u0644\u062f\u0631\u0627\u0633\u0647-\u0627\u0644\u0637\u0628.png-300x230.jpg 300w, https:\/\/aua-edu.com\/wp-content\/uploads\/2025\/07\/\u0627\u0641\u0636\u0644-\u0627\u0644\u062f\u0648\u0644-\u0644\u062f\u0631\u0627\u0633\u0647-\u0627\u0644\u0637\u0628.png-768x588.jpg 768w, https:\/\/aua-edu.com\/wp-content\/uploads\/2025\/07\/\u0627\u0641\u0636\u0644-\u0627\u0644\u062f\u0648\u0644-\u0644\u062f\u0631\u0627\u0633\u0647-\u0627\u0644\u0637\u0628.png-16x12.jpg 16w, https:\/\/aua-edu.com\/wp-content\/uploads\/2025\/07\/\u0627\u0641\u0636\u0644-\u0627\u0644\u062f\u0648\u0644-\u0644\u062f\u0631\u0627\u0633\u0647-\u0627\u0644\u0637\u0628.png.jpg 966w\" sizes=\"(max-width: 211px) 100vw, 211px\" \/><\/h3>\n<h3 class=\"rPeykc\" data-hveid=\"CAQQAQ\" data-ved=\"2ahUKEwivmMmwqNmOAxXf9rsIHQxdN4gQo_EKegQIBBAB\"><span style=\"font-size: 14pt; font-family: arial, helvetica, sans-serif;\"><strong><span style=\"color: #000000;\">L\u2019\u00e9tude de la m\u00e9decine est un parcours acad\u00e9mique qui vise \u00e0 pr\u00e9parer les individus \u00e0 devenir m\u00e9decins capables de diagnostiquer et de traiter les maladies et de fournir des soins de sant\u00e9 aux patients. <\/span><\/strong><\/span><\/h3>\n<h3 class=\"rPeykc\" data-hveid=\"CAQQAQ\" data-ved=\"2ahUKEwivmMmwqNmOAxXf9rsIHQxdN4gQo_EKegQIBBAB\"><span style=\"font-size: 14pt; font-family: arial, helvetica, sans-serif;\"><strong><span style=\"color: #000000;\">L\u2019\u00e9tude de la m\u00e9decine comprend l\u2019\u00e9tude des sciences m\u00e9dicales fondamentales, la formation pratique et l\u2019acquisition des comp\u00e9tences n\u00e9cessaires \u00e0 la pratique de la m\u00e9decine.\u00a0<\/span><\/strong><\/span><\/h3>\n<\/div>\n<\/div>\n<div class=\"RJPOee EIJn2\">\n<div class=\"rPeykc pyPiTc\" data-hveid=\"CAgQAQ\" data-ved=\"2ahUKEwivmMmwqNmOAxXf9rsIHQxdN4gQo_EKegQICBAB\"><span style=\"font-size: 14pt; font-family: arial, helvetica, sans-serif;\"><strong><span style=\"color: #ff0000;\" data-huuid=\"11308062541244483973\">Raisons du choix d&#039;\u00e9tudier la m\u00e9decine ?!<\/span><\/strong><\/span><\/div>\n<\/div>\n<div class=\"RJPOee EIJn2\">\n<div class=\"zMgcWd dSKvsb\" data-il=\"\">\n<div data-crb-p=\"\">\n<div class=\"xFTqob\">\n<div class=\"Gur8Ad\"><span style=\"font-size: 14pt; font-family: arial, helvetica, sans-serif;\"><strong><span style=\"color: #000000;\" data-huuid=\"11308062541244482470\"><span style=\"color: #0000ff;\">D\u00e9sir d\u2019aider les autres :<\/span> <\/span><\/strong><\/span><\/div>\n<div class=\"vM0jzc\">\n<p><span style=\"font-size: 14pt; font-family: arial, helvetica, sans-serif;\"><strong><span style=\"color: #000000;\" data-huuid=\"11308062541244481969\">De nombreux m\u00e9decins choisissent ce domaine parce qu\u2019ils souhaitent soulager la douleur des patients, am\u00e9liorer leur sant\u00e9 et leur apporter un soutien en cas de besoin.<span class=\"pjBG2e\" data-cid=\"4d6b867d-d828-4281-81ad-b46aaddeb7d7\"><span class=\"UV3uM\">\u00a0<\/span><\/span><\/span><\/strong><\/span><\/p>\n<\/div>\n<\/div>\n<\/div>\n<\/div>\n<\/div>\n<div data-crb-p=\"\">\n<div class=\"xFTqob\">\n<div class=\"Gur8Ad\"><span style=\"font-size: 14pt; font-family: arial, helvetica, sans-serif;\"><strong><span style=\"color: #000000;\" data-huuid=\"11308062541244485063\"><span style=\"color: #0000ff;\">Passion pour les sciences m\u00e9dicales :<\/span> <\/span><\/strong><\/span><\/div>\n<div class=\"vM0jzc\">\n<p><span style=\"font-size: 14pt; font-family: arial, helvetica, sans-serif;\"><strong><span style=\"color: #000000;\" data-huuid=\"11308062541244484562\">Certains \u00e9tudiants aiment \u00e9tudier la biologie, la chimie, la physique et les processus vitaux du corps humain ainsi que la mani\u00e8re dont les maladies les affectent.<span class=\"pjBG2e\" data-cid=\"815bce70-a4a1-4a80-ab99-a365dce6ae79\"><span class=\"UV3uM\">\u00a0<\/span><\/span><\/span><\/strong><\/span><\/p>\n<\/div>\n<\/div>\n<\/div>\n<div data-crb-p=\"\">\n<div class=\"xFTqob\">\n<div class=\"Gur8Ad\"><span style=\"font-size: 14pt; font-family: arial, helvetica, sans-serif;\"><strong><span style=\"color: #000000;\" data-huuid=\"11308062541244483560\"><span style=\"color: #0000ff;\">D\u00e9fi intellectuel et professionnel :<\/span> <\/span><\/strong><\/span><\/div>\n<div class=\"vM0jzc\">\n<p><span style=\"font-size: 14pt; font-family: arial, helvetica, sans-serif;\"><strong><span style=\"color: #000000;\" data-huuid=\"11308062541244483059\">\u00c9tudier la m\u00e9decine demande beaucoup d\u2019efforts et de pers\u00e9v\u00e9rance, mais elle offre un d\u00e9fi intellectuel et scientifique, et ouvre de larges horizons d\u2019apprentissage et de recherche.<span class=\"pjBG2e\" data-cid=\"6b611123-9dca-45df-a50a-db3b620febbe\"><span class=\"UV3uM\">\u00a0<\/span><\/span><\/span><\/strong><\/span><\/p>\n<\/div>\n<\/div>\n<\/div>\n<div data-crb-p=\"\">\n<div class=\"xFTqob\">\n<div class=\"Gur8Ad\"><span style=\"font-size: 14pt; font-family: arial, helvetica, sans-serif;\"><strong><span style=\"color: #000000;\" data-huuid=\"11308062541244482057\"><span style=\"color: #0000ff;\">Statut social:<\/span> <\/span><\/strong><\/span><\/div>\n<div class=\"vM0jzc\">\n<p><span style=\"font-size: 14pt; font-family: arial, helvetica, sans-serif;\"><strong><span style=\"color: #000000;\" data-huuid=\"11308062541244481556\">Les m\u00e9decins sont des membres respect\u00e9s de la soci\u00e9t\u00e9 et jouent un r\u00f4le important dans le maintien de la sant\u00e9 des individus et des communaut\u00e9s.<span class=\"pjBG2e\" data-cid=\"7fea30a0-b0c0-4982-a354-e71543b14641\"><span class=\"UV3uM\">\u00a0<\/span><\/span><\/span><\/strong><\/span><\/p>\n<\/div>\n<\/div>\n<\/div>\n<div data-crb-p=\"\">\n<div class=\"xFTqob\">\n<div class=\"Gur8Ad\"><span style=\"font-size: 14pt; font-family: arial, helvetica, sans-serif;\"><strong><span style=\"color: #000000;\" data-huuid=\"11308062541244484650\"><span style=\"color: #0000ff;\">Diverses opportunit\u00e9s de carri\u00e8re :<\/span> <\/span><\/strong><\/span><\/div>\n<div class=\"vM0jzc\">\n<p><span style=\"font-size: 14pt; font-family: arial, helvetica, sans-serif;\"><strong><span style=\"color: #000000;\" data-huuid=\"11308062541244484149\">Les dipl\u00f4m\u00e9s des \u00e9coles de m\u00e9decine ont de multiples opportunit\u00e9s d\u2019emploi dans les h\u00f4pitaux, les centres de sant\u00e9, les cliniques priv\u00e9es, les \u00e9tablissements de recherche et d\u2019enseignement.<span class=\"pjBG2e\" data-cid=\"f36aa20a-c9e1-404e-aaf4-7a5bdb10fd99\"><span class=\"UV3uM\">\u00a0<\/span><\/span><\/span><\/strong><\/span><\/p>\n<\/div>\n<\/div>\n<\/div>\n<div data-crb-p=\"\">\n<div class=\"xFTqob\">\n<div class=\"Gur8Ad\"><span style=\"font-size: 14pt; font-family: arial, helvetica, sans-serif;\"><strong><span style=\"color: #000000;\" data-huuid=\"11308062541244483147\"><span style=\"color: #0000ff;\">D\u00e9veloppement continu :<\/span> <\/span><\/strong><\/span><\/div>\n<div class=\"vM0jzc\">\n<p><span style=\"font-size: 14pt; font-family: arial, helvetica, sans-serif;\"><strong><span style=\"color: #000000;\" data-huuid=\"11308062541244482646\">Le domaine de la m\u00e9decine conna\u00eet des \u00e9volutions rapides, ce qui oblige les m\u00e9decins \u00e0 suivre le rythme de ces \u00e9volutions gr\u00e2ce \u00e0 un apprentissage et \u00e0 des recherches continus.<span class=\"pjBG2e\" data-cid=\"205a88f5-1670-4424-acd5-8ad8e8ee444f\"><span class=\"UV3uM\">\u00a0<\/span><\/span><\/span><\/strong><\/span><\/p>\n<\/div>\n<\/div>\n<\/div>\n<div data-crb-p=\"\">\n<div class=\"xFTqob\">\n<div class=\"Gur8Ad\"><span style=\"font-size: 14pt; font-family: arial, helvetica, sans-serif;\"><strong><span style=\"color: #000000;\" data-huuid=\"11308062541244481644\"><span style=\"color: #0000ff;\">Contribuer au progr\u00e8s de la soci\u00e9t\u00e9 :<\/span> <\/span><\/strong><\/span><\/div>\n<div class=\"vM0jzc\">\n<p><span style=\"font-size: 14pt; font-family: arial, helvetica, sans-serif;\"><strong><span style=\"color: #000000;\" data-huuid=\"11308062541244485239\">Les m\u00e9decins contribuent au d\u00e9veloppement des soins de sant\u00e9 et \u00e0 la prestation de services m\u00e9dicaux de haute qualit\u00e9 \u00e0 la communaut\u00e9.<span class=\"pjBG2e\" data-cid=\"2413ce23-93b1-4740-b8fe-3f40682b1570\"><span class=\"UV3uM\">\u00a0<\/span><\/span><\/span><\/strong><\/span><\/p>\n<\/div>\n<\/div>\n<\/div>\n<div class=\"RJPOee EIJn2\">\n<div class=\"rPeykc pyPiTc\" data-hveid=\"CCsQAQ\" data-ved=\"2ahUKEwivmMmwqNmOAxXf9rsIHQxdN4gQo_EKegQIKxAB\"><span style=\"font-size: 14pt; font-family: arial, helvetica, sans-serif;\"><strong><span style=\"color: #000000;\" data-huuid=\"12382024388767600710\"><span style=\"color: #0000ff;\">Objectifs des facult\u00e9s de m\u00e9decine :<\/span><\/span><\/strong><\/span><\/div>\n<div class=\"rPeykc pyPiTc\" data-hveid=\"CCsQAQ\" data-ved=\"2ahUKEwivmMmwqNmOAxXf9rsIHQxdN4gQo_EKegQIKxAB\"><span style=\"font-size: 14pt; font-family: arial, helvetica, sans-serif;\"><strong><span style=\"color: #000000;\" data-huuid=\"12382024388767600821\">Pr\u00e9parer des m\u00e9decins hautement qualifi\u00e9s capables d&#039;exercer la m\u00e9decine de mani\u00e8re efficace et efficiente<\/span><\/strong><\/span><\/div>\n<\/div>\n<div class=\"WaaZC\">\n<div class=\"RJPOee EIJn2\">\n<h3><span style=\"font-size: 14pt; font-family: arial, helvetica, sans-serif;\"><strong><span style=\"color: #000000;\" data-huuid=\"12382024388767600895\">Fournir aux \u00e9tudiants les connaissances et les comp\u00e9tences n\u00e9cessaires pour diagnostiquer et traiter diverses maladies.<\/span><\/strong><\/span><\/h3>\n<h3><span style=\"font-size: 14pt; font-family: arial, helvetica, sans-serif;\"><strong><span style=\"color: #000000;\" data-huuid=\"12382024388767600969\">D\u00e9velopper les capacit\u00e9s de recherche des \u00e9tudiants et les encourager \u00e0 contribuer au d\u00e9veloppement des connaissances m\u00e9dicales.<\/span><\/strong><\/span><\/h3>\n<h3><span style=\"font-size: 14pt; font-family: arial, helvetica, sans-serif;\"><strong><span style=\"color: #000000;\" data-huuid=\"12382024388767601043\">Promouvoir la sensibilisation \u00e0 la sant\u00e9 et fournir des services m\u00e9dicaux \u00e0 la communaut\u00e9<\/span><\/strong><\/span><\/h3>\n<h3><span style=\"font-size: 14pt; font-family: arial, helvetica, sans-serif;\"><strong><span style=\"color: #000000;\" data-huuid=\"12382024388767601117\">M\u00e9decins dipl\u00f4m\u00e9s qui adh\u00e8rent \u00e0 l\u2019\u00e9thique professionnelle et s\u2019efforcent de servir la communaut\u00e9.<\/span><\/strong><\/span><\/h3>\n<\/div>\n<\/div>","protected":false},"excerpt":{"rendered":"<p>\u062f\u0631\u0627\u0633\u0629 \u0627\u0644\u0637\u0628 \u0647\u064a \u0645\u0633\u0627\u0631 \u0623\u0643\u0627\u062f\u064a\u0645\u064a \u064a\u0647\u062f\u0641 \u0625\u0644\u0649 \u0625\u0639\u062f\u0627\u062f \u0627\u0644\u0623\u0641\u0631\u0627\u062f \u0644\u064a\u0635\u0628\u062d\u0648\u0627 \u0623\u0637\u0628\u0627\u0621 \u0642\u0627\u062f\u0631\u064a\u0646 \u0639\u0644\u0649 \u062a\u0634\u062e\u064a\u0635 \u0648\u0639\u0644\u0627\u062c \u0627\u0644\u0623\u0645\u0631\u0627\u0636\u060c \u0648\u062a\u0642\u062f\u064a\u0645 \u0627\u0644\u0631\u0639\u0627\u064a\u0629 \u0627\u0644\u0635\u062d\u064a\u0629 \u0644\u0644\u0645\u0631\u0636\u0649 . \u0648\u062a\u0634\u0645\u0644 \u062f\u0631\u0627\u0633\u0629 \u0627\u0644\u0637\u0628 \u062f\u0631\u0627\u0633\u0629 \u0627\u0644\u0639\u0644\u0648\u0645 \u0627\u0644\u0637\u0628\u064a\u0629 \u0627\u0644\u0623\u0633\u0627\u0633\u064a\u0629\u060c \u0648\u0627\u0644\u062a\u062f\u0631\u064a\u0628 \u0627\u0644\u0639\u0645\u0644\u064a \u0648\u0627\u0643\u062a\u0633\u0627\u0628 \u0627\u0644\u0645\u0647\u0627\u0631\u0627\u062a \u0627\u0644\u0644\u0627\u0632\u0645\u0629 \u0644\u0645\u0645\u0627\u0631\u0633\u0629 \u0645\u0647\u0646\u0629 \u0627\u0644\u0637\u0628\u00a0 \u0623\u0633\u0628\u0627\u0628 \u0627\u062e\u062a\u064a\u0627\u0631 \u062f\u0631\u0627\u0633\u0629 \u0627\u0644\u0637\u0628 \u061f! \u0627\u0644\u0631\u063a\u0628\u0629 \u0641\u064a \u0645\u0633\u0627\u0639\u062f\u0629 \u0627\u0644\u0622\u062e\u0631\u064a\u0646 : \u0627\u0644\u0639\u062f\u064a\u062f \u0645\u0646 \u0627\u0644\u0623\u0637\u0628\u0627\u0621 \u064a\u062e\u062a\u0627\u0631\u0648\u0646 \u0647\u0630\u0627 \u0627\u0644\u0645\u062c\u0627\u0644 \u0628\u0633\u0628\u0628 \u0631\u063a\u0628\u062a\u0647\u0645 \u0641\u064a [&hellip;]<\/p>","protected":false},"author":1,"featured_media":0,"parent":70,"menu_order":0,"comment_status":"closed","ping_status":"closed","template":"","meta":{"_acf_changed":false,"footnotes":""},"class_list":["post-257","page","type-page","status-publish","hentry"],"acf":[],"_links":{"self":[{"href":"https:\/\/aua-edu.com\/fr\/wp-json\/wp\/v2\/pages\/257","targetHints":{"allow":["GET"]}}],"collection":[{"href":"https:\/\/aua-edu.com\/fr\/wp-json\/wp\/v2\/pages"}],"about":[{"href":"https:\/\/aua-edu.com\/fr\/wp-json\/wp\/v2\/types\/page"}],"author":[{"embeddable":true,"href":"https:\/\/aua-edu.com\/fr\/wp-json\/wp\/v2\/users\/1"}],"replies":[{"embeddable":true,"href":"https:\/\/aua-edu.com\/fr\/wp-json\/wp\/v2\/comments?post=257"}],"version-history":[{"count":7,"href":"https:\/\/aua-edu.com\/fr\/wp-json\/wp\/v2\/pages\/257\/revisions"}],"predecessor-version":[{"id":1938,"href":"https:\/\/aua-edu.com\/fr\/wp-json\/wp\/v2\/pages\/257\/revisions\/1938"}],"up":[{"embeddable":true,"href":"https:\/\/aua-edu.com\/fr\/wp-json\/wp\/v2\/pages\/70"}],"wp:attachment":[{"href":"https:\/\/aua-edu.com\/fr\/wp-json\/wp\/v2\/media?parent=257"}],"curies":[{"name":"wp","href":"https:\/\/api.w.org\/{rel}","templated":true}]}}