{"id":259,"date":"2025-07-08T21:17:42","date_gmt":"2025-07-08T21:17:42","guid":{"rendered":"https:\/\/aua-edu.com\/?page_id=259"},"modified":"2025-09-07T08:44:14","modified_gmt":"2025-09-07T08:44:14","slug":"college-of-science","status":"publish","type":"page","link":"https:\/\/aua-edu.com\/fr\/facalties\/college-of-science\/","title":{"rendered":"Coll\u00e8ge des sciences"},"content":{"rendered":"<p><img decoding=\"async\" class=\"wp-image-791 aligncenter\" src=\"https:\/\/aua-edu.com\/wp-content\/uploads\/2025\/07\/\u0643\u0645\u064a\u0627\u0621-300x169.gif\" alt=\"\" width=\"275\" height=\"155\" srcset=\"https:\/\/aua-edu.com\/wp-content\/uploads\/2025\/07\/\u0643\u0645\u064a\u0627\u0621-300x169.gif 300w, https:\/\/aua-edu.com\/wp-content\/uploads\/2025\/07\/\u0643\u0645\u064a\u0627\u0621-1024x576.gif 1024w, https:\/\/aua-edu.com\/wp-content\/uploads\/2025\/07\/\u0643\u0645\u064a\u0627\u0621-768x432.gif 768w, https:\/\/aua-edu.com\/wp-content\/uploads\/2025\/07\/\u0643\u0645\u064a\u0627\u0621-18x10.gif 18w\" sizes=\"(max-width: 275px) 100vw, 275px\" \/><\/p>\n<div class=\"co8aDb\" role=\"heading\" aria-level=\"3\"><span style=\"color: #ff0000; font-size: 14pt; font-family: arial, helvetica, sans-serif;\"><b>La Facult\u00e9 des Sciences de l&#039;Universit\u00e9 Africaine pour la Science et la Recherche Scientifique comprend les d\u00e9partements universitaires suivants :<\/b><\/span><\/div>\n<div class=\"RqBzHd\">\n<h3><span style=\"font-family: arial, helvetica, sans-serif; font-size: 14pt; color: #000000;\"><strong>D\u00e9partement de math\u00e9matiques et d&#039;informatique :<\/strong><\/span><\/h3>\n<h3><span style=\"font-family: arial, helvetica, sans-serif; font-size: 14pt; color: #000000;\"><strong>D\u00e9partement de physique<\/strong><\/span><\/h3>\n<h3><span style=\"font-family: arial, helvetica, sans-serif; font-size: 14pt; color: #000000;\"><strong>D\u00e9partement de chimie<\/strong><\/span><\/h3>\n<h3><span style=\"font-family: arial, helvetica, sans-serif; font-size: 14pt; color: #000000;\"><strong>D\u00e9partement de botanique et de microbiologie<\/strong><\/span><\/h3>\n<h3><span style=\"font-family: arial, helvetica, sans-serif; font-size: 14pt; color: #000000;\"><strong>D\u00e9partement de zoologie<\/strong><\/span><\/h3>\n<h3><span style=\"font-family: arial, helvetica, sans-serif; font-size: 14pt; color: #000000;\"><strong>D\u00e9partement de g\u00e9ologie<\/strong><\/span><\/h3>\n<h3><span style=\"font-family: arial, helvetica, sans-serif; font-size: 14pt; color: #000000;\"><strong>D\u00e9partement de biochimie<\/strong><\/span><\/h3>\n<h3><span style=\"font-family: arial, helvetica, sans-serif; font-size: 14pt; color: #000000;\"><strong>D\u00e9partement des sciences de l&#039;environnement<\/strong><\/span><\/h3>\n<\/div>\n<h3><span style=\"font-family: arial, helvetica, sans-serif; color: #0000ff; font-size: 14pt;\"><strong>Vision:<\/strong><\/span><br \/>\n<span style=\"font-family: arial, helvetica, sans-serif; font-size: 14pt; color: #000000;\"><strong>\u00catre un \u00e9tablissement d\u2019enseignement sup\u00e9rieur de premier plan dans les domaines des sciences fondamentales et appliqu\u00e9es, en interaction positive avec tous les secteurs de la soci\u00e9t\u00e9.<\/strong><\/span><\/h3>\n<h3><span style=\"font-family: arial, helvetica, sans-serif; font-size: 14pt; color: #0000ff;\"><strong>Le message:<\/strong><\/span><br \/>\n<span style=\"font-family: arial, helvetica, sans-serif; font-size: 14pt; color: #000000;\"><strong>Pr\u00e9parer et qualifier des dipl\u00f4m\u00e9s distingu\u00e9s en sciences fondamentales et appliqu\u00e9es avec un haut niveau de comp\u00e9tence scientifique et pratique, engag\u00e9s dans l&#039;\u00e9thique professionnelle, capables de concourir et d&#039;ex\u00e9cuter des t\u00e2ches de haute qualit\u00e9 aux niveaux local et r\u00e9gional, et de fournir une recherche scientifique distingu\u00e9e pour r\u00e9soudre les probl\u00e8mes scientifiques, environnementaux et de recherche de la soci\u00e9t\u00e9.<\/strong><\/span><\/h3>\n<h3><span style=\"font-size: 14pt; font-family: arial, helvetica, sans-serif;\"><strong><span class=\"BxUVEf ILfuVd\" lang=\"ar\"><span class=\"hgKElc\"><span style=\"color: #0000ff;\">Domaines de travail pour les dipl\u00f4m\u00e9s :<\/span><\/span><\/span><\/strong><\/span><\/h3>\n<p><span style=\"font-size: 14pt; font-family: arial, helvetica, sans-serif; color: #000000;\"><strong><span class=\"BxUVEf ILfuVd\" lang=\"ar\"><span class=\"hgKElc\"><span class=\"ILfuVd\" lang=\"ar\"><b>Travailler dans l&#039;industrie chimique <\/b><\/span><\/span><\/span><\/strong><strong><span class=\"BxUVEf ILfuVd\" lang=\"ar\"><span class=\"hgKElc\">Pour les secteurs public et priv\u00e9 en tant que chimistes et analystes\u00a0<\/span><\/span><\/strong><\/span><\/p>\n<p><span style=\"font-size: 14pt; font-family: arial, helvetica, sans-serif; color: #000000;\"><strong><span class=\"BxUVEf ILfuVd\" lang=\"ar\"><span class=\"hgKElc\"><span class=\"ILfuVd\" lang=\"ar\">Travailler dans l&#039;industrie p\u00e9troli\u00e8re<\/span><\/span><\/span><\/strong><\/span><\/p>\n<p><span style=\"font-size: 14pt; font-family: arial, helvetica, sans-serif; color: #000000;\"><strong><span class=\"BxUVEf ILfuVd\" lang=\"ar\"><span class=\"hgKElc\"><span class=\"ILfuVd\" lang=\"ar\">Travailler dans l&#039;industrie alimentaire<\/span><\/span><\/span><\/strong><\/span><\/p>\n<p><span style=\"font-size: 14pt; font-family: arial, helvetica, sans-serif; color: #000000;\"><strong><span class=\"BxUVEf ILfuVd\" lang=\"ar\"><span class=\"hgKElc\"><span class=\"ILfuVd\" lang=\"ar\">Travailler dans des laboratoires m\u00e9dicaux<\/span><\/span><\/span><\/strong><\/span><\/p>\n<p><span style=\"font-size: 14pt; font-family: arial, helvetica, sans-serif; color: #000000;\"><strong><span class=\"BxUVEf ILfuVd\" lang=\"ar\"><span class=\"hgKElc\">Laboratoires du minist\u00e8re de la Sant\u00e9 et h\u00f4pitaux publics et priv\u00e9s de tous les pays<\/span><\/span><\/strong><\/span><\/p>\n<p><span style=\"font-size: 14pt; font-family: arial, helvetica, sans-serif; color: #000000;\"><strong><span class=\"BxUVEf ILfuVd\" lang=\"ar\"><span class=\"hgKElc\">Usines pharmaceutiques et de m\u00e9dicaments <\/span><\/span><\/strong><\/span><\/p>\n<p><span style=\"font-size: 14pt; font-family: arial, helvetica, sans-serif; color: #000000;\"><strong><span class=\"BxUVEf ILfuVd\" lang=\"ar\"><span class=\"hgKElc\">M<\/span><\/span><\/strong><strong><span class=\"BxUVEf ILfuVd\" lang=\"ar\"><span class=\"hgKElc\">Laboratoires de qualit\u00e9 et de production du minist\u00e8re de l&#039;Industrie et des centres de recherche <\/span><\/span><\/strong><\/span><\/p>\n<p><span style=\"font-size: 14pt; font-family: arial, helvetica, sans-serif; color: #000000;\"><strong><span class=\"BxUVEf ILfuVd\" lang=\"ar\"><span class=\"hgKElc\">Enseigner \u00e0 diff\u00e9rents niveaux de l&#039;\u00e9ducation<\/span><\/span><\/strong><\/span><\/p>","protected":false},"excerpt":{"rendered":"<p>\u062a\u062a\u0643\u0648\u0646 \u0643\u0644\u064a\u0629 \u0627\u0644\u0639\u0644\u0648\u0645 \u0628\u0627\u0644\u062c\u0627\u0645\u0639\u0629 \u0627\u0644\u0623\u0641\u0631\u064a\u0642\u064a\u0629 \u0644\u0644\u0639\u0644\u0648\u0645 \u0648\u0627\u0644\u0628\u062d\u062b \u0627\u0644\u0639\u0644\u0645\u0649 \u0645\u0646 \u0627\u0644\u0623\u0642\u0633\u0627\u0645 \u0627\u0644\u0639\u0644\u0645\u064a\u0629 \u0627\u0644\u062a\u0627\u0644\u064a\u0629 : \u0642\u0633\u0645 \u0627\u0644\u0631\u064a\u0627\u0636\u064a\u0627\u062a \u0648\u0639\u0644\u0648\u0645 \u0627\u0644\u062d\u0627\u0633\u0628 \u0627\u0644\u0622\u0644\u064a : \u0642\u0633\u0645 \u0627\u0644\u0641\u064a\u0632\u064a\u0627\u0621 \u0642\u0633\u0645 \u0627\u0644\u0643\u064a\u0645\u064a\u0627\u0621 \u0642\u0633\u0645 \u0627\u0644\u0646\u0628\u0627\u062a \u0648\u0627\u0644\u0645\u064a\u0643\u0631\u0648\u0628\u064a\u0648\u0644\u0648\u062c\u064a\u0627 \u0642\u0633\u0645 \u0639\u0644\u0645 \u0627\u0644\u062d\u064a\u0648\u0627\u0646 \u0642\u0633\u0645 \u0627\u0644\u062c\u064a\u0648\u0644\u0648\u062c\u064a\u0627 \u0642\u0633\u0645 \u0627\u0644\u0643\u064a\u0645\u064a\u0627\u0621 \u0627\u0644\u062d\u064a\u0648\u064a\u0629 \u0642\u0633\u0645 \u0639\u0644\u0648\u0645 \u0627\u0644\u0628\u064a\u0626\u0629 \u0627\u0644\u0631\u0624\u064a\u0640\u0640\u0640\u0640\u0640\u0640\u0640\u0640\u0640\u0640\u0629 : \u0623\u0646 \u062a\u0643\u0648\u0646 \u0627\u0644\u0643\u0644\u064a\u0629 \u0627\u0644\u0631\u0627\u0626\u062f\u0629 \u0641\u0649 \u0645\u062c\u0627\u0644\u0627\u062a \u0627\u0644\u0639\u0644\u0648\u0645 \u0627\u0644\u0623\u0633\u0627\u0633\u064a\u0629 \u0648\u0627\u0644\u062a\u0637\u0628\u064a\u0642\u064a\u0629 \u0628\u0645\u0627 \u064a\u062a\u0641\u0627\u0639\u0644 \u0625\u064a\u062c\u0627\u0628\u064a\u0627\u064b \u0645\u0639 \u0642\u0637\u0627\u0639\u0627\u062a \u0627\u0644\u0645\u062c\u062a\u0645\u0639 . [&hellip;]<\/p>","protected":false},"author":1,"featured_media":0,"parent":70,"menu_order":0,"comment_status":"closed","ping_status":"closed","template":"","meta":{"_acf_changed":false,"footnotes":""},"class_list":["post-259","page","type-page","status-publish","hentry"],"acf":[],"_links":{"self":[{"href":"https:\/\/aua-edu.com\/fr\/wp-json\/wp\/v2\/pages\/259","targetHints":{"allow":["GET"]}}],"collection":[{"href":"https:\/\/aua-edu.com\/fr\/wp-json\/wp\/v2\/pages"}],"about":[{"href":"https:\/\/aua-edu.com\/fr\/wp-json\/wp\/v2\/types\/page"}],"author":[{"embeddable":true,"href":"https:\/\/aua-edu.com\/fr\/wp-json\/wp\/v2\/users\/1"}],"replies":[{"embeddable":true,"href":"https:\/\/aua-edu.com\/fr\/wp-json\/wp\/v2\/comments?post=259"}],"version-history":[{"count":9,"href":"https:\/\/aua-edu.com\/fr\/wp-json\/wp\/v2\/pages\/259\/revisions"}],"predecessor-version":[{"id":1950,"href":"https:\/\/aua-edu.com\/fr\/wp-json\/wp\/v2\/pages\/259\/revisions\/1950"}],"up":[{"embeddable":true,"href":"https:\/\/aua-edu.com\/fr\/wp-json\/wp\/v2\/pages\/70"}],"wp:attachment":[{"href":"https:\/\/aua-edu.com\/fr\/wp-json\/wp\/v2\/media?parent=259"}],"curies":[{"name":"wp","href":"https:\/\/api.w.org\/{rel}","templated":true}]}}