{"id":261,"date":"2025-07-08T21:19:20","date_gmt":"2025-07-08T21:19:20","guid":{"rendered":"https:\/\/aua-edu.com\/?page_id=261"},"modified":"2025-09-07T08:44:42","modified_gmt":"2025-09-07T08:44:42","slug":"%d9%83%d9%84%d9%8a%d8%a9-%d8%a7%d9%84%d8%aa%d8%b1%d8%a8%d9%8a%d8%a9","status":"publish","type":"page","link":"https:\/\/aua-edu.com\/fr\/facalties\/%d9%83%d9%84%d9%8a%d8%a9-%d8%a7%d9%84%d8%aa%d8%b1%d8%a8%d9%8a%d8%a9\/","title":{"rendered":"Coll\u00e8ge d&#039;\u00e9ducation"},"content":{"rendered":"<p><img decoding=\"async\" class=\"wp-image-795 aligncenter\" src=\"https:\/\/aua-edu.com\/wp-content\/uploads\/2025\/07\/1192741-300x259.jpg\" alt=\"\" width=\"235\" height=\"202\" srcset=\"https:\/\/aua-edu.com\/wp-content\/uploads\/2025\/07\/1192741-300x259.jpg 300w, https:\/\/aua-edu.com\/wp-content\/uploads\/2025\/07\/1192741-14x12.jpg 14w, https:\/\/aua-edu.com\/wp-content\/uploads\/2025\/07\/1192741.jpg 420w\" sizes=\"(max-width: 235px) 100vw, 235px\" \/><\/p>\n<div class=\"WaaZC\">\n<div class=\"RJPOee EIJn2\">\n<h3 class=\"rPeykc\" style=\"text-align: right;\" data-hveid=\"CBQQAQ\" data-ved=\"2ahUKEwiG7YuHz-COAxUngf0HHUP9GB0Qo_EKegQIFBAB\"><span style=\"font-family: arial, helvetica, sans-serif; color: #ff0000; font-size: 14pt;\"><strong>Le Coll\u00e8ge d&#039;\u00e9ducation est un coll\u00e8ge qui vise \u00e0 pr\u00e9parer des enseignants et des sp\u00e9cialistes dans le domaine de l&#039;\u00e9ducation.<\/strong><\/span><\/h3>\n<h3 class=\"rPeykc\" style=\"text-align: right;\" data-hveid=\"CBQQAQ\" data-ved=\"2ahUKEwiG7YuHz-COAxUngf0HHUP9GB0Qo_EKegQIFBAB\"><span style=\"font-family: arial, helvetica, sans-serif; font-size: 14pt; color: #000000;\"><strong>Le coll\u00e8ge propose des programmes d&#039;\u00e9tudes pour diff\u00e9rents niveaux d&#039;enseignement, conform\u00e9ment \u00e0 la politique d&#039;enseignement sup\u00e9rieur de chaque pays.<\/strong><\/span><\/h3>\n<h3 class=\"rPeykc\" style=\"text-align: right;\" data-hveid=\"CBQQAQ\" data-ved=\"2ahUKEwiG7YuHz-COAxUngf0HHUP9GB0Qo_EKegQIFBAB\"><span style=\"font-family: arial, helvetica, sans-serif; font-size: 14pt; color: #000000;\"><strong>Il vise \u00e0 d\u00e9velopper les comp\u00e9tences des \u00e9tudiants en enseignement et en recherche p\u00e9dagogique.<\/strong><\/span><\/h3>\n<\/div>\n<\/div>\n<div class=\"RJPOee EIJn2\">\n<div class=\"rPeykc pyPiTc\" data-hveid=\"CAoQAQ\" data-ved=\"2ahUKEwiG7YuHz-COAxUngf0HHUP9GB0Qo_EKegQIChAB\"><span style=\"font-family: arial, helvetica, sans-serif; color: #0000ff; font-size: 14pt;\"><strong>Objectifs de la Facult\u00e9 d&#039;\u00e9ducation :<\/strong><\/span><\/div>\n<\/div>\n<div class=\"RJPOee EIJn2\">\n<ul data-hveid=\"CCUQAQ\" data-ved=\"2ahUKEwiG7YuHz-COAxUngf0HHUP9GB0Qm_YKegQIJRAB\">\n<li><span style=\"font-family: arial, helvetica, sans-serif; font-size: 14pt; color: #000000;\"><strong>Pr\u00e9parer des enseignants qualifi\u00e9s sur le plan acad\u00e9mique et professionnel dans diverses sp\u00e9cialisations au niveau international<\/strong><\/span><\/li>\n<li><span style=\"font-family: arial, helvetica, sans-serif; font-size: 14pt; color: #000000;\"><strong>Offrir des programmes \u00e9ducatifs avanc\u00e9s qui r\u00e9pondent aux besoins du march\u00e9 du travail de chaque pays.<\/strong><\/span><\/li>\n<li><span style=\"font-family: arial, helvetica, sans-serif; font-size: 14pt; color: #000000;\"><strong>Soutenir la recherche scientifique et la production de connaissances dans le domaine de l&#039;\u00e9ducation<\/strong><\/span><\/li>\n<li><span style=\"font-family: arial, helvetica, sans-serif; font-size: 14pt; color: #000000;\"><strong>Offrir un environnement d&#039;apprentissage stimulant aux \u00e9tudiants et aux professeurs<\/strong><\/span><\/li>\n<li><span style=\"font-family: arial, helvetica, sans-serif; font-size: 14pt;\"><strong><span style=\"color: #000000;\">Servir la communaut\u00e9 en d\u00e9veloppant l&#039;\u00e9ducation et la formation\u00a0<\/span> \u00a0 \u00a0 \u00a0 \u00a0 \u00a0 \u00a0 \u00a0 \u00a0 \u00a0 \u00a0 \u00a0 \u00a0 \u00a0 \u00a0 \u00a0 \u00a0 \u00a0 \u00a0 \u00a0 \u00a0 \u00a0 \u00a0 \u00a0 \u00a0 \u00a0 \u00a0 \u00a0 \u00a0 \u00a0 \u00a0 \u00a0 \u00a0 \u00a0\u00a0<\/strong><\/span><\/li>\n<li><span style=\"font-family: arial, helvetica, sans-serif; color: #0000ff; font-size: 14pt;\"><strong>D\u00e9partements de la Facult\u00e9 d&#039;\u00e9ducation :<\/strong><\/span><\/li>\n<li><span style=\"font-family: arial, helvetica, sans-serif; font-size: 14pt; color: #000000;\"><strong><span role=\"heading\" aria-level=\"2\">Les d\u00e9partements de la Facult\u00e9 d&#039;\u00e9ducation varient selon les universit\u00e9s, mais la Facult\u00e9 d&#039;\u00e9ducation de l&#039;Universit\u00e9 africaine pour la science et la recherche scientifique comprend :<\/span><\/strong><\/span><\/li>\n<li>\n<div class=\"NPrrbc\" data-cid=\"ff407f1e-d938-498e-938e-da902a31a956\" data-uuids=\"12705580129818222260,12705580129818221338,12705580129818220416,12705580129818219494,12705580129818218572\">\n<div class=\"BMebGe btku5b fCrZyc LwdV0e FR7ZSc qVhvac OJeuxf\" tabindex=\"0\" role=\"button\" aria-label=\"Afficher les liens associ\u00e9s\" data-hveid=\"CA4QAQ\" data-ved=\"2ahUKEwiG7YuHz-COAxUngf0HHUP9GB0Q3fYKegQIDhAB\">\n<div class=\"niO4u\">\n<div class=\"kHtcsd\" style=\"text-align: right;\">\n<div class=\"NPrrbc\" data-cid=\"1a001103-1021-45b0-a699-853691dc1165\" data-uuids=\"12705580129818221746\">\n<div class=\"BMebGe btku5b fCrZyc LwdV0e FR7ZSc qVhvac OJeuxf\" tabindex=\"0\" role=\"button\" aria-label=\"Afficher les liens associ\u00e9s\" data-hveid=\"CAUQAQ\" data-ved=\"2ahUKEwiG7YuHz-COAxUngf0HHUP9GB0Q3fYKegQIBRAB\">\n<div class=\"niO4u\">\n<div class=\"kHtcsd\">\n<div class=\"NPrrbc\" data-cid=\"1a002b9b-1620-4a11-874c-e4d49e9c01e5\" data-uuids=\"12705580129818220824,12705580129818221489,12705580129818218980,12705580129818222154,12705580129818219645,12705580129818218723,12705580129818220310,12705580129818219388,12705580129818220975,12705580129818220053,12705580129818221640,12705580129818220718,12705580129818222305\">\n<div class=\"BMebGe btku5b fCrZyc LwdV0e FR7ZSc qVhvac OJeuxf\" tabindex=\"0\" role=\"button\" aria-label=\"Afficher les liens associ\u00e9s\" data-hveid=\"CAIQAQ\" data-ved=\"2ahUKEwiG7YuHz-COAxUngf0HHUP9GB0Q3fYKegQIAhAB\">\n<div class=\"niO4u\">\n<div class=\"kHtcsd\"><span style=\"font-family: arial, helvetica, sans-serif; font-size: 14pt; color: #000000;\"><strong>D\u00e9partement des programmes et des m\u00e9thodes d\u2019enseignement : se concentre sur l\u2019\u00e9laboration de programmes et de m\u00e9thodes d\u2019enseignement.<\/strong><\/span><\/div>\n<\/div>\n<\/div>\n<\/div>\n<\/div>\n<\/div>\n<\/div>\n<\/div>\n<\/div>\n<\/div>\n<\/div>\n<\/div>\n<\/li>\n<li><span style=\"font-family: arial, helvetica, sans-serif; font-size: 14pt; color: #000000;\"><strong>D\u00e9partement des fondements de l\u2019\u00e9ducation : \u00e9tudie les fondements philosophiques, sociaux et psychologiques de l\u2019\u00e9ducation.<\/strong><\/span><\/li>\n<li><span style=\"font-family: arial, helvetica, sans-serif; font-size: 14pt; color: #000000;\"><strong>D\u00e9partement de psychologie de l&#039;\u00e9ducation : \u00e9tudie les aspects psychologiques de l&#039;apprentissage et de l&#039;enseignement.<\/strong><\/span><\/li>\n<li><span style=\"font-family: arial, helvetica, sans-serif; font-size: 14pt; color: #000000;\"><strong>D\u00e9partement de technologie \u00e9ducative : se concentre sur l\u2019utilisation de la technologie dans l\u2019\u00e9ducation.<\/strong><\/span><\/li>\n<li><span style=\"font-family: arial, helvetica, sans-serif; font-size: 14pt; color: #000000;\"><strong>D\u00e9partement de l&#039;\u00e9ducation sp\u00e9cialis\u00e9e : Sert les \u00e9l\u00e8ves ayant des besoins sp\u00e9ciaux<\/strong><\/span><\/li>\n<li><span style=\"font-family: arial, helvetica, sans-serif; font-size: 14pt; color: #000000;\"><strong>D\u00e9partement de maternelle : se concentre sur l\u2019enseignement des enfants au stade pr\u00e9scolaire.<\/strong><\/span><\/li>\n<\/ul>\n<\/div>\n<div class=\"RJPOee EIJn2\">\n<div class=\"rPeykc pyPiTc\" data-hveid=\"CAkQAQ\" data-ved=\"2ahUKEwiG7YuHz-COAxUngf0HHUP9GB0Qo_EKegQICRAB\"><span style=\"font-family: arial, helvetica, sans-serif; color: #0000ff; font-size: 14pt;\"><strong>Domaines de travail des dipl\u00f4m\u00e9s de la Facult\u00e9 d\u2019\u00e9ducation :<\/strong><\/span><\/div>\n<\/div>\n<div class=\"WaaZC\">\n<div class=\"RJPOee EIJn2\">\n<ul data-hveid=\"CDwQAQ\" data-ved=\"2ahUKEwiG7YuHz-COAxUngf0HHUP9GB0Qm_YKegQIPBAB\">\n<li class=\"K3KsMc\" style=\"text-align: right;\">\n<div data-crb-p=\"\">\n<div class=\"xFTqob\">\n<div class=\"Gur8Ad\"><span style=\"font-family: arial, helvetica, sans-serif; font-size: 14pt; color: #000000;\"><strong>Enseignement dans les \u00e9coles\u00a0<\/strong><\/span><\/div>\n<\/div>\n<\/div>\n<\/li>\n<li class=\"K3KsMc\" style=\"text-align: right;\">\n<div data-crb-p=\"\">\n<div class=\"xFTqob\">\n<div class=\"Gur8Ad\"><span style=\"font-family: arial, helvetica, sans-serif; font-size: 14pt; color: #000000;\"><strong>Enseignement dans les universit\u00e9s<\/strong><\/span><\/div>\n<\/div>\n<\/div>\n<\/li>\n<li class=\"K3KsMc\" style=\"text-align: right;\">\n<div data-crb-p=\"\">\n<div class=\"xFTqob\">\n<div class=\"Gur8Ad\"><span style=\"font-family: arial, helvetica, sans-serif; font-size: 14pt; color: #000000;\"><strong>Formation p\u00e9dagogique<\/strong><\/span><\/div>\n<\/div>\n<\/div>\n<\/li>\n<li class=\"K3KsMc\" style=\"text-align: right;\">\n<div data-crb-p=\"\">\n<div class=\"xFTqob\">\n<div class=\"Gur8Ad\"><span style=\"font-family: arial, helvetica, sans-serif; font-size: 14pt; color: #000000;\"><strong>Recherche en \u00e9ducation<\/strong><\/span><\/div>\n<\/div>\n<\/div>\n<\/li>\n<li class=\"K3KsMc\" style=\"text-align: right;\">\n<div data-crb-p=\"\">\n<div class=\"xFTqob\">\n<div class=\"Gur8Ad\"><span style=\"font-family: arial, helvetica, sans-serif; font-size: 14pt; color: #000000;\"><strong>Administration de l&#039;\u00e9ducation<\/strong><\/span><\/div>\n<\/div>\n<\/div>\n<\/li>\n<li class=\"K3KsMc\">\n<div class=\"zMgcWd dSKvsb\" data-il=\"\">\n<div data-crb-p=\"\">\n<div class=\"xFTqob\">\n<h3 class=\"Gur8Ad\" style=\"text-align: right;\"><span style=\"font-family: arial, helvetica, sans-serif; font-size: 14pt;\"><strong><span style=\"color: #0000ff;\">Autres domaines :<\/span> <\/strong><\/span><\/h3>\n<h3 class=\"vM0jzc\" style=\"text-align: right;\"><span style=\"font-family: arial, helvetica, sans-serif; font-size: 14pt; color: #000000;\"><strong>Les dipl\u00f4m\u00e9s peuvent travailler dans d\u2019autres domaines li\u00e9s \u00e0 l\u2019\u00e9ducation, tels que le conseil p\u00e9dagogique, la r\u00e9daction de programmes et le d\u00e9veloppement de programmes \u00e9ducatifs.<\/strong><\/span><\/h3>\n<\/div>\n<\/div>\n<\/div>\n<\/li>\n<\/ul>\n<\/div>\n<\/div>","protected":false},"excerpt":{"rendered":"<p>\u0643\u0644\u064a\u0629 \u0627\u0644\u062a\u0631\u0628\u064a\u0629 \u0647\u064a \u0643\u0644\u064a\u0629 \u062a\u0647\u062f\u0641 \u0625\u0644\u0649 \u0625\u0639\u062f\u0627\u062f \u0627\u0644\u0645\u0639\u0644\u0645\u064a\u0646 \u0648\u0627\u0644\u0645\u062a\u062e\u0635\u0635\u064a\u0646 \u0641\u0649 \u0645\u062c\u0627\u0644 \u0627\u0644\u062a\u0631\u0628\u064a\u0629 \u0648\u0627\u0644\u062a\u0639\u0644\u064a\u0645 \u062a\u0642\u062f\u0645 \u0627\u0644\u0643\u0644\u064a\u0629 \u0628\u0631\u0627\u0645\u062c \u062f\u0631\u0627\u0633\u064a\u0629 \u0644\u0645\u062e\u062a\u0644\u0641 \u0627\u0644\u0645\u0631\u0627\u062d\u0644 \u0627\u0644\u062a\u0639\u0644\u064a\u0645\u064a\u0629 \u0648\u0637\u0628\u0642\u0627\u064b \u0644\u0633\u064a\u0627\u0633\u0629 \u0627\u0644\u062a\u0639\u0644\u064a\u0645 \u0627\u0644\u0639\u0627\u0644\u0649 \u0641\u0649 \u0643\u0644 \u062f\u0648\u0644\u0629 \u0648\u062a\u0639\u0645\u0644 \u0639\u0644\u0649 \u062a\u0637\u0648\u064a\u0631 \u0645\u0647\u0627\u0631\u0627\u062a \u0627\u0644\u0637\u0644\u0627\u0628 \u0641\u0649 \u0627\u0644\u062a\u062f\u0631\u064a\u0633 \u0648\u0627\u0644\u0628\u062d\u062b \u0627\u0644\u062a\u0631\u0628\u0648\u0649 \u0623\u0647\u062f\u0627\u0641 \u0643\u0644\u064a\u0629 \u0627\u0644\u062a\u0631\u0628\u064a\u0629 : \u0625\u0639\u062f\u0627\u062f \u0645\u0639\u0644\u0645\u064a\u0646 \u0645\u0624\u0647\u0644\u064a\u0646 \u0623\u0643\u0627\u062f\u064a\u0645\u064a\u0627\u064b \u0648\u0645\u0647\u0646\u064a\u0627\u064b \u0641\u0649 \u0645\u062e\u062a\u0644\u0641 \u0627\u0644\u062a\u062e\u0635\u0635\u0627\u062a \u0639\u0644\u0649 \u0627\u0644\u0645\u0633\u062a\u0648\u0649 \u0627\u0644\u062f\u0648\u0644\u0649 \u062a\u0642\u062f\u064a\u0645 \u0628\u0631\u0627\u0645\u062c \u062a\u0639\u0644\u064a\u0645\u064a\u0629 \u0645\u062a\u0637\u0648\u0631\u0629 [&hellip;]<\/p>","protected":false},"author":1,"featured_media":0,"parent":70,"menu_order":0,"comment_status":"closed","ping_status":"closed","template":"","meta":{"_acf_changed":false,"footnotes":""},"class_list":["post-261","page","type-page","status-publish","hentry"],"acf":[],"_links":{"self":[{"href":"https:\/\/aua-edu.com\/fr\/wp-json\/wp\/v2\/pages\/261","targetHints":{"allow":["GET"]}}],"collection":[{"href":"https:\/\/aua-edu.com\/fr\/wp-json\/wp\/v2\/pages"}],"about":[{"href":"https:\/\/aua-edu.com\/fr\/wp-json\/wp\/v2\/types\/page"}],"author":[{"embeddable":true,"href":"https:\/\/aua-edu.com\/fr\/wp-json\/wp\/v2\/users\/1"}],"replies":[{"embeddable":true,"href":"https:\/\/aua-edu.com\/fr\/wp-json\/wp\/v2\/comments?post=261"}],"version-history":[{"count":5,"href":"https:\/\/aua-edu.com\/fr\/wp-json\/wp\/v2\/pages\/261\/revisions"}],"predecessor-version":[{"id":1951,"href":"https:\/\/aua-edu.com\/fr\/wp-json\/wp\/v2\/pages\/261\/revisions\/1951"}],"up":[{"embeddable":true,"href":"https:\/\/aua-edu.com\/fr\/wp-json\/wp\/v2\/pages\/70"}],"wp:attachment":[{"href":"https:\/\/aua-edu.com\/fr\/wp-json\/wp\/v2\/media?parent=261"}],"curies":[{"name":"wp","href":"https:\/\/api.w.org\/{rel}","templated":true}]}}