{"id":264,"date":"2025-07-08T21:24:30","date_gmt":"2025-07-08T21:24:30","guid":{"rendered":"https:\/\/aua-edu.com\/?page_id=264"},"modified":"2025-09-07T08:48:42","modified_gmt":"2025-09-07T08:48:42","slug":"college-of-administrative-sciences","status":"publish","type":"page","link":"https:\/\/aua-edu.com\/fr\/facalties\/college-of-administrative-sciences\/","title":{"rendered":"Facult\u00e9 des sciences administratives"},"content":{"rendered":"<p><img decoding=\"async\" class=\"wp-image-1219 aligncenter\" src=\"https:\/\/aua-edu.com\/wp-content\/uploads\/2025\/08\/43434344.jpg\" alt=\"\" width=\"220\" height=\"217\" srcset=\"https:\/\/aua-edu.com\/wp-content\/uploads\/2025\/08\/43434344.jpg 226w, https:\/\/aua-edu.com\/wp-content\/uploads\/2025\/08\/43434344-12x12.jpg 12w\" sizes=\"(max-width: 220px) 100vw, 220px\" \/><\/p>\n<h3><span style=\"color: #000000; font-size: 14pt; font-family: arial, helvetica, sans-serif;\"><strong>Le Coll\u00e8ge des sciences administratives est une institution universitaire sp\u00e9cialis\u00e9e qui vise \u00e0 pr\u00e9parer des dirigeants administratifs poss\u00e9dant des connaissances th\u00e9oriques et des comp\u00e9tences pratiques dans les domaines de la gestion, de la comptabilit\u00e9, du marketing et de la gestion des ressources humaines.<\/strong><\/span><br \/>\n<span style=\"color: #000000; font-size: 14pt; font-family: arial, helvetica, sans-serif;\"><strong>Le coll\u00e8ge met l&#039;accent sur l&#039;int\u00e9gration de l&#039;apprentissage \u00e0 distance avec l&#039;application pratique \u00e0 travers des projets de formation et des simulations au plus haut niveau de formation, assurant la diplomation de cadres capables de prendre des d\u00e9cisions administratives efficaces et de faire face aux d\u00e9fis de l&#039;environnement de travail contemporain.<\/strong><\/span><br \/>\n<span style=\"color: #000000; font-size: 14pt; font-family: arial, helvetica, sans-serif;\"><strong>Le coll\u00e8ge cherche \u00e9galement \u00e0 suivre le rythme des d\u00e9veloppements en gestion et en \u00e9conomie, et \u00e0 favoriser un esprit de leadership et d&#039;innovation parmi ses \u00e9tudiants, afin de contribuer au d\u00e9veloppement des institutions des secteurs public et priv\u00e9 et de soutenir l&#039;\u00e9conomie nationale.<\/strong><\/span><\/h3>","protected":false},"excerpt":{"rendered":"<p>\u062a\u064f\u0639\u064e\u062f\u0651 \u0643\u0644\u064a\u0629 \u0627\u0644\u0639\u0644\u0648\u0645 \u0627\u0644\u0625\u062f\u0627\u0631\u064a\u0629 \u0645\u0624\u0633\u0633\u0629 \u0623\u0643\u0627\u062f\u064a\u0645\u064a\u0629 \u0645\u062a\u062e\u0635\u0635\u0629 \u062a\u0647\u062f\u0641 \u0625\u0644\u0649 \u0625\u0639\u062f\u0627\u062f \u0642\u0627\u062f\u0629 \u0625\u062f\u0627\u0631\u064a\u064a\u0646 \u064a\u0645\u062a\u0644\u0643\u0648\u0646 \u0627\u0644\u0645\u0639\u0631\u0641\u0629 \u0627\u0644\u0646\u0638\u0631\u064a\u0629 \u0648\u0627\u0644\u0645\u0647\u0627\u0631\u0627\u062a \u0627\u0644\u0639\u0645\u0644\u064a\u0629 \u0641\u064a \u0645\u062c\u0627\u0644\u0627\u062a \u0627\u0644\u0625\u062f\u0627\u0631\u0629 \u060c \u0627\u0644\u0645\u062d\u0627\u0633\u0628\u0629 \u060c \u0627\u0644\u062a\u0633\u0648\u064a\u0642 \u060c \u0648\u0625\u062f\u0627\u0631\u0629 \u0627\u0644\u0645\u0648\u0627\u0631\u062f \u0627\u0644\u0628\u0634\u0631\u064a\u0629 . \u062a\u0631\u0643\u0632 \u0627\u0644\u0643\u0644\u064a\u0629 \u0639\u0644\u0649 \u062f\u0645\u062c \u0627\u0644\u062f\u0631\u0627\u0633\u0629 \u0627\u0644\u0623\u0643\u0627\u062f\u064a\u0645\u064a\u0629 \u0639\u0646 \u0628\u064f\u0639\u062f \u0628\u0627\u0644\u062a\u0637\u0628\u064a\u0642 \u0627\u0644\u0639\u0645\u0644\u064a \u0645\u0646 \u062e\u0644\u0627\u0644 \u0645\u0634\u0631\u0648\u0639\u0627\u062a \u062a\u062f\u0631\u064a\u0628\u064a\u0629 \u0648\u0645\u062d\u0627\u0643\u0627\u0647 \u0639\u0644\u0649 \u0623\u0639\u0644\u0649 \u0645\u0633\u062a\u0648\u0649 \u062a\u062f\u0631\u064a\u0628\u064a \u060c \u0628\u0645\u0627 \u064a\u0636\u0645\u0646 \u062a\u062e\u0631\u064a\u062c \u0643\u0648\u0627\u062f\u0631 \u0642\u0627\u062f\u0631\u0629 \u0639\u0644\u0649 [&hellip;]<\/p>","protected":false},"author":1,"featured_media":0,"parent":70,"menu_order":0,"comment_status":"closed","ping_status":"closed","template":"","meta":{"_acf_changed":false,"footnotes":""},"class_list":["post-264","page","type-page","status-publish","hentry"],"acf":[],"_links":{"self":[{"href":"https:\/\/aua-edu.com\/fr\/wp-json\/wp\/v2\/pages\/264","targetHints":{"allow":["GET"]}}],"collection":[{"href":"https:\/\/aua-edu.com\/fr\/wp-json\/wp\/v2\/pages"}],"about":[{"href":"https:\/\/aua-edu.com\/fr\/wp-json\/wp\/v2\/types\/page"}],"author":[{"embeddable":true,"href":"https:\/\/aua-edu.com\/fr\/wp-json\/wp\/v2\/users\/1"}],"replies":[{"embeddable":true,"href":"https:\/\/aua-edu.com\/fr\/wp-json\/wp\/v2\/comments?post=264"}],"version-history":[{"count":6,"href":"https:\/\/aua-edu.com\/fr\/wp-json\/wp\/v2\/pages\/264\/revisions"}],"predecessor-version":[{"id":1959,"href":"https:\/\/aua-edu.com\/fr\/wp-json\/wp\/v2\/pages\/264\/revisions\/1959"}],"up":[{"embeddable":true,"href":"https:\/\/aua-edu.com\/fr\/wp-json\/wp\/v2\/pages\/70"}],"wp:attachment":[{"href":"https:\/\/aua-edu.com\/fr\/wp-json\/wp\/v2\/media?parent=264"}],"curies":[{"name":"wp","href":"https:\/\/api.w.org\/{rel}","templated":true}]}}