{"id":267,"date":"2025-07-08T21:27:29","date_gmt":"2025-07-08T21:27:29","guid":{"rendered":"https:\/\/aua-edu.com\/?page_id=267"},"modified":"2025-09-07T08:43:49","modified_gmt":"2025-09-07T08:43:49","slug":"%d9%83%d9%84%d9%8a%d8%a9-%d8%a7%d9%84%d8%a5%d8%b9%d9%84%d8%a7%d9%85","status":"publish","type":"page","link":"https:\/\/aua-edu.com\/fr\/facalties\/%d9%83%d9%84%d9%8a%d8%a9-%d8%a7%d9%84%d8%a5%d8%b9%d9%84%d8%a7%d9%85\/","title":{"rendered":"Coll\u00e8ge des m\u00e9dias"},"content":{"rendered":"<p><span style=\"font-size: 14pt;\"><img fetchpriority=\"high\" decoding=\"async\" class=\"wp-image-779 aligncenter\" src=\"https:\/\/aua-edu.com\/wp-content\/uploads\/2025\/07\/32-300x200.jpg\" alt=\"\" width=\"329\" height=\"219\" srcset=\"https:\/\/aua-edu.com\/wp-content\/uploads\/2025\/07\/32-300x200.jpg 300w, https:\/\/aua-edu.com\/wp-content\/uploads\/2025\/07\/32-768x512.jpg 768w, https:\/\/aua-edu.com\/wp-content\/uploads\/2025\/07\/32-18x12.jpg 18w, https:\/\/aua-edu.com\/wp-content\/uploads\/2025\/07\/32.jpg 900w\" sizes=\"(max-width: 329px) 100vw, 329px\" \/><\/span><\/p>\n<div class=\"WaaZC\">\n<div class=\"RJPOee EIJn2\">\n<h3 class=\"rPeykc\" style=\"text-align: right;\" data-hveid=\"CAMQAQ\" data-ved=\"2ahUKEwjc6ZKprNmOAxXaVfEDHdchL6gQo_EKegQIAxAB\"><span style=\"font-size: 14pt; font-family: arial, helvetica, sans-serif; color: #000000;\"><strong>Le Coll\u00e8ge de communication de masse est une institution universitaire sp\u00e9cialis\u00e9e dans l&#039;\u00e9tude et l&#039;enseignement de divers aspects des m\u00e9dias et de la communication.<\/strong><\/span><\/h3>\n<h3 class=\"rPeykc\" style=\"text-align: right;\" data-hveid=\"CAMQAQ\" data-ved=\"2ahUKEwjc6ZKprNmOAxXaVfEDHdchL6gQo_EKegQIAxAB\"><span style=\"font-size: 14pt; font-family: arial, helvetica, sans-serif; color: #000000;\"><strong>Le coll\u00e8ge vise \u00e0 pr\u00e9parer des dipl\u00f4m\u00e9s qualifi\u00e9s \u00e0 travailler dans divers domaines des m\u00e9dias, en offrant une formation th\u00e9orique et appliqu\u00e9e compl\u00e8te, en plus d&#039;une formation pratique.<\/strong><\/span><\/h3>\n<\/div>\n<\/div>\n<div class=\"rPeykc pyPiTc\" data-hveid=\"CAgQAQ\" data-ved=\"2ahUKEwjc6ZKprNmOAxXaVfEDHdchL6gQo_EKegQICBAB\"><span style=\"font-size: 14pt; font-family: arial, helvetica, sans-serif; color: #ff0000;\"><strong>Objectifs du Coll\u00e8ge des M\u00e9dias :<\/strong><\/span><\/div>\n<div class=\"zMgcWd dSKvsb\" data-il=\"\">\n<div data-crb-p=\"\">\n<div class=\"xFTqob\">\n<div class=\"Gur8Ad\"><span style=\"font-size: 14pt; font-family: arial, helvetica, sans-serif; color: #000000;\"><strong><span style=\"color: #0000ff;\">Qualification des cadres m\u00e9diatiques :<\/span> <\/strong><\/span><\/div>\n<div class=\"vM0jzc\"><span style=\"font-size: 14pt; font-family: arial, helvetica, sans-serif; color: #000000;\"><strong>Le coll\u00e8ge vise \u00e0 fournir aux \u00e9tudiants les connaissances et les comp\u00e9tences n\u00e9cessaires pour pratiquer le travail m\u00e9diatique de mani\u00e8re professionnelle.<\/strong><\/span><\/div>\n<\/div>\n<\/div>\n<\/div>\n<div class=\"zMgcWd dSKvsb\" data-il=\"\">\n<div data-crb-p=\"\">\n<div class=\"xFTqob\">\n<div class=\"Gur8Ad\"><span style=\"font-size: 14pt; font-family: arial, helvetica, sans-serif; color: #000000;\"><strong>D\u00e9velopper les comp\u00e9tences en recherche : <\/strong><\/span><\/div>\n<div class=\"vM0jzc\"><span style=\"font-size: 14pt; font-family: arial, helvetica, sans-serif; color: #000000;\"><strong>Le coll\u00e8ge encourage la r\u00e9alisation de recherches et d\u2019\u00e9tudes sur les m\u00e9dias et le d\u00e9veloppement des capacit\u00e9s des \u00e9tudiants \u00e0 analyser et \u00e0 \u00e9valuer les ph\u00e9nom\u00e8nes m\u00e9diatiques.<\/strong><\/span><\/div>\n<\/div>\n<\/div>\n<\/div>\n<div class=\"zMgcWd dSKvsb\" data-il=\"\">\n<div data-crb-p=\"\">\n<div class=\"xFTqob\">\n<div class=\"Gur8Ad\"><span style=\"font-size: 14pt; font-family: arial, helvetica, sans-serif; color: #000000;\"><strong><span style=\"color: #ff0000;\">Service communautaire :<\/span> <\/strong><\/span><\/div>\n<div class=\"vM0jzc\"><span style=\"font-size: 14pt; font-family: arial, helvetica, sans-serif; color: #000000;\"><strong>Le coll\u00e8ge cherche \u00e0 lier ses r\u00e9sultats de recherche et d\u2019enseignement au service communautaire et \u00e0 contribuer \u00e0 r\u00e9soudre ses probl\u00e8mes par le biais des m\u00e9dias.<\/strong><\/span><\/div>\n<\/div>\n<\/div>\n<\/div>\n<div class=\"zMgcWd dSKvsb\" data-il=\"\">\n<div data-crb-p=\"\">\n<div class=\"xFTqob\">\n<div class=\"Gur8Ad\"><span style=\"font-size: 14pt; font-family: arial, helvetica, sans-serif; color: #000000;\"><strong><span style=\"color: #ff0000;\">D\u00e9velopper la recherche scientifique :<\/span> <\/strong><\/span><\/div>\n<div class=\"vM0jzc\"><span style=\"font-size: 14pt; font-family: arial, helvetica, sans-serif; color: #000000;\"><strong>Le coll\u00e8ge cherche \u00e0 d\u00e9velopper la recherche scientifique dans le domaine des m\u00e9dias, en adoptant des m\u00e9thodes de recherche avanc\u00e9es et en publiant dans des revues scientifiques \u00e0 comit\u00e9 de lecture.<\/strong><\/span><\/div>\n<\/div>\n<\/div>\n<\/div>\n<div class=\"zMgcWd dSKvsb\" data-il=\"\">\n<div data-crb-p=\"\">\n<div class=\"xFTqob\">\n<div class=\"Gur8Ad\"><span style=\"font-size: 14pt; font-family: arial, helvetica, sans-serif; color: #000000;\"><strong><span style=\"color: #ff0000;\">D\u00e9velopper les capacit\u00e9s cr\u00e9atives :<\/span> <\/strong><\/span><\/div>\n<div class=\"vM0jzc\"><span style=\"font-size: 14pt; font-family: arial, helvetica, sans-serif; color: #000000;\"><strong>Le coll\u00e8ge encourage les \u00e9tudiants \u00e0 penser de mani\u00e8re cr\u00e9ative et \u00e0 d\u00e9velopper leurs comp\u00e9tences dans divers domaines de la production m\u00e9diatique.<\/strong><\/span><\/div>\n<\/div>\n<\/div>\n<\/div>\n<div class=\"rPeykc pyPiTc\" data-hveid=\"CBwQAQ\" data-ved=\"2ahUKEwjc6ZKprNmOAxXaVfEDHdchL6gQo_EKegQIHBAB\"><span style=\"font-size: 14pt; font-family: arial, helvetica, sans-serif; color: #ff0000;\"><strong>Domaines de travail pour les dipl\u00f4m\u00e9s en m\u00e9dias :<\/strong><\/span><\/div>\n<div class=\"zMgcWd dSKvsb\" data-il=\"\">\n<div data-crb-p=\"\">\n<div class=\"xFTqob\">\n<div class=\"Gur8Ad\"><span style=\"font-size: 14pt; font-family: arial, helvetica, sans-serif; color: #000000;\"><strong><span style=\"color: #ff0000;\">Presse:<\/span> <\/strong><\/span><\/div>\n<div class=\"vM0jzc\"><span style=\"font-size: 14pt; font-family: arial, helvetica, sans-serif; color: #000000;\"><strong>Travailler dans des journaux, des magazines, des sites d\u2019information et des agences de presse.<\/strong><\/span><\/div>\n<\/div>\n<\/div>\n<\/div>\n<div class=\"zMgcWd dSKvsb\" data-il=\"\">\n<div data-crb-p=\"\">\n<div class=\"xFTqob\">\n<div class=\"Gur8Ad\"><span style=\"font-size: 14pt; font-family: arial, helvetica, sans-serif; color: #000000;\"><strong><span style=\"color: #ff0000;\">Radio et t\u00e9l\u00e9vision :<\/span> <\/strong><\/span><\/div>\n<div class=\"vM0jzc\"><span style=\"font-size: 14pt; font-family: arial, helvetica, sans-serif; color: #000000;\"><strong>Travaillant dans des cha\u00eenes de radio et de t\u00e9l\u00e9vision, en tant que pr\u00e9sentateurs, producteurs de programmes, r\u00e9alisateurs et reporters.<\/strong><\/span><\/div>\n<\/div>\n<\/div>\n<\/div>\n<div class=\"zMgcWd dSKvsb\" data-il=\"\">\n<div data-crb-p=\"\">\n<div class=\"xFTqob\">\n<div class=\"Gur8Ad\"><span style=\"font-size: 14pt; font-family: arial, helvetica, sans-serif; color: #000000;\"><strong><span style=\"color: #ff0000;\">Relations publiques et publicit\u00e9 :<\/span> <\/strong><\/span><\/div>\n<div class=\"vM0jzc\"><span style=\"font-size: 14pt; font-family: arial, helvetica, sans-serif; color: #000000;\"><strong>Travaillant dans des institutions et des entreprises, dans le domaine des relations publiques, du marketing et de la publicit\u00e9.<\/strong><\/span><\/div>\n<\/div>\n<\/div>\n<\/div>\n<div class=\"zMgcWd dSKvsb\" data-il=\"\">\n<div data-crb-p=\"\">\n<div class=\"xFTqob\">\n<div class=\"Gur8Ad\"><span style=\"font-size: 14pt; font-family: arial, helvetica, sans-serif; color: #000000;\"><strong><span style=\"color: #ff0000;\">M\u00e9dias num\u00e9riques :<\/span> <\/strong><\/span><\/div>\n<div class=\"vM0jzc\"><span style=\"font-size: 14pt; font-family: arial, helvetica, sans-serif; color: #000000;\"><strong>Travaillant dans le domaine des nouveaux m\u00e9dias num\u00e9riques, des m\u00e9dias sociaux et d\u00e9veloppant et promouvant la transformation num\u00e9rique.\u00a0<\/strong><\/span><\/div>\n<\/div>\n<\/div>\n<\/div>\n<div class=\"zMgcWd dSKvsb\" data-il=\"\">\n<div data-crb-p=\"\">\n<div class=\"xFTqob\">\n<div class=\"Gur8Ad\"><span style=\"font-size: 14pt; font-family: arial, helvetica, sans-serif; color: #ff0000;\"><strong>Recherche scientifique: <\/strong><\/span><\/div>\n<div class=\"vM0jzc\">\n<p><span style=\"font-size: 14pt; font-family: arial, helvetica, sans-serif; color: #000000;\"><strong>Travailler dans le domaine de la recherche scientifique et fournir des consultations aux m\u00e9dias.<\/strong><\/span><\/p>\n<p><span style=\"font-size: 14pt; font-family: arial, helvetica, sans-serif; color: #ff0000;\"><strong>D\u00e9partements du Coll\u00e8ge des m\u00e9dias :<\/strong><\/span><\/p>\n<\/div>\n<\/div>\n<\/div>\n<\/div>\n<div class=\"rPeykc pyPiTc\" data-hveid=\"CC8QAQ\" data-ved=\"2ahUKEwjc6ZKprNmOAxXaVfEDHdchL6gQo_EKegQILxAB\">\n<div class=\"NPrrbc\" data-cid=\"6f0617e8-6af4-4540-abba-d31e6b630232\" data-uuids=\"3341656772305375492\">\n<div class=\"BMebGe btku5b fCrZyc LwdV0e FR7ZSc qVhvac OJeuxf\" tabindex=\"0\" role=\"button\" aria-label=\"Afficher les liens associ\u00e9s\" data-hveid=\"CDAQAQ\" data-ved=\"2ahUKEwjc6ZKprNmOAxXaVfEDHdchL6gQ3fYKegQIMBAB\">\n<div class=\"niO4u\">\n<div class=\"kHtcsd\"><span style=\"font-size: 14pt; font-family: arial, helvetica, sans-serif; color: #000000;\"><strong>La Facult\u00e9 de communication de masse se compose g\u00e9n\u00e9ralement de plusieurs d\u00e9partements, tels que : le D\u00e9partement de journalisme, le D\u00e9partement de radio et de t\u00e9l\u00e9vision, le D\u00e9partement des relations publiques et de la publicit\u00e9, le D\u00e9partement des m\u00e9dias num\u00e9riques et le D\u00e9partement de production m\u00e9diatique.<\/strong><\/span><\/div>\n<\/div>\n<\/div>\n<\/div>\n<\/div>\n<div class=\"RJPOee EIJn2\">\n<h3 class=\"rPeykc\" data-hveid=\"CDMQAQ\" data-ved=\"2ahUKEwjc6ZKprNmOAxXaVfEDHdchL6gQo_EKegQIMxAB\"><\/h3>\n<\/div>\n<div class=\"WaaZC\">\n<div class=\"RJPOee EIJn2\">\n<div class=\"NPrrbc\" data-cid=\"095a0d22-3efd-4aa4-b9be-29be92ed97a5\" data-uuids=\"8906620444488840646,8906620444488841821\">\n<div class=\"BMebGe btku5b fCrZyc LwdV0e FR7ZSc qVhvac OJeuxf\" tabindex=\"0\" role=\"button\" aria-label=\"Afficher les liens associ\u00e9s\" data-hveid=\"CDoQAQ\" data-ved=\"2ahUKEwjc6ZKprNmOAxXaVfEDHdchL6gQ3fYKegQIOhAB\">\n<div class=\"niO4u\">\n<div class=\"kHtcsd\"><\/div>\n<\/div>\n<\/div>\n<\/div>\n<\/div>\n<\/div>","protected":false},"excerpt":{"rendered":"<p>\u0643\u0644\u064a\u0629 \u0627\u0644\u0625\u0639\u0644\u0627\u0645 \u0647\u0649 \u0645\u0624\u0633\u0633\u0629 \u0623\u0643\u0627\u062f\u064a\u0645\u064a\u0629 \u0645\u062a\u062e\u0635\u0635\u0629 \u0641\u0649 \u062f\u0631\u0627\u0633\u0629 \u0648\u062a\u062f\u0631\u064a\u0633 \u0645\u062e\u062a\u0644\u0641 \u062c\u0648\u0627\u0646\u0628 \u0627\u0644\u0625\u0639\u0644\u0627\u0645 \u0648\u0627\u0644\u0625\u062a\u0635\u0627\u0644 . &#8211; \u062a\u0647\u062f\u0641 \u0627\u0644\u0643\u0644\u064a\u0629 \u0625\u0644\u0649 \u0625\u0639\u062f\u0627\u062f \u062e\u0631\u064a\u062c\u064a\u0646 \u0645\u0624\u0647\u0644\u064a\u0646 \u0644\u0644\u0639\u0645\u0644 \u0641\u064a \u0645\u062c\u0627\u0644\u0627\u062a \u0627\u0644\u0625\u0639\u0644\u0627\u0645 \u0627\u0644\u0645\u062e\u062a\u0644\u0641\u0629\u060c \u0645\u0646 \u062e\u0644\u0627\u0644 \u062a\u0648\u0641\u064a\u0631 \u062a\u0639\u0644\u064a\u0645 \u0646\u0638\u0631\u0649 \u0648\u062a\u0637\u0628\u064a\u0642\u064a \u0634\u0627\u0645\u0644\u060c \u0628\u0627\u0644\u0625\u0636\u0627\u0641\u0629 \u0625\u0644\u0649 \u0627\u0644\u062a\u062f\u0631\u064a\u0628 \u0627\u0644\u0639\u0645\u0644\u0649 . \u0623\u0647\u062f\u0627\u0641 \u0643\u0644\u064a\u0629 \u0627\u0644\u0625\u0639\u0644\u0627\u0645 : \u062a\u0623\u0647\u064a\u0644 \u0627\u0644\u0643\u0648\u0627\u062f\u0631 \u0627\u0644\u0625\u0639\u0644\u0627\u0645\u064a\u0629 : \u062a\u0647\u062f\u0641 \u0627\u0644\u0643\u0644\u064a\u0629 \u0625\u0644\u0649 \u062a\u0632\u0648\u064a\u062f \u0627\u0644\u0637\u0644\u0627\u0628 \u0628\u0627\u0644\u0645\u0639\u0627\u0631\u0641 \u0648\u0627\u0644\u0645\u0647\u0627\u0631\u0627\u062a \u0627\u0644\u0644\u0627\u0632\u0645\u0629 \u0644\u0645\u0645\u0627\u0631\u0633\u0629 [&hellip;]<\/p>","protected":false},"author":1,"featured_media":0,"parent":70,"menu_order":0,"comment_status":"closed","ping_status":"closed","template":"","meta":{"_acf_changed":false,"footnotes":""},"class_list":["post-267","page","type-page","status-publish","hentry"],"acf":[],"_links":{"self":[{"href":"https:\/\/aua-edu.com\/fr\/wp-json\/wp\/v2\/pages\/267","targetHints":{"allow":["GET"]}}],"collection":[{"href":"https:\/\/aua-edu.com\/fr\/wp-json\/wp\/v2\/pages"}],"about":[{"href":"https:\/\/aua-edu.com\/fr\/wp-json\/wp\/v2\/types\/page"}],"author":[{"embeddable":true,"href":"https:\/\/aua-edu.com\/fr\/wp-json\/wp\/v2\/users\/1"}],"replies":[{"embeddable":true,"href":"https:\/\/aua-edu.com\/fr\/wp-json\/wp\/v2\/comments?post=267"}],"version-history":[{"count":6,"href":"https:\/\/aua-edu.com\/fr\/wp-json\/wp\/v2\/pages\/267\/revisions"}],"predecessor-version":[{"id":1949,"href":"https:\/\/aua-edu.com\/fr\/wp-json\/wp\/v2\/pages\/267\/revisions\/1949"}],"up":[{"embeddable":true,"href":"https:\/\/aua-edu.com\/fr\/wp-json\/wp\/v2\/pages\/70"}],"wp:attachment":[{"href":"https:\/\/aua-edu.com\/fr\/wp-json\/wp\/v2\/media?parent=267"}],"curies":[{"name":"wp","href":"https:\/\/api.w.org\/{rel}","templated":true}]}}